{"id":57725,"date":"2019-06-15T15:36:17","date_gmt":"2019-06-15T15:36:17","guid":{"rendered":"https:\/\/engelmann.com\/?page_id=57725"},"modified":"2024-01-19T13:31:43","modified_gmt":"2024-01-19T12:31:43","slug":"hilfen","status":"publish","type":"page","link":"https:\/\/engelmann.com\/de\/hilfen\/","title":{"rendered":"Hilfen aller Programme von Engelmann Software"},"content":{"rendered":"\r\n<p>Hier finden Sie die Hilfen zu all unseren Programmen von Engelmann Software:<\/p>\r\n\r\n\r\n\r\n<ul class=\"wp-block-list\">\r\n<li><a href=\"https:\/\/engelmann.com\/de\/online-hilfe-moviejack\/\">MovieJack<\/a><\/li>\r\n<li><a href=\"https:\/\/engelmann.com\/de\/online-hilfe-myformatconverter\/\">MyFormatConverter<\/a><\/li>\r\n<li><a href=\"..\/de\/online-hilfe-photomizer-3\/\">Photomizer 3<\/a><\/li>\r\n<li><a href=\"https:\/\/engelmann.com\/de\/online-hilfe-photoblowup\/\">Photo BlowUp<\/a><\/li>\r\n<li><a href=\"https:\/\/engelmann.com\/de\/online-hilfe-secuperts-anti-spy\/\">SecuPerts Anti-Spy f\u00fcr Windows 10<\/a><\/li>\r\n<li><a href=\"https:\/\/engelmann.com\/de\/online-hilfe-secuperts-cyber-shield\/\">SecuPerts Cyber Shield<\/a><\/li>\r\n<li><a href=\"https:\/\/engelmann.com\/de\/online-hilfe-secuperts-driver-updater\/\">SecuPerts Driver Updater<\/a><\/li>\r\n<li><a href=\"http:\/\/download.the-security-experts.com\/SecuPerts_First_Aid_Kit_de-DE.pdf\" target=\"_blank\" rel=\"noreferrer noopener\">SecuPerts First Aid Kit<\/a><\/li>\r\n<li><a href=\"http:\/\/download.the-security-experts.com\/SecuPerts_Forensic_System_de.pdf\" target=\"_blank\" rel=\"noreferrer noopener\">SecuPerts Forensic System<\/a><\/li>\r\n<li><a href=\"https:\/\/engelmann.com\/de\/online-hilfe-secuperts-identitiy-inspector\/\">SecuPerts Identity Inspector<\/a><\/li>\r\n<\/ul>\r\n\r\n\r\n\r\n<p>Weitere Programme:<\/p>\r\n\r\n\r\n\r\n<ul class=\"wp-block-list\">\r\n<li><a href=\"http:\/\/download.engelmann.com\/manual\/cdrwin10-de.pdf\" target=\"_blank\" rel=\"noreferrer noopener\">CDRWIN 10<\/a><\/li>\r\n<li><a href=\"http:\/\/download.engelmann.com\/manual\/freetunes4-de.pdf\" target=\"_blank\" rel=\"noreferrer noopener\">freeTunes 4<\/a><\/li>\r\n<li><a href=\"http:\/\/download.engelmann.com\/manual\/makeme3d-de.pdf\" target=\"_blank\" rel=\"noreferrer noopener\">MakeMe3D<\/a><\/li>\r\n<li><a href=\"https:\/\/engelmann.com\/de\/online-hilfe-simply-good-pictures\/\">Simply Good Pictures 5<\/a><\/li>\r\n<li><a href=\"https:\/\/engelmann.com\/de\/online-hilfe-simply-good-pictures-6\/\">Simply Good Pictures 6<\/a><\/li>\r\n<li><a href=\"http:\/\/download.engelmann.com\/manual\/videomizer2-de.pdf\" target=\"_blank\" rel=\"noreferrer noopener\">Videomizer 2<\/a><\/li>\r\n<\/ul>\r\n\r\n\r\n\r\n<p>Die in diesen Dokumenten festgehaltenen Informationen k\u00f6nnen jederzeit ohne Vorank\u00fcndigung ge\u00e4ndert werden und stellen keine Verpflichtung seitens des Unternehmens Engelmann Software dar.<\/p>\r\n\r\n\r\n\r\n<p>Die jeweilige Software, die Gegenstand dieser Dokumentation ist, ist ebenso Objekt der dazugeh\u00f6renden Lizenzvereinbarung, die an anderer Stelle niedergelegt ist. Alle Rechte vorbehalten, darunter auch das Recht der Vervielf\u00e4ltigung, \u00dcbertragung, Verbreitung und \u00dcbersetzung. Kein Teil dieses Handbuchs darf ohne schriftliche Genehmigung reproduziert werden, egal in welcher Form, auch nicht durch Fotokopie, Mikrofilm oder Datenverarbeitungsanlagen. Vorbehalten sind ebenso alle Wiedergaberechte.<\/p>\r\n\r\n\r\n\r\n<p>Windows sowie im Betriebssystem Windows enthaltene Programme sind Warenzeichen oder eingetragene Warenzeichen der Microsoft Corporation, USA. Alle weiteren in diesem Handbuch explizit oder implizit angesprochenen Marken und Bezeichnungen sind Eigentum der jeweiligen Inhaber. Die Informationen in diesem Handbuch werden ohne R\u00fccksicht auf einen eventuellen Patentschutz ver\u00f6ffentlicht und dienen ausschlie\u00dflich der Wissensvermittlung.<\/p>\r\n\r\n\r\n\r\n<p>Bei der Zusammenstellung von Texten und Abbildungen wurde mit gr\u00f6\u00dfter Sorgfalt vorgegangen. Trotzdem k\u00f6nnen Fehler nicht vollst\u00e4ndig ausgeschlossen werden. Weder der Handbuchautor noch Engelmann Software \u00fcbernehmen daher eine wie auch immer geartete Gew\u00e4hrleistung, eine juristische Verantwortung oder irgendeine Haftung f\u00fcr Sch\u00e4den, die im Zusammenhang mit den beschriebenen Informationen stehen. Ferner k\u00f6nnen Autor und Engelmann Software nicht f\u00fcr Sch\u00e4den verantwortlich gemacht werden, die auf Fehlfunktionen von Software, Ger\u00e4ten, o. \u00c4. zur\u00fcckzuf\u00fchren sind, auch nicht f\u00fcr Patentverletzungen und anderen Rechten Dritter, die daraus resultieren.<\/p>\r\n\r\n\r\n\r\n<p>\u00a9 Engelmann Software \u2013 Alle Rechte vorbehalten<\/p>\r\n","protected":false},"excerpt":{"rendered":"<p>Hier finden Sie die Hilfen zu all unseren Programmen von Engelmann Software: MovieJack MyFormatConverter Photomizer 3 Photo BlowUp SecuPerts Anti-Spy f\u00fcr Windows 10 SecuPerts Cyber &#8230; <a title=\"Hilfen aller Programme von Engelmann Software\" class=\"read-more\" href=\"https:\/\/engelmann.com\/de\/hilfen\/\" aria-label=\"Mehr Informationen \u00fcber Hilfen aller Programme von Engelmann Software\">Details \u279c<\/a><\/p>\n","protected":false},"author":3,"featured_media":0,"parent":0,"menu_order":0,"comment_status":"closed","ping_status":"closed","template":"","meta":{"om_disable_all_campaigns":false,"_uag_custom_page_level_css":"","_monsterinsights_skip_tracking":false,"_monsterinsights_sitenote_active":false,"_monsterinsights_sitenote_note":"","_monsterinsights_sitenote_category":0,"footnotes":""},"class_list":{"0":"post-57725","1":"page","2":"type-page","3":"status-publish","5":"infinite-scroll-item","6":"no-featured-image-padding"},"aioseo_notices":[],"spectra_custom_meta":{"_edit_lock":["1705667557:4"],"_edit_last":["4","4"],"slide_template":["default","default"],"_wpml_media_duplicate":["1","1"],"_wpml_media_featured":["1","1"],"_yoast_wpseo_content_score":["30","30"],"aal_manualgenerated":["a:0:{}","a:0:{}"],"wpmdr_menu":["1","1"],"cleverpush_send_notification":[""],"_schema_article":["a:15:{s:6:\"active\";N;s:8:\"headline\";N;s:16:\"mainEntityOfPage\";N;s:6:\"author\";N;s:10:\"author_url\";N;s:5:\"image\";N;s:13:\"datePublished\";N;s:12:\"dateModified\";N;s:9:\"publisher\";N;s:14:\"publisherImage\";N;s:11:\"description\";N;s:11:\"articleBody\";N;s:19:\"alternativeHeadline\";N;s:5:\"video\";a:1:{i:0;a:7:{s:4:\"name\";N;s:11:\"description\";N;s:12:\"thumbnailUrl\";N;s:10:\"contentUrl\";N;s:8:\"embedUrl\";N;s:10:\"uploadDate\";N;s:8:\"duration\";N;}}s:5:\"audio\";a:1:{i:0;a:5:{s:4:\"name\";N;s:11:\"description\";N;s:8:\"duration\";N;s:10:\"contentUrl\";N;s:14:\"encodingFormat\";N;}}}"],"_schema_blog_posting":["a:14:{s:6:\"active\";N;s:8:\"headline\";N;s:16:\"mainEntityOfPage\";N;s:6:\"author\";N;s:10:\"author_url\";N;s:5:\"image\";N;s:13:\"datePublished\";N;s:12:\"dateModified\";N;s:9:\"publisher\";N;s:14:\"publisherImage\";N;s:11:\"description\";N;s:11:\"articleBody\";N;s:5:\"video\";a:1:{i:0;a:7:{s:4:\"name\";N;s:11:\"description\";N;s:12:\"thumbnailUrl\";N;s:10:\"contentUrl\";N;s:8:\"embedUrl\";N;s:10:\"uploadDate\";N;s:8:\"duration\";N;}}s:5:\"audio\";a:1:{i:0;a:5:{s:4:\"name\";N;s:11:\"description\";N;s:8:\"duration\";N;s:10:\"contentUrl\";N;s:14:\"encodingFormat\";N;}}}"],"_schema_news_article":["a:14:{s:6:\"active\";N;s:8:\"headline\";N;s:16:\"mainEntityOfPage\";N;s:6:\"author\";N;s:10:\"author_url\";N;s:5:\"image\";N;s:13:\"datePublished\";N;s:12:\"dateModified\";N;s:9:\"publisher\";N;s:14:\"publisherImage\";N;s:11:\"description\";N;s:11:\"articleBody\";N;s:5:\"video\";a:1:{i:0;a:7:{s:4:\"name\";N;s:11:\"description\";N;s:12:\"thumbnailUrl\";N;s:10:\"contentUrl\";N;s:8:\"embedUrl\";N;s:10:\"uploadDate\";N;s:8:\"duration\";N;}}s:5:\"audio\";a:1:{i:0;a:5:{s:4:\"name\";N;s:11:\"description\";N;s:8:\"duration\";N;s:10:\"contentUrl\";N;s:14:\"encodingFormat\";N;}}}"],"_schema_event":["a:27:{s:6:\"active\";N;s:4:\"name\";N;s:12:\"locationName\";N;s:15:\"locationAddress\";N;s:9:\"startDate\";N;s:7:\"endDate\";N;s:11:\"description\";N;s:9:\"organizer\";N;s:12:\"organizerUrl\";N;s:13:\"performerName\";N;s:19:\"EventAttendanceMode\";N;s:11:\"eventStatus\";N;s:5:\"image\";N;s:5:\"price\";N;s:13:\"priceCurrency\";N;s:12:\"availability\";N;s:9:\"validFrom\";N;s:3:\"url\";N;s:14:\"review_section\";N;s:13:\"review_active\";N;s:13:\"review_author\";N;s:20:\"review_author_sameAs\";N;s:11:\"review_body\";N;s:20:\"review_datePublished\";N;s:18:\"review_ratingValue\";N;s:17:\"review_bestRating\";N;s:18:\"review_worstRating\";N;}"],"_schema_product":["a:22:{s:6:\"active\";N;s:4:\"name\";N;s:5:\"image\";N;s:11:\"description\";N;s:3:\"sku\";N;s:5:\"brand\";N;s:15:\"identifier_type\";s:3:\"mpn\";s:10:\"identifier\";N;s:14:\"rating_section\";N;s:17:\"reviewRatingValue\";N;s:16:\"reviewBestRating\";N;s:17:\"reviewWorstRating\";N;s:12:\"reviewAuthor\";N;s:11:\"ratingValue\";N;s:11:\"reviewCount\";N;s:15:\"pricing_section\";N;s:5:\"price\";N;s:15:\"priceValidUntil\";N;s:13:\"priceCurrency\";N;s:12:\"availability\";N;s:13:\"itemCondition\";N;s:3:\"url\";N;}"],"_schema_video":["a:10:{s:6:\"active\";N;s:4:\"name\";N;s:11:\"description\";N;s:12:\"thumbnailUrl\";N;s:10:\"uploadDate\";N;s:8:\"duration\";N;s:10:\"contentUrl\";N;s:8:\"embedUrl\";N;s:16:\"interactionCount\";N;s:7:\"expires\";N;}"],"_schema_service":["a:13:{s:6:\"active\";N;s:4:\"name\";N;s:11:\"serviceType\";N;s:14:\"additionalType\";N;s:5:\"award\";N;s:8:\"category\";N;s:16:\"providerMobility\";N;s:11:\"description\";N;s:5:\"image\";N;s:16:\"mainEntityOfPage\";N;s:6:\"sameAs\";N;s:3:\"url\";N;s:13:\"alternateName\";N;}"],"_schema_review":["a:11:{s:6:\"active\";N;s:21:\"review_notice_heading\";N;s:8:\"itemName\";N;s:10:\"reviewBody\";N;s:4:\"name\";N;s:6:\"author\";N;s:13:\"datePublished\";N;s:11:\"ratingValue\";N;s:10:\"bestRating\";N;s:11:\"worstRating\";N;s:9:\"publisher\";N;}"],"_schema_aggregate_rating":["a:13:{s:6:\"active\";N;s:11:\"schema_type\";N;s:4:\"name\";N;s:5:\"image\";N;s:10:\"priceRange\";N;s:9:\"telephone\";N;s:7:\"address\";N;s:11:\"description\";N;s:11:\"ratingCount\";N;s:11:\"reviewCount\";N;s:11:\"ratingValue\";N;s:10:\"bestRating\";N;s:11:\"worstRating\";N;}"],"_schema_restaurant":["a:10:{s:6:\"active\";N;s:4:\"name\";N;s:11:\"description\";N;s:12:\"openingHours\";N;s:9:\"telephone\";N;s:4:\"menu\";N;s:5:\"image\";N;s:7:\"address\";N;s:10:\"priceRange\";N;s:13:\"servesCuisine\";N;}"],"_schema_localBusiness":["a:19:{s:6:\"active\";N;s:4:\"name\";N;s:11:\"description\";N;s:5:\"image\";N;s:10:\"priceRange\";N;s:15:\"addressLocality\";N;s:13:\"addressRegion\";N;s:10:\"postalCode\";N;s:13:\"streetAddress\";N;s:9:\"telephone\";N;s:14:\"review_section\";N;s:13:\"review_active\";N;s:13:\"review_author\";N;s:20:\"review_author_sameAs\";N;s:11:\"review_body\";N;s:20:\"review_datePublished\";N;s:18:\"review_ratingValue\";N;s:17:\"review_bestRating\";N;s:18:\"review_worstRating\";N;}"],"_schema_book":["a:0:{}"],"_schema_course":["a:0:{}"],"_schema_JobPosting":["a:0:{}"],"_schema_movie":["a:0:{}"],"_schema_music":["a:0:{}"],"_schema_recipe":["a:0:{}"],"_schema_TVEpisode":["a:0:{}"],"_schema_question":["a:0:{}"],"_schema_itemList":["a:0:{}"],"_kcseo_ative_tab":[""],"_yoast_wpseo_focuskw":["hilfen"],"_yoast_wpseo_title":["Hilfen aller Programme von Engelmann Software - \u00dcbersicht"],"_yoast_wpseo_metadesc":["llll\u27a4Hier finden Sie die Online-Hilfen zu allen Programmen von Engelmann Software: Driver Updater, Forensic System etc. \u2705Letzte Stand: %%currentmonth%% %%currentyear%%"],"_yoast_wpseo_linkdex":["68"],"_yoast_wpseo_focuskeywords":["[]"],"_yoast_wpseo_keywordsynonyms":["[\"\"]"],"_wp_page_template":["default"],"_yoast_indexnow_last_ping":["1705667504"],"_b2s_post_meta":["a:7:{s:8:\"og_title\";s:45:\"Hilfen aller Programme von Engelmann Software\";s:7:\"og_desc\";s:151:\"Hier finden Sie die Hilfen zu all unseren Programmen von Engelmann Software:     MovieJack MyFormatConverter Photomizer 3 Photo BlowUp SecuPerts Anti-S\";s:8:\"og_image\";s:0:\"\";s:12:\"og_image_alt\";s:0:\"\";s:10:\"card_title\";s:45:\"Hilfen aller Programme von Engelmann Software\";s:9:\"card_desc\";s:151:\"Hier finden Sie die Hilfen zu all unseren Programmen von Engelmann Software:     MovieJack MyFormatConverter Photomizer 3 Photo BlowUp SecuPerts Anti-S\";s:10:\"card_image\";s:0:\"\";}"],"_schema_TechArticle":["a:15:{s:6:\"active\";N;s:8:\"headline\";N;s:16:\"mainEntityOfPage\";N;s:11:\"author_type\";N;s:6:\"author\";N;s:10:\"author_url\";N;s:18:\"author_description\";N;s:5:\"image\";N;s:13:\"datePublished\";N;s:12:\"dateModified\";N;s:9:\"publisher\";N;s:14:\"publisherImage\";N;s:11:\"description\";N;s:11:\"articleBody\";N;s:8:\"keywords\";N;}"],"_schema_audio":["a:6:{s:6:\"active\";N;s:4:\"name\";N;s:11:\"description\";N;s:10:\"contentUrl\";N;s:8:\"duration\";N;s:14:\"encodingFormat\";N;}"],"_schema_about":["a:6:{s:6:\"active\";N;s:4:\"name\";N;s:11:\"description\";N;s:5:\"image\";N;s:3:\"url\";N;s:6:\"sameAs\";N;}"],"_schema_contact":["a:7:{s:6:\"active\";N;s:4:\"name\";N;s:11:\"description\";N;s:5:\"image\";N;s:3:\"url\";N;s:5:\"video\";N;s:6:\"sameAs\";N;}"],"_schema_MedicalWebPage":["a:14:{s:6:\"active\";N;s:8:\"headline\";N;s:11:\"webpage_url\";N;s:13:\"specialty_url\";N;s:5:\"image\";N;s:13:\"datePublished\";N;s:12:\"dateModified\";N;s:9:\"publisher\";N;s:14:\"publisherImage\";N;s:12:\"lastreviewed\";N;s:17:\"maincontentofpage\";N;s:5:\"about\";N;s:11:\"description\";N;s:8:\"keywords\";N;}"],"_schema_specialAnnouncement":["a:7:{s:6:\"active\";N;s:4:\"name\";N;s:3:\"url\";N;s:13:\"datePublished\";N;s:7:\"expires\";N;s:4:\"text\";N;s:9:\"locations\";a:1:{i:0;a:12:{s:4:\"type\";s:7:\"Airport\";s:4:\"name\";N;s:3:\"url\";N;s:14:\"address_street\";N;s:16:\"address_locality\";N;s:17:\"address_post_code\";N;s:14:\"address_region\";N;s:15:\"address_country\";N;s:2:\"id\";N;s:5:\"image\";N;s:10:\"priceRange\";N;s:9:\"telephone\";N;}}}"],"_schema_manual_schema":["a:0:{}"],"ao_post_optimize":["a:6:{s:16:\"ao_post_optimize\";s:2:\"on\";s:19:\"ao_post_js_optimize\";s:2:\"on\";s:20:\"ao_post_css_optimize\";s:2:\"on\";s:12:\"ao_post_ccss\";s:2:\"on\";s:16:\"ao_post_lazyload\";s:2:\"on\";s:15:\"ao_post_preload\";s:0:\"\";}"],"_yoast_wpseo_estimated-reading-time-minutes":["2"],"_yoast_wpseo_wordproof_timestamp":[""],"_wpml_word_count":["{\"total\":314,\"to_translate\":{\"en\":314}}"],"_uag_migration_processed":["1"],"_uag_page_assets":["a:9:{s:3:\"css\";s:0:\"\";s:2:\"js\";s:0:\"\";s:18:\"current_block_list\";a:2:{i:0;s:14:\"core\/paragraph\";i:1;s:9:\"core\/list\";}s:8:\"uag_flag\";b:0;s:11:\"uag_version\";s:10:\"1775868597\";s:6:\"gfonts\";a:0:{}s:10:\"gfonts_url\";s:0:\"\";s:12:\"gfonts_files\";a:0:{}s:14:\"uag_faq_layout\";b:0;}"]},"uagb_featured_image_src":{"full":false,"thumbnail":false,"medium":false,"medium_large":false,"large":false,"1536x1536":false,"2048x2048":false},"uagb_author_info":{"display_name":"Ulrich Engelmann","author_link":"https:\/\/engelmann.com\/de\/author\/uengelmann\/"},"uagb_comment_info":0,"uagb_excerpt":"Hier finden Sie die Hilfen zu all unseren Programmen von Engelmann Software: MovieJack MyFormatConverter Photomizer 3 Photo BlowUp SecuPerts Anti-Spy f\u00fcr Windows 10 SecuPerts Cyber ... Details \u279c","_links":{"self":[{"href":"https:\/\/engelmann.com\/de\/wp-json\/wp\/v2\/pages\/57725","targetHints":{"allow":["GET"]}}],"collection":[{"href":"https:\/\/engelmann.com\/de\/wp-json\/wp\/v2\/pages"}],"about":[{"href":"https:\/\/engelmann.com\/de\/wp-json\/wp\/v2\/types\/page"}],"author":[{"embeddable":true,"href":"https:\/\/engelmann.com\/de\/wp-json\/wp\/v2\/users\/3"}],"replies":[{"embeddable":true,"href":"https:\/\/engelmann.com\/de\/wp-json\/wp\/v2\/comments?post=57725"}],"version-history":[{"count":4,"href":"https:\/\/engelmann.com\/de\/wp-json\/wp\/v2\/pages\/57725\/revisions"}],"predecessor-version":[{"id":144787,"href":"https:\/\/engelmann.com\/de\/wp-json\/wp\/v2\/pages\/57725\/revisions\/144787"}],"wp:attachment":[{"href":"https:\/\/engelmann.com\/de\/wp-json\/wp\/v2\/media?parent=57725"}],"curies":[{"name":"wp","href":"https:\/\/api.w.org\/{rel}","templated":true}]}}