{"id":57766,"date":"2019-06-16T09:00:00","date_gmt":"2019-06-16T09:00:00","guid":{"rendered":"https:\/\/engelmann.com\/?page_id=57766"},"modified":"2025-04-21T20:17:06","modified_gmt":"2025-04-21T19:17:06","slug":"deinstallieren-von-software","status":"publish","type":"page","link":"https:\/\/engelmann.com\/de\/deinstallieren-von-software\/","title":{"rendered":"Deinstallieren von Apps unter Windows 7, 8, 8.1, 10 und 11."},"content":{"rendered":"\n<p>Es gibt zwei M\u00f6glichkeiten, eine Software von uns zu l\u00f6schen bzw. zu deinstallieren.<\/p>\n\n\n\n<p>Eine davon ist das \u00d6ffnen der Deinstallationsfunktion unserer Software, die immer mit unserer Software ausgeliefert wurde.<\/p>\n\n\n\n<p>Die&nbsp;<strong>zweite M\u00f6glichkeit ist die Standardmethode von Windows<\/strong>. Dazu verwenden Sie bitte die Funktion \u201eSoftware\u201c (Windows 7 und 8) bzw. \u201eApps\u201c (Windows 10) in der Systemsteuerung.<\/p>\n\n\n\n<ol class=\"wp-block-list\">\n<li>Als erstes m\u00fcssen Sie die Systemsteuerung f\u00fcr Ihre Windows-Version \u00f6ffnen.<\/li>\n\n\n\n<li>Sobald die Systemsteuerung ge\u00f6ffnet ist, sehen Sie in der rechten oberen Ecke nach. Stellen Sie sicher, dass die Option Ansicht nach auf \u201eGro\u00dfe Symbole\u201c im Dropdown-Men\u00fc eingestellt ist. Klicken Sie anschlie\u00dfend auf \u201eProgramme und Funktionen\u201c (Windows 7 und 8) bzw. \u201eApps und Features\u201c (Windows 10).<\/li>\n\n\n\n<li>Nun sehen Sie eine Liste aller auf Ihrem PC installierten Programme. F\u00fcr Windows 10-Benutzer gilt dies nur f\u00fcr Desktop-Programme, nicht f\u00fcr Windows Store-Anwendungen. Scrollen Sie in der Liste der Programme nach unten, bis Sie das Programm finden, das Sie deinstallieren m\u00f6chten \u2013 die Liste ist alphabetisch geordnet.<\/li>\n\n\n\n<li>In diesem Beispiel werden wir unsere Software \u201eSimply Good Pictures 5\u201c entfernen. W\u00e4hlen Sie das Programm mit einem einzigen Linksklick aus, so dass es markiert ist. Klicken Sie dann auf \u201eDeinstallieren\u201c (Windows 10) bzw. oben in der Programmliste auf die Schaltfl\u00e4che \u201eDeinstallieren\u201c (Windows 7 und 8).<\/li>\n\n\n\n<li>Wenn ein Popup-Button erscheint, wird normalerweise gefragt, ob Sie das Programm wirklich deinstallieren m\u00f6chten. Klicken Sie mit der linken Maustaste auf die gew\u00fcnschte Option. Normalerweise ist dies \u201eJa\u201c, \u201eDeinstallieren\u201c oder in einigen F\u00e4llen \u201eAusf\u00fchren\u201c.<\/li>\n<\/ol>\n\n\n<div class=\"wp-block-image\">\n<figure class=\"aligncenter is-resized\"><img decoding=\"async\" src=\"https:\/\/engelmann.com\/wp-content\/uploads\/2019\/04\/deinstallalieren.png\" alt=\"Software deinstallieren\" class=\"wp-image-56992\" style=\"aspect-ratio:1;width:618px;height:auto\"\/><\/figure><\/div>\n\n\n<p>Wie lange es dauert, bis das Programm verschwindet, h\u00e4ngt davon ab, was Sie deinstallieren m\u00f6chten. Einfachere Programme verschwinden in wenigen Sekunden. Andere erfordern m\u00f6glicherweise, dass Sie ein Deinstallationsprogramm durchlaufen, das Sie durch die Entfernung des Programms f\u00fchrt.<\/p>\n\n\n\n<p>Wenn die Deinstallation abgeschlossen ist, sehen Sie die Liste der aktuell auf Ihrem Computer installierten Programme, abz\u00fcglich des gerade deinstallierten Programms. Wenn das Programm nicht sofort aus der Liste der Systemsteuerung verschwindet, warten Sie bitte einige Minuten ab.<\/p>\n","protected":false},"excerpt":{"rendered":"<p>Es gibt zwei M\u00f6glichkeiten, eine Software von uns zu l\u00f6schen bzw. zu deinstallieren. Eine davon ist das \u00d6ffnen der Deinstallationsfunktion unserer Software, die immer mit &#8230; <a title=\"Deinstallieren von Apps unter Windows 7, 8, 8.1, 10 und 11.\" class=\"read-more\" href=\"https:\/\/engelmann.com\/de\/deinstallieren-von-software\/\" aria-label=\"Mehr Informationen \u00fcber Deinstallieren von Apps unter Windows 7, 8, 8.1, 10 und 11.\">Details \u279c<\/a><\/p>\n","protected":false},"author":3,"featured_media":0,"parent":0,"menu_order":0,"comment_status":"closed","ping_status":"closed","template":"","meta":{"om_disable_all_campaigns":false,"_uag_custom_page_level_css":"","_monsterinsights_skip_tracking":false,"_monsterinsights_sitenote_active":false,"_monsterinsights_sitenote_note":"","_monsterinsights_sitenote_category":0,"footnotes":""},"class_list":{"0":"post-57766","1":"page","2":"type-page","3":"status-publish","5":"infinite-scroll-item","6":"no-featured-image-padding"},"aioseo_notices":[],"spectra_custom_meta":{"_edit_lock":["1745263029:3"],"_edit_last":["3"],"slide_template":["default","default"],"_wpml_media_duplicate":["1","1"],"_wpml_media_featured":["1","1"],"aal_manualgenerated":["a:0:{}","a:0:{}"],"wpmdr_menu":["1","1"],"cleverpush_send_notification":[""],"_schema_article":["a:12:{s:6:\"active\";N;s:8:\"headline\";N;s:16:\"mainEntityOfPage\";N;s:6:\"author\";N;s:5:\"image\";N;s:13:\"datePublished\";N;s:12:\"dateModified\";N;s:9:\"publisher\";N;s:14:\"publisherImage\";N;s:11:\"description\";N;s:11:\"articleBody\";N;s:19:\"alternativeHeadline\";N;}"],"_schema_blog_posting":["a:11:{s:6:\"active\";N;s:8:\"headline\";N;s:16:\"mainEntityOfPage\";N;s:6:\"author\";N;s:5:\"image\";N;s:13:\"datePublished\";N;s:12:\"dateModified\";N;s:9:\"publisher\";N;s:14:\"publisherImage\";N;s:11:\"description\";N;s:11:\"articleBody\";N;}"],"_schema_news_article":["a:11:{s:6:\"active\";N;s:8:\"headline\";N;s:16:\"mainEntityOfPage\";N;s:6:\"author\";N;s:5:\"image\";N;s:13:\"datePublished\";N;s:12:\"dateModified\";N;s:9:\"publisher\";N;s:14:\"publisherImage\";N;s:11:\"description\";N;s:11:\"articleBody\";N;}"],"_schema_event":["a:14:{s:6:\"active\";N;s:4:\"name\";N;s:12:\"locationName\";N;s:15:\"locationAddress\";N;s:9:\"startDate\";N;s:7:\"endDate\";N;s:11:\"description\";N;s:13:\"performerName\";N;s:5:\"image\";N;s:5:\"price\";N;s:13:\"priceCurrency\";N;s:12:\"availability\";N;s:9:\"validFrom\";N;s:3:\"url\";N;}"],"_schema_product":["a:20:{s:6:\"active\";N;s:4:\"name\";N;s:5:\"image\";N;s:11:\"description\";N;s:3:\"sku\";N;s:5:\"brand\";N;s:15:\"identifier_type\";s:3:\"mpn\";s:10:\"identifier\";N;s:17:\"reviewRatingValue\";N;s:16:\"reviewBestRating\";N;s:17:\"reviewWorstRating\";N;s:12:\"reviewAuthor\";N;s:11:\"ratingValue\";N;s:11:\"reviewCount\";N;s:5:\"price\";N;s:15:\"priceValidUntil\";N;s:13:\"priceCurrency\";N;s:12:\"availability\";N;s:13:\"itemCondition\";N;s:3:\"url\";N;}"],"_schema_video":["a:10:{s:6:\"active\";N;s:4:\"name\";N;s:11:\"description\";N;s:12:\"thumbnailUrl\";N;s:10:\"uploadDate\";N;s:8:\"duration\";N;s:10:\"contentUrl\";N;s:8:\"embedUrl\";N;s:16:\"interactionCount\";N;s:7:\"expires\";N;}"],"_schema_service":["a:13:{s:6:\"active\";N;s:4:\"name\";N;s:11:\"serviceType\";N;s:14:\"additionalType\";N;s:5:\"award\";N;s:8:\"category\";N;s:16:\"providerMobility\";N;s:11:\"description\";N;s:5:\"image\";N;s:16:\"mainEntityOfPage\";N;s:6:\"sameAs\";N;s:3:\"url\";N;s:13:\"alternateName\";N;}"],"_schema_review":["a:10:{s:6:\"active\";N;s:8:\"itemName\";N;s:10:\"reviewBody\";N;s:4:\"name\";N;s:6:\"author\";N;s:13:\"datePublished\";N;s:11:\"ratingValue\";N;s:10:\"bestRating\";N;s:11:\"worstRating\";N;s:9:\"publisher\";N;}"],"_schema_aggregate_rating":["a:13:{s:6:\"active\";N;s:11:\"schema_type\";N;s:4:\"name\";N;s:5:\"image\";N;s:10:\"priceRange\";N;s:9:\"telephone\";N;s:7:\"address\";N;s:11:\"description\";N;s:11:\"ratingCount\";N;s:11:\"reviewCount\";N;s:11:\"ratingValue\";N;s:10:\"bestRating\";N;s:11:\"worstRating\";N;}"],"_schema_restaurant":["a:10:{s:6:\"active\";N;s:4:\"name\";N;s:11:\"description\";N;s:12:\"openingHours\";N;s:9:\"telephone\";N;s:4:\"menu\";N;s:5:\"image\";N;s:7:\"address\";N;s:10:\"priceRange\";N;s:13:\"servesCuisine\";N;}"],"_schema_localBusiness":["a:10:{s:6:\"active\";N;s:4:\"name\";N;s:11:\"description\";N;s:5:\"image\";N;s:10:\"priceRange\";N;s:15:\"addressLocality\";N;s:13:\"addressRegion\";N;s:10:\"postalCode\";N;s:13:\"streetAddress\";N;s:9:\"telephone\";N;}"],"_schema_book":["a:0:{}"],"_schema_course":["a:0:{}"],"_schema_JobPosting":["a:0:{}"],"_schema_movie":["a:0:{}"],"_schema_music":["a:0:{}"],"_schema_recipe":["a:0:{}"],"_schema_TVEpisode":["a:0:{}"],"_schema_question":["a:0:{}"],"_schema_itemList":["a:0:{}"],"_kcseo_ative_tab":[""],"_yoast_wpseo_focuskw":["Deinstallieren"],"_yoast_wpseo_metadesc":["llll\u27a4 Deinstallieren von Apps unter Windows. Es gibt zwei M\u00f6glichkeiten, eine Software zu l\u00f6schen bzw. zu deinstallieren \u2705 Stand: %%currentmonth%% %%currentyear%%"],"_yoast_wpseo_linkdex":["71"],"_yoast_wpseo_content_score":["60"],"_yoast_wpseo_focuskeywords":["[]"],"_yoast_wpseo_keywordsynonyms":["[\"\"]"],"cleverpush_title":[null],"cleverpush_text":[null],"_yoast_wpseo_title":["%%title%% %%page%%"],"_uag_migration_processed":["1"],"_wpml_word_count":["401"],"_aioseo_title":[null],"_aioseo_description":[null],"_aioseo_keywords":["a:0:{}"],"_aioseo_og_title":[null],"_aioseo_og_description":[null],"_aioseo_og_article_section":[""],"_aioseo_og_article_tags":["a:0:{}"],"_aioseo_twitter_title":[null],"_aioseo_twitter_description":[null],"ao_post_optimize":["a:6:{s:16:\"ao_post_optimize\";s:2:\"on\";s:19:\"ao_post_js_optimize\";s:2:\"on\";s:20:\"ao_post_css_optimize\";s:2:\"on\";s:12:\"ao_post_ccss\";s:2:\"on\";s:16:\"ao_post_lazyload\";s:2:\"on\";s:15:\"ao_post_preload\";s:0:\"\";}"],"_uag_page_assets":["a:9:{s:3:\"css\";s:0:\"\";s:2:\"js\";s:0:\"\";s:18:\"current_block_list\";a:4:{i:0;s:14:\"core\/paragraph\";i:1;s:9:\"core\/list\";i:2;s:14:\"core\/list-item\";i:3;s:10:\"core\/image\";}s:8:\"uag_flag\";b:0;s:11:\"uag_version\";s:10:\"1776282132\";s:6:\"gfonts\";a:0:{}s:10:\"gfonts_url\";s:0:\"\";s:12:\"gfonts_files\";a:0:{}s:14:\"uag_faq_layout\";b:0;}"]},"uagb_featured_image_src":{"full":false,"thumbnail":false,"medium":false,"medium_large":false,"large":false,"1536x1536":false,"2048x2048":false},"uagb_author_info":{"display_name":"Ulrich Engelmann","author_link":"https:\/\/engelmann.com\/de\/author\/uengelmann\/"},"uagb_comment_info":0,"uagb_excerpt":"Es gibt zwei M\u00f6glichkeiten, eine Software von uns zu l\u00f6schen bzw. zu deinstallieren. Eine davon ist das \u00d6ffnen der Deinstallationsfunktion unserer Software, die immer mit ... Details \u279c","_links":{"self":[{"href":"https:\/\/engelmann.com\/de\/wp-json\/wp\/v2\/pages\/57766","targetHints":{"allow":["GET"]}}],"collection":[{"href":"https:\/\/engelmann.com\/de\/wp-json\/wp\/v2\/pages"}],"about":[{"href":"https:\/\/engelmann.com\/de\/wp-json\/wp\/v2\/types\/page"}],"author":[{"embeddable":true,"href":"https:\/\/engelmann.com\/de\/wp-json\/wp\/v2\/users\/3"}],"replies":[{"embeddable":true,"href":"https:\/\/engelmann.com\/de\/wp-json\/wp\/v2\/comments?post=57766"}],"version-history":[{"count":4,"href":"https:\/\/engelmann.com\/de\/wp-json\/wp\/v2\/pages\/57766\/revisions"}],"predecessor-version":[{"id":155192,"href":"https:\/\/engelmann.com\/de\/wp-json\/wp\/v2\/pages\/57766\/revisions\/155192"}],"wp:attachment":[{"href":"https:\/\/engelmann.com\/de\/wp-json\/wp\/v2\/media?parent=57766"}],"curies":[{"name":"wp","href":"https:\/\/api.w.org\/{rel}","templated":true}]}}