{"id":57859,"date":"2019-06-15T13:00:00","date_gmt":"2019-06-15T13:00:00","guid":{"rendered":"https:\/\/engelmann.com\/?page_id=57859"},"modified":"2019-06-15T13:00:00","modified_gmt":"2019-06-15T13:00:00","slug":"datenrettung-sd-card-recovery-fehler","status":"publish","type":"page","link":"https:\/\/engelmann.com\/de\/datenrettung-sd-card-recovery-fehler\/","title":{"rendered":"Bei welchen Fehlern kann eine SD-Card Recovery nicht erfolgen?"},"content":{"rendered":"\n<div class=\"wp-block-image\"><figure class=\"alignright\"><img decoding=\"async\" src=\"https:\/\/engelmann.com\/wp-content\/uploads\/2018\/04\/datenrettungs-kompendium.png\" alt=\"Datenrettungs-Kompendium\" class=\"wp-image-52994\"\/><\/figure><\/div>\n\n\n\n<p>Bei welchen Fehlern kann eine SD-Card Recovery nicht erfolgen? Das ist nat\u00fcrlich eine Frage, die man sich stellt, wenn man sich ein Tool gekauft hat, aber die Daten noch nicht alle gerettet wurden. An sich kann man diese Frage auch nicht so einfach beantworten. Es gibt viele verschiedene Ursachen daf\u00fcr. Es kann nat\u00fcrlich sein, dass das Backup komplett zerst\u00f6rt wurde und dann kann ein SD-Card Recovery, unter keinen Umst\u00e4nden, funktionieren.<\/p>\n\n\n\n<p>Daher macht es bei gro\u00dfen Sch\u00e4den auch Sinn, wenn man zu einem Experten geht und das Ganze einfach mal \u00fcberpr\u00fcfen l\u00e4sst. Wenn man das macht, dann ist man auf der sicheren Seite, weil man nicht unn\u00f6tig viel Geld ausgibt. Eine andere L\u00f6sung, w\u00e4re wenn man sich erst mal eine Demoversion von einem Tool herunter l\u00e4dt und es damit antestet. Wenn man heraus findet, dass man damit auch keine Erfolge macht, wird einem in den meisten F\u00e4llen die Ursachen daf\u00fcr gezeigt. Deswegen sollte man auch so schnell wie m\u00f6glich handeln, denn dann braucht man sich auch keine Sorgen zu machen und man wird schnell bemerken, dass man um einiges weiter kommt. Ein anderer Grund k\u00f6nnte auch sein, dass man zu sp\u00e4t damit angefangen hat und die Daten deswegen nicht mehr retten kann. In den meisten F\u00e4llen ist es, jedoch so, dass man dann nur einen Teil der Daten nicht mehr retten kann. Datenrettung im Allgemeinen ist immer m\u00f6glich und dar\u00fcber sollte man sich auch bewusst werden.<\/p>\n\n\n\n<p>Ein anderer wichtiger Punkt ist, dass man sich nach einer erfolgreichen Datenrettung auf jeden Fall ein Anti-Virenprogramm herunter l\u00e4dt. Wenn man das macht, braucht man sich keine Sorgen mehr darum zu machen, dass die eigenen Daten verloren gehen. Sie werden auch bemerken, dass Sie sich dann nicht mehr so viele Gedanken darum machen, sondern auch mit beruhigtem Gewissen einen Download t\u00e4tigen k\u00f6nnen. Wenn dem Programm n\u00e4mlich etwas Auff\u00e4lliges ausf\u00e4llt, meldet dieses es direkt dem Nutzer und der kann dann schnell genug handeln.<\/p>\n\n\n\n<hr class=\"wp-block-separator\"\/>\n\n\n\n<p><strong><br>Bitte beachten Sie:<\/strong>&nbsp;Wir empfehlen zur Datenrettung unsere Software SecuPerts&nbsp;<a href=\"https:\/\/first-aid-kit.net\/\">First Aid Kit<\/a>.<\/p>\n\n\n\n<p>&lt;-&nbsp;<a href=\"https:\/\/engelmann.com\/de\/kompendium-datenrettung\/\">Zur\u00fcck zum Inhaltsverzeichnis<\/a><\/p>\n","protected":false},"excerpt":{"rendered":"<p>Bei welchen Fehlern kann eine SD-Card Recovery nicht erfolgen? Das ist nat\u00fcrlich eine Frage, die man sich stellt, wenn man sich ein Tool gekauft hat, &#8230; <a title=\"Bei welchen Fehlern kann eine SD-Card Recovery nicht erfolgen?\" class=\"read-more\" href=\"https:\/\/engelmann.com\/de\/datenrettung-sd-card-recovery-fehler\/\" aria-label=\"Mehr Informationen \u00fcber Bei welchen Fehlern kann eine SD-Card Recovery nicht erfolgen?\">Details \u279c<\/a><\/p>\n","protected":false},"author":3,"featured_media":0,"parent":0,"menu_order":0,"comment_status":"closed","ping_status":"closed","template":"","meta":{"om_disable_all_campaigns":false,"_uag_custom_page_level_css":"","_monsterinsights_skip_tracking":false,"_monsterinsights_sitenote_active":false,"_monsterinsights_sitenote_note":"","_monsterinsights_sitenote_category":0,"footnotes":""},"class_list":{"0":"post-57859","1":"page","2":"type-page","3":"status-publish","5":"infinite-scroll-item","6":"no-featured-image-padding"},"aioseo_notices":[],"spectra_custom_meta":{"_edit_lock":["1560818202:1"],"_edit_last":["1"],"slide_template":["default","default"],"_wpml_media_duplicate":["1","1"],"_wpml_media_featured":["1","1"],"aal_manualgenerated":["a:0:{}","a:0:{}"],"wpmdr_menu":["1","1"],"_uag_migration_processed":["1"],"_wpml_word_count":["359"],"_uagb_previous_block_counts":["a:90:{s:21:\"uagb\/advanced-heading\";i:0;s:15:\"uagb\/blockquote\";i:0;s:12:\"uagb\/buttons\";i:0;s:18:\"uagb\/buttons-child\";i:0;s:19:\"uagb\/call-to-action\";i:0;s:15:\"uagb\/cf7-styler\";i:0;s:11:\"uagb\/column\";i:0;s:12:\"uagb\/columns\";i:0;s:14:\"uagb\/container\";i:0;s:21:\"uagb\/content-timeline\";i:0;s:27:\"uagb\/content-timeline-child\";i:0;s:14:\"uagb\/countdown\";i:0;s:12:\"uagb\/counter\";i:0;s:8:\"uagb\/faq\";i:0;s:14:\"uagb\/faq-child\";i:0;s:10:\"uagb\/forms\";i:0;s:17:\"uagb\/forms-accept\";i:0;s:19:\"uagb\/forms-checkbox\";i:0;s:15:\"uagb\/forms-date\";i:0;s:16:\"uagb\/forms-email\";i:0;s:17:\"uagb\/forms-hidden\";i:0;s:15:\"uagb\/forms-name\";i:0;s:16:\"uagb\/forms-phone\";i:0;s:16:\"uagb\/forms-radio\";i:0;s:17:\"uagb\/forms-select\";i:0;s:19:\"uagb\/forms-textarea\";i:0;s:17:\"uagb\/forms-toggle\";i:0;s:14:\"uagb\/forms-url\";i:0;s:14:\"uagb\/gf-styler\";i:0;s:15:\"uagb\/google-map\";i:0;s:11:\"uagb\/how-to\";i:0;s:16:\"uagb\/how-to-step\";i:0;s:9:\"uagb\/icon\";i:0;s:14:\"uagb\/icon-list\";i:0;s:20:\"uagb\/icon-list-child\";i:0;s:10:\"uagb\/image\";i:0;s:18:\"uagb\/image-gallery\";i:0;s:13:\"uagb\/info-box\";i:0;s:18:\"uagb\/inline-notice\";i:0;s:11:\"uagb\/lottie\";i:0;s:21:\"uagb\/marketing-button\";i:0;s:10:\"uagb\/modal\";i:0;s:18:\"uagb\/popup-builder\";i:0;s:16:\"uagb\/post-button\";i:0;s:18:\"uagb\/post-carousel\";i:0;s:17:\"uagb\/post-excerpt\";i:0;s:14:\"uagb\/post-grid\";i:0;s:15:\"uagb\/post-image\";i:0;s:17:\"uagb\/post-masonry\";i:0;s:14:\"uagb\/post-meta\";i:0;s:18:\"uagb\/post-taxonomy\";i:0;s:18:\"uagb\/post-timeline\";i:0;s:15:\"uagb\/post-title\";i:0;s:20:\"uagb\/restaurant-menu\";i:0;s:26:\"uagb\/restaurant-menu-child\";i:0;s:11:\"uagb\/review\";i:0;s:12:\"uagb\/section\";i:0;s:14:\"uagb\/separator\";i:0;s:11:\"uagb\/slider\";i:0;s:17:\"uagb\/slider-child\";i:0;s:17:\"uagb\/social-share\";i:0;s:23:\"uagb\/social-share-child\";i:0;s:16:\"uagb\/star-rating\";i:0;s:23:\"uagb\/sure-cart-checkout\";i:0;s:22:\"uagb\/sure-cart-product\";i:0;s:15:\"uagb\/sure-forms\";i:0;s:22:\"uagb\/table-of-contents\";i:0;s:9:\"uagb\/tabs\";i:0;s:15:\"uagb\/tabs-child\";i:0;s:18:\"uagb\/taxonomy-list\";i:0;s:9:\"uagb\/team\";i:0;s:16:\"uagb\/testimonial\";i:0;s:14:\"uagb\/wp-search\";i:0;s:19:\"uagb\/instagram-feed\";i:0;s:10:\"uagb\/login\";i:0;s:17:\"uagb\/loop-builder\";i:0;s:18:\"uagb\/loop-category\";i:0;s:20:\"uagb\/loop-pagination\";i:0;s:15:\"uagb\/loop-reset\";i:0;s:16:\"uagb\/loop-search\";i:0;s:14:\"uagb\/loop-sort\";i:0;s:17:\"uagb\/loop-wrapper\";i:0;s:13:\"uagb\/register\";i:0;s:19:\"uagb\/register-email\";i:0;s:24:\"uagb\/register-first-name\";i:0;s:23:\"uagb\/register-last-name\";i:0;s:22:\"uagb\/register-password\";i:0;s:30:\"uagb\/register-reenter-password\";i:0;s:19:\"uagb\/register-terms\";i:0;s:22:\"uagb\/register-username\";i:0;}"],"_uag_page_assets":["a:9:{s:3:\"css\";s:0:\"\";s:2:\"js\";s:0:\"\";s:18:\"current_block_list\";a:3:{i:0;s:10:\"core\/image\";i:1;s:14:\"core\/paragraph\";i:2;s:14:\"core\/separator\";}s:8:\"uag_flag\";b:0;s:11:\"uag_version\";s:10:\"1777644416\";s:6:\"gfonts\";a:0:{}s:10:\"gfonts_url\";s:0:\"\";s:12:\"gfonts_files\";a:0:{}s:14:\"uag_faq_layout\";b:0;}"]},"uagb_featured_image_src":{"full":false,"thumbnail":false,"medium":false,"medium_large":false,"large":false,"1536x1536":false,"2048x2048":false},"uagb_author_info":{"display_name":"Ulrich Engelmann","author_link":"https:\/\/engelmann.com\/de\/author\/uengelmann\/"},"uagb_comment_info":0,"uagb_excerpt":"Bei welchen Fehlern kann eine SD-Card Recovery nicht erfolgen? Das ist nat\u00fcrlich eine Frage, die man sich stellt, wenn man sich ein Tool gekauft hat, ... Details \u279c","_links":{"self":[{"href":"https:\/\/engelmann.com\/de\/wp-json\/wp\/v2\/pages\/57859","targetHints":{"allow":["GET"]}}],"collection":[{"href":"https:\/\/engelmann.com\/de\/wp-json\/wp\/v2\/pages"}],"about":[{"href":"https:\/\/engelmann.com\/de\/wp-json\/wp\/v2\/types\/page"}],"author":[{"embeddable":true,"href":"https:\/\/engelmann.com\/de\/wp-json\/wp\/v2\/users\/3"}],"replies":[{"embeddable":true,"href":"https:\/\/engelmann.com\/de\/wp-json\/wp\/v2\/comments?post=57859"}],"version-history":[{"count":1,"href":"https:\/\/engelmann.com\/de\/wp-json\/wp\/v2\/pages\/57859\/revisions"}],"predecessor-version":[{"id":57860,"href":"https:\/\/engelmann.com\/de\/wp-json\/wp\/v2\/pages\/57859\/revisions\/57860"}],"wp:attachment":[{"href":"https:\/\/engelmann.com\/de\/wp-json\/wp\/v2\/media?parent=57859"}],"curies":[{"name":"wp","href":"https:\/\/api.w.org\/{rel}","templated":true}]}}