{"id":57889,"date":"2019-06-15T13:00:00","date_gmt":"2019-06-15T13:00:00","guid":{"rendered":"https:\/\/engelmann.com\/?page_id=57889"},"modified":"2019-08-16T08:24:22","modified_gmt":"2019-08-16T07:24:22","slug":"cd-kompendium-burnproof","status":"publish","type":"page","link":"https:\/\/engelmann.com\/de\/cd-kompendium-burnproof\/","title":{"rendered":"CD Kompendium \u2013 BurnProof"},"content":{"rendered":"\n<div class=\"wp-block-image\"><figure class=\"alignright\"><img decoding=\"async\" src=\"https:\/\/engelmann.com\/wp-content\/uploads\/2017\/08\/burnproof_logo.gif\" alt=\"Burnproof\" class=\"wp-image-51856\"\/><\/figure><\/div>\n\n\n\n<p>An eine Technologie, den allseits bekannten Buffer Underrun beim CD-Schreiben zu Leibe zu r\u00fccken, haben sich in der Vergangenheit bereits mehrere Firmen gewagt. Versuchte Sony zun\u00e4chst nur, eine durch einen Schreibabbruch ruinierte CD zumindest weiter verwertbar zu machen, so dass der Anwender eventuell noch freien Platz nutzen konnte, lieferten die bald darauf auf den Markt dr\u00e4ngenden Packet Writing Programme einen vollkommen anderen Ansatz, indem sie sich auf das Schreiben wesentlich kleinerer Datenpakete beschr\u00e4nkten.<\/p>\n\n\n\n<p>Hier werden nicht mehr mehrere zig Megabyte gro\u00dfe Tracks oder Session sondern bestenfalls Datenpakete, die der Gr\u00f6\u00dfe des internen Recorderpuffers entsprechen, geschrieben. Ist ein Paket doch einmal gr\u00f6\u00dfer, versucht man sich mit einer als Streaming genannten Technologie \u00fcber Wasser zu halten, die ein zu schreibendes Paket kurzerhand abschlie\u00dft, falls ein Buffer Underrun auftrat.<\/p>\n\n\n\n<p>Das klappt mal weniger, mal mehr, gr\u00f6\u00dftes Manko ist allerdings, dass Paket Writing nur bei Daten-CDs zu gebrauchen ist und derart erstellte Discs auch nicht von jedem Laufwerk gelesen werden k\u00f6nnen.&nbsp;Auftritt Burn-Proof von Sanyo. Burn-Proof ist eine Kombination aus einer fest eingebauten Hardware- und einer updatebaren Firmware-Komponente, die theoretisch problemlos in jedem Laufwerk implementiert werden kann und die dem Buffer Underrun auf \u00e4hnliche Weise wie Packet Writing die Z\u00e4hne ziehen soll, ohne aber gleichzeitig die bekannten Nachteile aufzuweisen. Nach dem Start einer Schreiboperation \u00fcberwacht das mit Burn-Proof ausger\u00fcstete Laufwerk st\u00e4ndig den Status des Recorder-eigenen Puffers. Bei einer zu geringen oder einbrechenden Systemleistung entscheidet das Laufwerk&nbsp;vor dem endg\u00fcltigen Leerlauf des Puffers, das an einem Buffer-Underrun offenbar kein Weg vorbei f\u00fchrt \u2013 und stoppt den noch laufenden Schreibvorgang an einer geeigneten Stelle innerhalb des Eight to Fourteen-Musters, mit dem jedes einzelne<br>zu schreibende Originalbyte auf CD kodiert wird.&nbsp;In dieser Zeit f\u00fcllt sich der Puffer erneut, die Daten werden mit den bereits geschriebenen verglichen und synchronisiert und der Schreibvorgang gleich hinter dem zuletzt beschriebenen Punkt wieder aufgenommen.<\/p>\n\n\n\n<p>M\u00f6glich wird dies dadurch, dass der modifizierte Mikrocontroller sowohl die Abbruchadresse speichert als auch den Pufferstatus und die Servo-Einheit kontrolliert. Nat\u00fcrlich verbleiben bei dieser Technik genau so ung\u00fcltige Datenbereiche wie bei allen anderen Schreibabbr\u00fcchen auf CD. Diese fallen aber gering genug aus, um sp\u00e4ter von der Fehlerkorrektur des Leselaufwerks ausgeb\u00fcgelt werden zu k\u00f6nnen, unabh\u00e4ngig davon, ob dies nun Audio- oder Daten-CDs sind. Laut Orange Book, den Spezifikationen f\u00fcr die CD-R, darf der Abstand zwischen einem Schreibabbruch und der Wiederaufnahme des Vorgangs nicht mehr&nbsp;als 100 Micrometer betragen \u2013 was bisher nicht zu schaffen war.<\/p>\n\n\n\n<p>Dank BurnProof ist der Pickup nun in der Lage, das Brennen innerhalb eines Abstands von nur 40 Micrometer fortzusetzen. Der erste Schreiber, der mit dieser Technologie ausger\u00fcstet ab Anfang Juni 2000 den Brennermarkt bereicherte, war der PlexWriter 12\/10\/32A von Plextor mit 12facher Schreibleistung f\u00fcr einmal beschreibbare und 10facher f\u00fcr mehrmals beschreibbare Medien.<\/p>\n\n\n\n<p>Mittlerweile gibt es etliche andere Verfahren, eigentlich haben alle Hersteller eine \u00e4hnliche Technik entwickelt.<\/p>\n\n\n\n<p>&lt;-&nbsp;<a href=\"https:\/\/engelmann.com\/de\/cd-kompendium\/\">Zur\u00fcck zum Inhaltsverzeichnis<\/a><\/p>\n\n\n\n<hr class=\"wp-block-separator\"\/>\n\n\n\n<p><strong><br>Bitte beachten Sie:<\/strong>\u00a0Wir empfehlen Ihnen zum Brennen von CDs und DVDs unsere Software\u00a0CDRWIN. Diese k\u00f6nnen Sie in der aktuellen Version 10\u00a0derzeit kostenlos bei uns\u00a0erhalten!\u00a0Wenn Sie vorher noch Filme unwandeln wollen, empfehlen wir Ihnen unsere Software\u00a0MyFormatConverter. Diese gibt es ebenfalls in einer kostenlosen Version.\u00a0Auch zur Bildbearbeitung Ihrer Fotos haben wir \u00fcbrigens mit\u00a0Photomizer\u00a0eine Software im Angebot!<\/p>\n","protected":false},"excerpt":{"rendered":"<p>An eine Technologie, den allseits bekannten Buffer Underrun beim CD-Schreiben zu Leibe zu r\u00fccken, haben sich in der Vergangenheit bereits mehrere Firmen gewagt. Versuchte Sony &#8230; <a title=\"CD Kompendium \u2013 BurnProof\" class=\"read-more\" href=\"https:\/\/engelmann.com\/de\/cd-kompendium-burnproof\/\" aria-label=\"Mehr Informationen \u00fcber CD Kompendium \u2013 BurnProof\">Details \u279c<\/a><\/p>\n","protected":false},"author":3,"featured_media":0,"parent":0,"menu_order":0,"comment_status":"closed","ping_status":"closed","template":"","meta":{"om_disable_all_campaigns":false,"_uag_custom_page_level_css":"","_monsterinsights_skip_tracking":false,"_monsterinsights_sitenote_active":false,"_monsterinsights_sitenote_note":"","_monsterinsights_sitenote_category":0,"footnotes":""},"class_list":{"0":"post-57889","1":"page","2":"type-page","3":"status-publish","5":"infinite-scroll-item","6":"no-featured-image-padding"},"aioseo_notices":[],"spectra_custom_meta":{"_edit_lock":["1565940263:3"],"_edit_last":["3"],"slide_template":["default","default"],"_wpml_media_duplicate":["1","1"],"_wpml_media_featured":["1","1"],"aal_manualgenerated":["a:3:{i:0;O:8:\"stdClass\":2:{s:7:\"keyword\";s:17:\"MyFormatConverter\";s:3:\"url\";s:30:\"https:\/\/myformatconverter.com\/\";}i:1;O:8:\"stdClass\":2:{s:7:\"keyword\";s:10:\"Photomizer\";s:3:\"url\";s:22:\"https:\/\/photomizer.com\";}i:2;O:8:\"stdClass\":2:{s:7:\"keyword\";s:6:\"CDRWIN\";s:3:\"url\";s:26:\"http:\/\/free.engelmann.com\/\";}}","a:3:{i:0;O:8:\"stdClass\":2:{s:7:\"keyword\";s:17:\"MyFormatConverter\";s:3:\"url\";s:30:\"https:\/\/myformatconverter.com\/\";}i:1;O:8:\"stdClass\":2:{s:7:\"keyword\";s:10:\"Photomizer\";s:3:\"url\";s:22:\"https:\/\/photomizer.com\";}i:2;O:8:\"stdClass\":2:{s:7:\"keyword\";s:6:\"CDRWIN\";s:3:\"url\";s:26:\"http:\/\/free.engelmann.com\/\";}}"],"wpmdr_menu":["1","1"],"cleverpush_send_notification":[""],"_schema_article":["a:12:{s:6:\"active\";N;s:8:\"headline\";N;s:16:\"mainEntityOfPage\";N;s:6:\"author\";N;s:5:\"image\";N;s:13:\"datePublished\";N;s:12:\"dateModified\";N;s:9:\"publisher\";N;s:14:\"publisherImage\";N;s:11:\"description\";N;s:11:\"articleBody\";N;s:19:\"alternativeHeadline\";N;}"],"_schema_blog_posting":["a:11:{s:6:\"active\";N;s:8:\"headline\";N;s:16:\"mainEntityOfPage\";N;s:6:\"author\";N;s:5:\"image\";N;s:13:\"datePublished\";N;s:12:\"dateModified\";N;s:9:\"publisher\";N;s:14:\"publisherImage\";N;s:11:\"description\";N;s:11:\"articleBody\";N;}"],"_schema_news_article":["a:11:{s:6:\"active\";N;s:8:\"headline\";N;s:16:\"mainEntityOfPage\";N;s:6:\"author\";N;s:5:\"image\";N;s:13:\"datePublished\";N;s:12:\"dateModified\";N;s:9:\"publisher\";N;s:14:\"publisherImage\";N;s:11:\"description\";N;s:11:\"articleBody\";N;}"],"_schema_event":["a:14:{s:6:\"active\";N;s:4:\"name\";N;s:12:\"locationName\";N;s:15:\"locationAddress\";N;s:9:\"startDate\";N;s:7:\"endDate\";N;s:11:\"description\";N;s:13:\"performerName\";N;s:5:\"image\";N;s:5:\"price\";N;s:13:\"priceCurrency\";N;s:12:\"availability\";N;s:9:\"validFrom\";N;s:3:\"url\";N;}"],"_schema_product":["a:20:{s:6:\"active\";N;s:4:\"name\";N;s:5:\"image\";N;s:11:\"description\";N;s:3:\"sku\";N;s:5:\"brand\";N;s:15:\"identifier_type\";s:3:\"mpn\";s:10:\"identifier\";N;s:17:\"reviewRatingValue\";N;s:16:\"reviewBestRating\";N;s:17:\"reviewWorstRating\";N;s:12:\"reviewAuthor\";N;s:11:\"ratingValue\";N;s:11:\"reviewCount\";N;s:5:\"price\";N;s:15:\"priceValidUntil\";N;s:13:\"priceCurrency\";N;s:12:\"availability\";N;s:13:\"itemCondition\";N;s:3:\"url\";N;}"],"_schema_video":["a:10:{s:6:\"active\";N;s:4:\"name\";N;s:11:\"description\";N;s:12:\"thumbnailUrl\";N;s:10:\"uploadDate\";N;s:8:\"duration\";N;s:10:\"contentUrl\";N;s:8:\"embedUrl\";N;s:16:\"interactionCount\";N;s:7:\"expires\";N;}"],"_schema_service":["a:13:{s:6:\"active\";N;s:4:\"name\";N;s:11:\"serviceType\";N;s:14:\"additionalType\";N;s:5:\"award\";N;s:8:\"category\";N;s:16:\"providerMobility\";N;s:11:\"description\";N;s:5:\"image\";N;s:16:\"mainEntityOfPage\";N;s:6:\"sameAs\";N;s:3:\"url\";N;s:13:\"alternateName\";N;}"],"_schema_review":["a:10:{s:6:\"active\";N;s:8:\"itemName\";N;s:10:\"reviewBody\";N;s:4:\"name\";N;s:6:\"author\";N;s:13:\"datePublished\";N;s:11:\"ratingValue\";N;s:10:\"bestRating\";N;s:11:\"worstRating\";N;s:9:\"publisher\";N;}"],"_schema_aggregate_rating":["a:13:{s:6:\"active\";N;s:11:\"schema_type\";N;s:4:\"name\";N;s:5:\"image\";N;s:10:\"priceRange\";N;s:9:\"telephone\";N;s:7:\"address\";N;s:11:\"description\";N;s:11:\"ratingCount\";N;s:11:\"reviewCount\";N;s:11:\"ratingValue\";N;s:10:\"bestRating\";N;s:11:\"worstRating\";N;}"],"_schema_restaurant":["a:10:{s:6:\"active\";N;s:4:\"name\";N;s:11:\"description\";N;s:12:\"openingHours\";N;s:9:\"telephone\";N;s:4:\"menu\";N;s:5:\"image\";N;s:7:\"address\";N;s:10:\"priceRange\";N;s:13:\"servesCuisine\";N;}"],"_schema_localBusiness":["a:10:{s:6:\"active\";N;s:4:\"name\";N;s:11:\"description\";N;s:5:\"image\";N;s:10:\"priceRange\";N;s:15:\"addressLocality\";N;s:13:\"addressRegion\";N;s:10:\"postalCode\";N;s:13:\"streetAddress\";N;s:9:\"telephone\";N;}"],"_schema_book":["a:0:{}"],"_schema_course":["a:0:{}"],"_schema_JobPosting":["a:0:{}"],"_schema_movie":["a:0:{}"],"_schema_music":["a:0:{}"],"_schema_recipe":["a:0:{}"],"_schema_TVEpisode":["a:0:{}"],"_schema_question":["a:0:{}"],"_schema_itemList":["a:0:{}"],"_kcseo_ative_tab":[""],"_yoast_wpseo_content_score":["30"],"_yoast_wpseo_focuskeywords":["[]"],"_yoast_wpseo_keywordsynonyms":["[\"\"]"],"_yoast_wpseo_focuskw":["BurnProof"],"_yoast_wpseo_title":["CD-Kompendium: Was ist BurnProof? | Engelmann Software"],"_yoast_wpseo_metadesc":["lll\u27a4 Hier finden Sie Informationen zum Thema BurnProof beim Brennen von CDs in unserem CD Kompendium! Letzte Aktualisierung: %%currentmonth%% %%currentyear%% \u2705"],"_yoast_wpseo_linkdex":["64"],"_uag_migration_processed":["1"],"_wpml_word_count":["590"],"_uag_page_assets":["a:9:{s:3:\"css\";s:0:\"\";s:2:\"js\";s:0:\"\";s:18:\"current_block_list\";a:3:{i:0;s:10:\"core\/image\";i:1;s:14:\"core\/paragraph\";i:2;s:14:\"core\/separator\";}s:8:\"uag_flag\";b:0;s:11:\"uag_version\";s:10:\"1776353507\";s:6:\"gfonts\";a:0:{}s:10:\"gfonts_url\";s:0:\"\";s:12:\"gfonts_files\";a:0:{}s:14:\"uag_faq_layout\";b:0;}"]},"uagb_featured_image_src":{"full":false,"thumbnail":false,"medium":false,"medium_large":false,"large":false,"1536x1536":false,"2048x2048":false},"uagb_author_info":{"display_name":"Ulrich Engelmann","author_link":"https:\/\/engelmann.com\/de\/author\/uengelmann\/"},"uagb_comment_info":0,"uagb_excerpt":"An eine Technologie, den allseits bekannten Buffer Underrun beim CD-Schreiben zu Leibe zu r\u00fccken, haben sich in der Vergangenheit bereits mehrere Firmen gewagt. Versuchte Sony ... Details \u279c","_links":{"self":[{"href":"https:\/\/engelmann.com\/de\/wp-json\/wp\/v2\/pages\/57889","targetHints":{"allow":["GET"]}}],"collection":[{"href":"https:\/\/engelmann.com\/de\/wp-json\/wp\/v2\/pages"}],"about":[{"href":"https:\/\/engelmann.com\/de\/wp-json\/wp\/v2\/types\/page"}],"author":[{"embeddable":true,"href":"https:\/\/engelmann.com\/de\/wp-json\/wp\/v2\/users\/3"}],"replies":[{"embeddable":true,"href":"https:\/\/engelmann.com\/de\/wp-json\/wp\/v2\/comments?post=57889"}],"version-history":[{"count":2,"href":"https:\/\/engelmann.com\/de\/wp-json\/wp\/v2\/pages\/57889\/revisions"}],"predecessor-version":[{"id":58701,"href":"https:\/\/engelmann.com\/de\/wp-json\/wp\/v2\/pages\/57889\/revisions\/58701"}],"wp:attachment":[{"href":"https:\/\/engelmann.com\/de\/wp-json\/wp\/v2\/media?parent=57889"}],"curies":[{"name":"wp","href":"https:\/\/api.w.org\/{rel}","templated":true}]}}