{"id":57891,"date":"2019-06-15T13:00:00","date_gmt":"2019-06-15T13:00:00","guid":{"rendered":"https:\/\/engelmann.com\/?page_id=57891"},"modified":"2019-08-16T08:28:36","modified_gmt":"2019-08-16T07:28:36","slug":"cd-kompendium-audio-cd","status":"publish","type":"page","link":"https:\/\/engelmann.com\/de\/cd-kompendium-audio-cd\/","title":{"rendered":"CD Kompendium \u2013 CD-DA \u2013 Die Audio CD (Red Book)"},"content":{"rendered":"\n<div class=\"wp-block-image\"><figure class=\"alignright\"><img decoding=\"async\" src=\"https:\/\/engelmann.com\/wp-content\/uploads\/2017\/08\/audio-cd.png\" alt=\"\" class=\"wp-image-51800\"\/><\/figure><\/div>\n\n\n\n<p>CD-DA ist jene Spezifikation, welche 1980 von Sony und Philips als erstes ver\u00f6ffentlicht worden ist. In diesem Format m\u00fcssen Discs hergestellt werden, die mit Musikinformationen gef\u00fcllt und auf einem Audio-CD-Player abgespielt werden sollen. Wichtig ist dabei, das die Musikinformationen in 16-Bit Stereo und einer Samplingrate von 44,1 kHz vorliegen, die einzelnen Tracks (Musiktitel) nicht k\u00fcrzer als 4 Sekunden sind und vom jeweiligen Brennprogramm in einer Session verewigt werden, am besten in der Disc at Once-Schreibtechnik (DAO) . Der Grund f\u00fcr die Beschr\u00e4nkung auf eine Session pro CD findet sich in den Standards f\u00fcr die Abspielger\u00e4te.<\/p>\n\n\n\n<p>Kein Audio-CD-Player ist in der Lage, mehr als die erste Session einer CD zu erkennen, wie viel weitere sich auch immer dahinter noch befinden. (Das soll hei\u00dfen, das Sie generell zwar mehr als eine Session auch auf einer Audio-CD unterbringen k\u00f6nnen, nur, viel Sinn macht es nicht, da der Player f\u00fcr alle in weiteren Sessions niedergelegten Musiktitel blind ist.) Die Bevorzugung der DAO-Schreibtechnik f\u00fcr Audio-CDs begr\u00fcndet sich darin, das nur hiermit ein befriedigendes Editieren der Subcodes erreichbar ist. Es gibt zwar die M\u00f6glichkeit, mit bestimmten Recordern auch unter Track at Once (TAO) zumindest die L\u00e4nge der Pausen zu beeinflussen, aber eine Red Book-kompatible Audio-CD l\u00e4\u00dft sich so nicht herstellen.<\/p>\n\n\n\n<p>Eine Audio-CD wird in der Regel als DAO-Singlesession-CD angefertigt, das hei\u00dft, zun\u00e4chst wird das Lead-in samt Inhaltsverzeichnis, dann die einzelnen Tracks und schlie\u00dflich das Lead-out geschrieben. Die Pausen zwischen den Musikst\u00fccken werden mittels PQ-Editing den jeweiligen Bed\u00fcrfnissen angepasst. F\u00fcr den Fall, das sich der Track \u00fcber den gesamten Speicherplatz der CD erstreckt, m\u00fcssen Sie entweder diesen in einzelne, kleinere Tracks aufteilen (mit Pausen, die Null-L\u00e4nge besitzen) oder aber an den Sie interessierenden Passagen Indize setzen. Dies geschieht ebenfalls durch Editieren der Subkan\u00e4le.<\/p>\n\n\n\n<p>Wenn es an verf\u00fcgbarem Speicherplatz zur Unterbringung der Wave-Dateien mangelt, Sie von verschiedenen Quell-CDs direkt vom ROM-Laufwerk einen Sampler erstellen wollen oder Ihr Recorder schlicht kein DAO beherrscht, m\u00fcssen Sie auf TAO zur\u00fcckgreifen.<\/p>\n\n\n\n<p>Das \u00e4ndert zwar nichts am CD-Layout, da auch unter dieser Schreibtechnik eine Singlesession-CD m\u00f6glich ist, wohl aber an den M\u00f6glichkeiten zur Pausengestaltung. In der Regel m\u00fcssen Sie sich dann mit Zwangspausen von 2 Sekunden L\u00e4nge zwischen den Titeln abfinden, die zu allem \u00dcbel auch noch mit einem feinen, aber h\u00f6rbaren Knackser gesegnet sind. Indizes lassen sich unter TAO \u00fcberhaupt nicht einf\u00fcgen.<\/p>\n\n\n\n<p>Falls Sie sich daf\u00fcr entscheiden, die Audiosession offen zu lassen, um sp\u00e4ter noch Tracks hinzuzuf\u00fcgen, wird das Inhaltsverzeichnis nicht im Lead-in, sondern als vorl\u00e4ufiger TOC in der PMA hinterlegt. Erst bei Abschlu\u00df der CD wird dann das richtige Inhaltsverzeichnis geschrieben. (Bis dahin ist die CD nur vom Recorder selbst lesbar; normale CD-ROMs k\u00f6nnen nicht auf die PMA zugreifen.) Offene Sessions lassen sich in der Regel nur mit der TAO-Schreibtechnik bewerkstelligen. Jeder Sektor einer Audio-CD besteht aus 2352 Byte Musikinformationen, 784 Byte Korrekturdaten und 98 Kontrollbyte.<\/p>\n\n\n\n<p>Der Grund daf\u00fcr geht direkt auf die Art und Weise zur\u00fcck, wie analoge Musikinformationen digital gesamplet werden, n\u00e4mlich mit zwei Kan\u00e4len (Stereo), 44,1 kHz und in 16 Bit Tiefe f\u00fcr jede einzelne Sekunde also 2 (Kan\u00e4le) x 44100 (Hz) x 16 (Bit) = 1.411.200 Bits pro Sekunde. Das ganze dann geteilt durch 8 (weil jedes Byte aus 8 Bits besteht) macht 176.400 Byte\/sec. Und Viola, weil jede Sekunde einer CD aus 75 Sektoren besteht, kommen genau 2352 Byte\/Sektor raus.<\/p>\n\n\n\n<p>&lt;-&nbsp;<a href=\"https:\/\/engelmann.com\/de\/cd-kompendium\/\">Zur\u00fcck zum Inhaltsverzeichnis<\/a><\/p>\n\n\n\n<hr class=\"wp-block-separator\"\/>\n\n\n\n<p><strong><br>Bitte beachten Sie:<\/strong>\u00a0Wir empfehlen Ihnen zum Brennen von CDs und DVDs unsere Software\u00a0CDRWIN. Diese k\u00f6nnen Sie in der aktuellen Version 10\u00a0derzeit kostenlos bei uns\u00a0erhalten!\u00a0Wenn Sie vorher noch Filme unwandeln wollen, empfehlen wir Ihnen unsere Software\u00a0MyFormatConverter. Diese gibt es ebenfalls in einer kostenlosen Version.\u00a0Auch zur Bildbearbeitung Ihrer Fotos haben wir \u00fcbrigens mit\u00a0Photomizer\u00a0eine Software im Angebot!<\/p>\n","protected":false},"excerpt":{"rendered":"<p>CD-DA ist jene Spezifikation, welche 1980 von Sony und Philips als erstes ver\u00f6ffentlicht worden ist. In diesem Format m\u00fcssen Discs hergestellt werden, die mit Musikinformationen &#8230; <a title=\"CD Kompendium \u2013 CD-DA \u2013 Die Audio CD (Red Book)\" class=\"read-more\" href=\"https:\/\/engelmann.com\/de\/cd-kompendium-audio-cd\/\" aria-label=\"Mehr Informationen \u00fcber CD Kompendium \u2013 CD-DA \u2013 Die Audio CD (Red Book)\">Details \u279c<\/a><\/p>\n","protected":false},"author":3,"featured_media":0,"parent":0,"menu_order":0,"comment_status":"closed","ping_status":"closed","template":"","meta":{"om_disable_all_campaigns":false,"_uag_custom_page_level_css":"","_monsterinsights_skip_tracking":false,"_monsterinsights_sitenote_active":false,"_monsterinsights_sitenote_note":"","_monsterinsights_sitenote_category":0,"footnotes":""},"class_list":{"0":"post-57891","1":"page","2":"type-page","3":"status-publish","5":"infinite-scroll-item","6":"no-featured-image-padding"},"aioseo_notices":[],"spectra_custom_meta":{"_edit_lock":["1565940518:3"],"_edit_last":["3"],"slide_template":["default","default"],"_wpml_media_duplicate":["1","1"],"_wpml_media_featured":["1","1"],"aal_manualgenerated":["a:3:{i:0;O:8:\"stdClass\":2:{s:7:\"keyword\";s:17:\"MyFormatConverter\";s:3:\"url\";s:30:\"https:\/\/myformatconverter.com\/\";}i:1;O:8:\"stdClass\":2:{s:7:\"keyword\";s:10:\"Photomizer\";s:3:\"url\";s:22:\"https:\/\/photomizer.com\";}i:2;O:8:\"stdClass\":2:{s:7:\"keyword\";s:6:\"CDRWIN\";s:3:\"url\";s:26:\"http:\/\/free.engelmann.com\/\";}}","a:3:{i:0;O:8:\"stdClass\":2:{s:7:\"keyword\";s:17:\"MyFormatConverter\";s:3:\"url\";s:30:\"https:\/\/myformatconverter.com\/\";}i:1;O:8:\"stdClass\":2:{s:7:\"keyword\";s:10:\"Photomizer\";s:3:\"url\";s:22:\"https:\/\/photomizer.com\";}i:2;O:8:\"stdClass\":2:{s:7:\"keyword\";s:6:\"CDRWIN\";s:3:\"url\";s:26:\"http:\/\/free.engelmann.com\/\";}}"],"wpmdr_menu":["1","1"],"cleverpush_send_notification":[""],"_schema_article":["a:12:{s:6:\"active\";N;s:8:\"headline\";N;s:16:\"mainEntityOfPage\";N;s:6:\"author\";N;s:5:\"image\";N;s:13:\"datePublished\";N;s:12:\"dateModified\";N;s:9:\"publisher\";N;s:14:\"publisherImage\";N;s:11:\"description\";N;s:11:\"articleBody\";N;s:19:\"alternativeHeadline\";N;}"],"_schema_blog_posting":["a:11:{s:6:\"active\";N;s:8:\"headline\";N;s:16:\"mainEntityOfPage\";N;s:6:\"author\";N;s:5:\"image\";N;s:13:\"datePublished\";N;s:12:\"dateModified\";N;s:9:\"publisher\";N;s:14:\"publisherImage\";N;s:11:\"description\";N;s:11:\"articleBody\";N;}"],"_schema_news_article":["a:11:{s:6:\"active\";N;s:8:\"headline\";N;s:16:\"mainEntityOfPage\";N;s:6:\"author\";N;s:5:\"image\";N;s:13:\"datePublished\";N;s:12:\"dateModified\";N;s:9:\"publisher\";N;s:14:\"publisherImage\";N;s:11:\"description\";N;s:11:\"articleBody\";N;}"],"_schema_event":["a:14:{s:6:\"active\";N;s:4:\"name\";N;s:12:\"locationName\";N;s:15:\"locationAddress\";N;s:9:\"startDate\";N;s:7:\"endDate\";N;s:11:\"description\";N;s:13:\"performerName\";N;s:5:\"image\";N;s:5:\"price\";N;s:13:\"priceCurrency\";N;s:12:\"availability\";N;s:9:\"validFrom\";N;s:3:\"url\";N;}"],"_schema_product":["a:20:{s:6:\"active\";N;s:4:\"name\";N;s:5:\"image\";N;s:11:\"description\";N;s:3:\"sku\";N;s:5:\"brand\";N;s:15:\"identifier_type\";s:3:\"mpn\";s:10:\"identifier\";N;s:17:\"reviewRatingValue\";N;s:16:\"reviewBestRating\";N;s:17:\"reviewWorstRating\";N;s:12:\"reviewAuthor\";N;s:11:\"ratingValue\";N;s:11:\"reviewCount\";N;s:5:\"price\";N;s:15:\"priceValidUntil\";N;s:13:\"priceCurrency\";N;s:12:\"availability\";N;s:13:\"itemCondition\";N;s:3:\"url\";N;}"],"_schema_video":["a:10:{s:6:\"active\";N;s:4:\"name\";N;s:11:\"description\";N;s:12:\"thumbnailUrl\";N;s:10:\"uploadDate\";N;s:8:\"duration\";N;s:10:\"contentUrl\";N;s:8:\"embedUrl\";N;s:16:\"interactionCount\";N;s:7:\"expires\";N;}"],"_schema_service":["a:13:{s:6:\"active\";N;s:4:\"name\";N;s:11:\"serviceType\";N;s:14:\"additionalType\";N;s:5:\"award\";N;s:8:\"category\";N;s:16:\"providerMobility\";N;s:11:\"description\";N;s:5:\"image\";N;s:16:\"mainEntityOfPage\";N;s:6:\"sameAs\";N;s:3:\"url\";N;s:13:\"alternateName\";N;}"],"_schema_review":["a:10:{s:6:\"active\";N;s:8:\"itemName\";N;s:10:\"reviewBody\";N;s:4:\"name\";N;s:6:\"author\";N;s:13:\"datePublished\";N;s:11:\"ratingValue\";N;s:10:\"bestRating\";N;s:11:\"worstRating\";N;s:9:\"publisher\";N;}"],"_schema_aggregate_rating":["a:13:{s:6:\"active\";N;s:11:\"schema_type\";N;s:4:\"name\";N;s:5:\"image\";N;s:10:\"priceRange\";N;s:9:\"telephone\";N;s:7:\"address\";N;s:11:\"description\";N;s:11:\"ratingCount\";N;s:11:\"reviewCount\";N;s:11:\"ratingValue\";N;s:10:\"bestRating\";N;s:11:\"worstRating\";N;}"],"_schema_restaurant":["a:10:{s:6:\"active\";N;s:4:\"name\";N;s:11:\"description\";N;s:12:\"openingHours\";N;s:9:\"telephone\";N;s:4:\"menu\";N;s:5:\"image\";N;s:7:\"address\";N;s:10:\"priceRange\";N;s:13:\"servesCuisine\";N;}"],"_schema_localBusiness":["a:10:{s:6:\"active\";N;s:4:\"name\";N;s:11:\"description\";N;s:5:\"image\";N;s:10:\"priceRange\";N;s:15:\"addressLocality\";N;s:13:\"addressRegion\";N;s:10:\"postalCode\";N;s:13:\"streetAddress\";N;s:9:\"telephone\";N;}"],"_schema_book":["a:0:{}"],"_schema_course":["a:0:{}"],"_schema_JobPosting":["a:0:{}"],"_schema_movie":["a:0:{}"],"_schema_music":["a:0:{}"],"_schema_recipe":["a:0:{}"],"_schema_TVEpisode":["a:0:{}"],"_schema_question":["a:0:{}"],"_schema_itemList":["a:0:{}"],"_kcseo_ative_tab":[""],"_yoast_wpseo_focuskw":["CD-DA"],"_yoast_wpseo_title":["CD-Kompendium: CD-DA \u2013 Die Audio CD | Engelmann Software"],"_yoast_wpseo_metadesc":["lll\u27a4 Hier finden Sie Informationen zum Thema CD-DA \u2013 Die Audio CD (Red Book) in unserem CD Kompendium! Letzte Aktualisierung: %%currentmonth%% %%currentyear%% \u2705"],"_yoast_wpseo_linkdex":["64"],"_yoast_wpseo_content_score":["30"],"_yoast_wpseo_focuskeywords":["[]"],"_yoast_wpseo_keywordsynonyms":["[\"\"]"],"_uag_migration_processed":["1"],"_wpml_word_count":["635"],"_uag_page_assets":["a:9:{s:3:\"css\";s:0:\"\";s:2:\"js\";s:0:\"\";s:18:\"current_block_list\";a:3:{i:0;s:10:\"core\/image\";i:1;s:14:\"core\/paragraph\";i:2;s:14:\"core\/separator\";}s:8:\"uag_flag\";b:0;s:11:\"uag_version\";s:10:\"1775246729\";s:6:\"gfonts\";a:0:{}s:10:\"gfonts_url\";s:0:\"\";s:12:\"gfonts_files\";a:0:{}s:14:\"uag_faq_layout\";b:0;}"]},"uagb_featured_image_src":{"full":false,"thumbnail":false,"medium":false,"medium_large":false,"large":false,"1536x1536":false,"2048x2048":false},"uagb_author_info":{"display_name":"Ulrich Engelmann","author_link":"https:\/\/engelmann.com\/de\/author\/uengelmann\/"},"uagb_comment_info":0,"uagb_excerpt":"CD-DA ist jene Spezifikation, welche 1980 von Sony und Philips als erstes ver\u00f6ffentlicht worden ist. In diesem Format m\u00fcssen Discs hergestellt werden, die mit Musikinformationen ... Details \u279c","_links":{"self":[{"href":"https:\/\/engelmann.com\/de\/wp-json\/wp\/v2\/pages\/57891","targetHints":{"allow":["GET"]}}],"collection":[{"href":"https:\/\/engelmann.com\/de\/wp-json\/wp\/v2\/pages"}],"about":[{"href":"https:\/\/engelmann.com\/de\/wp-json\/wp\/v2\/types\/page"}],"author":[{"embeddable":true,"href":"https:\/\/engelmann.com\/de\/wp-json\/wp\/v2\/users\/3"}],"replies":[{"embeddable":true,"href":"https:\/\/engelmann.com\/de\/wp-json\/wp\/v2\/comments?post=57891"}],"version-history":[{"count":2,"href":"https:\/\/engelmann.com\/de\/wp-json\/wp\/v2\/pages\/57891\/revisions"}],"predecessor-version":[{"id":58702,"href":"https:\/\/engelmann.com\/de\/wp-json\/wp\/v2\/pages\/57891\/revisions\/58702"}],"wp:attachment":[{"href":"https:\/\/engelmann.com\/de\/wp-json\/wp\/v2\/media?parent=57891"}],"curies":[{"name":"wp","href":"https:\/\/api.w.org\/{rel}","templated":true}]}}