{"id":57907,"date":"2019-06-15T13:00:00","date_gmt":"2019-06-15T13:00:00","guid":{"rendered":"https:\/\/engelmann.com\/?page_id=57907"},"modified":"2019-08-16T09:12:40","modified_gmt":"2019-08-16T08:12:40","slug":"cd-kompendium-cd-text","status":"publish","type":"page","link":"https:\/\/engelmann.com\/de\/cd-kompendium-cd-text\/","title":{"rendered":"CD Kompendium \u2013 CD-TEXT"},"content":{"rendered":"\n<div class=\"wp-block-image\"><figure class=\"alignright\"><img decoding=\"async\" src=\"https:\/\/engelmann.com\/wp-content\/uploads\/2017\/08\/cd-text-logo.jpg\" alt=\"CD-Text\" class=\"wp-image-51841\"\/><\/figure><\/div>\n\n\n\n<p>Auf einer normalen Audio-CD befinden sich keinerlei Informationen&nbsp;\u00fcber den Interpreten, geschweige denn, dass die Titel der einzelnen Tracks&nbsp;angezeigt werden, wie es bei der Mini-Disc von Anfang an zum Standard geh\u00f6rte.&nbsp;Nachdem einige Versuche gescheitert waren, dieses zu erreichen und den vorhandenen&nbsp;CD-Standard zu erweitern, setzt sich jetzt ein Verfahren durch, welches von&nbsp;Philips\u00ae und Sony\u00ae entwickelt worden ist:&nbsp;<strong>CD-Text<\/strong>.<\/p>\n\n\n\n<p>Alle bisherigen Vorgehensweisen scheiterten daran, dass herk\u00f6mmliche&nbsp;Audio-CD-Player die mit den Zusatzdaten erweiterten CDs nicht abspielen konnten.&nbsp;Entweder musste man auf CD-I-Player oder auf CD-ROM-Laufwerke ausweichen, um&nbsp;an die Informationen zu kommen. Mit CD-Text hingegen sind Audio-Player der&nbsp;neuesten Generation durchaus in der Lage, den Namen des Interpreten, den Titel&nbsp;des gerade laufenden Musikst\u00fcckes und sogar Kommentare \u00fcber das Display wiederzugeben.<\/p>\n\n\n\n<p>Es gibt nicht einmal Nachteile bei diesem Format: \u00c4ltere Modelle (ohne CD-Text-F\u00e4higkeit)&nbsp;ignorieren die neuen zus\u00e4tzlichen Eintr\u00e4ge einfach und die Kapazit\u00e4t einer&nbsp;CD wird ebenfalls nicht verringert, da die Displayinformationen im so oder&nbsp;so vorhandenen, aber bis dahin nicht genutztem Subcode untergebracht werden.&nbsp;Das hei\u00dft, es kann weiterhin die volle Spielzeit einer CD genutzt werden.Der Pferdefu\u00df? Der Player mu\u00df CD-TEXT unterst\u00fctzen. Seit&nbsp;Ende 1999 gibt es verst\u00e4rkt CD-TEXT-f\u00e4hige Ger\u00e4te\u2026.<\/p>\n\n\n\n<h2 class=\"wp-block-heading\"><strong>Wie kann man CD-TEXT nutzen?<\/strong><\/h2>\n\n\n\n<p>Um CD-TEXT mit Ihrem Computer verarbeiten zu k\u00f6nnen, ben\u00f6tigen\u00a0Sie ein CD-TEXT f\u00e4higes CD-ROM und einen CD-TEXT f\u00e4higen CD-Recorder. Bitte\u00a0kontaktieren Sie den Hersteller Ihrer Hardware f\u00fcr Einzelheiten.<\/p>\n\n\n\n<h2 class=\"wp-block-heading\"><strong>Kurze technische Informationen \u00fcber CD-TEXT<\/strong><\/h2>\n\n\n\n<p>Audio-CDs enthalten neben den eigentlichen Musikdaten noch\u00a0zus\u00e4tzliche Daten, die sog. Subchannels. Es existieren insgesamt acht dieser\u00a0Subchannels (P,Q,R,S,T,U,V,W), von denen CD-TEXT lediglich zwei \u201aBuchstaben\u2018\u00a0des R bis W-Kanals ben\u00f6tigt: R und W. Diese werden dabei nur im Bereich des\u00a0\u201eLead-in\u201c (dem Bereich vor den eigentlichen Daten) beschrieben,\u00a0der Rest kann f\u00fcr andere Zwecke genutzt werden.<br>Theoretisch sollte somit jeder CD-Recorder in der Lage sein,\u00a0CD-TEXT zu schreiben. Es muss lediglich die M\u00f6glichkeit gegeben sein, die im\u00a0RED BOOK spezifizierten Subchannels steuern zu k\u00f6nnen \u2013 der Rest wird von\u00a0der Software erledigt. Jeder CD-Recorder muss diese Subchannels sowieso schreiben,\u00a0die meisten f\u00fcllen diesen Bereich jedoch leider nur mit Nullen auf.<\/p>\n\n\n\n<p>&lt;-&nbsp;<a href=\"https:\/\/engelmann.com\/de\/cd-kompendium\/\">Zur\u00fcck zum Inhaltsverzeichnis<\/a><\/p>\n\n\n\n<hr class=\"wp-block-separator\"\/>\n\n\n\n<p><strong>Bitte beachten Sie:<\/strong>\u00a0Wir empfehlen Ihnen zum Brennen von CDs und DVDs unsere Software\u00a0CDRWIN. Diese k\u00f6nnen Sie in der aktuellen Version 10\u00a0derzeit kostenlos bei uns\u00a0erhalten!\u00a0Wenn Sie vorher noch Filme unwandeln wollen, empfehlen wir Ihnen unsere Software\u00a0MyFormatConverter. Diese gibt es ebenfalls in einer kostenlosen Version.\u00a0Auch zur Bildbearbeitung Ihrer Fotos haben wir \u00fcbrigens mit\u00a0Photomizer\u00a0eine Software im Angebot!<\/p>\n","protected":false},"excerpt":{"rendered":"<p>Auf einer normalen Audio-CD befinden sich keinerlei Informationen&nbsp;\u00fcber den Interpreten, geschweige denn, dass die Titel der einzelnen Tracks&nbsp;angezeigt werden, wie es bei der Mini-Disc von &#8230; <a title=\"CD Kompendium \u2013 CD-TEXT\" class=\"read-more\" href=\"https:\/\/engelmann.com\/de\/cd-kompendium-cd-text\/\" aria-label=\"Mehr Informationen \u00fcber CD Kompendium \u2013 CD-TEXT\">Details \u279c<\/a><\/p>\n","protected":false},"author":3,"featured_media":0,"parent":0,"menu_order":0,"comment_status":"closed","ping_status":"closed","template":"","meta":{"om_disable_all_campaigns":false,"_uag_custom_page_level_css":"","_monsterinsights_skip_tracking":false,"_monsterinsights_sitenote_active":false,"_monsterinsights_sitenote_note":"","_monsterinsights_sitenote_category":0,"footnotes":""},"class_list":{"0":"post-57907","1":"page","2":"type-page","3":"status-publish","5":"infinite-scroll-item","6":"no-featured-image-padding"},"aioseo_notices":[],"spectra_custom_meta":{"_edit_lock":["1565943020:3"],"_edit_last":["3"],"slide_template":["default","default"],"_wpml_media_duplicate":["1","1"],"_wpml_media_featured":["1","1"],"aal_manualgenerated":["a:3:{i:0;O:8:\"stdClass\":2:{s:7:\"keyword\";s:17:\"MyFormatConverter\";s:3:\"url\";s:30:\"https:\/\/myformatconverter.com\/\";}i:1;O:8:\"stdClass\":2:{s:7:\"keyword\";s:10:\"Photomizer\";s:3:\"url\";s:22:\"https:\/\/photomizer.com\";}i:2;O:8:\"stdClass\":2:{s:7:\"keyword\";s:6:\"CDRWIN\";s:3:\"url\";s:26:\"http:\/\/free.engelmann.com\/\";}}","a:3:{i:0;O:8:\"stdClass\":2:{s:7:\"keyword\";s:17:\"MyFormatConverter\";s:3:\"url\";s:30:\"https:\/\/myformatconverter.com\/\";}i:1;O:8:\"stdClass\":2:{s:7:\"keyword\";s:10:\"Photomizer\";s:3:\"url\";s:22:\"https:\/\/photomizer.com\";}i:2;O:8:\"stdClass\":2:{s:7:\"keyword\";s:6:\"CDRWIN\";s:3:\"url\";s:26:\"http:\/\/free.engelmann.com\/\";}}"],"wpmdr_menu":["1","1"],"cleverpush_send_notification":[""],"_schema_article":["a:12:{s:6:\"active\";N;s:8:\"headline\";N;s:16:\"mainEntityOfPage\";N;s:6:\"author\";N;s:5:\"image\";N;s:13:\"datePublished\";N;s:12:\"dateModified\";N;s:9:\"publisher\";N;s:14:\"publisherImage\";N;s:11:\"description\";N;s:11:\"articleBody\";N;s:19:\"alternativeHeadline\";N;}"],"_schema_blog_posting":["a:11:{s:6:\"active\";N;s:8:\"headline\";N;s:16:\"mainEntityOfPage\";N;s:6:\"author\";N;s:5:\"image\";N;s:13:\"datePublished\";N;s:12:\"dateModified\";N;s:9:\"publisher\";N;s:14:\"publisherImage\";N;s:11:\"description\";N;s:11:\"articleBody\";N;}"],"_schema_news_article":["a:11:{s:6:\"active\";N;s:8:\"headline\";N;s:16:\"mainEntityOfPage\";N;s:6:\"author\";N;s:5:\"image\";N;s:13:\"datePublished\";N;s:12:\"dateModified\";N;s:9:\"publisher\";N;s:14:\"publisherImage\";N;s:11:\"description\";N;s:11:\"articleBody\";N;}"],"_schema_event":["a:14:{s:6:\"active\";N;s:4:\"name\";N;s:12:\"locationName\";N;s:15:\"locationAddress\";N;s:9:\"startDate\";N;s:7:\"endDate\";N;s:11:\"description\";N;s:13:\"performerName\";N;s:5:\"image\";N;s:5:\"price\";N;s:13:\"priceCurrency\";N;s:12:\"availability\";N;s:9:\"validFrom\";N;s:3:\"url\";N;}"],"_schema_product":["a:20:{s:6:\"active\";N;s:4:\"name\";N;s:5:\"image\";N;s:11:\"description\";N;s:3:\"sku\";N;s:5:\"brand\";N;s:15:\"identifier_type\";s:3:\"mpn\";s:10:\"identifier\";N;s:17:\"reviewRatingValue\";N;s:16:\"reviewBestRating\";N;s:17:\"reviewWorstRating\";N;s:12:\"reviewAuthor\";N;s:11:\"ratingValue\";N;s:11:\"reviewCount\";N;s:5:\"price\";N;s:15:\"priceValidUntil\";N;s:13:\"priceCurrency\";N;s:12:\"availability\";N;s:13:\"itemCondition\";N;s:3:\"url\";N;}"],"_schema_video":["a:10:{s:6:\"active\";N;s:4:\"name\";N;s:11:\"description\";N;s:12:\"thumbnailUrl\";N;s:10:\"uploadDate\";N;s:8:\"duration\";N;s:10:\"contentUrl\";N;s:8:\"embedUrl\";N;s:16:\"interactionCount\";N;s:7:\"expires\";N;}"],"_schema_service":["a:13:{s:6:\"active\";N;s:4:\"name\";N;s:11:\"serviceType\";N;s:14:\"additionalType\";N;s:5:\"award\";N;s:8:\"category\";N;s:16:\"providerMobility\";N;s:11:\"description\";N;s:5:\"image\";N;s:16:\"mainEntityOfPage\";N;s:6:\"sameAs\";N;s:3:\"url\";N;s:13:\"alternateName\";N;}"],"_schema_review":["a:10:{s:6:\"active\";N;s:8:\"itemName\";N;s:10:\"reviewBody\";N;s:4:\"name\";N;s:6:\"author\";N;s:13:\"datePublished\";N;s:11:\"ratingValue\";N;s:10:\"bestRating\";N;s:11:\"worstRating\";N;s:9:\"publisher\";N;}"],"_schema_aggregate_rating":["a:13:{s:6:\"active\";N;s:11:\"schema_type\";N;s:4:\"name\";N;s:5:\"image\";N;s:10:\"priceRange\";N;s:9:\"telephone\";N;s:7:\"address\";N;s:11:\"description\";N;s:11:\"ratingCount\";N;s:11:\"reviewCount\";N;s:11:\"ratingValue\";N;s:10:\"bestRating\";N;s:11:\"worstRating\";N;}"],"_schema_restaurant":["a:10:{s:6:\"active\";N;s:4:\"name\";N;s:11:\"description\";N;s:12:\"openingHours\";N;s:9:\"telephone\";N;s:4:\"menu\";N;s:5:\"image\";N;s:7:\"address\";N;s:10:\"priceRange\";N;s:13:\"servesCuisine\";N;}"],"_schema_localBusiness":["a:10:{s:6:\"active\";N;s:4:\"name\";N;s:11:\"description\";N;s:5:\"image\";N;s:10:\"priceRange\";N;s:15:\"addressLocality\";N;s:13:\"addressRegion\";N;s:10:\"postalCode\";N;s:13:\"streetAddress\";N;s:9:\"telephone\";N;}"],"_schema_book":["a:0:{}"],"_schema_course":["a:0:{}"],"_schema_JobPosting":["a:0:{}"],"_schema_movie":["a:0:{}"],"_schema_music":["a:0:{}"],"_schema_recipe":["a:0:{}"],"_schema_TVEpisode":["a:0:{}"],"_schema_question":["a:0:{}"],"_schema_itemList":["a:0:{}"],"_kcseo_ative_tab":[""],"_yoast_wpseo_focuskw":["CD-TEXT"],"_yoast_wpseo_title":["CD-Kompendium: CD-TEXT | Engelmann Software"],"_yoast_wpseo_metadesc":["lll\u27a4 Hier finden Sie umfassende Informationen zum Thema CD-TEXT bei Audio-CDs in unserem CD Kompendium! Letzte Aktualisierung: %%currentmonth%% %%currentyear%% \u2705"],"_yoast_wpseo_linkdex":["58"],"_yoast_wpseo_content_score":["30"],"_yoast_wpseo_focuskeywords":["[]"],"_yoast_wpseo_keywordsynonyms":["[\"\"]"],"_uag_migration_processed":["1"],"_wpml_word_count":["455"],"_uag_page_assets":["a:9:{s:3:\"css\";s:0:\"\";s:2:\"js\";s:0:\"\";s:18:\"current_block_list\";a:4:{i:0;s:10:\"core\/image\";i:1;s:14:\"core\/paragraph\";i:2;s:12:\"core\/heading\";i:3;s:14:\"core\/separator\";}s:8:\"uag_flag\";b:0;s:11:\"uag_version\";s:10:\"1776381342\";s:6:\"gfonts\";a:0:{}s:10:\"gfonts_url\";s:0:\"\";s:12:\"gfonts_files\";a:0:{}s:14:\"uag_faq_layout\";b:0;}"]},"uagb_featured_image_src":{"full":false,"thumbnail":false,"medium":false,"medium_large":false,"large":false,"1536x1536":false,"2048x2048":false},"uagb_author_info":{"display_name":"Ulrich Engelmann","author_link":"https:\/\/engelmann.com\/de\/author\/uengelmann\/"},"uagb_comment_info":0,"uagb_excerpt":"Auf einer normalen Audio-CD befinden sich keinerlei Informationen&nbsp;\u00fcber den Interpreten, geschweige denn, dass die Titel der einzelnen Tracks&nbsp;angezeigt werden, wie es bei der Mini-Disc von ... Details \u279c","_links":{"self":[{"href":"https:\/\/engelmann.com\/de\/wp-json\/wp\/v2\/pages\/57907","targetHints":{"allow":["GET"]}}],"collection":[{"href":"https:\/\/engelmann.com\/de\/wp-json\/wp\/v2\/pages"}],"about":[{"href":"https:\/\/engelmann.com\/de\/wp-json\/wp\/v2\/types\/page"}],"author":[{"embeddable":true,"href":"https:\/\/engelmann.com\/de\/wp-json\/wp\/v2\/users\/3"}],"replies":[{"embeddable":true,"href":"https:\/\/engelmann.com\/de\/wp-json\/wp\/v2\/comments?post=57907"}],"version-history":[{"count":2,"href":"https:\/\/engelmann.com\/de\/wp-json\/wp\/v2\/pages\/57907\/revisions"}],"predecessor-version":[{"id":58713,"href":"https:\/\/engelmann.com\/de\/wp-json\/wp\/v2\/pages\/57907\/revisions\/58713"}],"wp:attachment":[{"href":"https:\/\/engelmann.com\/de\/wp-json\/wp\/v2\/media?parent=57907"}],"curies":[{"name":"wp","href":"https:\/\/api.w.org\/{rel}","templated":true}]}}