{"id":57920,"date":"2019-06-16T09:00:00","date_gmt":"2019-06-16T09:00:00","guid":{"rendered":"https:\/\/engelmann.com\/?page_id=57920"},"modified":"2019-08-18T15:43:03","modified_gmt":"2019-08-18T14:43:03","slug":"cd-kompendium-jitter-korrektur","status":"publish","type":"page","link":"https:\/\/engelmann.com\/de\/cd-kompendium-jitter-korrektur\/","title":{"rendered":"CD Kompendium \u2013 Jitter-Korrektur"},"content":{"rendered":"\n<h2 class=\"wp-block-heading\">Was ist Jitter-Korrektur?<\/h2>\n\n\n\n<div class=\"wp-block-image\"><figure class=\"alignright\"><img decoding=\"async\" src=\"https:\/\/engelmann.com\/wp-content\/uploads\/2017\/08\/jitter-correction.png\" alt=\"Jitter Correction\" class=\"wp-image-51852\"\/><\/figure><\/div>\n\n\n\n<p>Der Hintergrund in K\u00fcrze: Audiotracks besitzen keine Header mit Adressinformationen in den Sektoren, mit deren Hilfe der Laser des Leseger\u00e4ts&nbsp;exakt auf gew\u00fcnschten Positionen \u201alanden\u2018 kann. Was an sich noch nicht so schlimm w\u00e4re. Da aber leider beim digitalen Auslesen in den seltensten F\u00e4llen ein steter Datenstrom vom Audiotrack auf Festplatte stattfindet, sondern immer wieder mal der Lesevorgang kurzfristig unterbrochen und wieder aufgenommen wird, hat der Laser Probleme, den Punkt des Leseabbruchs auf CD wieder zu finden und exakt dort weiter zu lesen.<\/p>\n\n\n\n<p>Entweder werden dann ein paar Bl\u00f6cke vor dem Abbruch doppelt gelesen oder einige nach dem Abbruch ausgelassen \u2013 was mehr oder weniger grauenhaft&nbsp;&nbsp;klingende Tracks hinterl\u00e4sst. Gute CD-ROM-Laufwerke besitzen selbst bei hohen Lesegeschwindigkeiten eine akkurate Technik, die dieses Problem der Vergangenheit angeh\u00f6ren l\u00e4sst, schlechtere bed\u00fcrfen ein Eingreifen der Software: die sogenannte&nbsp;<strong>Jitter-Korrektur.<\/strong><\/p>\n\n\n\n<p>Diese liest ein paar Bl\u00f6cke vor dem ungef\u00e4hren Punkt des&nbsp;Abbruch und ein paar dahinter und vergleicht diese mit den zuletzt geschriebenen Daten, so dass der exakte Anschluss heraus gefunden wird. Der Vorteil dieser Technik liegt in sauberen Audiodateien ohne Knackser und\/oder Aussetzer. Der Nachteil in einer l\u00e4ngeren Lesedauer, da die Jitter-Korrektur nat\u00fcrlich Zeit kostet.<\/p>\n\n\n\n<p>Wird die urspr\u00fcngliche Audio-Resynchronisierung (also keine Jitter-Korrektur) aktiviert, vertraut das Brennprogramm Ihrer Wahl vollst\u00e4ndig auf der F\u00e4higkeit des Laufwerks, einen fehlerfreien Audiostrom zur Festplatte zu garantieren. Hiermit wird die h\u00f6chstm\u00f6gliche Auslese-Geschwindigkeit erzielt. Voraussetzung ist allerdings ein leistungsf\u00e4higes CD-ROM-Laufwerk. Verf\u00fcgen Sie \u00fcber keines, sind Fehler in der auszulesenden Musikdatei vorprogrammiert.<\/p>\n\n\n\n<p>Andere Arten des Auslesen von Audio-Daten sind:<\/p>\n\n\n\n<p><strong>\u00dcberlappende Audio- Resynchronisierung<\/strong>: Nach einem Leseabbruch wiederholt Ihre Brennersoftware das Auslesen der letzten Bl\u00f6cke und vergleicht diese mit den bereits geschriebenen Daten um keiner Daten verlustig zu gehen oder unn\u00f6tigerweise hinzuzuf\u00fcgen. Bestehen Zweifel an der Genauigkeit der kopierten Daten, wird eine Warnmeldung ausgegeben. Mit dieser Option erzielen Sie einen annehmbaren Kompromiss zwischen Auslesegeschwindigkeit und -Fehlern, allerdings kann die Zeit, die f\u00fcr den Vergleich ben\u00f6tigt wird, bei einer Direkt-Kopie zu einem Buffer Underrun f\u00fchren.<\/p>\n\n\n\n<p><strong>Redundante Audio- Resynchronisierung<\/strong>: Hierbei f\u00fcgt die Software dem Audiomaterial statistische Korrekturmuster hinzu, um die h\u00f6chste Genauigkeit des Ausleseprozesses zu garantieren. Wie vorher kann die extra aufzuwendende Zeit relativ schnell zu Problemen bei Direkt-Kopien f\u00fchren und Buffer Underruns hervor rufen \u2013 vor allem dann, wenn eine Quell-CD durch Kratzer oder Verschmutzungen von vornherein als problematisch bezeichnet werden kann.<\/p>\n\n\n\n<p>&lt;-&nbsp;<a href=\"https:\/\/engelmann.com\/de\/cd-kompendium\/\">Zur\u00fcck zum Inhaltsverzeichnis<\/a><\/p>\n\n\n\n<hr class=\"wp-block-separator\"\/>\n\n\n\n<p><strong>Bitte beachten Sie:<\/strong>\u00a0Wir empfehlen Ihnen zum Brennen von CDs und DVDs unsere Software\u00a0CDRWIN. Diese k\u00f6nnen Sie in der aktuellen Version 10\u00a0derzeit kostenlos bei uns\u00a0erhalten!\u00a0Wenn Sie vorher noch Filme unwandeln wollen, empfehlen wir Ihnen unsere Software\u00a0MyFormatConverter. Diese gibt es ebenfalls in einer kostenlosen Version.\u00a0Auch zur Bildbearbeitung Ihrer Fotos haben wir \u00fcbrigens mit\u00a0Photomizer\u00a0eine Software im Angebot!<\/p>\n","protected":false},"excerpt":{"rendered":"<p>Was ist Jitter-Korrektur? Der Hintergrund in K\u00fcrze: Audiotracks besitzen keine Header mit Adressinformationen in den Sektoren, mit deren Hilfe der Laser des Leseger\u00e4ts&nbsp;exakt auf gew\u00fcnschten &#8230; <a title=\"CD Kompendium \u2013 Jitter-Korrektur\" class=\"read-more\" href=\"https:\/\/engelmann.com\/de\/cd-kompendium-jitter-korrektur\/\" aria-label=\"Mehr Informationen \u00fcber CD Kompendium \u2013 Jitter-Korrektur\">Details \u279c<\/a><\/p>\n","protected":false},"author":3,"featured_media":0,"parent":0,"menu_order":0,"comment_status":"closed","ping_status":"closed","template":"","meta":{"om_disable_all_campaigns":false,"_uag_custom_page_level_css":"","_monsterinsights_skip_tracking":false,"_monsterinsights_sitenote_active":false,"_monsterinsights_sitenote_note":"","_monsterinsights_sitenote_category":0,"footnotes":""},"class_list":{"0":"post-57920","1":"page","2":"type-page","3":"status-publish","5":"infinite-scroll-item","6":"no-featured-image-padding"},"aioseo_notices":[],"spectra_custom_meta":{"_edit_lock":["1566139384:3"],"_edit_last":["3"],"slide_template":["default","default"],"_wpml_media_duplicate":["1","1"],"_wpml_media_featured":["1","1"],"aal_manualgenerated":["a:3:{i:0;O:8:\"stdClass\":2:{s:7:\"keyword\";s:17:\"MyFormatConverter\";s:3:\"url\";s:30:\"https:\/\/myformatconverter.com\/\";}i:1;O:8:\"stdClass\":2:{s:7:\"keyword\";s:10:\"Photomizer\";s:3:\"url\";s:22:\"https:\/\/photomizer.com\";}i:2;O:8:\"stdClass\":2:{s:7:\"keyword\";s:6:\"CDRWIN\";s:3:\"url\";s:26:\"http:\/\/free.engelmann.com\/\";}}","a:3:{i:0;O:8:\"stdClass\":2:{s:7:\"keyword\";s:17:\"MyFormatConverter\";s:3:\"url\";s:30:\"https:\/\/myformatconverter.com\/\";}i:1;O:8:\"stdClass\":2:{s:7:\"keyword\";s:10:\"Photomizer\";s:3:\"url\";s:22:\"https:\/\/photomizer.com\";}i:2;O:8:\"stdClass\":2:{s:7:\"keyword\";s:6:\"CDRWIN\";s:3:\"url\";s:26:\"http:\/\/free.engelmann.com\/\";}}"],"wpmdr_menu":["1","1"],"cleverpush_send_notification":[""],"_schema_article":["a:12:{s:6:\"active\";N;s:8:\"headline\";N;s:16:\"mainEntityOfPage\";N;s:6:\"author\";N;s:5:\"image\";N;s:13:\"datePublished\";N;s:12:\"dateModified\";N;s:9:\"publisher\";N;s:14:\"publisherImage\";N;s:11:\"description\";N;s:11:\"articleBody\";N;s:19:\"alternativeHeadline\";N;}"],"_schema_blog_posting":["a:11:{s:6:\"active\";N;s:8:\"headline\";N;s:16:\"mainEntityOfPage\";N;s:6:\"author\";N;s:5:\"image\";N;s:13:\"datePublished\";N;s:12:\"dateModified\";N;s:9:\"publisher\";N;s:14:\"publisherImage\";N;s:11:\"description\";N;s:11:\"articleBody\";N;}"],"_schema_news_article":["a:11:{s:6:\"active\";N;s:8:\"headline\";N;s:16:\"mainEntityOfPage\";N;s:6:\"author\";N;s:5:\"image\";N;s:13:\"datePublished\";N;s:12:\"dateModified\";N;s:9:\"publisher\";N;s:14:\"publisherImage\";N;s:11:\"description\";N;s:11:\"articleBody\";N;}"],"_schema_event":["a:14:{s:6:\"active\";N;s:4:\"name\";N;s:12:\"locationName\";N;s:15:\"locationAddress\";N;s:9:\"startDate\";N;s:7:\"endDate\";N;s:11:\"description\";N;s:13:\"performerName\";N;s:5:\"image\";N;s:5:\"price\";N;s:13:\"priceCurrency\";N;s:12:\"availability\";N;s:9:\"validFrom\";N;s:3:\"url\";N;}"],"_schema_product":["a:20:{s:6:\"active\";N;s:4:\"name\";N;s:5:\"image\";N;s:11:\"description\";N;s:3:\"sku\";N;s:5:\"brand\";N;s:15:\"identifier_type\";s:3:\"mpn\";s:10:\"identifier\";N;s:17:\"reviewRatingValue\";N;s:16:\"reviewBestRating\";N;s:17:\"reviewWorstRating\";N;s:12:\"reviewAuthor\";N;s:11:\"ratingValue\";N;s:11:\"reviewCount\";N;s:5:\"price\";N;s:15:\"priceValidUntil\";N;s:13:\"priceCurrency\";N;s:12:\"availability\";N;s:13:\"itemCondition\";N;s:3:\"url\";N;}"],"_schema_video":["a:10:{s:6:\"active\";N;s:4:\"name\";N;s:11:\"description\";N;s:12:\"thumbnailUrl\";N;s:10:\"uploadDate\";N;s:8:\"duration\";N;s:10:\"contentUrl\";N;s:8:\"embedUrl\";N;s:16:\"interactionCount\";N;s:7:\"expires\";N;}"],"_schema_service":["a:13:{s:6:\"active\";N;s:4:\"name\";N;s:11:\"serviceType\";N;s:14:\"additionalType\";N;s:5:\"award\";N;s:8:\"category\";N;s:16:\"providerMobility\";N;s:11:\"description\";N;s:5:\"image\";N;s:16:\"mainEntityOfPage\";N;s:6:\"sameAs\";N;s:3:\"url\";N;s:13:\"alternateName\";N;}"],"_schema_review":["a:10:{s:6:\"active\";N;s:8:\"itemName\";N;s:10:\"reviewBody\";N;s:4:\"name\";N;s:6:\"author\";N;s:13:\"datePublished\";N;s:11:\"ratingValue\";N;s:10:\"bestRating\";N;s:11:\"worstRating\";N;s:9:\"publisher\";N;}"],"_schema_aggregate_rating":["a:13:{s:6:\"active\";N;s:11:\"schema_type\";N;s:4:\"name\";N;s:5:\"image\";N;s:10:\"priceRange\";N;s:9:\"telephone\";N;s:7:\"address\";N;s:11:\"description\";N;s:11:\"ratingCount\";N;s:11:\"reviewCount\";N;s:11:\"ratingValue\";N;s:10:\"bestRating\";N;s:11:\"worstRating\";N;}"],"_schema_restaurant":["a:10:{s:6:\"active\";N;s:4:\"name\";N;s:11:\"description\";N;s:12:\"openingHours\";N;s:9:\"telephone\";N;s:4:\"menu\";N;s:5:\"image\";N;s:7:\"address\";N;s:10:\"priceRange\";N;s:13:\"servesCuisine\";N;}"],"_schema_localBusiness":["a:10:{s:6:\"active\";N;s:4:\"name\";N;s:11:\"description\";N;s:5:\"image\";N;s:10:\"priceRange\";N;s:15:\"addressLocality\";N;s:13:\"addressRegion\";N;s:10:\"postalCode\";N;s:13:\"streetAddress\";N;s:9:\"telephone\";N;}"],"_schema_book":["a:0:{}"],"_schema_course":["a:0:{}"],"_schema_JobPosting":["a:0:{}"],"_schema_movie":["a:0:{}"],"_schema_music":["a:0:{}"],"_schema_recipe":["a:0:{}"],"_schema_TVEpisode":["a:0:{}"],"_schema_question":["a:0:{}"],"_schema_itemList":["a:0:{}"],"_kcseo_ative_tab":[""],"_yoast_wpseo_focuskw":["Jitter-Korrektur"],"_yoast_wpseo_title":["CD-Kompendium: Was ist Jitter-Korrektur? | Engelmann Software"],"_yoast_wpseo_metadesc":["lll\u27a4 Hier finden Sie umfassende Informationen zum Thema Jitter-Korrektur bei CDs in unserem CD Kompendium! Letzte Aktualisierung: %%currentmonth%% %%currentyear%% \u2705"],"_yoast_wpseo_linkdex":["65"],"_yoast_wpseo_content_score":["30"],"_yoast_wpseo_focuskeywords":["[]"],"_yoast_wpseo_keywordsynonyms":["[\"\"]"],"_uag_migration_processed":["1"],"_wpml_word_count":["521"],"_uag_page_assets":["a:9:{s:3:\"css\";s:0:\"\";s:2:\"js\";s:0:\"\";s:18:\"current_block_list\";a:4:{i:0;s:12:\"core\/heading\";i:1;s:10:\"core\/image\";i:2;s:14:\"core\/paragraph\";i:3;s:14:\"core\/separator\";}s:8:\"uag_flag\";b:0;s:11:\"uag_version\";s:10:\"1776353507\";s:6:\"gfonts\";a:0:{}s:10:\"gfonts_url\";s:0:\"\";s:12:\"gfonts_files\";a:0:{}s:14:\"uag_faq_layout\";b:0;}"]},"uagb_featured_image_src":{"full":false,"thumbnail":false,"medium":false,"medium_large":false,"large":false,"1536x1536":false,"2048x2048":false},"uagb_author_info":{"display_name":"Ulrich Engelmann","author_link":"https:\/\/engelmann.com\/de\/author\/uengelmann\/"},"uagb_comment_info":0,"uagb_excerpt":"Was ist Jitter-Korrektur? Der Hintergrund in K\u00fcrze: Audiotracks besitzen keine Header mit Adressinformationen in den Sektoren, mit deren Hilfe der Laser des Leseger\u00e4ts&nbsp;exakt auf gew\u00fcnschten ... Details \u279c","_links":{"self":[{"href":"https:\/\/engelmann.com\/de\/wp-json\/wp\/v2\/pages\/57920","targetHints":{"allow":["GET"]}}],"collection":[{"href":"https:\/\/engelmann.com\/de\/wp-json\/wp\/v2\/pages"}],"about":[{"href":"https:\/\/engelmann.com\/de\/wp-json\/wp\/v2\/types\/page"}],"author":[{"embeddable":true,"href":"https:\/\/engelmann.com\/de\/wp-json\/wp\/v2\/users\/3"}],"replies":[{"embeddable":true,"href":"https:\/\/engelmann.com\/de\/wp-json\/wp\/v2\/comments?post=57920"}],"version-history":[{"count":2,"href":"https:\/\/engelmann.com\/de\/wp-json\/wp\/v2\/pages\/57920\/revisions"}],"predecessor-version":[{"id":58851,"href":"https:\/\/engelmann.com\/de\/wp-json\/wp\/v2\/pages\/57920\/revisions\/58851"}],"wp:attachment":[{"href":"https:\/\/engelmann.com\/de\/wp-json\/wp\/v2\/media?parent=57920"}],"curies":[{"name":"wp","href":"https:\/\/api.w.org\/{rel}","templated":true}]}}