{"id":57922,"date":"2019-06-16T09:00:00","date_gmt":"2019-06-16T09:00:00","guid":{"rendered":"https:\/\/engelmann.com\/?page_id=57922"},"modified":"2019-08-18T15:47:13","modified_gmt":"2019-08-18T14:47:13","slug":"cd-kompendium-kopierschutzmethoden","status":"publish","type":"page","link":"https:\/\/engelmann.com\/de\/cd-kompendium-kopierschutzmethoden\/","title":{"rendered":"CD Kompendium \u2013 Kopierschutzmethoden"},"content":{"rendered":"\n<div class=\"wp-block-image\"><figure class=\"alignright\"><img decoding=\"async\" src=\"https:\/\/engelmann.com\/wp-content\/uploads\/2017\/08\/cdrwin_logo.gif\" alt=\"CDRWIN\" class=\"wp-image-51840\"\/><\/figure><\/div>\n\n\n\n<p>Kopierschutzmethoden auf CD\/DVDs werden heutzutage kaum noch eingesetzt, da heutzutage fast alle Spiele eine Online-Verbindung aufbauen und die Lizenz \u00fcberpr\u00fcfen.<\/p>\n\n\n\n<h2 class=\"wp-block-heading\">Historischer \u00dcberblick \u00fcber Kopierschutzmethoden<\/h2>\n\n\n\n<p>Mit dem Aufkommen von CD\/DVD-Brennern und ihrer massenhaften Verbreitung wurden die Hersteller von CDs verst\u00e4ndlicherweise zunehmend nerv\u00f6ser, zwar nicht unbedingt jene von Musik- oder Anwendersoftware, aber jene von Game-CDs \u2013 und die daf\u00fcr umso heftiger. Ein Blick auf die Schulh\u00f6fe liefert dann auch die Begr\u00fcndung daf\u00fcr. Wahrscheinlich gab es dort kein Spiel, welches nicht als Kopie die Runde macht. Um dem einen Riegel vorzuschieben, haben die Hersteller sich im Laufe der Zeit verschiedene Methoden ausgedacht, eine einfache Kopie zu unterbinden. Die wichtigsten finden Sie hier\u2026<\/p>\n\n\n\n<p><strong>Wichtig: Die Informationen auf dieser Seite sind nicht daf\u00fcr gedacht, Beihilfe zur Herstellung von illegalen Kopien zu leisten. Dieser Artikel stellt auch keine Rechtsberatung da!<\/strong><\/p>\n\n\n\n<p>Was die Rechtssprechung bez\u00fcglich der Kopien von Softwareprogrammen betrifft, so kann der Privatanwender relativ schnell ins Schleudern kommen. Mal ist es erlaubt, mal nicht und mal nur dann, wenn der Wert der Anwendung sehr hoch liegt. Immerhin, einigerma\u00dfen einig ist man sich darin, dass eine Kopie nicht erlaubt ist, wenn der Software-Produzent sich verpflichtet, unentgeltlich oder gegen eine geringe Geb\u00fchr Ersatz zu leisten, falls das Original defekt ist. Umstritten ist auch nach wie vor das Urteil des Landgerichts Bochum, welches Sicherheitskopien angeblich generell untersagt, mit der Begr\u00fcndung, dass \u201eeine CD im Gegensatz zu Disketten\u201c l\u00e4nger haltbar sei und daher \u201enicht unbedingt gesichert werden\u201c m\u00fcsse (Computer und Recht 6\/98, Seite 381).<\/p>\n\n\n\n<p>Laut \u00a7 69d Abs. 2 des Urhebergesetzes (UrhG) hingegen darf der K\u00e4ufer eine Sicherungskopie anlegen, wenn diese f\u00fcr den k\u00fcnftigen Gebrauch erforderlich ist. Dies gilt allerdings nicht, wenn es sich um kopiergesch\u00fctzte CDs handelt. Allerdings ist damit nicht gekl\u00e4rt, ob die Kopie in Eigenregie angefertigt werden darf oder nicht. Die Entscheidung hier\u00fcber liegt beim Software-Produzenten. Deshalb ist es notwendig, dass sich der Anwender mit den Lizenzvereinbarungen, die mit der Software ausgeliefert werden, genauestens auseinander und sich im Zweifelsfalle mit dem Hersteller des Originals in Verbindung setzt, um sicher zu stellen, ob er nun eine Sicherungskopie erstellen darf oder nicht.<\/p>\n\n\n\n<p><strong>Auf jeden Fall ist sicher, was definitiv verboten ist:<\/strong><\/p>\n\n\n\n<ul class=\"wp-block-list\"><li>Raubkopien von Programmen auf CD zu brennen.<\/li><li>Mehrere Sicherheitskopien anzufertigen.<\/li><li>Die erlaubte Sicherungskopie zu ver\u00e4u\u00dfern \u2013 es sei denn, das Original&nbsp;wird mit ausgeh\u00e4ndigt.<\/li><li>Den Inhalt einer kopiergesch\u00fctzten CD zu patchen, damit diese lauff\u00e4hig&nbsp;wird. Dies stellt einen unerlaubten Eingriff in die gekaufte Software dar,&nbsp;der auf jeden Fall illegal ist.<\/li><li>Sich Software-CDs von dritten Personen zu leihen, davon eine \u201aSicherungskopie\u2018&nbsp;zu brennen und diese dann zu verwenden.<\/li><\/ul>\n\n\n\n<p>Im Hinblick auf Audio-CDs gilt, dass eine bestimmte&nbsp;Anzahl Kopien f\u00fcr den privaten Gebrauch erlaubt sind, fr\u00fchere Ansichten lagen&nbsp;bei 7 Kopien pro Track, aktuell bel\u00e4uft sich die Zahl auf 3. Auch hier muss&nbsp;sorgsam darauf geachtet werden, f\u00fcr welchen Verwendungszweck die Kopie gedacht&nbsp;ist.<\/p>\n\n\n\n<p>Legal ist immer nur der ausschlie\u00dfliche private&nbsp;Gebrauch, auch wenn die einzelnen (eigenen!) Tracks zu neuen sogenannten Samplern \u201averarbeitet\u2018 werden, ob mit Komprimierung (MP3) oder ohne. Das gegenseitige&nbsp;freundschaftliche Ausleihen von CDs und Kopieren derselben ist bereits hart&nbsp;am Rande der Legalit\u00e4t und gr\u00fcndet mehr auf gesellschaftliche Gewohnheiten&nbsp;denn auf Recht und Gesetz. Genauso verboten ist das Brennen von eigenen Audio-CDs,&nbsp;die (ob unentgeltlich oder nicht) anschlie\u00dfend verteilt werden. Im Rahmen&nbsp;des Urheberrechts bewegt man sich nur, wenn man seine Kopien einzig im engsten&nbsp;Familienkreis verschenkt.<\/p>\n\n\n\n<p><strong>Man darf also\u2026<\/strong><\/p>\n\n\n\n<ul class=\"wp-block-list\"><li>den eigenen Audiobestand auf Festplatte kopieren und zu neuen Compilations&nbsp;verarbeiten, egal in welchem Audioformat.<\/li><li>selbst gekaufte CDs kopieren und an Familienmitglieder sowie im engsten&nbsp;Freundeskreis verschenken.<\/li><li>urheberfreie, vom Urheber umsonst zur Verf\u00fcgung gestellte oder gekaufte&nbsp;MP3-Dateien aus dem Internet beziehen und auf CD brennen.<\/li><\/ul>\n\n\n\n<p><strong>Eindeutig verboten ist hingegen\u2026<\/strong><\/p>\n\n\n\n<ul class=\"wp-block-list\"><li>illegales Soundmaterial aus dem Internet auf CD schreiben \u2013 zumindest&nbsp;dann, wenn bekannt ist, dass das Material sich illegalerweise dort aufh\u00e4lt,<\/li><li>wildes Kopieren aller CDs, die man im Freundeskreis auftreiben und ausleihen&nbsp;kann,<\/li><li>der Verkauf von kopierten Audio-CDs .<\/li><\/ul>\n\n\n\n<p>Bitte beachten Sie, dass nicht jedes CD-ROM&nbsp;Laufwerk geeignet ist, eine CD mit Kopierschutz auszulesen und auch nicht&nbsp;alle CD-Recorder einen Kopierschutz schreiben k\u00f6nnen.<\/p>\n\n\n\n<p><strong>Gelogene\u2018 TOC-Informationen<\/strong><br>Genau wie Laserlock (siehe unten) ist auch das Versehen des CD-Inhaltsverzeichnisses\u00a0mit ung\u00fcltigen Informationen ein relativ weitverbreitetes Mittel, die Erstellung\u00a0von Disc-Kopien zu erschweren. Der TOC (Tabel of Content) ist eine Ansammlung\u00a0von Daten im Q-Subkanal im Lead-in und enth\u00e4lt beispielsweise die Informationen\u00a0zu den Start- und Endpunkten der Tracks und den Adressen der Dateien. Mit\u00a0einer einfachen Modifikation dieses TOCs kann man den Rechner dazu bringen,\u00a0zu denken, dass einzelne Dateien weitaus gr\u00f6\u00dfer sind, als sie tats\u00e4chlich an\u00a0Platz beanspruchen. Der Phantasie sind da im Grunde keine Grenzen gesetzt,\u00a0und so liegen im CD-ROM-Laufwerk normale CDs mit 200 oder 250 MB, die beispielsweise\u00a0vorgeben, mehr als 2 oder 3 GB zu beherbergen.\u00a0\u00a0Die meisten CD-Brennprogramme verlassen sich auf die Informationen, die ihnen\u00a0vom Dateisystem zugespielt werden und verweigern dementsprechend jede Art\u00a0von Disc-Kopie, da die \u201aGr\u00f6\u00dfe\u2018 der Original-CD \u00fcber den herk\u00f6mmlichen 74,\u00a0oftmals auch \u00fcber 80 Minuten liegt. Allerdings gibt es Software (wie beispielsweise\u00a0CDRWIN), bei denen Optionen vorhanden\u00a0sind, diese fehlerhaften TOC-Informationen zu ignorieren.<\/p>\n\n\n\n<p><strong>Identische Dateien<\/strong><em><br>Wissen Sie, was passiert, wenn Sie eine Datei in ein Verzeichnis kopieren&nbsp;m\u00f6chten, die bereits existiert? Nun, das Betriebsystem wird Sie fragen, ob&nbsp;Sie die vorhandene Datei \u00fcberschreiben m\u00f6chten. Zwei Dateien gleichen Namens&nbsp;in einem Verzeichnis sind nicht m\u00f6glich, auch nicht auf CD \u2013 es sei denn,&nbsp;man modifiziert den TOC entsprechend. Jeder Dateimanager wird Ihnen dann mehrere&nbsp;Dateien gleichen Namens anzeigen. Eine der M\u00f6glichkeiten, mit dieser Widrigkeit&nbsp;fertig zu werden, besteht darin, den Inhalt der CD (also die einzelnen Dateien)&nbsp;auf Festplatte zu kopieren, darunter nat\u00fcrlich nur eine der Zwillingsdateien,<br>und mittels eines Cracks f\u00fcr die richtigen Verh\u00e4ltnisse zu sorgen \u2013 was mit&nbsp;ziemlicher Sicherheit aber bereits im illegalen Bereich anzusiedeln ist, da&nbsp;hiermit Manipulationen des Originalzustands vorgenommen werden. Einfacher&nbsp;ist der Versuch, die CD sektorenweise zu kopieren oder die bei einigen Brennprogrammen&nbsp;eventuell vorhandenen Optionen zu nutzen, welche nicht allzuviel Respekt vor&nbsp;fehlerhaften TOC-Informationen besitzen und damit umgehen k\u00f6nnen.<\/em><\/p>\n\n\n\n<p><strong>Zweiter Datentrack<\/strong><em><br>Die meisten Game-CDs bestanden fr\u00fcher aus einem ersten Datentrack, der von&nbsp;mehreren Audiotracks gefolgt wird. \u201aF\u00fcgt\u2018 man nun dieser (Mixed-Mode)-CD noch&nbsp;einen zus\u00e4tzlichen Datentrack am Ende \u201ahinzu\u2018 (innerhalb der Session), reicht&nbsp;das oftmals, die meisten CD-Schreiber durcheinander zu bringen. Wie bei den&nbsp;beiden vorhergenannten Methoden wird man auch hier am ehesten mit den Optionen,&nbsp;einen illegalen TOC zu ignorieren, am gl\u00fccklichsten. Als Name f\u00fcr das&nbsp;Format hat sich \u201eCD Plus\u201c eingeb\u00fcrgert.&nbsp;<\/em><\/p>\n\n\n\n<p><strong>\u00dcbergr\u00f6\u00dfe<\/strong><br>Einige Hersteller verfrachten mehr als die \u00fcblichen 74 Minuten&nbsp;auf eine Disc. Dabei kann es sich nur um eine oder zwei, aber auch um bis&nbsp;zu sechs Minuten handeln. Das Resultat ist das gleiche, als ob man fehlerhafte&nbsp;TOC-Informationen \u00fcber die Gr\u00f6\u00dfe der Disc herstellt \u2013 normale Brennprogramme&nbsp;werfen das Handtuch, da sie nicht darauf vorbereitet sind, au\u00dferhalb der Spezifikation&nbsp;brennen zu m\u00fcssen. In diesem Fall bleibt Ihnen nichts anderes \u00fcbrig, als entweder&nbsp;80 Minuten-Discs zu nutzen, oder zu versuchen, normale Rohlinge ebenfalls&nbsp;au\u00dferhalb der Spezifikationen zu betreiben. Allerdings m\u00fc\u00dfen sowohl der Recorder als auch die Software in der Lage sein, mit der einen, beziehungsweise der&nbsp;anderen M\u00f6glichkeit umgehen zu k\u00f6nnen. (Versucht man, mit einer ungeeigneten&nbsp;Hardware zu \u201a\u00fcberbrennen\u2018, kann es durchaus passieren, dass der Pickup unwiderruflichen&nbsp;Schaden nimmt.) Irgendwann reichten manchmal auch 80 min CD-Rohlinge nicht&nbsp;mehr aus, um eine Sicherheitskopie anzulegen. Dann mussten eben die 99min Rohlinge her\u2026 Wir waren mit unserer damaligen Tochterfirma Disc4You \u00fcbrigens weltweit der erste H\u00e4ndler, der 99min CDs im Angebot hatte.<\/p>\n\n\n\n<p><strong>Laserlock<\/strong><br>Laserlock ist eine verh\u00e4ltnism\u00e4\u00dfig einfache (aber effektive)&nbsp;Ma\u00dfnahme und besteht nur aus einer einzelnen Datei, die sich zusammen mit&nbsp;den anderen Daten auf der Original-Disc befindet. Kommen nun b\u00f6se Jungs auf&nbsp;die Idee, die CD kopieren zu wollen, bleibt der Kopier-Lesevorgang regelm\u00e4\u00dfig&nbsp;beim Lesen dieser Datei (die \u00fcbrigens \u201aLaserlock\u2018 hei\u00dft) h\u00e4ngen, egal, ob&nbsp;die Kopie auf Festplatte oder direkt auf einem Rohling angelegt werden soll&nbsp;\u2013 mit dem Resultat, dass der Rechner h\u00e4ngt und neu gestartet werden muss. Als&nbsp;L\u00f6sung bleibt einem nur, zu versuchen, die CD sektoren- oder zumindest trackweise&nbsp;auszulesen. Einfaches Auslassen dieser Datei beim Kopieren s\u00e4mtlicher Daten&nbsp;auf Festplatte und dem anschlie\u00dfendem Brennen von dort reicht nicht, da die&nbsp;Disc-Kopie ohne diese Datei nicht funktionieren wird. Einige Laufwerke haben&nbsp;mit der Laserlok-Datei erhebliche Probleme und ben\u00f6tigen mehrere Stunden,&nbsp;um diese \u2013 auch sektorbasiert \u2013 auszulesen.<\/p>\n\n\n\n<p><strong>SecuRom<\/strong><br>SecuRom ist so etwas wie ein elektonischer ID-Tag bzw. digitale&nbsp;Signatur, mit dem eine CD w\u00e4hrend des Herstellungsprozesses versehen wird&nbsp;\u2013 und ebenfalls sehr effektiv. Bei jeder einzelnen der unterschiedlichen Versionen,&nbsp;die bis jetzt realisiert worden sind, bedarf es entweder einer urheberrechtlich&nbsp;illegalen Manipulation (auf die wir nicht weiter eingehen), um eine lauff\u00e4hige&nbsp;Kopie von derart gesch\u00fctzten CDs herstellen zu k\u00f6nnen, oder eine effektive&nbsp;1:1 Kopie inkl. der 96 Kontrollbytes. Um festzustellen, ob eine CD mit SecuRom&nbsp;kopiergesch\u00fctzt ist, reicht es in der Regel \u00fcbrigens, auf den Innenring zu&nbsp;schauen. Dort ist ein Logo mit dem Schriftzug \u201eDADC\u201c untergebracht.<\/p>\n\n\n\n<p><strong>SafeDisc<\/strong><br>Hierbei wird einieg der ersten Bl\u00f6cke einer CD gewollt&nbsp;fehlerhaft erstellt. Zus\u00e4tzlich befindet sich oft noch eine Datei namens&nbsp;<em>Clokspl.exe&nbsp;<\/em>an Bord. Das sektoren- oder trackweise Kopieren im Raw-Modus sollte diesen&nbsp;Schutz aber in der Regel recht alt aussehen lassen.<\/p>\n\n\n\n<p><strong>StarForce<\/strong><br>StarForce gab es erst seit etwa 2002 und vereinigt alle&nbsp;bisher bekannten Verfahren. Zus\u00e4tzlich wird ein Treiber mitgeliefert&nbsp;und auf dem Rechner des Kunden installiert, der auf vorhandene Kopierprogramme testet. Dieser Treiber ist bei allen Versionen dieses Kopierschutzes gleich&nbsp;und sobald ein Update des Kopierschutzes herauskommt, werden sofort alle Spiele&nbsp;auf dem Rechner des Kunden gleichzeitig aktualisiert. StarForce lebt also&nbsp;mehr oder weniger vor allem von diesen sog \u201eBlacklistings\u201c. Damit&nbsp;wird verhindert, das \u00fcberhaupt parallel Programme laufen, die StarForce&nbsp;theoretisch kopieren k\u00f6nnten.<\/p>\n\n\n\n<p>&lt;-&nbsp;<a href=\"https:\/\/engelmann.com\/de\/cd-kompendium\/\">Zur\u00fcck zum Inhaltsverzeichnis<\/a><\/p>\n\n\n\n<hr class=\"wp-block-separator\"\/>\n\n\n\n<p><strong>Bitte beachten Sie:<\/strong>\u00a0Wir empfehlen Ihnen zum Brennen von CDs und DVDs unsere Software\u00a0CDRWIN. Diese k\u00f6nnen Sie in der aktuellen Version 10\u00a0derzeit kostenlos bei uns\u00a0erhalten!\u00a0Wenn Sie vorher noch Filme umwandeln wollen, empfehlen wir Ihnen unsere Software\u00a0MyFormatConverter. Diese gibt es ebenfalls in einer kostenlosen Version.\u00a0Auch zur Bildbearbeitung Ihrer Fotos haben wir \u00fcbrigens mit\u00a0Photomizer\u00a0eine Software im Angebot!<\/p>\n","protected":false},"excerpt":{"rendered":"<p>Kopierschutzmethoden auf CD\/DVDs werden heutzutage kaum noch eingesetzt, da heutzutage fast alle Spiele eine Online-Verbindung aufbauen und die Lizenz \u00fcberpr\u00fcfen. Historischer \u00dcberblick \u00fcber Kopierschutzmethoden Mit &#8230; <a title=\"CD Kompendium \u2013 Kopierschutzmethoden\" class=\"read-more\" href=\"https:\/\/engelmann.com\/de\/cd-kompendium-kopierschutzmethoden\/\" aria-label=\"Mehr Informationen \u00fcber CD Kompendium \u2013 Kopierschutzmethoden\">Details \u279c<\/a><\/p>\n","protected":false},"author":3,"featured_media":0,"parent":0,"menu_order":0,"comment_status":"closed","ping_status":"closed","template":"","meta":{"om_disable_all_campaigns":false,"_uag_custom_page_level_css":"","_monsterinsights_skip_tracking":false,"_monsterinsights_sitenote_active":false,"_monsterinsights_sitenote_note":"","_monsterinsights_sitenote_category":0,"footnotes":""},"class_list":{"0":"post-57922","1":"page","2":"type-page","3":"status-publish","5":"infinite-scroll-item","6":"no-featured-image-padding"},"aioseo_notices":[],"spectra_custom_meta":{"_edit_lock":["1566139634:3"],"_edit_last":["3"],"slide_template":["default","default"],"_wpml_media_duplicate":["1","1"],"_wpml_media_featured":["1","1"],"aal_manualgenerated":["a:3:{i:0;O:8:\"stdClass\":2:{s:7:\"keyword\";s:17:\"MyFormatConverter\";s:3:\"url\";s:30:\"https:\/\/myformatconverter.com\/\";}i:1;O:8:\"stdClass\":2:{s:7:\"keyword\";s:10:\"Photomizer\";s:3:\"url\";s:22:\"https:\/\/photomizer.com\";}i:2;O:8:\"stdClass\":2:{s:7:\"keyword\";s:6:\"CDRWIN\";s:3:\"url\";s:26:\"http:\/\/free.engelmann.com\/\";}}","a:3:{i:0;O:8:\"stdClass\":2:{s:7:\"keyword\";s:17:\"MyFormatConverter\";s:3:\"url\";s:30:\"https:\/\/myformatconverter.com\/\";}i:1;O:8:\"stdClass\":2:{s:7:\"keyword\";s:10:\"Photomizer\";s:3:\"url\";s:22:\"https:\/\/photomizer.com\";}i:2;O:8:\"stdClass\":2:{s:7:\"keyword\";s:6:\"CDRWIN\";s:3:\"url\";s:26:\"http:\/\/free.engelmann.com\/\";}}"],"wpmdr_menu":["1","1"],"cleverpush_send_notification":[""],"_schema_article":["a:12:{s:6:\"active\";N;s:8:\"headline\";N;s:16:\"mainEntityOfPage\";N;s:6:\"author\";N;s:5:\"image\";N;s:13:\"datePublished\";N;s:12:\"dateModified\";N;s:9:\"publisher\";N;s:14:\"publisherImage\";N;s:11:\"description\";N;s:11:\"articleBody\";N;s:19:\"alternativeHeadline\";N;}"],"_schema_blog_posting":["a:11:{s:6:\"active\";N;s:8:\"headline\";N;s:16:\"mainEntityOfPage\";N;s:6:\"author\";N;s:5:\"image\";N;s:13:\"datePublished\";N;s:12:\"dateModified\";N;s:9:\"publisher\";N;s:14:\"publisherImage\";N;s:11:\"description\";N;s:11:\"articleBody\";N;}"],"_schema_news_article":["a:11:{s:6:\"active\";N;s:8:\"headline\";N;s:16:\"mainEntityOfPage\";N;s:6:\"author\";N;s:5:\"image\";N;s:13:\"datePublished\";N;s:12:\"dateModified\";N;s:9:\"publisher\";N;s:14:\"publisherImage\";N;s:11:\"description\";N;s:11:\"articleBody\";N;}"],"_schema_event":["a:14:{s:6:\"active\";N;s:4:\"name\";N;s:12:\"locationName\";N;s:15:\"locationAddress\";N;s:9:\"startDate\";N;s:7:\"endDate\";N;s:11:\"description\";N;s:13:\"performerName\";N;s:5:\"image\";N;s:5:\"price\";N;s:13:\"priceCurrency\";N;s:12:\"availability\";N;s:9:\"validFrom\";N;s:3:\"url\";N;}"],"_schema_product":["a:20:{s:6:\"active\";N;s:4:\"name\";N;s:5:\"image\";N;s:11:\"description\";N;s:3:\"sku\";N;s:5:\"brand\";N;s:15:\"identifier_type\";s:3:\"mpn\";s:10:\"identifier\";N;s:17:\"reviewRatingValue\";N;s:16:\"reviewBestRating\";N;s:17:\"reviewWorstRating\";N;s:12:\"reviewAuthor\";N;s:11:\"ratingValue\";N;s:11:\"reviewCount\";N;s:5:\"price\";N;s:15:\"priceValidUntil\";N;s:13:\"priceCurrency\";N;s:12:\"availability\";N;s:13:\"itemCondition\";N;s:3:\"url\";N;}"],"_schema_video":["a:10:{s:6:\"active\";N;s:4:\"name\";N;s:11:\"description\";N;s:12:\"thumbnailUrl\";N;s:10:\"uploadDate\";N;s:8:\"duration\";N;s:10:\"contentUrl\";N;s:8:\"embedUrl\";N;s:16:\"interactionCount\";N;s:7:\"expires\";N;}"],"_schema_service":["a:13:{s:6:\"active\";N;s:4:\"name\";N;s:11:\"serviceType\";N;s:14:\"additionalType\";N;s:5:\"award\";N;s:8:\"category\";N;s:16:\"providerMobility\";N;s:11:\"description\";N;s:5:\"image\";N;s:16:\"mainEntityOfPage\";N;s:6:\"sameAs\";N;s:3:\"url\";N;s:13:\"alternateName\";N;}"],"_schema_review":["a:10:{s:6:\"active\";N;s:8:\"itemName\";N;s:10:\"reviewBody\";N;s:4:\"name\";N;s:6:\"author\";N;s:13:\"datePublished\";N;s:11:\"ratingValue\";N;s:10:\"bestRating\";N;s:11:\"worstRating\";N;s:9:\"publisher\";N;}"],"_schema_aggregate_rating":["a:13:{s:6:\"active\";N;s:11:\"schema_type\";N;s:4:\"name\";N;s:5:\"image\";N;s:10:\"priceRange\";N;s:9:\"telephone\";N;s:7:\"address\";N;s:11:\"description\";N;s:11:\"ratingCount\";N;s:11:\"reviewCount\";N;s:11:\"ratingValue\";N;s:10:\"bestRating\";N;s:11:\"worstRating\";N;}"],"_schema_restaurant":["a:10:{s:6:\"active\";N;s:4:\"name\";N;s:11:\"description\";N;s:12:\"openingHours\";N;s:9:\"telephone\";N;s:4:\"menu\";N;s:5:\"image\";N;s:7:\"address\";N;s:10:\"priceRange\";N;s:13:\"servesCuisine\";N;}"],"_schema_localBusiness":["a:10:{s:6:\"active\";N;s:4:\"name\";N;s:11:\"description\";N;s:5:\"image\";N;s:10:\"priceRange\";N;s:15:\"addressLocality\";N;s:13:\"addressRegion\";N;s:10:\"postalCode\";N;s:13:\"streetAddress\";N;s:9:\"telephone\";N;}"],"_schema_book":["a:0:{}"],"_schema_course":["a:0:{}"],"_schema_JobPosting":["a:0:{}"],"_schema_movie":["a:0:{}"],"_schema_music":["a:0:{}"],"_schema_recipe":["a:0:{}"],"_schema_TVEpisode":["a:0:{}"],"_schema_question":["a:0:{}"],"_schema_itemList":["a:0:{}"],"_kcseo_ative_tab":[""],"_yoast_wpseo_title":["CD-Kompendium: Kopierschutzmethoden | Engelmann Software"],"_yoast_wpseo_metadesc":["lll\u27a4 Hier finden Sie umfassende Informationen zum Thema Kopierschutzmethoden bei CDs in unserem CD Kompendium! Letzte Aktualisierung: %%currentmonth%% %%currentyear%% \u2705"],"_yoast_wpseo_content_score":["30"],"_yoast_wpseo_focuskeywords":["[]"],"_yoast_wpseo_keywordsynonyms":["[\"\"]"],"_uag_migration_processed":["1"],"_wpml_word_count":["2061"],"_uag_page_assets":["a:9:{s:3:\"css\";s:0:\"\";s:2:\"js\";s:0:\"\";s:18:\"current_block_list\";a:5:{i:0;s:10:\"core\/image\";i:1;s:14:\"core\/paragraph\";i:2;s:12:\"core\/heading\";i:3;s:9:\"core\/list\";i:4;s:14:\"core\/separator\";}s:8:\"uag_flag\";b:0;s:11:\"uag_version\";s:10:\"1776854783\";s:6:\"gfonts\";a:0:{}s:10:\"gfonts_url\";s:0:\"\";s:12:\"gfonts_files\";a:0:{}s:14:\"uag_faq_layout\";b:0;}"]},"uagb_featured_image_src":{"full":false,"thumbnail":false,"medium":false,"medium_large":false,"large":false,"1536x1536":false,"2048x2048":false},"uagb_author_info":{"display_name":"Ulrich Engelmann","author_link":"https:\/\/engelmann.com\/de\/author\/uengelmann\/"},"uagb_comment_info":0,"uagb_excerpt":"Kopierschutzmethoden auf CD\/DVDs werden heutzutage kaum noch eingesetzt, da heutzutage fast alle Spiele eine Online-Verbindung aufbauen und die Lizenz \u00fcberpr\u00fcfen. Historischer \u00dcberblick \u00fcber Kopierschutzmethoden Mit ... Details \u279c","_links":{"self":[{"href":"https:\/\/engelmann.com\/de\/wp-json\/wp\/v2\/pages\/57922","targetHints":{"allow":["GET"]}}],"collection":[{"href":"https:\/\/engelmann.com\/de\/wp-json\/wp\/v2\/pages"}],"about":[{"href":"https:\/\/engelmann.com\/de\/wp-json\/wp\/v2\/types\/page"}],"author":[{"embeddable":true,"href":"https:\/\/engelmann.com\/de\/wp-json\/wp\/v2\/users\/3"}],"replies":[{"embeddable":true,"href":"https:\/\/engelmann.com\/de\/wp-json\/wp\/v2\/comments?post=57922"}],"version-history":[{"count":2,"href":"https:\/\/engelmann.com\/de\/wp-json\/wp\/v2\/pages\/57922\/revisions"}],"predecessor-version":[{"id":58855,"href":"https:\/\/engelmann.com\/de\/wp-json\/wp\/v2\/pages\/57922\/revisions\/58855"}],"wp:attachment":[{"href":"https:\/\/engelmann.com\/de\/wp-json\/wp\/v2\/media?parent=57922"}],"curies":[{"name":"wp","href":"https:\/\/api.w.org\/{rel}","templated":true}]}}