{"id":57926,"date":"2019-06-16T09:00:00","date_gmt":"2019-06-16T09:00:00","guid":{"rendered":"https:\/\/engelmann.com\/?page_id=57926"},"modified":"2019-08-18T15:54:49","modified_gmt":"2019-08-18T14:54:49","slug":"cd-kompendium-pq-editing","status":"publish","type":"page","link":"https:\/\/engelmann.com\/de\/cd-kompendium-pq-editing\/","title":{"rendered":"CD Kompendium \u2013 PQ-Editing"},"content":{"rendered":"\n<div class=\"wp-block-image\"><figure class=\"alignright\"><img decoding=\"async\" src=\"https:\/\/engelmann.com\/wp-content\/uploads\/2017\/08\/edit-1.png\" alt=\"PQ Editing\" class=\"wp-image-51862\"\/><\/figure><\/div>\n\n\n\n<p>PQ-Editing ist der Eingriff in die Tiefen der&nbsp;CD-Struktur (aber keine Bange, das h\u00f6rt sich schlimmer an, als es ist).&nbsp;Zu den M\u00f6glichkeiten, die sich Ihnen beim PQ-Editing&nbsp;bieten, geh\u00f6ren das Modifizieren von:<\/p>\n\n\n\n<ul class=\"wp-block-list\"><li>Pausen, also der L\u00e4nge der Stille zwischen zwei Tracks<\/li><li>Indizes, also Sprungmarken innerhalb eines Tracks<\/li><li>ISRC-Codes, also Informationen \u00fcber den Eigent\u00fcmer\/Copyright-Inhaber der&nbsp;CD<\/li><li>Preemphasismarker, also der H\u00f6henanhebung<\/li><li>4CH, also Vierkanalton<\/li><li>und Kopierschutz-Flags<\/li><\/ul>\n\n\n\n<p><strong>Pausen<\/strong><br>Normalerweise werden zwischen jedem Track automatisch zwei&nbsp;oder drei Sekunden Pause eingef\u00fcgt \u2013 was bei Live-Aufnahmen ein \u00e4u\u00dferst zweifelhaftes&nbsp;Vergn\u00fcgen sein kann. Das Setzen der Pausenl\u00e4nge, die durchaus auch Null betragen&nbsp;kann, geschieht \u00fcber das Setzen von Pregaps im P-Subkanal. Ausgenommen davon&nbsp;ist die Pause vor dem ersten Track, die standardm\u00e4\u00dfig 2 oder 3 Sekunden betragen muss.<\/p>\n\n\n\n<p><strong>Indizes<\/strong><br>Mit Indexmarkierungen kann man die Geographie einer Disc&nbsp;ebenfalls selbst gestalten, indem man wahlfrei Punkte innerhalb eines Tracks&nbsp;setzt, die von (daf\u00fcr ausgelegten) CD-Playern gezielt angesprungen werden&nbsp;k\u00f6nnen \u2013 hervorragend, wenn man \u00fcber einen Track verf\u00fcgt, der \u00fcber die gesamte&nbsp;L\u00e4nge der CD geht und den man nicht mit Hilfe eines Editors in einzelne Tracks&nbsp;zerschneiden m\u00f6chte. Die Informationen f\u00fcr Indize liegen im Q-Subkanal.<\/p>\n\n\n\n<p><strong>ISRC<\/strong><br>Der ISRC-Code beinhaltet interne Informationen \u00fcber den Eigent\u00fcmer&nbsp;und hat im Grunde nur im professionellen Bereich Bedeutung. Im einzelnen besteht&nbsp;der ISRC-Code aus dem L\u00e4ndercode mit zwei Buchstaben, dem Eigent\u00fcmercode mit&nbsp;drei, dem Herstellungsjahr mit zwei und der Seriennummer der CD mit f\u00fcnf Ziffern.<\/p>\n\n\n\n<p><strong>Preemphasis<\/strong><br>Mit dem Preemphasismarker bewirkt man eine allgemeine H\u00f6henanhebung&nbsp;der abgespeicherten Musiktitel. Dieser Flag macht allerdings nur Sinn, wenn&nbsp;Titel mit deutlich dumpfem Klang vorliegen.<\/p>\n\n\n\n<p><strong>4CH<\/strong><br>Mit dem Setzen von 4CH erkl\u00e4rt man seine Begeisterung f\u00fcr&nbsp;den Vierkanalton. Legt man keinen Wert darauf, schadet es zumindest nicht.<\/p>\n\n\n\n<p><strong>Kopierschutz<\/strong><br>Die Kopierschutzflags sind zwar vorhanden, aber wirklich&nbsp;ernstgenommen werden sie nicht. Selbst wenn sie gesetzt sind, hindert dass&nbsp;nur HiFi-CD-, MiniDisc- und DAT-Recorder an der Aufnahme von einer Kopie der&nbsp;ersten Generation. Einen CD-Recorder f\u00fcr den Computer st\u00f6rt ein gesetztes&nbsp;Kopierschutzflag herzlich wenig.<\/p>\n\n\n\n<p>Voraussetzungen, um PQ-Editing betreiben zu k\u00f6nnen, sind&nbsp;eine Software und ein Recorder, die beide DAO beherrschen. Dar\u00fcber hinaus&nbsp;muss die Anwendung nat\u00fcrlich Funktionen bieten, \u00fcberhaupt auf die Subkan\u00e4le&nbsp;zugreifen zu k\u00f6nnen. Dies geschieht entweder \u00fcber ein eigens zu erstellendes&nbsp;<a href=\"https:\/\/engelmann.com\/de\/cd-kompendium-cuesheet\/\">Cuesheet<\/a>&nbsp;oder ist quer \u00fcber die Men\u00fcs des Programmes verteilt.<\/p>\n\n\n\n<p>Ein Cuesheet&nbsp;ist zwar etwas komplizierter zu handhaben als die weniger transparenten \u2013&nbsp;daf\u00fcr aber bequemeren \u2013 Optionen in den Men\u00fcs, daf\u00fcr besitzt man aber einen&nbsp;direkteren und \u00fcbersichtlicheren Einfluss auf die Disc-Geographie.<\/p>\n\n\n\n<p>&lt;-&nbsp;<a href=\"https:\/\/engelmann.com\/de\/cd-kompendium\/\">Zur\u00fcck zum Inhaltsverzeichnis<\/a><\/p>\n\n\n\n<hr class=\"wp-block-separator\"\/>\n\n\n\n<p><strong>Bitte beachten Sie:<\/strong>\u00a0Wir empfehlen Ihnen zum Brennen von CDs und DVDs unsere Software\u00a0CDRWIN. Diese k\u00f6nnen Sie in der aktuellen Version 10\u00a0derzeit kostenlos bei uns\u00a0erhalten!\u00a0Wenn Sie vorher noch Filme umwandeln wollen, empfehlen wir Ihnen unsere Software\u00a0MyFormatConverter. Diese gibt es ebenfalls in einer kostenlosen Version.\u00a0Auch zur Bildbearbeitung Ihrer Fotos haben wir \u00fcbrigens mit\u00a0Photomizer\u00a0eine Software im Angebot!<\/p>\n","protected":false},"excerpt":{"rendered":"<p>PQ-Editing ist der Eingriff in die Tiefen der&nbsp;CD-Struktur (aber keine Bange, das h\u00f6rt sich schlimmer an, als es ist).&nbsp;Zu den M\u00f6glichkeiten, die sich Ihnen beim &#8230; <a title=\"CD Kompendium \u2013 PQ-Editing\" class=\"read-more\" href=\"https:\/\/engelmann.com\/de\/cd-kompendium-pq-editing\/\" aria-label=\"Mehr Informationen \u00fcber CD Kompendium \u2013 PQ-Editing\">Details \u279c<\/a><\/p>\n","protected":false},"author":3,"featured_media":0,"parent":0,"menu_order":0,"comment_status":"closed","ping_status":"closed","template":"","meta":{"om_disable_all_campaigns":false,"_uag_custom_page_level_css":"","_monsterinsights_skip_tracking":false,"_monsterinsights_sitenote_active":false,"_monsterinsights_sitenote_note":"","_monsterinsights_sitenote_category":0,"footnotes":""},"class_list":{"0":"post-57926","1":"page","2":"type-page","3":"status-publish","5":"infinite-scroll-item","6":"no-featured-image-padding"},"aioseo_notices":[],"spectra_custom_meta":{"_edit_lock":["1566140090:3"],"_edit_last":["3"],"slide_template":["default","default"],"_wpml_media_duplicate":["1","1"],"_wpml_media_featured":["1","1"],"aal_manualgenerated":["a:3:{i:0;O:8:\"stdClass\":2:{s:7:\"keyword\";s:17:\"MyFormatConverter\";s:3:\"url\";s:30:\"https:\/\/myformatconverter.com\/\";}i:1;O:8:\"stdClass\":2:{s:7:\"keyword\";s:10:\"Photomizer\";s:3:\"url\";s:22:\"https:\/\/photomizer.com\";}i:2;O:8:\"stdClass\":2:{s:7:\"keyword\";s:6:\"CDRWIN\";s:3:\"url\";s:26:\"http:\/\/free.engelmann.com\/\";}}","a:3:{i:0;O:8:\"stdClass\":2:{s:7:\"keyword\";s:17:\"MyFormatConverter\";s:3:\"url\";s:30:\"https:\/\/myformatconverter.com\/\";}i:1;O:8:\"stdClass\":2:{s:7:\"keyword\";s:10:\"Photomizer\";s:3:\"url\";s:22:\"https:\/\/photomizer.com\";}i:2;O:8:\"stdClass\":2:{s:7:\"keyword\";s:6:\"CDRWIN\";s:3:\"url\";s:26:\"http:\/\/free.engelmann.com\/\";}}"],"wpmdr_menu":["1","1"],"cleverpush_send_notification":[""],"_schema_article":["a:12:{s:6:\"active\";N;s:8:\"headline\";N;s:16:\"mainEntityOfPage\";N;s:6:\"author\";N;s:5:\"image\";N;s:13:\"datePublished\";N;s:12:\"dateModified\";N;s:9:\"publisher\";N;s:14:\"publisherImage\";N;s:11:\"description\";N;s:11:\"articleBody\";N;s:19:\"alternativeHeadline\";N;}"],"_schema_blog_posting":["a:11:{s:6:\"active\";N;s:8:\"headline\";N;s:16:\"mainEntityOfPage\";N;s:6:\"author\";N;s:5:\"image\";N;s:13:\"datePublished\";N;s:12:\"dateModified\";N;s:9:\"publisher\";N;s:14:\"publisherImage\";N;s:11:\"description\";N;s:11:\"articleBody\";N;}"],"_schema_news_article":["a:11:{s:6:\"active\";N;s:8:\"headline\";N;s:16:\"mainEntityOfPage\";N;s:6:\"author\";N;s:5:\"image\";N;s:13:\"datePublished\";N;s:12:\"dateModified\";N;s:9:\"publisher\";N;s:14:\"publisherImage\";N;s:11:\"description\";N;s:11:\"articleBody\";N;}"],"_schema_event":["a:14:{s:6:\"active\";N;s:4:\"name\";N;s:12:\"locationName\";N;s:15:\"locationAddress\";N;s:9:\"startDate\";N;s:7:\"endDate\";N;s:11:\"description\";N;s:13:\"performerName\";N;s:5:\"image\";N;s:5:\"price\";N;s:13:\"priceCurrency\";N;s:12:\"availability\";N;s:9:\"validFrom\";N;s:3:\"url\";N;}"],"_schema_product":["a:20:{s:6:\"active\";N;s:4:\"name\";N;s:5:\"image\";N;s:11:\"description\";N;s:3:\"sku\";N;s:5:\"brand\";N;s:15:\"identifier_type\";s:3:\"mpn\";s:10:\"identifier\";N;s:17:\"reviewRatingValue\";N;s:16:\"reviewBestRating\";N;s:17:\"reviewWorstRating\";N;s:12:\"reviewAuthor\";N;s:11:\"ratingValue\";N;s:11:\"reviewCount\";N;s:5:\"price\";N;s:15:\"priceValidUntil\";N;s:13:\"priceCurrency\";N;s:12:\"availability\";N;s:13:\"itemCondition\";N;s:3:\"url\";N;}"],"_schema_video":["a:10:{s:6:\"active\";N;s:4:\"name\";N;s:11:\"description\";N;s:12:\"thumbnailUrl\";N;s:10:\"uploadDate\";N;s:8:\"duration\";N;s:10:\"contentUrl\";N;s:8:\"embedUrl\";N;s:16:\"interactionCount\";N;s:7:\"expires\";N;}"],"_schema_service":["a:13:{s:6:\"active\";N;s:4:\"name\";N;s:11:\"serviceType\";N;s:14:\"additionalType\";N;s:5:\"award\";N;s:8:\"category\";N;s:16:\"providerMobility\";N;s:11:\"description\";N;s:5:\"image\";N;s:16:\"mainEntityOfPage\";N;s:6:\"sameAs\";N;s:3:\"url\";N;s:13:\"alternateName\";N;}"],"_schema_review":["a:10:{s:6:\"active\";N;s:8:\"itemName\";N;s:10:\"reviewBody\";N;s:4:\"name\";N;s:6:\"author\";N;s:13:\"datePublished\";N;s:11:\"ratingValue\";N;s:10:\"bestRating\";N;s:11:\"worstRating\";N;s:9:\"publisher\";N;}"],"_schema_aggregate_rating":["a:13:{s:6:\"active\";N;s:11:\"schema_type\";N;s:4:\"name\";N;s:5:\"image\";N;s:10:\"priceRange\";N;s:9:\"telephone\";N;s:7:\"address\";N;s:11:\"description\";N;s:11:\"ratingCount\";N;s:11:\"reviewCount\";N;s:11:\"ratingValue\";N;s:10:\"bestRating\";N;s:11:\"worstRating\";N;}"],"_schema_restaurant":["a:10:{s:6:\"active\";N;s:4:\"name\";N;s:11:\"description\";N;s:12:\"openingHours\";N;s:9:\"telephone\";N;s:4:\"menu\";N;s:5:\"image\";N;s:7:\"address\";N;s:10:\"priceRange\";N;s:13:\"servesCuisine\";N;}"],"_schema_localBusiness":["a:10:{s:6:\"active\";N;s:4:\"name\";N;s:11:\"description\";N;s:5:\"image\";N;s:10:\"priceRange\";N;s:15:\"addressLocality\";N;s:13:\"addressRegion\";N;s:10:\"postalCode\";N;s:13:\"streetAddress\";N;s:9:\"telephone\";N;}"],"_schema_book":["a:0:{}"],"_schema_course":["a:0:{}"],"_schema_JobPosting":["a:0:{}"],"_schema_movie":["a:0:{}"],"_schema_music":["a:0:{}"],"_schema_recipe":["a:0:{}"],"_schema_TVEpisode":["a:0:{}"],"_schema_question":["a:0:{}"],"_schema_itemList":["a:0:{}"],"_kcseo_ative_tab":[""],"_yoast_wpseo_focuskw":["PQ-Editing"],"_yoast_wpseo_title":["CD-Kompendium: PQ-Editing von CDs | Engelmann Software"],"_yoast_wpseo_metadesc":["lll\u27a4 Hier finden Sie umfassende Informationen zum Thema PQ-Editing von CDs in unserem CD Kompendium! Letzte Aktualisierung: %%currentmonth%% %%currentyear%% \u2705"],"_yoast_wpseo_linkdex":["67"],"_yoast_wpseo_content_score":["60"],"_yoast_wpseo_focuskeywords":["[]"],"_yoast_wpseo_keywordsynonyms":["[\"\"]"],"_uag_migration_processed":["1"],"_wpml_word_count":["546"],"_uag_page_assets":["a:9:{s:3:\"css\";s:0:\"\";s:2:\"js\";s:0:\"\";s:18:\"current_block_list\";a:4:{i:0;s:10:\"core\/image\";i:1;s:14:\"core\/paragraph\";i:2;s:9:\"core\/list\";i:3;s:14:\"core\/separator\";}s:8:\"uag_flag\";b:0;s:11:\"uag_version\";s:10:\"1776353507\";s:6:\"gfonts\";a:0:{}s:10:\"gfonts_url\";s:0:\"\";s:12:\"gfonts_files\";a:0:{}s:14:\"uag_faq_layout\";b:0;}"]},"uagb_featured_image_src":{"full":false,"thumbnail":false,"medium":false,"medium_large":false,"large":false,"1536x1536":false,"2048x2048":false},"uagb_author_info":{"display_name":"Ulrich Engelmann","author_link":"https:\/\/engelmann.com\/de\/author\/uengelmann\/"},"uagb_comment_info":0,"uagb_excerpt":"PQ-Editing ist der Eingriff in die Tiefen der&nbsp;CD-Struktur (aber keine Bange, das h\u00f6rt sich schlimmer an, als es ist).&nbsp;Zu den M\u00f6glichkeiten, die sich Ihnen beim ... Details \u279c","_links":{"self":[{"href":"https:\/\/engelmann.com\/de\/wp-json\/wp\/v2\/pages\/57926","targetHints":{"allow":["GET"]}}],"collection":[{"href":"https:\/\/engelmann.com\/de\/wp-json\/wp\/v2\/pages"}],"about":[{"href":"https:\/\/engelmann.com\/de\/wp-json\/wp\/v2\/types\/page"}],"author":[{"embeddable":true,"href":"https:\/\/engelmann.com\/de\/wp-json\/wp\/v2\/users\/3"}],"replies":[{"embeddable":true,"href":"https:\/\/engelmann.com\/de\/wp-json\/wp\/v2\/comments?post=57926"}],"version-history":[{"count":2,"href":"https:\/\/engelmann.com\/de\/wp-json\/wp\/v2\/pages\/57926\/revisions"}],"predecessor-version":[{"id":58859,"href":"https:\/\/engelmann.com\/de\/wp-json\/wp\/v2\/pages\/57926\/revisions\/58859"}],"wp:attachment":[{"href":"https:\/\/engelmann.com\/de\/wp-json\/wp\/v2\/media?parent=57926"}],"curies":[{"name":"wp","href":"https:\/\/api.w.org\/{rel}","templated":true}]}}