{"id":57928,"date":"2019-06-16T09:00:00","date_gmt":"2019-06-16T09:00:00","guid":{"rendered":"https:\/\/engelmann.com\/?page_id=57928"},"modified":"2019-08-18T15:58:14","modified_gmt":"2019-08-18T14:58:14","slug":"cd-kompendium-rawcopy-cds-kopieren","status":"publish","type":"page","link":"https:\/\/engelmann.com\/de\/cd-kompendium-rawcopy-cds-kopieren\/","title":{"rendered":"CD Kompendium \u2013 RawCopy \u2013 Der effektive Kopiermodus"},"content":{"rendered":"\n<div class=\"wp-block-image\"><figure class=\"alignright\"><img decoding=\"async\" src=\"https:\/\/engelmann.com\/wp-content\/uploads\/2017\/08\/rawcopy.gif\" alt=\"RawCopy Logo\" class=\"wp-image-51844\"\/><\/figure><\/div>\n\n\n\n<p>Der <strong>RAW Copy Mode<\/strong> bezeichnet eine Schreib- beziehungsweise Lesemethode, die genutzt wird, um kopiergesch\u00fctzte CDs zu duplizieren.<\/p>\n\n\n\n<p>Beide Bestandteile des Wortpaares kommen aus dem Englischen, wobei \u201aRAW\u2018&nbsp;&nbsp;so viel wie \u201aroh\u2018, \u201aim Rohzustand\u2018 bedeutet und \u201aCopy\u2018 \u2013 einfach genug \u2013 bekannterma\u00dfen die englische Bezeichnung f\u00fcr \u201aKopie\u2018 ist. Die \u00fcbertragene Bedeutung liegt darin, dass die vorgefundenen Quellsektoren einer Original-CD m\u00f6glichst 1:1 aufgenommen (raw gelesen) und auf einen CD-Rohling \u00fcbertragen (raw geschrieben) werden.<\/p>\n\n\n\n<p>So weit, so gut. Das Dumme an der Angelegenheit mit der exakten \u00dcbernahme von Quell-Sektoren auf Raw-Basis ist aber, dass nicht jeder CD\/DVD-ROM-Player in der Lage ist, die Sektoren einer Quell-CD&nbsp;raw auszulesen. Nicht jeder CD\/DVD-Schreiber es vermag, raw ausgelesene Sektoren identisch auf ein beschreibbares Medium zu \u00fcbertragen, also raw zu schreiben. Und es&nbsp;verschiedene Raw-Copy-Modi gibt, die sich in ihrer Effizienz unterscheiden. Au\u00dferdem bietet&nbsp;nicht jede Brennsoftware wenigstens einen dieser Modi an.<\/p>\n\n\n\n<p>Wollen Sie eine kopiergesch\u00fctzte CD vervielf\u00e4ltigen (um zum Beispiel die Sicherheitskopie eines teuren Spiels oder einer teuren Anwendersoftware anzufertigen), ben\u00f6tigen Sie folglich eine dem Einsatzzweck\u00a0entsprechende Kombination aus Soft- und Hardware, das hei\u00dft: auf jeden Fall ein Lese-Laufwerk, welches Sektoren in ihrem Originalzustand auslesen kann, einen entsprechenden CD-Recorder, der die raw ausgelesenen Sektoren in genau diesem Zustand auf CD brennen kann und eine Brennsoftware, die die vorhandene Hardware m\u00f6glichst effizient ausreizt \u2013 wie beispielsweise\u00a0CDRWIN.<\/p>\n\n\n\n<p>Achtung: Viele CD\/DVD-Recorder k\u00f6nnen zwar raw schreiben \u2013 aber leider nicht lesen! Das klingt wenig sinnvoll, ist aber eine Tatsache. Besitzen Sie ein solches Ger\u00e4t, nutzt Ihnen die vorhandene Schreibf\u00e4higkeit&nbsp;recht wenig, da Sie ja erst einmal an das Raw-Material herankommen m\u00fcssen. Vermutlich bleibt einem dann nur, sich trotz des Brenners ein neues CD\/DVD-ROM-Laufwerk anzuschaffen.<\/p>\n\n\n\n<p>Hier nun eine historische Auflistung der verschiedenen Raw-Copy-Modi, welche genutzt wurden, um u.a. kopiergesch\u00fctzte Spiele-CDs schreiben und lesen zu k\u00f6nnen:<\/p>\n\n\n\n<p><strong>RAW (2352 Bytes)<\/strong>: Dies ist die \u201eMutter aller Verfahren\u201c, kopiergesch\u00fctzte CDs zu duplizieren. Hierbei werden die reinen Nutzdaten (2048 Bytes) eines Sektors plus die sogenannte Fehlerkorrektur eines einzelnen\u00a0CD-Sektors ausgelesen und geschrieben.\u00a0CDRWIN\u00a0war vermutlich das erste Programm \u00fcberhaupt, welches dieses Verfahren nutzte und dem Verbraucher somit eine M\u00f6glichkeit an die Hand gab, teure Investitionen durch CD-Kopien abzusichern.<\/p>\n\n\n\n<p><strong>RAW DAO (+16 Bytes Subchannel)<\/strong>: So gut wie alle Kopierschutzverfahren&nbsp;beruhen auf zwei wesentliche Ma\u00dfnahmen: Erstens dem absichtlichen&nbsp;Anbringen von defekten Sektoren und zweitens dem Einf\u00fcgen einer sogenannten&nbsp;digitalen Signatur. Beim RAW DAO werden zus\u00e4tzlich zur eben vorgestellten, \u00e4lteren RAW-Copy-Technik 16 Subchannel-Bytes gelesen und geschrieben.&nbsp;Diese Ma\u00dfnahme reicht im Allgemeinen, um CDs zu kopieren, welche mit&nbsp;defekten Sektoren gesch\u00fctzt sind.<\/p>\n\n\n\n<p><strong>RAW DAO (+96 Bytes Subchannel)<\/strong>: Die K\u00fcr beim Raw-Copy ist&nbsp;sozusagen das Kopieren aller 96 Bytes der verschiedenen Subkan\u00e4le \u2013&nbsp;eine Technik, welche Sie in die Lage versetzt, nahezu jeden Kopierschutz&nbsp;im Griff zu bekommen. Ein positiver Nebeneffekt dieser Kopiertechnik ist,&nbsp;dass sie Ihren Recorder sogar zu F\u00e4higkeiten verhilft, die dieser eigentlich&nbsp;nicht besitzt. So k\u00f6nnen Sie auch CDs mit CD-Text- und Karaoke-Tracks&nbsp;(CD+G) duplizieren, selbst wenn Ihr Recorder dieses Format im Grunde nicht&nbsp;unterst\u00fctzt.<br>Bitte beachten Sie, dass es CD\/DVD-Laufwerke gibt, welche zwar die Subchannels&nbsp;von Datentracks lesen k\u00f6nnen (die in der Regel nur bei kopiergesch\u00fctzten&nbsp;CDs genutzt werden), aber nicht jene von Audiotracks (wie sie bei CD-TEXT-&nbsp;und CD+G-Scheiben genutzt werden).<\/p>\n\n\n\n<p><strong>SAO-RAW (2352 Bytes RAW)<\/strong>: CD\/DVD-Recorder, welche von Haus aus&nbsp;kein RAW (2352 Bytes) schreiben, k\u00f6nnen mittels der Schreibmothode&nbsp;\u201eSession-At-Once\u201c quasi gezwungen werden,&nbsp;dennoch im RAW-Modus zu brennen.<\/p>\n\n\n\n<p><strong>SAO-RAW (+96 Bytes Subchannel)<\/strong>: Im Gegensatz zum normalen SAO-RAW&nbsp;werden bei diesem Verfahren auch alle 96 Bytes der Subchannels geschrieben.&nbsp;Dieses Verfahren ist in jeder Hinsicht vergleichbar mit RAW DAO (+ 96 Bytes&nbsp;Subchannel), auch was die F\u00e4higkeit betrifft, CD-Text und CD+G zu schreiben.&nbsp;Bitte beachten Sie hier ebenfalls, dass Laufwerke existieren, welche die&nbsp;Subchannels von Daten-Tracks lesen k\u00f6nnen, nicht aber jene von Audio-Tracks.<\/p>\n\n\n\n<p><strong>EFM-Encoding<\/strong>: Einige Kopierschutzverfahren bestehen aus absichtlich&nbsp;angebrachten gleichm\u00e4\u00dfigen Bitmustern auf der untersten physikalischen&nbsp;Ebene der Datenspeicherung auf CD, dort, wo ein Original-Bit seine Repr\u00e4sentation&nbsp;auf der Oberfl\u00e4che des Mediums erf\u00e4hrt. Zwar ist auch dies \u2019nur\u2018&nbsp;eine neue Variante der Subchannel-Modifikation, das Problem dabei ist aber,&nbsp;dass es kaum Laufwerke gibt, welche diese Bitmuster exakt reproduzieren&nbsp;k\u00f6nnen. Abhilfe schaffen hier Programme, welche auf Wunsch eine EFM-Optimierung&nbsp;anbieten. Z.B. GameJack&nbsp;beherrschte dieses Verfahren\u2026<\/p>\n\n\n\n<p>Was genau ist&nbsp;<strong>EFM<\/strong>? Einmal angeworfen,&nbsp;produziert der Laser durch Einschmelzen bestimmter Bereiche der Schreibschicht&nbsp;innerhalb des Pregrooves ein Muster aus Pits und Lands, welches fortan die&nbsp; gew\u00fcnschten Daten auf der CD digital codiert repr\u00e4sentiert. Dabei werden&nbsp;aus allen 8 Bit eines zu speichernden Nutzdatenbytes insgesamt 17 Bit auf&nbsp;der Schreiboberfl\u00e4che (14 Channel- plus 3 Verkn\u00fcpfungs-Bits). Diese 8 zu&nbsp;14-Konvertierung wird Eight to Fourteen Modulation (EFM) genannt und geschieht&nbsp;\u00fcber eine im Laufwerk fest implementierte Umsetzungstabelle. Kurioserweise&nbsp;existieren Brenner, die eigentlich nicht in der Lage sind, diese Bitmuster&nbsp;des EFM-Encoding-Kopierschutzes zu reproduzieren, bei denen man eine Kopie&nbsp;aber trotzdem zum Laufen bekommt. Einzige Voraussetzung ist, dass man die&nbsp;Kopie zum Lesen in eben jenen Brenner einlegt, der sie geschrieben hat.&nbsp;Werden dieselben Scheiben von anderen Laufwerken aus gelesen, klappt es&nbsp;nicht.<\/p>\n\n\n\n<div class=\"wp-block-image\"><figure class=\"alignright\"><img decoding=\"async\" src=\"https:\/\/engelmann.com\/wp-content\/uploads\/2017\/08\/gamejack.gif\" alt=\"GameJack\" class=\"wp-image-51843\"\/><\/figure><\/div>\n\n\n\n<p><strong>DPM (Data Position Measurement) Modus<\/strong>: Neuere Kopierschutzverfahren\u00a0\u00fcberpr\u00fcfen die genaue lokal errechenbare Position der Daten auf einer CD.\u00a0Gepresste CDs sind in dieser Beziehung nahezu perfekte Klone und stimmen\u00a0physikalisch eigentlich immer \u00fcberein \u2013 ganz im Gegensatz zu CD-Rohlingen,\u00a0die sich allesamt ein wenig voneinander unterscheiden und etwas anders beschaffen\u00a0sind. Kopierschutzverfahren, die diesen Unterschied erkennen, verhindern\u00a0die Duplizierung des hiermit gesch\u00fctzten Original \u00e4u\u00dferst wirkungsvoll.\u00a0Abhilfe schaffen dann nur noch Kombinationen aus CD-Images und virtuellen\u00a0Laufwerken wie sie zum Beispiel von den \u2013 nicht mehr erh\u00e4ltlichen \u2013 Produkten SimDisc oder GameJack\u00a0angeboten wurden. Hierbei werden im so genannten DPM Modus zus\u00e4tzlich zum\u00a0Medieninhalt die genauen lokalen Orte der jeweiligen Daten gespeichert.<br>Allerdings lassen sich diese Informationen nicht \u00fcber CD-Recorder auf CD-Rohlinge\u00a0\u00fcbertragen \u2013 man bleibt auf Images und das Abspielen dieser Images \u00fcber\u00a0virtuelle Laufwerke angewiesen. M\u00f6glich machte das erfolgreiche Erstellen\u00a0einer Image-Kopie das von uns erfundene\u00a0<strong>Extend Media Descriptor Format (XMD)<\/strong>.<\/p>\n\n\n\n<p>Bitte beachten Sie: Das Auslesen im DPM-Modus dauert naturgem\u00e4\u00df etwas l\u00e4nger,&nbsp;da zum einen die Laufwerke auf maximal etwa 8-fache Geschwindigkeit gedrosselt&nbsp;werden und dar\u00fcber hinaus jede CD im Prinzip zweimal ausgelesen wird. Notwendig&nbsp;ist dies, um Daten vergleichen zu k\u00f6nnen.<\/p>\n\n\n\n<p>&lt;-&nbsp;<a href=\"https:\/\/engelmann.com\/de\/cd-kompendium\/\">Zur\u00fcck zum Inhaltsverzeichnis<\/a><\/p>\n\n\n\n<hr class=\"wp-block-separator\"\/>\n\n\n\n<p><strong>Bitte beachten Sie:<\/strong>\u00a0Wir empfehlen Ihnen zum Brennen von CDs und DVDs unsere Software\u00a0CDRWIN. Diese k\u00f6nnen Sie in der aktuellen Version 10\u00a0derzeit kostenlos bei uns\u00a0erhalten!\u00a0Wenn Sie vorher noch Filme umwandeln wollen, empfehlen wir Ihnen unsere Software\u00a0MyFormatConverter. Diese gibt es ebenfalls in einer kostenlosen Version.\u00a0Auch zur Bildbearbeitung Ihrer Fotos haben wir \u00fcbrigens mit\u00a0Photomizer\u00a0eine Software im Angebot!<\/p>\n","protected":false},"excerpt":{"rendered":"<p>Der RAW Copy Mode bezeichnet eine Schreib- beziehungsweise Lesemethode, die genutzt wird, um kopiergesch\u00fctzte CDs zu duplizieren. Beide Bestandteile des Wortpaares kommen aus dem Englischen, &#8230; <a title=\"CD Kompendium \u2013 RawCopy \u2013 Der effektive Kopiermodus\" class=\"read-more\" href=\"https:\/\/engelmann.com\/de\/cd-kompendium-rawcopy-cds-kopieren\/\" aria-label=\"Mehr Informationen \u00fcber CD Kompendium \u2013 RawCopy \u2013 Der effektive Kopiermodus\">Details \u279c<\/a><\/p>\n","protected":false},"author":3,"featured_media":0,"parent":0,"menu_order":0,"comment_status":"closed","ping_status":"closed","template":"","meta":{"om_disable_all_campaigns":false,"_uag_custom_page_level_css":"","_monsterinsights_skip_tracking":false,"_monsterinsights_sitenote_active":false,"_monsterinsights_sitenote_note":"","_monsterinsights_sitenote_category":0,"footnotes":""},"class_list":{"0":"post-57928","1":"page","2":"type-page","3":"status-publish","5":"infinite-scroll-item","6":"no-featured-image-padding"},"aioseo_notices":[],"spectra_custom_meta":{"_edit_lock":["1566140295:3"],"_edit_last":["3"],"slide_template":["default","default"],"_wpml_media_duplicate":["1","1"],"_wpml_media_featured":["1","1"],"aal_manualgenerated":["a:3:{i:0;O:8:\"stdClass\":2:{s:7:\"keyword\";s:17:\"MyFormatConverter\";s:3:\"url\";s:30:\"https:\/\/myformatconverter.com\/\";}i:1;O:8:\"stdClass\":2:{s:7:\"keyword\";s:10:\"Photomizer\";s:3:\"url\";s:22:\"https:\/\/photomizer.com\";}i:2;O:8:\"stdClass\":2:{s:7:\"keyword\";s:6:\"CDRWIN\";s:3:\"url\";s:26:\"http:\/\/free.engelmann.com\/\";}}","a:3:{i:0;O:8:\"stdClass\":2:{s:7:\"keyword\";s:17:\"MyFormatConverter\";s:3:\"url\";s:30:\"https:\/\/myformatconverter.com\/\";}i:1;O:8:\"stdClass\":2:{s:7:\"keyword\";s:10:\"Photomizer\";s:3:\"url\";s:22:\"https:\/\/photomizer.com\";}i:2;O:8:\"stdClass\":2:{s:7:\"keyword\";s:6:\"CDRWIN\";s:3:\"url\";s:26:\"http:\/\/free.engelmann.com\/\";}}"],"wpmdr_menu":["1","1"],"cleverpush_send_notification":[""],"_schema_article":["a:12:{s:6:\"active\";N;s:8:\"headline\";N;s:16:\"mainEntityOfPage\";N;s:6:\"author\";N;s:5:\"image\";N;s:13:\"datePublished\";N;s:12:\"dateModified\";N;s:9:\"publisher\";N;s:14:\"publisherImage\";N;s:11:\"description\";N;s:11:\"articleBody\";N;s:19:\"alternativeHeadline\";N;}"],"_schema_blog_posting":["a:11:{s:6:\"active\";N;s:8:\"headline\";N;s:16:\"mainEntityOfPage\";N;s:6:\"author\";N;s:5:\"image\";N;s:13:\"datePublished\";N;s:12:\"dateModified\";N;s:9:\"publisher\";N;s:14:\"publisherImage\";N;s:11:\"description\";N;s:11:\"articleBody\";N;}"],"_schema_news_article":["a:11:{s:6:\"active\";N;s:8:\"headline\";N;s:16:\"mainEntityOfPage\";N;s:6:\"author\";N;s:5:\"image\";N;s:13:\"datePublished\";N;s:12:\"dateModified\";N;s:9:\"publisher\";N;s:14:\"publisherImage\";N;s:11:\"description\";N;s:11:\"articleBody\";N;}"],"_schema_event":["a:14:{s:6:\"active\";N;s:4:\"name\";N;s:12:\"locationName\";N;s:15:\"locationAddress\";N;s:9:\"startDate\";N;s:7:\"endDate\";N;s:11:\"description\";N;s:13:\"performerName\";N;s:5:\"image\";N;s:5:\"price\";N;s:13:\"priceCurrency\";N;s:12:\"availability\";N;s:9:\"validFrom\";N;s:3:\"url\";N;}"],"_schema_product":["a:20:{s:6:\"active\";N;s:4:\"name\";N;s:5:\"image\";N;s:11:\"description\";N;s:3:\"sku\";N;s:5:\"brand\";N;s:15:\"identifier_type\";s:3:\"mpn\";s:10:\"identifier\";N;s:17:\"reviewRatingValue\";N;s:16:\"reviewBestRating\";N;s:17:\"reviewWorstRating\";N;s:12:\"reviewAuthor\";N;s:11:\"ratingValue\";N;s:11:\"reviewCount\";N;s:5:\"price\";N;s:15:\"priceValidUntil\";N;s:13:\"priceCurrency\";N;s:12:\"availability\";N;s:13:\"itemCondition\";N;s:3:\"url\";N;}"],"_schema_video":["a:10:{s:6:\"active\";N;s:4:\"name\";N;s:11:\"description\";N;s:12:\"thumbnailUrl\";N;s:10:\"uploadDate\";N;s:8:\"duration\";N;s:10:\"contentUrl\";N;s:8:\"embedUrl\";N;s:16:\"interactionCount\";N;s:7:\"expires\";N;}"],"_schema_service":["a:13:{s:6:\"active\";N;s:4:\"name\";N;s:11:\"serviceType\";N;s:14:\"additionalType\";N;s:5:\"award\";N;s:8:\"category\";N;s:16:\"providerMobility\";N;s:11:\"description\";N;s:5:\"image\";N;s:16:\"mainEntityOfPage\";N;s:6:\"sameAs\";N;s:3:\"url\";N;s:13:\"alternateName\";N;}"],"_schema_review":["a:10:{s:6:\"active\";N;s:8:\"itemName\";N;s:10:\"reviewBody\";N;s:4:\"name\";N;s:6:\"author\";N;s:13:\"datePublished\";N;s:11:\"ratingValue\";N;s:10:\"bestRating\";N;s:11:\"worstRating\";N;s:9:\"publisher\";N;}"],"_schema_aggregate_rating":["a:13:{s:6:\"active\";N;s:11:\"schema_type\";N;s:4:\"name\";N;s:5:\"image\";N;s:10:\"priceRange\";N;s:9:\"telephone\";N;s:7:\"address\";N;s:11:\"description\";N;s:11:\"ratingCount\";N;s:11:\"reviewCount\";N;s:11:\"ratingValue\";N;s:10:\"bestRating\";N;s:11:\"worstRating\";N;}"],"_schema_restaurant":["a:10:{s:6:\"active\";N;s:4:\"name\";N;s:11:\"description\";N;s:12:\"openingHours\";N;s:9:\"telephone\";N;s:4:\"menu\";N;s:5:\"image\";N;s:7:\"address\";N;s:10:\"priceRange\";N;s:13:\"servesCuisine\";N;}"],"_schema_localBusiness":["a:10:{s:6:\"active\";N;s:4:\"name\";N;s:11:\"description\";N;s:5:\"image\";N;s:10:\"priceRange\";N;s:15:\"addressLocality\";N;s:13:\"addressRegion\";N;s:10:\"postalCode\";N;s:13:\"streetAddress\";N;s:9:\"telephone\";N;}"],"_schema_book":["a:0:{}"],"_schema_course":["a:0:{}"],"_schema_JobPosting":["a:0:{}"],"_schema_movie":["a:0:{}"],"_schema_music":["a:0:{}"],"_schema_recipe":["a:0:{}"],"_schema_TVEpisode":["a:0:{}"],"_schema_question":["a:0:{}"],"_schema_itemList":["a:0:{}"],"_kcseo_ative_tab":[""],"_yoast_wpseo_focuskw":["RawCopy"],"_yoast_wpseo_title":["CD-Kompendium: RawCopy - CDs kopieren | Engelmann Software"],"_yoast_wpseo_metadesc":["lll\u27a4 Hier finden Sie umfassende Informationen zum Thema RawCopy - Der effektive CD Kopiermodus! Letzte Aktualisierung: %%currentmonth%% %%currentyear%% \u2705"],"_yoast_wpseo_linkdex":["63"],"_yoast_wpseo_content_score":["30"],"_yoast_wpseo_focuskeywords":["[]"],"_yoast_wpseo_keywordsynonyms":["[\"\"]"],"_uag_migration_processed":["1"],"_wpml_word_count":["1380"],"_uag_page_assets":["a:9:{s:3:\"css\";s:0:\"\";s:2:\"js\";s:0:\"\";s:18:\"current_block_list\";a:3:{i:0;s:10:\"core\/image\";i:1;s:14:\"core\/paragraph\";i:2;s:14:\"core\/separator\";}s:8:\"uag_flag\";b:0;s:11:\"uag_version\";s:10:\"1776854783\";s:6:\"gfonts\";a:0:{}s:10:\"gfonts_url\";s:0:\"\";s:12:\"gfonts_files\";a:0:{}s:14:\"uag_faq_layout\";b:0;}"]},"uagb_featured_image_src":{"full":false,"thumbnail":false,"medium":false,"medium_large":false,"large":false,"1536x1536":false,"2048x2048":false},"uagb_author_info":{"display_name":"Ulrich Engelmann","author_link":"https:\/\/engelmann.com\/de\/author\/uengelmann\/"},"uagb_comment_info":0,"uagb_excerpt":"Der RAW Copy Mode bezeichnet eine Schreib- beziehungsweise Lesemethode, die genutzt wird, um kopiergesch\u00fctzte CDs zu duplizieren. Beide Bestandteile des Wortpaares kommen aus dem Englischen, ... Details \u279c","_links":{"self":[{"href":"https:\/\/engelmann.com\/de\/wp-json\/wp\/v2\/pages\/57928","targetHints":{"allow":["GET"]}}],"collection":[{"href":"https:\/\/engelmann.com\/de\/wp-json\/wp\/v2\/pages"}],"about":[{"href":"https:\/\/engelmann.com\/de\/wp-json\/wp\/v2\/types\/page"}],"author":[{"embeddable":true,"href":"https:\/\/engelmann.com\/de\/wp-json\/wp\/v2\/users\/3"}],"replies":[{"embeddable":true,"href":"https:\/\/engelmann.com\/de\/wp-json\/wp\/v2\/comments?post=57928"}],"version-history":[{"count":4,"href":"https:\/\/engelmann.com\/de\/wp-json\/wp\/v2\/pages\/57928\/revisions"}],"predecessor-version":[{"id":58862,"href":"https:\/\/engelmann.com\/de\/wp-json\/wp\/v2\/pages\/57928\/revisions\/58862"}],"wp:attachment":[{"href":"https:\/\/engelmann.com\/de\/wp-json\/wp\/v2\/media?parent=57928"}],"curies":[{"name":"wp","href":"https:\/\/api.w.org\/{rel}","templated":true}]}}