{"id":57938,"date":"2019-06-16T09:00:00","date_gmt":"2019-06-16T09:00:00","guid":{"rendered":"https:\/\/engelmann.com\/?page_id=57938"},"modified":"2019-08-18T16:10:30","modified_gmt":"2019-08-18T15:10:30","slug":"cd-kompendium-ueberbrennen","status":"publish","type":"page","link":"https:\/\/engelmann.com\/de\/cd-kompendium-ueberbrennen\/","title":{"rendered":"CD Kompendium \u2013 \u00dcberbrennen"},"content":{"rendered":"\n<div class=\"wp-block-image\"><figure class=\"alignright\"><img decoding=\"async\" src=\"https:\/\/engelmann.com\/wp-content\/uploads\/2017\/08\/overburn.png\" alt=\"\u00dcberbrennen von CDs\" class=\"wp-image-51858\"\/><\/figure><\/div>\n\n\n\n<p>\u00dcberbrennen bezeichnet die F\u00e4higkeit des Recorders und der Software, die angegebene Kapazit\u00e4t eines Rohlings um die Toleranzspanne zu \u00fcberschreiten, die diesem von Haus aus mitgegeben wurde. In der Regel liegt diese bei 2 Minuten, aber mehr als eine Faustregel ist das nicht. Die tats\u00e4chlichen Werte variieren stark und k\u00f6nnen sowohl nur knapp \u00fcber eine Minute, aber auch bis 5 oder 6 Minuten betragen. Es gibt zwar Datenbanken, die der einen oder anderen Brennsoftware mit auf dem Weg gegeben werden oder auch im Internet zu finden sind, aber da auch innerhalb einer Marke aufgrund neuer Produktionsserien&nbsp;der heutige Wert nicht mehr dem morgigen entspricht, ist man im Endeffekt (und immer wieder einmal neu) auf eigenes Ausprobieren angewiesen.<\/p>\n\n\n\n<p>Wichtig ist, dass au\u00dfer der Software auch der Recorder in der Lage ist, Rohlinge au\u00dferhalb der Spezifikation zu beschreiben. Erkundigen Sie sich deshalb immer, ob Ihr Ger\u00e4t dazu geh\u00f6rt. Unter Umst\u00e4nden k\u00f6nnte er andernfalls irreparablen Schaden nehmen.<\/p>\n\n\n\n<h2 class=\"wp-block-heading\">Brennen mit \u00fcberlangen Discs<\/h2>\n\n\n\n<p>Das Brennen von Rohlingen mit \u00dcberl\u00e4nge (also z.B. 80 statt der \u00fcblichen 74 Minuten) ist weitaus weniger problematisch als das \u00dcberbrennen und nicht mit diesem zu verwechseln. Bei diesen Rohlingen werden w\u00e4hrend der Herstellung einfach nur die Spuren des spiralf\u00f6rmigen Pregrooves enger aneinandergelegt, so da\u00df daraus die \u00dcberkapazit\u00e4t erfolgt.<\/p>\n\n\n\n<p>Im Grunde sollten alle Recorder in der Lage sein, Discs mit \u00dcberl\u00e4nge zu beschreiben. Probleme wird es eher bei der Software geben.\u00a0CDRWIN\u00a0kann \u00fcbrigens \u00fcberbrennen. \ud83d\ude42<\/p>\n\n\n\n<p>&lt;-&nbsp;<a href=\"https:\/\/engelmann.com\/de\/cd-kompendium\/\">Zur\u00fcck zum Inhaltsverzeichnis<\/a><\/p>\n\n\n\n<hr class=\"wp-block-separator\"\/>\n\n\n\n<p><strong>Bitte beachten Sie:<\/strong>\u00a0Wir empfehlen Ihnen zum Brennen von CDs und DVDs unsere Software\u00a0CDRWIN. Diese k\u00f6nnen Sie in der aktuellen Version 10\u00a0derzeit kostenlos bei uns\u00a0erhalten!\u00a0Wenn Sie vorher noch Filme unwandeln wollen, empfehlen wir Ihnen unsere Software\u00a0MyFormatConverter. Diese gibt es ebenfalls in einer kostenlosen Version.\u00a0Auch zur Bildbearbeitung Ihrer Fotos haben wir \u00fcbrigens mit\u00a0Photomizer\u00a0eine Software im Angebot!<\/p>\n","protected":false},"excerpt":{"rendered":"<p>\u00dcberbrennen bezeichnet die F\u00e4higkeit des Recorders und der Software, die angegebene Kapazit\u00e4t eines Rohlings um die Toleranzspanne zu \u00fcberschreiten, die diesem von Haus aus mitgegeben &#8230; <a title=\"CD Kompendium \u2013 \u00dcberbrennen\" class=\"read-more\" href=\"https:\/\/engelmann.com\/de\/cd-kompendium-ueberbrennen\/\" aria-label=\"Mehr Informationen \u00fcber CD Kompendium \u2013 \u00dcberbrennen\">Details \u279c<\/a><\/p>\n","protected":false},"author":3,"featured_media":0,"parent":0,"menu_order":0,"comment_status":"closed","ping_status":"closed","template":"","meta":{"om_disable_all_campaigns":false,"_uag_custom_page_level_css":"","_monsterinsights_skip_tracking":false,"_monsterinsights_sitenote_active":false,"_monsterinsights_sitenote_note":"","_monsterinsights_sitenote_category":0,"footnotes":""},"class_list":{"0":"post-57938","1":"page","2":"type-page","3":"status-publish","5":"infinite-scroll-item","6":"no-featured-image-padding"},"aioseo_notices":[],"spectra_custom_meta":{"_edit_lock":["1566141031:3"],"_edit_last":["3"],"slide_template":["default","default"],"_wpml_media_duplicate":["1","1"],"_wpml_media_featured":["1","1"],"aal_manualgenerated":["a:3:{i:0;O:8:\"stdClass\":2:{s:7:\"keyword\";s:17:\"MyFormatConverter\";s:3:\"url\";s:30:\"https:\/\/myformatconverter.com\/\";}i:1;O:8:\"stdClass\":2:{s:7:\"keyword\";s:10:\"Photomizer\";s:3:\"url\";s:22:\"https:\/\/photomizer.com\";}i:2;O:8:\"stdClass\":2:{s:7:\"keyword\";s:6:\"CDRWIN\";s:3:\"url\";s:26:\"http:\/\/free.engelmann.com\/\";}}","a:3:{i:0;O:8:\"stdClass\":2:{s:7:\"keyword\";s:17:\"MyFormatConverter\";s:3:\"url\";s:30:\"https:\/\/myformatconverter.com\/\";}i:1;O:8:\"stdClass\":2:{s:7:\"keyword\";s:10:\"Photomizer\";s:3:\"url\";s:22:\"https:\/\/photomizer.com\";}i:2;O:8:\"stdClass\":2:{s:7:\"keyword\";s:6:\"CDRWIN\";s:3:\"url\";s:26:\"http:\/\/free.engelmann.com\/\";}}"],"wpmdr_menu":["1","1"],"cleverpush_send_notification":[""],"_schema_article":["a:12:{s:6:\"active\";N;s:8:\"headline\";N;s:16:\"mainEntityOfPage\";N;s:6:\"author\";N;s:5:\"image\";N;s:13:\"datePublished\";N;s:12:\"dateModified\";N;s:9:\"publisher\";N;s:14:\"publisherImage\";N;s:11:\"description\";N;s:11:\"articleBody\";N;s:19:\"alternativeHeadline\";N;}"],"_schema_blog_posting":["a:11:{s:6:\"active\";N;s:8:\"headline\";N;s:16:\"mainEntityOfPage\";N;s:6:\"author\";N;s:5:\"image\";N;s:13:\"datePublished\";N;s:12:\"dateModified\";N;s:9:\"publisher\";N;s:14:\"publisherImage\";N;s:11:\"description\";N;s:11:\"articleBody\";N;}"],"_schema_news_article":["a:11:{s:6:\"active\";N;s:8:\"headline\";N;s:16:\"mainEntityOfPage\";N;s:6:\"author\";N;s:5:\"image\";N;s:13:\"datePublished\";N;s:12:\"dateModified\";N;s:9:\"publisher\";N;s:14:\"publisherImage\";N;s:11:\"description\";N;s:11:\"articleBody\";N;}"],"_schema_event":["a:14:{s:6:\"active\";N;s:4:\"name\";N;s:12:\"locationName\";N;s:15:\"locationAddress\";N;s:9:\"startDate\";N;s:7:\"endDate\";N;s:11:\"description\";N;s:13:\"performerName\";N;s:5:\"image\";N;s:5:\"price\";N;s:13:\"priceCurrency\";N;s:12:\"availability\";N;s:9:\"validFrom\";N;s:3:\"url\";N;}"],"_schema_product":["a:20:{s:6:\"active\";N;s:4:\"name\";N;s:5:\"image\";N;s:11:\"description\";N;s:3:\"sku\";N;s:5:\"brand\";N;s:15:\"identifier_type\";s:3:\"mpn\";s:10:\"identifier\";N;s:17:\"reviewRatingValue\";N;s:16:\"reviewBestRating\";N;s:17:\"reviewWorstRating\";N;s:12:\"reviewAuthor\";N;s:11:\"ratingValue\";N;s:11:\"reviewCount\";N;s:5:\"price\";N;s:15:\"priceValidUntil\";N;s:13:\"priceCurrency\";N;s:12:\"availability\";N;s:13:\"itemCondition\";N;s:3:\"url\";N;}"],"_schema_video":["a:10:{s:6:\"active\";N;s:4:\"name\";N;s:11:\"description\";N;s:12:\"thumbnailUrl\";N;s:10:\"uploadDate\";N;s:8:\"duration\";N;s:10:\"contentUrl\";N;s:8:\"embedUrl\";N;s:16:\"interactionCount\";N;s:7:\"expires\";N;}"],"_schema_service":["a:13:{s:6:\"active\";N;s:4:\"name\";N;s:11:\"serviceType\";N;s:14:\"additionalType\";N;s:5:\"award\";N;s:8:\"category\";N;s:16:\"providerMobility\";N;s:11:\"description\";N;s:5:\"image\";N;s:16:\"mainEntityOfPage\";N;s:6:\"sameAs\";N;s:3:\"url\";N;s:13:\"alternateName\";N;}"],"_schema_review":["a:10:{s:6:\"active\";N;s:8:\"itemName\";N;s:10:\"reviewBody\";N;s:4:\"name\";N;s:6:\"author\";N;s:13:\"datePublished\";N;s:11:\"ratingValue\";N;s:10:\"bestRating\";N;s:11:\"worstRating\";N;s:9:\"publisher\";N;}"],"_schema_aggregate_rating":["a:13:{s:6:\"active\";N;s:11:\"schema_type\";N;s:4:\"name\";N;s:5:\"image\";N;s:10:\"priceRange\";N;s:9:\"telephone\";N;s:7:\"address\";N;s:11:\"description\";N;s:11:\"ratingCount\";N;s:11:\"reviewCount\";N;s:11:\"ratingValue\";N;s:10:\"bestRating\";N;s:11:\"worstRating\";N;}"],"_schema_restaurant":["a:10:{s:6:\"active\";N;s:4:\"name\";N;s:11:\"description\";N;s:12:\"openingHours\";N;s:9:\"telephone\";N;s:4:\"menu\";N;s:5:\"image\";N;s:7:\"address\";N;s:10:\"priceRange\";N;s:13:\"servesCuisine\";N;}"],"_schema_localBusiness":["a:10:{s:6:\"active\";N;s:4:\"name\";N;s:11:\"description\";N;s:5:\"image\";N;s:10:\"priceRange\";N;s:15:\"addressLocality\";N;s:13:\"addressRegion\";N;s:10:\"postalCode\";N;s:13:\"streetAddress\";N;s:9:\"telephone\";N;}"],"_schema_book":["a:0:{}"],"_schema_course":["a:0:{}"],"_schema_JobPosting":["a:0:{}"],"_schema_movie":["a:0:{}"],"_schema_music":["a:0:{}"],"_schema_recipe":["a:0:{}"],"_schema_TVEpisode":["a:0:{}"],"_schema_question":["a:0:{}"],"_schema_itemList":["a:0:{}"],"_kcseo_ative_tab":[""],"_yoast_wpseo_focuskw":["\u00dcberbrennen"],"_yoast_wpseo_title":["CD-Kompendium: \u00dcberbrennen einer CD | Engelmann Software"],"_yoast_wpseo_metadesc":["lll\u27a4 Hier finden Sie umfassende Informationen zum Thema \u00dcberbrennen einer CD in unserem CD Kompendium! Letzte Aktualisierung: %%currentmonth%% %%currentyear%% \u2705"],"_yoast_wpseo_linkdex":["70"],"_yoast_wpseo_content_score":["90"],"_yoast_wpseo_focuskeywords":["[]"],"_yoast_wpseo_keywordsynonyms":["[\"\"]"],"_uag_migration_processed":["1"],"_wpml_word_count":["274"],"_uag_page_assets":["a:9:{s:3:\"css\";s:0:\"\";s:2:\"js\";s:0:\"\";s:18:\"current_block_list\";a:4:{i:0;s:10:\"core\/image\";i:1;s:14:\"core\/paragraph\";i:2;s:12:\"core\/heading\";i:3;s:14:\"core\/separator\";}s:8:\"uag_flag\";b:0;s:11:\"uag_version\";s:10:\"1776265684\";s:6:\"gfonts\";a:0:{}s:10:\"gfonts_url\";s:0:\"\";s:12:\"gfonts_files\";a:0:{}s:14:\"uag_faq_layout\";b:0;}"]},"uagb_featured_image_src":{"full":false,"thumbnail":false,"medium":false,"medium_large":false,"large":false,"1536x1536":false,"2048x2048":false},"uagb_author_info":{"display_name":"Ulrich Engelmann","author_link":"https:\/\/engelmann.com\/de\/author\/uengelmann\/"},"uagb_comment_info":0,"uagb_excerpt":"\u00dcberbrennen bezeichnet die F\u00e4higkeit des Recorders und der Software, die angegebene Kapazit\u00e4t eines Rohlings um die Toleranzspanne zu \u00fcberschreiten, die diesem von Haus aus mitgegeben ... Details \u279c","_links":{"self":[{"href":"https:\/\/engelmann.com\/de\/wp-json\/wp\/v2\/pages\/57938","targetHints":{"allow":["GET"]}}],"collection":[{"href":"https:\/\/engelmann.com\/de\/wp-json\/wp\/v2\/pages"}],"about":[{"href":"https:\/\/engelmann.com\/de\/wp-json\/wp\/v2\/types\/page"}],"author":[{"embeddable":true,"href":"https:\/\/engelmann.com\/de\/wp-json\/wp\/v2\/users\/3"}],"replies":[{"embeddable":true,"href":"https:\/\/engelmann.com\/de\/wp-json\/wp\/v2\/comments?post=57938"}],"version-history":[{"count":2,"href":"https:\/\/engelmann.com\/de\/wp-json\/wp\/v2\/pages\/57938\/revisions"}],"predecessor-version":[{"id":58866,"href":"https:\/\/engelmann.com\/de\/wp-json\/wp\/v2\/pages\/57938\/revisions\/58866"}],"wp:attachment":[{"href":"https:\/\/engelmann.com\/de\/wp-json\/wp\/v2\/media?parent=57938"}],"curies":[{"name":"wp","href":"https:\/\/api.w.org\/{rel}","templated":true}]}}