{"id":57940,"date":"2019-06-16T09:00:00","date_gmt":"2019-06-16T09:00:00","guid":{"rendered":"https:\/\/engelmann.com\/?page_id=57940"},"modified":"2019-08-18T18:38:24","modified_gmt":"2019-08-18T17:38:24","slug":"cd-kompendium-varianten-von-cds","status":"publish","type":"page","link":"https:\/\/engelmann.com\/de\/cd-kompendium-varianten-von-cds\/","title":{"rendered":"CD Kompendium \u2013 Weitere Varianten von CDs"},"content":{"rendered":"\n<div class=\"wp-block-image\"><figure class=\"alignright\"><img decoding=\"async\" src=\"https:\/\/engelmann.com\/wp-content\/uploads\/2017\/08\/variante.png\" alt=\"Varianten\" class=\"wp-image-51828\"\/><\/figure><\/div>\n\n\n\n<p>Daten-CDs lassen sich \u2013 abh\u00e4ngig vom Brennprogramm \u2013 auch als bootf\u00e4hige CDs herstellen (<strong>Boot-CD im El Torito<\/strong>&nbsp;Format). Beachten sollte man aber folgendes: Zum einen sind nicht alle Betriebssysteme&nbsp;ein sinnvolles Ziel f\u00fcr eine Boot-CD. W\u00e4hrend DOS und Linux hervorragende Objekte sind, f\u00e4llt Windows v\u00f6llig unter dem Tisch, da dieses Betriebssystem die Angewohnheit besitzt, auf das Boot-Laufwerk schreiben zu wollen \u2013 was bei CDs nun einmal nicht besonders gut klappt. Zum anderen ben\u00f6tigt man die n\u00f6tige Hardware, also ein BIOS, das es \u00fcberhaupt erst erlaubt, von einem CD-ROM-Laufwerk&nbsp;zu booten und nat\u00fcrlich das dazugeh\u00f6rende CD-ROM. (Bietet weder das Rechner- noch das eventuell vorhandene SCSI-BIOS die Option, von einem EIDE-, beziehungsweise SCSI-CD-ROM zu booten, hat man schlechte Karten.)<\/p>\n\n\n\n<p>F\u00fcr den Fall, das der Eindruck entstanden ist, die El Torito-Spezifikation gelte auch f\u00fcr Linux, muss noch angef\u00fcgt werden, das Linux bereits seit jeher in der Lage war, von CD zu booten. El Torito wurde einzig f\u00fcr DOS und Windows erdacht \u2013 auch wenn es unter Windows recht witzlos ist, wie gerade geh\u00f6rt.<\/p>\n\n\n\n<p>Weiterhin gibt es noch die&nbsp;<strong>Picture-CD<\/strong>, ein von Kodak eingef\u00fchrter Standard, um mehr Anwender dazu zu bewegen, seine\/ihre Fotos auf CD entwickeln zu lassen \u2013 das hei\u00dft, im Grunde handelt es sich hier um keine neue Spezifikation, sondern h\u00f6rt sich nur so an. Im Grunde ist eine Picture-CD eine simple Datendisc, die man bei seinem Hausfotografen mit eigenen Fotos f\u00fcllen lassen kann. Dazu gibt es dann einen einfachen Grafikviewer. Bis jetzt ist die Picture-CD nur in den Vereinigten Staaten zu bekommen. In deutschen Fotolabors wird nach wie vor nur Kodaks Photo-CD hergestellt.<\/p>\n\n\n\n<p>Die&nbsp;<strong>VIP-Card<\/strong>&nbsp;ist eine multimediale Visitenkarte im Format ca. 80 x 55 mm. Und was hat das ganze mit CD-Recording zu tun? Nun, die Karte ist an den Seiten abgerundet und l\u00e4\u00dft sich mit jedem CD-Brenner, der kleine Rohlinge (sogenannte 21min bzw. Single-CDs) beschreiben kann, mit 12 bis 50 MByte Fotos, Texte, Musik, Videos oder was einem sonst so einf\u00e4llt, f\u00fcllen. Wenn Sie die Daten komprimieren, k\u00f6nnen Sie sogar bis zu 40 MByte mehr unterbringen, und wenn Sie es so richtig toll treiben wollen, l\u00e4sst sich die rund 1.- EUR teure \u201aKarte\u2018 sogar beschriften. Die VIP-Card wird als normale CD-ROM hergestellt und ist dementsprechend auch in jedem CD-ROM-Player abspielbar (nat\u00fcrlich nur insofern, als er Single-CDs akzeptiert). Als Einsatzm\u00f6glichkeiten au\u00dferhalb des privaten Blendverkehrs bieten sich Firmen-Marketing, Kataloge oder schlicht ein paar Beispiele des eigenen K\u00f6nnens zwecks Bewerbungen an.<\/p>\n\n\n\n<p>Eine&nbsp;<strong>Hybrid- oder auch Janus-CD<\/strong>&nbsp;ist eine Disc, die sowohl unter einer PC- (ISO 9660) als auch unter einer Mac-Umgebung (HFS) lauff\u00e4hig ist (zumindest in der Regel, denn au\u00dfer diesen PC-\/Macintosh-Hybriden gibt es ebenso welche f\u00fcr andere Betriebssysteme \u2013 unter Umst\u00e4nden bis zu vier verschiedene). Die PC\/Mac-Hybrid-CD enth\u00e4lt in der Regel zwei separate Partitionen, die in verschiedenen Sessions erstellt werden und die unabh\u00e4ngig von der jeweils anderen sind. Beide Partitionen enthalten den kompletten Datensatz f\u00fcr das jeweilige Betriebsystem, die strikt voneinander getrennt sind, so das weder die Macintosh-Rechner auf die ISO-Partition zugreifen k\u00f6nnen, noch die IBM-Kompatiblen auf die Mac-Daten. Sinnigerweise nennt man solche Hybriden dann auch Non-shared-Hybrids. Daneben gibt es noch die sogenannten Shared Hybrid-CDs mit einem gemeinsamen Datenset (beispielsweise Bildern) und zwei getrennten Datens\u00e4tzen, die die jeweiligen betriebsystem-spezifischen Daten beherbergen und die nur von dem heimatlichen Betriebssystem erkannt werden k\u00f6nnen.<\/p>\n\n\n\n<p>Da die beiden Formate CD-ROM Mode 2 Form1\/2 und CD-ROM\/XA Mode 1 in der Praxis keinerlei Bedeutung besitzen, sind viele Software- und Hardwarehersteller dazu \u00fcbergegangen, CD-ROMs generell als Mode 1-Discs und CD-ROM\/XAs generell als Mode 2-Discs zu bezeichnen.<\/p>\n\n\n\n<p>&lt;-&nbsp;<a href=\"https:\/\/engelmann.com\/de\/cd-kompendium\/\">Zur\u00fcck zum Inhaltsverzeichnis<\/a><\/p>\n\n\n\n<hr class=\"wp-block-separator\"\/>\n\n\n\n<p><strong>Bitte beachten Sie:<\/strong>&nbsp;Wir empfehlen Ihnen zum Brennen von CDs und DVDs unsere Software&nbsp;CDRWIN. Diese k\u00f6nnen Sie in der aktuellen Version 10&nbsp;derzeit kostenlos bei uns&nbsp;erhalten!&nbsp;Wenn Sie vorher noch Filme umwandeln wollen, empfehlen wir Ihnen unsere Software&nbsp;MyFormatConverter. Diese gibt es ebenfalls in einer kostenlosen Version.&nbsp;Auch zur Bildbearbeitung Ihrer Fotos haben wir \u00fcbrigens mit&nbsp;Photomizer&nbsp;eine Software im Angebot!<\/p>\n","protected":false},"excerpt":{"rendered":"<p>Daten-CDs lassen sich \u2013 abh\u00e4ngig vom Brennprogramm \u2013 auch als bootf\u00e4hige CDs herstellen (Boot-CD im El Torito&nbsp;Format). Beachten sollte man aber folgendes: Zum einen sind &#8230; <a title=\"CD Kompendium \u2013 Weitere Varianten von CDs\" class=\"read-more\" href=\"https:\/\/engelmann.com\/de\/cd-kompendium-varianten-von-cds\/\" aria-label=\"Mehr Informationen \u00fcber CD Kompendium \u2013 Weitere Varianten von CDs\">Details \u279c<\/a><\/p>\n","protected":false},"author":3,"featured_media":0,"parent":0,"menu_order":0,"comment_status":"closed","ping_status":"closed","template":"","meta":{"om_disable_all_campaigns":false,"_uag_custom_page_level_css":"","_monsterinsights_skip_tracking":false,"_monsterinsights_sitenote_active":false,"_monsterinsights_sitenote_note":"","_monsterinsights_sitenote_category":0,"footnotes":""},"class_list":{"0":"post-57940","1":"page","2":"type-page","3":"status-publish","5":"infinite-scroll-item","6":"no-featured-image-padding"},"aioseo_notices":[],"spectra_custom_meta":{"_edit_lock":["1566149904:3"],"_edit_last":["3"],"slide_template":["default","default"],"_wpml_media_duplicate":["1","1"],"_wpml_media_featured":["1","1"],"aal_manualgenerated":["a:3:{i:0;O:8:\"stdClass\":2:{s:7:\"keyword\";s:17:\"MyFormatConverter\";s:3:\"url\";s:30:\"https:\/\/myformatconverter.com\/\";}i:1;O:8:\"stdClass\":2:{s:7:\"keyword\";s:10:\"Photomizer\";s:3:\"url\";s:22:\"https:\/\/photomizer.com\";}i:2;O:8:\"stdClass\":2:{s:7:\"keyword\";s:6:\"CDRWIN\";s:3:\"url\";s:26:\"http:\/\/free.engelmann.com\/\";}}","a:3:{i:0;O:8:\"stdClass\":2:{s:7:\"keyword\";s:17:\"MyFormatConverter\";s:3:\"url\";s:30:\"https:\/\/myformatconverter.com\/\";}i:1;O:8:\"stdClass\":2:{s:7:\"keyword\";s:10:\"Photomizer\";s:3:\"url\";s:22:\"https:\/\/photomizer.com\";}i:2;O:8:\"stdClass\":2:{s:7:\"keyword\";s:6:\"CDRWIN\";s:3:\"url\";s:26:\"http:\/\/free.engelmann.com\/\";}}"],"wpmdr_menu":["1","1"],"cleverpush_send_notification":[""],"_schema_article":["a:12:{s:6:\"active\";N;s:8:\"headline\";N;s:16:\"mainEntityOfPage\";N;s:6:\"author\";N;s:5:\"image\";N;s:13:\"datePublished\";N;s:12:\"dateModified\";N;s:9:\"publisher\";N;s:14:\"publisherImage\";N;s:11:\"description\";N;s:11:\"articleBody\";N;s:19:\"alternativeHeadline\";N;}"],"_schema_blog_posting":["a:11:{s:6:\"active\";N;s:8:\"headline\";N;s:16:\"mainEntityOfPage\";N;s:6:\"author\";N;s:5:\"image\";N;s:13:\"datePublished\";N;s:12:\"dateModified\";N;s:9:\"publisher\";N;s:14:\"publisherImage\";N;s:11:\"description\";N;s:11:\"articleBody\";N;}"],"_schema_news_article":["a:11:{s:6:\"active\";N;s:8:\"headline\";N;s:16:\"mainEntityOfPage\";N;s:6:\"author\";N;s:5:\"image\";N;s:13:\"datePublished\";N;s:12:\"dateModified\";N;s:9:\"publisher\";N;s:14:\"publisherImage\";N;s:11:\"description\";N;s:11:\"articleBody\";N;}"],"_schema_event":["a:14:{s:6:\"active\";N;s:4:\"name\";N;s:12:\"locationName\";N;s:15:\"locationAddress\";N;s:9:\"startDate\";N;s:7:\"endDate\";N;s:11:\"description\";N;s:13:\"performerName\";N;s:5:\"image\";N;s:5:\"price\";N;s:13:\"priceCurrency\";N;s:12:\"availability\";N;s:9:\"validFrom\";N;s:3:\"url\";N;}"],"_schema_product":["a:20:{s:6:\"active\";N;s:4:\"name\";N;s:5:\"image\";N;s:11:\"description\";N;s:3:\"sku\";N;s:5:\"brand\";N;s:15:\"identifier_type\";s:3:\"mpn\";s:10:\"identifier\";N;s:17:\"reviewRatingValue\";N;s:16:\"reviewBestRating\";N;s:17:\"reviewWorstRating\";N;s:12:\"reviewAuthor\";N;s:11:\"ratingValue\";N;s:11:\"reviewCount\";N;s:5:\"price\";N;s:15:\"priceValidUntil\";N;s:13:\"priceCurrency\";N;s:12:\"availability\";N;s:13:\"itemCondition\";N;s:3:\"url\";N;}"],"_schema_video":["a:10:{s:6:\"active\";N;s:4:\"name\";N;s:11:\"description\";N;s:12:\"thumbnailUrl\";N;s:10:\"uploadDate\";N;s:8:\"duration\";N;s:10:\"contentUrl\";N;s:8:\"embedUrl\";N;s:16:\"interactionCount\";N;s:7:\"expires\";N;}"],"_schema_service":["a:13:{s:6:\"active\";N;s:4:\"name\";N;s:11:\"serviceType\";N;s:14:\"additionalType\";N;s:5:\"award\";N;s:8:\"category\";N;s:16:\"providerMobility\";N;s:11:\"description\";N;s:5:\"image\";N;s:16:\"mainEntityOfPage\";N;s:6:\"sameAs\";N;s:3:\"url\";N;s:13:\"alternateName\";N;}"],"_schema_review":["a:10:{s:6:\"active\";N;s:8:\"itemName\";N;s:10:\"reviewBody\";N;s:4:\"name\";N;s:6:\"author\";N;s:13:\"datePublished\";N;s:11:\"ratingValue\";N;s:10:\"bestRating\";N;s:11:\"worstRating\";N;s:9:\"publisher\";N;}"],"_schema_aggregate_rating":["a:13:{s:6:\"active\";N;s:11:\"schema_type\";N;s:4:\"name\";N;s:5:\"image\";N;s:10:\"priceRange\";N;s:9:\"telephone\";N;s:7:\"address\";N;s:11:\"description\";N;s:11:\"ratingCount\";N;s:11:\"reviewCount\";N;s:11:\"ratingValue\";N;s:10:\"bestRating\";N;s:11:\"worstRating\";N;}"],"_schema_restaurant":["a:10:{s:6:\"active\";N;s:4:\"name\";N;s:11:\"description\";N;s:12:\"openingHours\";N;s:9:\"telephone\";N;s:4:\"menu\";N;s:5:\"image\";N;s:7:\"address\";N;s:10:\"priceRange\";N;s:13:\"servesCuisine\";N;}"],"_schema_localBusiness":["a:10:{s:6:\"active\";N;s:4:\"name\";N;s:11:\"description\";N;s:5:\"image\";N;s:10:\"priceRange\";N;s:15:\"addressLocality\";N;s:13:\"addressRegion\";N;s:10:\"postalCode\";N;s:13:\"streetAddress\";N;s:9:\"telephone\";N;}"],"_schema_book":["a:0:{}"],"_schema_course":["a:0:{}"],"_schema_JobPosting":["a:0:{}"],"_schema_movie":["a:0:{}"],"_schema_music":["a:0:{}"],"_schema_recipe":["a:0:{}"],"_schema_TVEpisode":["a:0:{}"],"_schema_question":["a:0:{}"],"_schema_itemList":["a:0:{}"],"_kcseo_ative_tab":[""],"_yoast_wpseo_focuskw":["Varianten von CDs"],"_yoast_wpseo_title":["CD-Kompendium: Varianten von CDs | Engelmann Software"],"_yoast_wpseo_metadesc":["lll\u27a4 Hier finden Sie umfassende Informationen zum Thema Varianten von CDs in unserem CD Kompendium! Letzte Aktualisierung: %%currentmonth%% %%currentyear%% \u2705"],"_yoast_wpseo_linkdex":["63"],"_yoast_wpseo_content_score":["30"],"_yoast_wpseo_focuskeywords":["[]"],"_yoast_wpseo_keywordsynonyms":["[\"\"]"],"_uag_migration_processed":["1"],"_wpml_word_count":["688"],"_uag_page_assets":["a:9:{s:3:\"css\";s:0:\"\";s:2:\"js\";s:0:\"\";s:18:\"current_block_list\";a:3:{i:0;s:10:\"core\/image\";i:1;s:14:\"core\/paragraph\";i:2;s:14:\"core\/separator\";}s:8:\"uag_flag\";b:0;s:11:\"uag_version\";s:10:\"1776353507\";s:6:\"gfonts\";a:0:{}s:10:\"gfonts_url\";s:0:\"\";s:12:\"gfonts_files\";a:0:{}s:14:\"uag_faq_layout\";b:0;}"]},"uagb_featured_image_src":{"full":false,"thumbnail":false,"medium":false,"medium_large":false,"large":false,"1536x1536":false,"2048x2048":false},"uagb_author_info":{"display_name":"Ulrich Engelmann","author_link":"https:\/\/engelmann.com\/de\/author\/uengelmann\/"},"uagb_comment_info":0,"uagb_excerpt":"Daten-CDs lassen sich \u2013 abh\u00e4ngig vom Brennprogramm \u2013 auch als bootf\u00e4hige CDs herstellen (Boot-CD im El Torito&nbsp;Format). Beachten sollte man aber folgendes: Zum einen sind ... Details \u279c","_links":{"self":[{"href":"https:\/\/engelmann.com\/de\/wp-json\/wp\/v2\/pages\/57940","targetHints":{"allow":["GET"]}}],"collection":[{"href":"https:\/\/engelmann.com\/de\/wp-json\/wp\/v2\/pages"}],"about":[{"href":"https:\/\/engelmann.com\/de\/wp-json\/wp\/v2\/types\/page"}],"author":[{"embeddable":true,"href":"https:\/\/engelmann.com\/de\/wp-json\/wp\/v2\/users\/3"}],"replies":[{"embeddable":true,"href":"https:\/\/engelmann.com\/de\/wp-json\/wp\/v2\/comments?post=57940"}],"version-history":[{"count":4,"href":"https:\/\/engelmann.com\/de\/wp-json\/wp\/v2\/pages\/57940\/revisions"}],"predecessor-version":[{"id":58901,"href":"https:\/\/engelmann.com\/de\/wp-json\/wp\/v2\/pages\/57940\/revisions\/58901"}],"wp:attachment":[{"href":"https:\/\/engelmann.com\/de\/wp-json\/wp\/v2\/media?parent=57940"}],"curies":[{"name":"wp","href":"https:\/\/api.w.org\/{rel}","templated":true}]}}