{"id":57942,"date":"2019-06-16T09:00:00","date_gmt":"2019-06-16T09:00:00","guid":{"rendered":"https:\/\/engelmann.com\/?page_id=57942"},"modified":"2019-08-18T16:14:34","modified_gmt":"2019-08-18T15:14:34","slug":"cd-kompendium-dateiformate-iso9660-udf","status":"publish","type":"page","link":"https:\/\/engelmann.com\/de\/cd-kompendium-dateiformate-iso9660-udf\/","title":{"rendered":"CD Kompendium: Datei-Formate \u2013 von IS09660 bis UDF"},"content":{"rendered":"\n<div class=\"wp-block-image\"><figure class=\"alignright\"><img decoding=\"async\" src=\"https:\/\/engelmann.com\/wp-content\/uploads\/2017\/08\/datei-formate.png\" alt=\"Datei-Formate\" class=\"wp-image-51833\"\/><\/figure><\/div>\n\n\n\n<p><strong>ISO 9660<\/strong>&nbsp;\u2013 Plattform \u00fcbergreifendes Dateisystem, um allen existierenden Betriebssysteme den Zugriff auf eine CD zu erm\u00f6glichen \u2013 sofern diese einen Treiber (wie MSCDEX f\u00fcr DOS oder Windows) implementiert haben, der ihnen dieses Dateisystem nahebringt. Au\u00dfer der Universalit\u00e4t zeichnen ISO 9660 aber leider auch einige Restriktionen aus, die in verschiedenen Levels unterschiedlich stark ausgepr\u00e4gt sind.<\/p>\n\n\n\n<p><strong>ISO 9660 Level 1<\/strong>&nbsp;\u2013 Sehr starke Restriktionen bez\u00fcglich der Dateinamen: Es sind nur 8 Charakter (plus 3 f\u00fcr die Dateinamenerweiterung) erlaubt. Verzeichnisnamen d\u00fcrfen ebenfalls nur 8 Charaktere aufweisen und keine Erweiterung besitzen, die Verzeichnistiefe ist auf maximal 8 Ebenen (einschlie\u00dflich des Wurzelverzeichnisses) festgelegt. Erlaubt sind ferner nur die Gro\u00dfbuchstaben A bis Z, die Zahlen 0 bis 9 und als einziges Sonderzeichen der Unterstrich _ . Als Art der Datenaufzeichnung kommt generell nur eine kontinuierliche Aufzeichnung der jeweiligen Dateien in Frage, diese d\u00fcrfen sich also nicht fragmentiert auf der CD befinden, ob nun verkn\u00fcpft oder nicht.<\/p>\n\n\n\n<p><strong>ISO 9660 Level 2<\/strong>&nbsp;\u2013 Lockerung der Restriktionen in Bezug auf die L\u00e4nge des Dateinamens: Nun sind 31 Zeichen erlaubt. Au\u00dferdem kann man mehr Sonderzeichen nutzen. Ansonsten bleibt alles beim Alten.<\/p>\n\n\n\n<p><strong>ISO 9660 Level 3<\/strong>&nbsp;\u2013 Lockerung der Restriktionen auch in den anderen Bereichen. Wichtigste Erweiterung: Unter Level 3 lassen sich Dateien fragmentiert auf einen Rohling schreiben. Allerdings gibt es nur sehr wenige Brennprogramme, die Level 3 auch anbieten. Die meisten haben sich gleich dem neuen UDF-Dateisystem zugewandt.<\/p>\n\n\n\n<p><strong>Joliet<\/strong>&nbsp;\u2013 Erweiterung des ISO-Standards, um die Beschr\u00e4nkungen hinsichtlich der Verzeichnis- und Dateinamen (L\u00e4nge und erlaubte Sonderzeichen) sowie der Verzeichnistiefe f\u00fcr Windows aufzuheben. Joliet-Discs sind auf die Betriebsysteme DOS, Windows und Mac-OS beschr\u00e4nkt.<\/p>\n\n\n\n<p><strong>Romeo<\/strong>&nbsp;\u2013 Ebenfalls eine Erweiterung des ISO-Standards f\u00fcr Windows. Romeo bietet eine Datei- und Verzeichnisnamenl\u00e4nge von maximal 128 Zeichen, inklusive des Leerzeichens \u2013 welches dann auch unter DOS zu erheblichen Problemen f\u00fchrt. Schwierigkeiten bereitet auch die Tatsache, das unter DOS jeder Dateiname ab dem 8. Zeichen einfach abgeschnitten wird, so das es leicht zu Doppelbelegungen innerhalb eines Verzeichnisses kommen kann. Mittlerweile hat der Standard aber nahezu keine Bedeutung mehr.<\/p>\n\n\n\n<p><strong>HFS<\/strong>&nbsp;\u2013 Hierarchical File System (HFS) ist die Erweiterung des ISO-Standards f\u00fcr das Apple-Dateisystem. Auf einem Mac werden die Daten einer Datei in zwei Bereichen gespeichert, den sogenannten Forks. Die Data-Fork enth\u00e4lt die eigentliche Datei, die dazugeh\u00f6rende Ressource-Fork Informationen wie beispielsweise den Dateityp. HFS-CDs basieren auf ISO-Level 2 und sind nur von Macintosh-, Linux-,<br>OS\/2- und SGI-Irix-Systemen lesbar.<\/p>\n\n\n\n<p><strong>RRIP<\/strong>&nbsp;-Rock Ridge Interchange Protocol (RRIP) ist ebenfalls eine Erweiterung des ISO-Standards, diesmal auf jene Vorz\u00fcge, auf die Unix-Anwender nur ungern verzichten. Die Beschr\u00e4nkungen von Verzeichnis- und Dateinamen sowie der Verzeichnistiefe sind hier vollst\u00e4ndig aufgehoben. Au\u00dferdem l\u00e4sst sich die beliebte \u201avirtuelle\u2018 Verzeichnisstruktur mit Links realisieren. RRIP-Discs sind auch von anderen Betriebssystemen lesbar. Einzig die Unix-spezifischen Eigenheiten bleiben auf der Strecke.<\/p>\n\n\n\n<p><strong>UDF<\/strong>&nbsp;\u2013 Universal Disc Format (UDF) ist ein von der OSTA (Optical Storage Technology Association) entwickeltes Dateisystem, welches (gerade im Hinblick auf die DVD) ISO 9660 als plattform\u00fcbergreifendes Dateisystem abl\u00f6sen soll. Die Beschr\u00e4nkungen, die einem das Leben unter dem ISO-Standard noch so beschwerlich gemacht haben, fallen allesamt unter dem Tisch. Wichtig ist dies au\u00dfer f\u00fcr neuere Technologien auch f\u00fcr den Laufwerkbuchstabenzugriff mit CD-Recordern\/Rewritables. ISO 9660 w\u00fcrde die hierbei anfallende Fragmentierung von Dateien (durch Verkn\u00fcpfungsbl\u00f6cke zwischen den einzelnen Paketen, siehe auch Incremental PW) nur im Interchange Level 3 zulassen. Da UDF wie ISO ein CD-spezifisches Dateisystem ist, ben\u00f6tigen die verschiedenen Plattformen auch einen Treiber, der das Dateisystem ins Betriebssystem eingliedert. Solche Treiber gibt es in propreit\u00e4ren Varianten, die sich nicht immer an den Standard halten und auch untereinander inkompatibel sind (so zum Beispiel&nbsp;DirectCD von Adaptec f\u00fcr Windows und den Macintosh und InstantWrite von VOB). Um auch jenen Systemen, auf denen kein UDF-Treiber sein Unwesen treibt, den Zugriff auf eine UDF-Disc zu erm\u00f6glichen, gibt es die M\u00f6glichkeit, UDF-CDs beim Abschlie\u00dfen mit einem ISO 9660-Mantel (Level 3) zu umh\u00fcllen, wodurch ein Betriebssystem mit ISO-Treiber diese Disc als ISO-Disc einstuft, und ein Betriebssystem mit UDF-Treiber dieselbe Scheibe als UDF-Disc. (Unter DOS\/Windows 3.x und MacOS vor Version 8.0 sind diese Discs generell nicht lesbar; Multisession-CDs lassen sich ebenfalls noch nicht herstellen.)<\/p>\n\n\n\n<p>&lt;-&nbsp;<a href=\"https:\/\/engelmann.com\/de\/cd-kompendium\/\">Zur\u00fcck zum Inhaltsverzeichnis<\/a><\/p>\n\n\n\n<hr class=\"wp-block-separator\"\/>\n\n\n\n<p><strong>Bitte beachten Sie:<\/strong>\u00a0Wir empfehlen Ihnen zum Brennen von CDs und DVDs unsere Software\u00a0CDRWIN. Diese k\u00f6nnen Sie in der aktuellen Version 10\u00a0derzeit kostenlos bei uns\u00a0erhalten!\u00a0Wenn Sie vorher noch Filme umwandeln wollen, empfehlen wir Ihnen unsere Software\u00a0MyFormatConverter. Diese gibt es ebenfalls in einer kostenlosen Version.\u00a0Auch zur Bildbearbeitung Ihrer Fotos haben wir \u00fcbrigens mit\u00a0Photomizer\u00a0eine Software im Angebot!<\/p>\n","protected":false},"excerpt":{"rendered":"<p>ISO 9660&nbsp;\u2013 Plattform \u00fcbergreifendes Dateisystem, um allen existierenden Betriebssysteme den Zugriff auf eine CD zu erm\u00f6glichen \u2013 sofern diese einen Treiber (wie MSCDEX f\u00fcr DOS &#8230; <a title=\"CD Kompendium: Datei-Formate \u2013 von IS09660 bis UDF\" class=\"read-more\" href=\"https:\/\/engelmann.com\/de\/cd-kompendium-dateiformate-iso9660-udf\/\" aria-label=\"Mehr Informationen \u00fcber CD Kompendium: Datei-Formate \u2013 von IS09660 bis UDF\">Details \u279c<\/a><\/p>\n","protected":false},"author":3,"featured_media":0,"parent":0,"menu_order":0,"comment_status":"closed","ping_status":"closed","template":"","meta":{"om_disable_all_campaigns":false,"_uag_custom_page_level_css":"","_monsterinsights_skip_tracking":false,"_monsterinsights_sitenote_active":false,"_monsterinsights_sitenote_note":"","_monsterinsights_sitenote_category":0,"footnotes":""},"class_list":{"0":"post-57942","1":"page","2":"type-page","3":"status-publish","5":"infinite-scroll-item","6":"no-featured-image-padding"},"aioseo_notices":[],"spectra_custom_meta":{"_edit_lock":["1566141275:3"],"_edit_last":["3"],"slide_template":["default","default"],"_wpml_media_duplicate":["1","1"],"_wpml_media_featured":["1","1"],"aal_manualgenerated":["a:3:{i:0;O:8:\"stdClass\":2:{s:7:\"keyword\";s:17:\"MyFormatConverter\";s:3:\"url\";s:30:\"https:\/\/myformatconverter.com\/\";}i:1;O:8:\"stdClass\":2:{s:7:\"keyword\";s:10:\"Photomizer\";s:3:\"url\";s:22:\"https:\/\/photomizer.com\";}i:2;O:8:\"stdClass\":2:{s:7:\"keyword\";s:6:\"CDRWIN\";s:3:\"url\";s:26:\"http:\/\/free.engelmann.com\/\";}}","a:3:{i:0;O:8:\"stdClass\":2:{s:7:\"keyword\";s:17:\"MyFormatConverter\";s:3:\"url\";s:30:\"https:\/\/myformatconverter.com\/\";}i:1;O:8:\"stdClass\":2:{s:7:\"keyword\";s:10:\"Photomizer\";s:3:\"url\";s:22:\"https:\/\/photomizer.com\";}i:2;O:8:\"stdClass\":2:{s:7:\"keyword\";s:6:\"CDRWIN\";s:3:\"url\";s:26:\"http:\/\/free.engelmann.com\/\";}}"],"wpmdr_menu":["1","1"],"cleverpush_send_notification":[""],"_schema_article":["a:12:{s:6:\"active\";N;s:8:\"headline\";N;s:16:\"mainEntityOfPage\";N;s:6:\"author\";N;s:5:\"image\";N;s:13:\"datePublished\";N;s:12:\"dateModified\";N;s:9:\"publisher\";N;s:14:\"publisherImage\";N;s:11:\"description\";N;s:11:\"articleBody\";N;s:19:\"alternativeHeadline\";N;}"],"_schema_blog_posting":["a:11:{s:6:\"active\";N;s:8:\"headline\";N;s:16:\"mainEntityOfPage\";N;s:6:\"author\";N;s:5:\"image\";N;s:13:\"datePublished\";N;s:12:\"dateModified\";N;s:9:\"publisher\";N;s:14:\"publisherImage\";N;s:11:\"description\";N;s:11:\"articleBody\";N;}"],"_schema_news_article":["a:11:{s:6:\"active\";N;s:8:\"headline\";N;s:16:\"mainEntityOfPage\";N;s:6:\"author\";N;s:5:\"image\";N;s:13:\"datePublished\";N;s:12:\"dateModified\";N;s:9:\"publisher\";N;s:14:\"publisherImage\";N;s:11:\"description\";N;s:11:\"articleBody\";N;}"],"_schema_event":["a:14:{s:6:\"active\";N;s:4:\"name\";N;s:12:\"locationName\";N;s:15:\"locationAddress\";N;s:9:\"startDate\";N;s:7:\"endDate\";N;s:11:\"description\";N;s:13:\"performerName\";N;s:5:\"image\";N;s:5:\"price\";N;s:13:\"priceCurrency\";N;s:12:\"availability\";N;s:9:\"validFrom\";N;s:3:\"url\";N;}"],"_schema_product":["a:20:{s:6:\"active\";N;s:4:\"name\";N;s:5:\"image\";N;s:11:\"description\";N;s:3:\"sku\";N;s:5:\"brand\";N;s:15:\"identifier_type\";s:3:\"mpn\";s:10:\"identifier\";N;s:17:\"reviewRatingValue\";N;s:16:\"reviewBestRating\";N;s:17:\"reviewWorstRating\";N;s:12:\"reviewAuthor\";N;s:11:\"ratingValue\";N;s:11:\"reviewCount\";N;s:5:\"price\";N;s:15:\"priceValidUntil\";N;s:13:\"priceCurrency\";N;s:12:\"availability\";N;s:13:\"itemCondition\";N;s:3:\"url\";N;}"],"_schema_video":["a:10:{s:6:\"active\";N;s:4:\"name\";N;s:11:\"description\";N;s:12:\"thumbnailUrl\";N;s:10:\"uploadDate\";N;s:8:\"duration\";N;s:10:\"contentUrl\";N;s:8:\"embedUrl\";N;s:16:\"interactionCount\";N;s:7:\"expires\";N;}"],"_schema_service":["a:13:{s:6:\"active\";N;s:4:\"name\";N;s:11:\"serviceType\";N;s:14:\"additionalType\";N;s:5:\"award\";N;s:8:\"category\";N;s:16:\"providerMobility\";N;s:11:\"description\";N;s:5:\"image\";N;s:16:\"mainEntityOfPage\";N;s:6:\"sameAs\";N;s:3:\"url\";N;s:13:\"alternateName\";N;}"],"_schema_review":["a:10:{s:6:\"active\";N;s:8:\"itemName\";N;s:10:\"reviewBody\";N;s:4:\"name\";N;s:6:\"author\";N;s:13:\"datePublished\";N;s:11:\"ratingValue\";N;s:10:\"bestRating\";N;s:11:\"worstRating\";N;s:9:\"publisher\";N;}"],"_schema_aggregate_rating":["a:13:{s:6:\"active\";N;s:11:\"schema_type\";N;s:4:\"name\";N;s:5:\"image\";N;s:10:\"priceRange\";N;s:9:\"telephone\";N;s:7:\"address\";N;s:11:\"description\";N;s:11:\"ratingCount\";N;s:11:\"reviewCount\";N;s:11:\"ratingValue\";N;s:10:\"bestRating\";N;s:11:\"worstRating\";N;}"],"_schema_restaurant":["a:10:{s:6:\"active\";N;s:4:\"name\";N;s:11:\"description\";N;s:12:\"openingHours\";N;s:9:\"telephone\";N;s:4:\"menu\";N;s:5:\"image\";N;s:7:\"address\";N;s:10:\"priceRange\";N;s:13:\"servesCuisine\";N;}"],"_schema_localBusiness":["a:10:{s:6:\"active\";N;s:4:\"name\";N;s:11:\"description\";N;s:5:\"image\";N;s:10:\"priceRange\";N;s:15:\"addressLocality\";N;s:13:\"addressRegion\";N;s:10:\"postalCode\";N;s:13:\"streetAddress\";N;s:9:\"telephone\";N;}"],"_schema_book":["a:0:{}"],"_schema_course":["a:0:{}"],"_schema_JobPosting":["a:0:{}"],"_schema_movie":["a:0:{}"],"_schema_music":["a:0:{}"],"_schema_recipe":["a:0:{}"],"_schema_TVEpisode":["a:0:{}"],"_schema_question":["a:0:{}"],"_schema_itemList":["a:0:{}"],"_kcseo_ative_tab":[""],"_yoast_wpseo_focuskw":["Datei-Formate"],"_yoast_wpseo_title":["CD-Kompendium: Datei-Formate | Engelmann Software"],"_yoast_wpseo_metadesc":["lll\u27a4 Hier finden Sie umfassende Informationen zum Thema Datei-Formate \u2013 von IS09660 bis UDF! Letzte Aktualisierung: %%currentmonth%% %%currentyear%% \u2705"],"_yoast_wpseo_linkdex":["61"],"_yoast_wpseo_content_score":["30"],"_yoast_wpseo_focuskeywords":["[]"],"_yoast_wpseo_keywordsynonyms":["[\"\"]"],"_uag_migration_processed":["1"],"_wpml_word_count":["859"],"_uag_page_assets":["a:9:{s:3:\"css\";s:0:\"\";s:2:\"js\";s:0:\"\";s:18:\"current_block_list\";a:3:{i:0;s:10:\"core\/image\";i:1;s:14:\"core\/paragraph\";i:2;s:14:\"core\/separator\";}s:8:\"uag_flag\";b:0;s:11:\"uag_version\";s:10:\"1776381342\";s:6:\"gfonts\";a:0:{}s:10:\"gfonts_url\";s:0:\"\";s:12:\"gfonts_files\";a:0:{}s:14:\"uag_faq_layout\";b:0;}"]},"uagb_featured_image_src":{"full":false,"thumbnail":false,"medium":false,"medium_large":false,"large":false,"1536x1536":false,"2048x2048":false},"uagb_author_info":{"display_name":"Ulrich Engelmann","author_link":"https:\/\/engelmann.com\/de\/author\/uengelmann\/"},"uagb_comment_info":0,"uagb_excerpt":"ISO 9660&nbsp;\u2013 Plattform \u00fcbergreifendes Dateisystem, um allen existierenden Betriebssysteme den Zugriff auf eine CD zu erm\u00f6glichen \u2013 sofern diese einen Treiber (wie MSCDEX f\u00fcr DOS ... Details \u279c","_links":{"self":[{"href":"https:\/\/engelmann.com\/de\/wp-json\/wp\/v2\/pages\/57942","targetHints":{"allow":["GET"]}}],"collection":[{"href":"https:\/\/engelmann.com\/de\/wp-json\/wp\/v2\/pages"}],"about":[{"href":"https:\/\/engelmann.com\/de\/wp-json\/wp\/v2\/types\/page"}],"author":[{"embeddable":true,"href":"https:\/\/engelmann.com\/de\/wp-json\/wp\/v2\/users\/3"}],"replies":[{"embeddable":true,"href":"https:\/\/engelmann.com\/de\/wp-json\/wp\/v2\/comments?post=57942"}],"version-history":[{"count":2,"href":"https:\/\/engelmann.com\/de\/wp-json\/wp\/v2\/pages\/57942\/revisions"}],"predecessor-version":[{"id":58869,"href":"https:\/\/engelmann.com\/de\/wp-json\/wp\/v2\/pages\/57942\/revisions\/58869"}],"wp:attachment":[{"href":"https:\/\/engelmann.com\/de\/wp-json\/wp\/v2\/media?parent=57942"}],"curies":[{"name":"wp","href":"https:\/\/api.w.org\/{rel}","templated":true}]}}