{"id":58180,"date":"2019-08-06T11:23:11","date_gmt":"2019-08-06T11:23:11","guid":{"rendered":"https:\/\/engelmann.com\/?page_id=58180"},"modified":"2019-08-06T11:23:38","modified_gmt":"2019-08-06T11:23:38","slug":"online-hilfe-photoblowup","status":"publish","type":"page","link":"https:\/\/engelmann.com\/de\/online-hilfe-photoblowup\/","title":{"rendered":"Photo BlowUp Online Hilfe"},"content":{"rendered":"\n<p><strong>Packungsinhalt<\/strong><\/p>\n\n\n\n<p>Das Produktpaket besteht aus der Software Photo BlowUp inklusive elektronischer Hilfedatei und&nbsp;Lizenzschl\u00fcssel.&nbsp;Auf Wunsch ist Photo BlowUp auch auf CD erh\u00e4ltlich.<\/p>\n\n\n\n<p><strong>Systemvoraussetzungen<\/strong><\/p>\n\n\n\n<p>Die Installation von Photo BlowUp setzt ein funktionierendes Windows-Betriebssystem voraus.&nbsp;In Bezug auf die Hardware gilt generell: Je leistungsf\u00e4higer, desto besser. Sie ben\u00f6tigen aber&nbsp;mindestens:<\/p>\n\n\n\n<ul class=\"wp-block-list\"><li>Windows 7, Windows 8, Windows 10 (jeweils 32- oder 64-Bit)<\/li><li>Net Framework 4.0<\/li><li>Mehrere GB Speicherplatz f\u00fcr heruntergeladene und\/oder konvertierte Fotos<\/li><li>W\u00e4hrend der Aktivierung des Programmes muss eine Verbindung zum Internet bestehen!<\/li><\/ul>\n\n\n\n<p><strong>Support<\/strong><\/p>\n\n\n\n<p>Treten unerwartet Probleme mit Photo BlowUp auf, wenden Sie sich bitte an unseren Support. Sie&nbsp;erreichen unser&nbsp;<a href=\"https:\/\/support.engelmann.com\/\">Support-Center<\/a>&nbsp;\u00fcber unser Kontaktformular.&nbsp;Damit wir Ihnen so effektiv wie m\u00f6glich helfen k\u00f6nnen, halten Sie bitte folgende Informationen&nbsp;bereit:<\/p>\n\n\n\n<ul class=\"wp-block-list\"><li>Den Programmnamen (also Photo BlowUp) und die Versionsnummer.<\/li><li>Die Bezeichnung des verwendeten Betriebssystems und eventuell installierter Service Packs.<\/li><li>Eine kurze Fehlerbeschreibung, sowie eine Angabe zu H\u00e4ufigkeit des Auftretens (sporadisch oder&nbsp;regelm\u00e4\u00dfig). Falls Sie ein Bildschirmfoto (Screenshot) der Fehlermeldung erstellt haben\/ erstellen<br>k\u00f6nnen, f\u00fcgen Sie ihn bitte einer Anfrage per Mail hinzu.<\/li><\/ul>\n\n\n\n<p><strong>Einrichtung<\/strong><\/p>\n\n\n\n<p>Um Ihnen den Einstieg zu erleichtern, finden Sie in diesem Kapitel alle wichtigen Informationen zur&nbsp;Einrichtung von Photo BlowUp auf Ihrem PC. Um Photo BlowUp zu installieren, gehen Sie bitte wie folgt vor:<\/p>\n\n\n\n<ul class=\"wp-block-list\"><li>Sichern Sie alle aktuellen Daten und schlie\u00dfen Sie alle offenen Programme.<\/li><li>Haben Sie Photo BlowUp auf CD erworben, so legen Sie jetzt die Disc ein. Der Setup-Assistent&nbsp;startet automatisch. Ist dieses nicht der Fall, \u00f6ffnen Sie bitte \u00fcber den \u201aArbeitsplatz\u2018 auf Ihrem&nbsp;Desktop Ihr CD-ROM-Laufwerk und f\u00fchren Sie die Setupdatei per Doppel-Klick aus. (z.B. D:\\Setup.exe)<\/li><li>Haben Sie Photo BlowUp als Download erworben, so starten Sie die heruntergeladene Datei mit&nbsp;einem Doppelklick.&nbsp;Sollten Sie die Datei noch nicht heruntergeladen haben, k\u00f6nnen Sie dies auf unserer Homepage nachholen.<\/li><\/ul>\n\n\n\n<p>Der Setup-Assistent leitet Sie Schritt-f\u00fcr-Schritt durch die weitere Installation. Wie allgemein \u00fcblich,&nbsp;gelten dabei folgende Regeln:<\/p>\n\n\n\n<ul class=\"wp-block-list\"><li><em>Weiter<\/em>: Die Schaltfl\u00e4che \u201aWeiter\u2018 ruft den n\u00e4chsten Installationsschritt auf.<\/li><li><em>Zur\u00fcck<\/em>: Die Schaltfl\u00e4che \u201aZur\u00fcck\u2018 ruft den vorherigen Installationsschritt auf.<\/li><li><em>Installieren<\/em>: Die Schaltfl\u00e4che \u201aInstallieren\u2018 startet den Installationsvorgang. Bis zu dem Moment, in&nbsp;dem Sie auf Installieren klicken, werden keine \u00c4nderungen an Ihrem System vorgenommen.<\/li><li><em>Abbrechen<\/em>: Die Schaltfl\u00e4che \u201aAbbrechen\u2018 bricht die Installation ab und macht alle eventuell&nbsp;durchgef\u00fchrten \u00c4nderungen r\u00fcckg\u00e4ngig.<\/li><\/ul>\n\n\n\n<p><strong>Programmstart<\/strong><\/p>\n\n\n\n<p>Nach der erfolgreichen Installation starten Sie Photo BlowUp auf eine der folgenden M\u00f6glichkeiten:<\/p>\n\n\n\n<ul class=\"wp-block-list\"><li>\u00dcber das Startmen\u00fc: Klicken Sie auf \u201aStart \u2013&gt; Programme \u2013&gt; Photo BlowUp\u2018.<\/li><li>\u00dcber den Desktop: Doppelklicken Sie auf das Photo BlowUp Symbol auf Ihrem Desktop. (Falls&nbsp;Sie dieses w\u00e4hrend der Installation haben anlegen lassen.)<\/li><li>\u00dcber die Schnellstartleiste: Klicken Sie auf das Photo BlowUp-Symbol in der&nbsp;Schnellstartleiste. (Hinweis: Die Schnellstartleiste steht ab Windows 7 nicht standardm\u00e4\u00dfig zur&nbsp;Verf\u00fcgung.)<\/li><li>Wichtig: Stellen Sie vor dem ersten Programmstart bitte sicher, dass Ihr PC mit dem Internet verbunden&nbsp;ist, damit Photo BlowUp lizensiert und freigeschaltet werden kann.<\/li><\/ul>\n\n\n\n<p><strong>Hauptmen\u00fc<\/strong><\/p>\n\n\n\n<p>Das Hauptmen\u00fc fungiert als Explorer um Bilddateien zum Editieren auszuw\u00e4hlen. Die beiden Icons oben recht wechseln die Gr\u00f6\u00dfe der Vorschaubilder und \u00e4ndern die Sortierung zwischen \u201eName\u201c, \u201eEXIF Zeit\u201c und \u201e\u00c4nderungsdatum\u201c. Mit einem Linksklick k\u00f6nnen sie Bilddateien ausw\u00e4hlen. Mehrere Dateien k\u00f6nnen durch halten von \u201eShift\u201c oder \u201eStrg\u201c w\u00e4hrend der Auswahl selektiert werden. Dies ist besonders n\u00fctzlich f\u00fcr die Stapelverarbeitung. Das erste Icon oben links \u00f6ffnet ein Men\u00fc mit folgenden Eintr\u00e4gen:<\/p>\n\n\n\n<ul class=\"wp-block-list\"><li>Fotooptionen: Hier k\u00f6nnen sie ihre Bilder rotieren und die Dateien wie im Browser bearbeiten.<\/li><li>Programm: Hier k\u00f6nnen sie die Programmsprache wechseln und nach Updates suchen. Au\u00dferdem finden sie hier diese Hilfe.<\/li><li>Einf\u00fcgen oder Bearbeiten\u2026: \u00d6ffnet ein Bild aus ihrer Zwischenablage.<\/li><li>Projekt laden: \u00d6ffnen sie ein zuvor gespeichertes Projekt um die Bearbeitung fortzusetzen.<\/li><\/ul>\n\n\n\n<p>Das zweite Icon \u00f6ffnet eine Vorschau-Ansicht f\u00fcr ihr ausgew\u00e4hltes Bild. Diese kann auch durch einen Doppelklick auf die gew\u00fcnschte Datei ge\u00f6ffnet werden. Das dritte Icon \u00f6ffnet das Bearbeitungsfenster f\u00fcr ihr ausgew\u00e4hltes Bild. Das vierte Icon \u00f6ffnet das Stapelverarbeitung-Fenster f\u00fcr alle ihre ausgew\u00e4hlten Bilder.<\/p>\n\n\n\n<p><strong>Fotobearbeitung<\/strong><\/p>\n\n\n\n<p>Im ersten Teil k\u00f6nnen sie zwischen verschiedenen Vergr\u00f6\u00dferungen\/ Verkleinerungen w\u00e4hlen. Auch benutzerdefinierte Gr\u00f6\u00dfen sind m\u00f6glich. Die Einheit kann dabei zwischen \u201ePixel\u201c, \u201eInch\u201c und \u201ecm\u201c gewechselt werden. Das Seitenverh\u00e4ltnis bleibt bei allen Gr\u00f6\u00dfen\u00e4nderungen erhalten. Unter \u201eQuelle beschneiden\u201c k\u00f6nnen sie einen Bereich des Bildes w\u00e4hlen, welcher bearbeitet werden soll. PhotoBlowUp beinhaltet verschiedene Algorithmen, die auf unterschiedliche Quellen von Bildern angewendet werden k\u00f6nnen. Diese k\u00f6nnen unter Kanten verbessern\/ Sch\u00e4rfen gew\u00e4hlt werden:<\/p>\n\n\n\n<ul class=\"wp-block-list\"><li>Ein klares Bild hoher Qualit\u00e4t: F\u00fcr Bilder mit hoher Qualit\u00e4t, scharf, viele Details und ohne Verzerrungen\/ Rauschen\/ Verwischen.<\/li><li>Ein jpg Bild einer Website: F\u00fcr Bilder von Websites mit sichtbar komprimierten Artefakten. W\u00e4hrend der Vergr\u00f6\u00dferung wird die Verzerrung gr\u00f6\u00dfer.<\/li><li>Eine Abbildung (Text, Cartoon, \u2026): F\u00fcr Bilder mit klaren Kanten wie zum Beispiel Vektorgrafiken, Texte und Cartoons.<\/li><\/ul>\n\n\n\n<p>Die Option \u201eRauschen vor vergr\u00f6\u00dfern entfernen\u201c wendet den Rauschreduzierungsalgorithmus vor der Vergr\u00f6\u00dferung auf das Bild an. Nach der Vergr\u00f6\u00dferung k\u00f6nnen einige Details, wie zum Beispiel die Struktur von Haut, Kleidung und Fell, verloren gehen. \u201eK\u00fcnstliche Struktur hinzuf\u00fcgen\u201c versucht diese Strukturen wiederherzustellen. Die St\u00e4rke kann hierbei angepasst werden. \u201eK\u00f6rnung hinzuf\u00fcgen\u201c hilft dabei, das Ergebnis nat\u00fcrlicher wirken zu lassen. Dies wird durch hinzuf\u00fcgen von Rauschen in den Luminanzkanal bewerkstelligt. Auch hier kann die St\u00e4rke variiert werden.<\/p>\n\n\n\n<p><strong>Foto speichern<\/strong><\/p>\n\n\n\n<p>Nachdem sie mit der Bearbeitung fertig sind k\u00f6nnen sie das Bild durch einen Klick auf \u201eSpeichern\u201c links unten das Bild speichern. Anschlie\u00dfend haben sie die Wahl zwischen verschiedenen Voreinstellungen. Sie k\u00f6nnen auch eine neue Voreinstellung erstellen. Dort k\u00f6nnen sie ein Vergleich zwischen dem Originalfoto und dem Bearbeitungsergebnis betrachten. Au\u00dferdem k\u00f6nnen sie die Bildqualit\u00e4t, Dateigr\u00f6\u00dfe und Kompression anpassen.<\/p>\n\n\n\n<p><strong>Stapelverarbeitung<\/strong><\/p>\n\n\n\n<p>Die Dateiliste kann mithilfe der Buttons unten links bearbeitet werden. Der erste Bereich oben rechts bietet dieselben Optionen wie die Fotobearbeitung eines einzelnen Bildes. Die weiteren Einstellungen betreffen das Speichern der Fotos. Hier k\u00f6nnen sie das Dateiformat, den Speicherort und Benennungsregeln anpassen. Au\u00dferdem k\u00f6nnen sie entscheiden, ob das Originalbild \u00fcberschrieben werden soll.<\/p>\n\n\n\n<p>&lt;-&nbsp;<a href=\"https:\/\/engelmann.com\/de\/hilfen\/\">Zur\u00fcck zur \u00dcbersicht aller verf\u00fcgbaren Hilfen von Engelmann Software<\/a><br><\/p>\n","protected":false},"excerpt":{"rendered":"<p>Packungsinhalt Das Produktpaket besteht aus der Software Photo BlowUp inklusive elektronischer Hilfedatei und&nbsp;Lizenzschl\u00fcssel.&nbsp;Auf Wunsch ist Photo BlowUp auch auf CD erh\u00e4ltlich. Systemvoraussetzungen Die Installation von &#8230; <a title=\"Photo BlowUp Online Hilfe\" class=\"read-more\" href=\"https:\/\/engelmann.com\/de\/online-hilfe-photoblowup\/\" aria-label=\"Mehr Informationen \u00fcber Photo BlowUp Online Hilfe\">Details \u279c<\/a><\/p>\n","protected":false},"author":3,"featured_media":0,"parent":0,"menu_order":0,"comment_status":"closed","ping_status":"closed","template":"","meta":{"om_disable_all_campaigns":false,"_uag_custom_page_level_css":"","_monsterinsights_skip_tracking":false,"_monsterinsights_sitenote_active":false,"_monsterinsights_sitenote_note":"","_monsterinsights_sitenote_category":0,"footnotes":""},"class_list":{"0":"post-58180","1":"page","2":"type-page","3":"status-publish","5":"infinite-scroll-item","6":"no-featured-image-padding"},"aioseo_notices":[],"spectra_custom_meta":{"_edit_lock":["1565090483:2"],"_edit_last":["2","2"],"slide_template":["default","default"],"_wpml_media_duplicate":["1","1"],"_wpml_media_featured":["1","1"],"_yoast_wpseo_content_score":["30","30"],"aal_manualgenerated":["a:0:{}","a:0:{}"],"wpmdr_menu":["1","1"],"_uag_migration_processed":["1"],"_uag_page_assets":["a:9:{s:3:\"css\";s:0:\"\";s:2:\"js\";s:0:\"\";s:18:\"current_block_list\";a:2:{i:0;s:14:\"core\/paragraph\";i:1;s:9:\"core\/list\";}s:8:\"uag_flag\";b:0;s:11:\"uag_version\";s:10:\"1776020720\";s:6:\"gfonts\";a:0:{}s:10:\"gfonts_url\";s:0:\"\";s:12:\"gfonts_files\";a:0:{}s:14:\"uag_faq_layout\";b:0;}"]},"uagb_featured_image_src":{"full":false,"thumbnail":false,"medium":false,"medium_large":false,"large":false,"1536x1536":false,"2048x2048":false},"uagb_author_info":{"display_name":"Ulrich Engelmann","author_link":"https:\/\/engelmann.com\/de\/author\/uengelmann\/"},"uagb_comment_info":0,"uagb_excerpt":"Packungsinhalt Das Produktpaket besteht aus der Software Photo BlowUp inklusive elektronischer Hilfedatei und&nbsp;Lizenzschl\u00fcssel.&nbsp;Auf Wunsch ist Photo BlowUp auch auf CD erh\u00e4ltlich. Systemvoraussetzungen Die Installation von ... Details \u279c","_links":{"self":[{"href":"https:\/\/engelmann.com\/de\/wp-json\/wp\/v2\/pages\/58180","targetHints":{"allow":["GET"]}}],"collection":[{"href":"https:\/\/engelmann.com\/de\/wp-json\/wp\/v2\/pages"}],"about":[{"href":"https:\/\/engelmann.com\/de\/wp-json\/wp\/v2\/types\/page"}],"author":[{"embeddable":true,"href":"https:\/\/engelmann.com\/de\/wp-json\/wp\/v2\/users\/3"}],"replies":[{"embeddable":true,"href":"https:\/\/engelmann.com\/de\/wp-json\/wp\/v2\/comments?post=58180"}],"version-history":[{"count":1,"href":"https:\/\/engelmann.com\/de\/wp-json\/wp\/v2\/pages\/58180\/revisions"}],"predecessor-version":[{"id":58181,"href":"https:\/\/engelmann.com\/de\/wp-json\/wp\/v2\/pages\/58180\/revisions\/58181"}],"wp:attachment":[{"href":"https:\/\/engelmann.com\/de\/wp-json\/wp\/v2\/media?parent=58180"}],"curies":[{"name":"wp","href":"https:\/\/api.w.org\/{rel}","templated":true}]}}