{"id":58220,"date":"2019-08-06T14:35:31","date_gmt":"2019-08-06T14:35:31","guid":{"rendered":"https:\/\/engelmann.com\/?page_id=58220"},"modified":"2019-08-06T14:35:43","modified_gmt":"2019-08-06T14:35:43","slug":"festplattenrettungs-tool-first-aid-kit","status":"publish","type":"page","link":"https:\/\/engelmann.com\/de\/festplattenrettungs-tool-first-aid-kit\/","title":{"rendered":"Das Festplattenrettungs Tool First Aid Kit"},"content":{"rendered":"\n<p>Mit dem&nbsp;<strong>Festplattenrettungs-Tool First-Aid-Kit<\/strong>&nbsp;von SecuPerts l\u00e4sst sich der eigene Windows-PC gut vor dem pl\u00f6tzlichen Ausfall einer Festplatte sch\u00fctzen, au\u00dferdem enth\u00e4lt die Software auch noch einen Virus Scan.<\/p>\n\n\n\n<p>Dabei hilft die Software schon, bevor \u00fcberhaupt etwas verloren geht; alle Daten auf einer Festplatte lassen sich bequem exportieren, egal ob lokal, ins eigene Netzwerk oder in eine Cloud. Des Weiteren lassen sich Festplatten klonen, das hei\u00dft, dass die auf ihr gespeicherten Daten auf eine andere Festplatte \u00fcbertragen werden. Das kann beispielsweise hilfreich sein, wenn eine Festplatte verkauft werden soll, die Daten aber trotzdem bestehen bleiben sollen. Ein weiteres Feature, das zwar nicht unbedingt etwas mit der Festplattenrettung zu tun hat, aber trotzdem hilfreich ist, ist die M\u00f6glichkeit, Laufwerke im eigenen Netzwerk freizuschalten. So kann man von jedem Rechner in seinem Netzwerk auf die auf dieser Festplatte gespeicherten Daten zugreifen. Noch ein Feature, das zwar genau das Gegenteil von Festplattenrettung bewirkt, aber trotzdem auch sehr hilfreich ist, ist die M\u00f6glichkeit, mit dem First-Aid-Kit Festplatten g\u00e4nzlich zu l\u00f6schen. Beim Verkauf von einem PC reicht das Formatieren einer Festplatte n\u00e4mlich oft nicht aus und der K\u00e4ufer k\u00f6nnte die Daten theoretisch wiederherstellen; mit dieser Art der L\u00f6schung von Festplatten ist dies jedoch nicht der Fall.<\/p>\n\n\n\n<p>Doch das wohl wichtigste Feature der Software ist vermutlich die Datenrettung. Sollten Fotos, Videos oder Dokumente versehentlich gel\u00f6scht worden sein, lassen sie sich hiermit gr\u00f6\u00dftenteils wiederherstellen. Selbst im Fall einer versehentlichen Formatierung der Festplatte lassen sich mit dem First-Aid-Kit h\u00e4ufig die meisten Daten wiederherstellen.<\/p>\n\n\n\n<p>Au\u00dferdem ist in der Software noch ein Anti-Viren-Scan enthalten; h\u00e4ufig kann man Probleme mit einer Festplatte n\u00e4mlich auch einfach auf einen Virus zur\u00fcckf\u00fchren. Des Weiteren sind noch ein Registry Editor, mit dem sich fehlerhafte Registry-Eintr\u00e4ge r\u00fcckg\u00e4ngig machen lassen, und ein Notfall-Arbeitsplatz, der bei Ausfall von einem PC die wichtigsten Funktionen wie E-Mail oder Textverarbeitungsprogramme weiterhin bereitstellt, enthalten.<\/p>\n\n\n\n<p>Das First-Aid-Kit zur Festplattenrettung von SecuPerts ist in verschieden Varianten erh\u00e4ltlich:<\/p>\n\n\n\n<ol class=\"wp-block-list\"><li>Eine kostenlose Version, mit der alle Funktionen nur getestet werden k\u00f6nnen (0,00\u20ac)<\/li><li>Eine kostenpflichtige Download-Version mit allen Features (29,99\u20ac)<\/li><li>Eine kostenpflichtige Version mit allen Features auf einem USB-Stick mit 16GB \/ 64GB (39,99\u20ac \/ 59,99\u20ac)<\/li><\/ol>\n\n\n\n<hr class=\"wp-block-separator\"\/>\n\n\n\n<p><strong><br>Bitte beachten Sie:<\/strong>&nbsp;Wir empfehlen zur Datenrettung unsere Software SecuPerts&nbsp;<a href=\"https:\/\/first-aid-kit.net\/\">First Aid Kit<\/a>.<\/p>\n\n\n\n<p>&lt;-&nbsp;<a href=\"https:\/\/engelmann.com\/de\/kompendium-datenrettung\/\">Zur\u00fcck zum Inhaltsverzeichnis<\/a><br><\/p>\n","protected":false},"excerpt":{"rendered":"<p>Mit dem&nbsp;Festplattenrettungs-Tool First-Aid-Kit&nbsp;von SecuPerts l\u00e4sst sich der eigene Windows-PC gut vor dem pl\u00f6tzlichen Ausfall einer Festplatte sch\u00fctzen, au\u00dferdem enth\u00e4lt die Software auch noch einen Virus &#8230; <a title=\"Das Festplattenrettungs Tool First Aid Kit\" class=\"read-more\" href=\"https:\/\/engelmann.com\/de\/festplattenrettungs-tool-first-aid-kit\/\" aria-label=\"Mehr Informationen \u00fcber Das Festplattenrettungs Tool First Aid Kit\">Details \u279c<\/a><\/p>\n","protected":false},"author":3,"featured_media":0,"parent":0,"menu_order":0,"comment_status":"closed","ping_status":"closed","template":"","meta":{"om_disable_all_campaigns":false,"_uag_custom_page_level_css":"","_monsterinsights_skip_tracking":false,"_monsterinsights_sitenote_active":false,"_monsterinsights_sitenote_note":"","_monsterinsights_sitenote_category":0,"footnotes":""},"class_list":{"0":"post-58220","1":"page","2":"type-page","3":"status-publish","5":"infinite-scroll-item","6":"no-featured-image-padding"},"aioseo_notices":[],"spectra_custom_meta":{"_edit_lock":["1565102144:2"],"_edit_last":["2","2"],"slide_template":["default","default"],"_wpml_media_duplicate":["1","1"],"_wpml_media_featured":["1","1"],"_yoast_wpseo_content_score":["30","30"],"aal_manualgenerated":["a:0:{}","a:0:{}"],"wpmdr_menu":["1","1"],"_uag_migration_processed":["1"],"_wpml_word_count":["467"],"_uagb_previous_block_counts":["a:90:{s:21:\"uagb\/advanced-heading\";i:0;s:15:\"uagb\/blockquote\";i:0;s:12:\"uagb\/buttons\";i:0;s:18:\"uagb\/buttons-child\";i:0;s:19:\"uagb\/call-to-action\";i:0;s:15:\"uagb\/cf7-styler\";i:0;s:11:\"uagb\/column\";i:0;s:12:\"uagb\/columns\";i:0;s:14:\"uagb\/container\";i:0;s:21:\"uagb\/content-timeline\";i:0;s:27:\"uagb\/content-timeline-child\";i:0;s:14:\"uagb\/countdown\";i:0;s:12:\"uagb\/counter\";i:0;s:8:\"uagb\/faq\";i:0;s:14:\"uagb\/faq-child\";i:0;s:10:\"uagb\/forms\";i:0;s:17:\"uagb\/forms-accept\";i:0;s:19:\"uagb\/forms-checkbox\";i:0;s:15:\"uagb\/forms-date\";i:0;s:16:\"uagb\/forms-email\";i:0;s:17:\"uagb\/forms-hidden\";i:0;s:15:\"uagb\/forms-name\";i:0;s:16:\"uagb\/forms-phone\";i:0;s:16:\"uagb\/forms-radio\";i:0;s:17:\"uagb\/forms-select\";i:0;s:19:\"uagb\/forms-textarea\";i:0;s:17:\"uagb\/forms-toggle\";i:0;s:14:\"uagb\/forms-url\";i:0;s:14:\"uagb\/gf-styler\";i:0;s:15:\"uagb\/google-map\";i:0;s:11:\"uagb\/how-to\";i:0;s:16:\"uagb\/how-to-step\";i:0;s:9:\"uagb\/icon\";i:0;s:14:\"uagb\/icon-list\";i:0;s:20:\"uagb\/icon-list-child\";i:0;s:10:\"uagb\/image\";i:0;s:18:\"uagb\/image-gallery\";i:0;s:13:\"uagb\/info-box\";i:0;s:18:\"uagb\/inline-notice\";i:0;s:11:\"uagb\/lottie\";i:0;s:21:\"uagb\/marketing-button\";i:0;s:10:\"uagb\/modal\";i:0;s:18:\"uagb\/popup-builder\";i:0;s:16:\"uagb\/post-button\";i:0;s:18:\"uagb\/post-carousel\";i:0;s:17:\"uagb\/post-excerpt\";i:0;s:14:\"uagb\/post-grid\";i:0;s:15:\"uagb\/post-image\";i:0;s:17:\"uagb\/post-masonry\";i:0;s:14:\"uagb\/post-meta\";i:0;s:18:\"uagb\/post-taxonomy\";i:0;s:18:\"uagb\/post-timeline\";i:0;s:15:\"uagb\/post-title\";i:0;s:20:\"uagb\/restaurant-menu\";i:0;s:26:\"uagb\/restaurant-menu-child\";i:0;s:11:\"uagb\/review\";i:0;s:12:\"uagb\/section\";i:0;s:14:\"uagb\/separator\";i:0;s:11:\"uagb\/slider\";i:0;s:17:\"uagb\/slider-child\";i:0;s:17:\"uagb\/social-share\";i:0;s:23:\"uagb\/social-share-child\";i:0;s:16:\"uagb\/star-rating\";i:0;s:23:\"uagb\/sure-cart-checkout\";i:0;s:22:\"uagb\/sure-cart-product\";i:0;s:15:\"uagb\/sure-forms\";i:0;s:22:\"uagb\/table-of-contents\";i:0;s:9:\"uagb\/tabs\";i:0;s:15:\"uagb\/tabs-child\";i:0;s:18:\"uagb\/taxonomy-list\";i:0;s:9:\"uagb\/team\";i:0;s:16:\"uagb\/testimonial\";i:0;s:14:\"uagb\/wp-search\";i:0;s:19:\"uagb\/instagram-feed\";i:0;s:10:\"uagb\/login\";i:0;s:17:\"uagb\/loop-builder\";i:0;s:18:\"uagb\/loop-category\";i:0;s:20:\"uagb\/loop-pagination\";i:0;s:15:\"uagb\/loop-reset\";i:0;s:16:\"uagb\/loop-search\";i:0;s:14:\"uagb\/loop-sort\";i:0;s:17:\"uagb\/loop-wrapper\";i:0;s:13:\"uagb\/register\";i:0;s:19:\"uagb\/register-email\";i:0;s:24:\"uagb\/register-first-name\";i:0;s:23:\"uagb\/register-last-name\";i:0;s:22:\"uagb\/register-password\";i:0;s:30:\"uagb\/register-reenter-password\";i:0;s:19:\"uagb\/register-terms\";i:0;s:22:\"uagb\/register-username\";i:0;}"],"_uag_page_assets":["a:9:{s:3:\"css\";s:0:\"\";s:2:\"js\";s:0:\"\";s:18:\"current_block_list\";a:3:{i:0;s:14:\"core\/paragraph\";i:1;s:9:\"core\/list\";i:2;s:14:\"core\/separator\";}s:8:\"uag_flag\";b:0;s:11:\"uag_version\";s:10:\"1777736664\";s:6:\"gfonts\";a:0:{}s:10:\"gfonts_url\";s:0:\"\";s:12:\"gfonts_files\";a:0:{}s:14:\"uag_faq_layout\";b:0;}"]},"uagb_featured_image_src":{"full":false,"thumbnail":false,"medium":false,"medium_large":false,"large":false,"1536x1536":false,"2048x2048":false},"uagb_author_info":{"display_name":"Ulrich Engelmann","author_link":"https:\/\/engelmann.com\/de\/author\/uengelmann\/"},"uagb_comment_info":0,"uagb_excerpt":"Mit dem&nbsp;Festplattenrettungs-Tool First-Aid-Kit&nbsp;von SecuPerts l\u00e4sst sich der eigene Windows-PC gut vor dem pl\u00f6tzlichen Ausfall einer Festplatte sch\u00fctzen, au\u00dferdem enth\u00e4lt die Software auch noch einen Virus ... Details \u279c","_links":{"self":[{"href":"https:\/\/engelmann.com\/de\/wp-json\/wp\/v2\/pages\/58220","targetHints":{"allow":["GET"]}}],"collection":[{"href":"https:\/\/engelmann.com\/de\/wp-json\/wp\/v2\/pages"}],"about":[{"href":"https:\/\/engelmann.com\/de\/wp-json\/wp\/v2\/types\/page"}],"author":[{"embeddable":true,"href":"https:\/\/engelmann.com\/de\/wp-json\/wp\/v2\/users\/3"}],"replies":[{"embeddable":true,"href":"https:\/\/engelmann.com\/de\/wp-json\/wp\/v2\/comments?post=58220"}],"version-history":[{"count":1,"href":"https:\/\/engelmann.com\/de\/wp-json\/wp\/v2\/pages\/58220\/revisions"}],"predecessor-version":[{"id":58221,"href":"https:\/\/engelmann.com\/de\/wp-json\/wp\/v2\/pages\/58220\/revisions\/58221"}],"wp:attachment":[{"href":"https:\/\/engelmann.com\/de\/wp-json\/wp\/v2\/media?parent=58220"}],"curies":[{"name":"wp","href":"https:\/\/api.w.org\/{rel}","templated":true}]}}