{"id":58222,"date":"2019-08-06T14:37:26","date_gmt":"2019-08-06T14:37:26","guid":{"rendered":"https:\/\/engelmann.com\/?page_id=58222"},"modified":"2019-08-06T14:37:42","modified_gmt":"2019-08-06T14:37:42","slug":"datenrettung-first-aid-kit","status":"publish","type":"page","link":"https:\/\/engelmann.com\/de\/datenrettung-first-aid-kit\/","title":{"rendered":"Das File Recovery Tool First Aid Kit"},"content":{"rendered":"\n<div class=\"wp-block-image\"><figure class=\"alignright\"><img decoding=\"async\" src=\"https:\/\/engelmann.com\/wp-content\/uploads\/2018\/04\/datenrettungs-kompendium.png\" alt=\"Datenrettungs-Kompendium\" class=\"wp-image-52994\"\/><\/figure><\/div>\n\n\n\n<p>Das File Recovery Tool ist ein Werkzeug, was extra dazu entwickelt wurde, um verlorene Daten wieder herzustellen. Das Besondere an diesem Tool ist, dass man die ersten Daten sogar kostenlos wiederherstellen kann. Daf\u00fcr muss man einfach&nbsp;<a href=\"http:\/\/first-aid-kit.net\/\">die Seite besuchen<\/a>&nbsp;und findet dort einen Link, den man nutzen kann, um die ersten Daten herunter zu laden. Wenn man danach noch mehr Daten retten m\u00f6chte, muss man auf die kostenpflichtige Version zur\u00fcckgreifen.<\/p>\n\n\n\n<p>Die Version bietet, jedoch noch viel mehr Funktionen an, als nur die Daten im Notfall zu retten. Man muss es in der Zukunft gar nicht zu so einem Szenario kommen lassen. Wenn man darauf achtet, dass man keine gef\u00e4hrlichen Downloads mit herunterl\u00e4dt, kann einem im Grunde nichts mehr passieren. Es ist verst\u00e4ndlich, dass man nicht immer \u00fcberpr\u00fcfen kann, ob ein Download gef\u00e4hrlich ist, oder nicht.<\/p>\n\n\n\n<p>Deswegen sollte man regelm\u00e4\u00dfig auf dieses Tool zur\u00fcckgreifen. Dieses Tool durchforstest regelm\u00e4\u00dfig den eigene Computer. Wenn dem Tool irgendetwas auff\u00e4llt, meldet er das direkt dem Besitzer. Das File Recovery ist somit nicht nur f\u00fcr das Worst- Case Szenario zu gebrauchen. Abgesehen davon sollte man darauf achten, dass man f\u00fcr die Datenwiederherstellung eine andere Speicherquelle zur Verf\u00fcgung hat. Diese Festplatte kann zum Beispiel ein Handy, oder ein anderer Computer sein. Wichtig ist nur, dass so ein Speicher vorhanden ist, denn ansonsten kann das Tool die zerst\u00f6rten Daten nicht wiederherstellen. Das File Recovery kann n\u00e4mlich nicht den zerst\u00f6rten Computer, oder ein anderes Ger\u00e4t wiederherstellen. Ein Datenverlust kann jedem widerfahren. Wichtig ist nur, dass man dabei richtig handelt. Man sollte daf\u00fcr sorgen, dass die Daten so schnell wie m\u00f6glich wiederherstellt. Ansonsten kann es sein, dass die Daten verloren gehen bzw. nicht mehr im Ganzen zur Verf\u00fcgung stehen.<\/p>\n\n\n\n<p>Wenn man g\u00fcnstig und schnell Daten retten will, sollte man das schnell mit dem File Recovery erledigen, der die eigenen Daten innerhalb von ein paar Minuten wiederherstellen kann.<\/p>\n\n\n\n<p>&lt;-&nbsp;<a href=\"https:\/\/engelmann.com\/de\/kompendium-datenrettung\/\">Zur\u00fcck zum Inhaltsverzeichnis<\/a><\/p>\n\n\n\n<hr class=\"wp-block-separator\"\/>\n\n\n\n<p><strong><br>Bitte beachten Sie:<\/strong>&nbsp;Wir empfehlen zur Datenrettung unsere Software SecuPerts&nbsp;<a href=\"https:\/\/first-aid-kit.net\/\">First Aid Kit<\/a>.<\/p>\n","protected":false},"excerpt":{"rendered":"<p>Das File Recovery Tool ist ein Werkzeug, was extra dazu entwickelt wurde, um verlorene Daten wieder herzustellen. Das Besondere an diesem Tool ist, dass man &#8230; <a title=\"Das File Recovery Tool First Aid Kit\" class=\"read-more\" href=\"https:\/\/engelmann.com\/de\/datenrettung-first-aid-kit\/\" aria-label=\"Mehr Informationen \u00fcber Das File Recovery Tool First Aid Kit\">Details \u279c<\/a><\/p>\n","protected":false},"author":3,"featured_media":0,"parent":0,"menu_order":0,"comment_status":"closed","ping_status":"closed","template":"","meta":{"om_disable_all_campaigns":false,"_uag_custom_page_level_css":"","_monsterinsights_skip_tracking":false,"_monsterinsights_sitenote_active":false,"_monsterinsights_sitenote_note":"","_monsterinsights_sitenote_category":0,"footnotes":""},"class_list":{"0":"post-58222","1":"page","2":"type-page","3":"status-publish","5":"infinite-scroll-item","6":"no-featured-image-padding"},"aioseo_notices":[],"spectra_custom_meta":{"_edit_lock":["1565102145:2"],"_edit_last":["2","2"],"slide_template":["default","default"],"_wpml_media_duplicate":["1","1"],"_wpml_media_featured":["1","1"],"_yoast_wpseo_content_score":["90","90"],"aal_manualgenerated":["a:0:{}","a:0:{}"],"wpmdr_menu":["1","1"],"_uag_migration_processed":["1"],"_wpml_word_count":["353"],"_uag_page_assets":["a:9:{s:3:\"css\";s:0:\"\";s:2:\"js\";s:0:\"\";s:18:\"current_block_list\";a:3:{i:0;s:10:\"core\/image\";i:1;s:14:\"core\/paragraph\";i:2;s:14:\"core\/separator\";}s:8:\"uag_flag\";b:0;s:11:\"uag_version\";s:10:\"1776812720\";s:6:\"gfonts\";a:0:{}s:10:\"gfonts_url\";s:0:\"\";s:12:\"gfonts_files\";a:0:{}s:14:\"uag_faq_layout\";b:0;}"],"_uagb_previous_block_counts":["a:90:{s:21:\"uagb\/advanced-heading\";i:0;s:15:\"uagb\/blockquote\";i:0;s:12:\"uagb\/buttons\";i:0;s:18:\"uagb\/buttons-child\";i:0;s:19:\"uagb\/call-to-action\";i:0;s:15:\"uagb\/cf7-styler\";i:0;s:11:\"uagb\/column\";i:0;s:12:\"uagb\/columns\";i:0;s:14:\"uagb\/container\";i:0;s:21:\"uagb\/content-timeline\";i:0;s:27:\"uagb\/content-timeline-child\";i:0;s:14:\"uagb\/countdown\";i:0;s:12:\"uagb\/counter\";i:0;s:8:\"uagb\/faq\";i:0;s:14:\"uagb\/faq-child\";i:0;s:10:\"uagb\/forms\";i:0;s:17:\"uagb\/forms-accept\";i:0;s:19:\"uagb\/forms-checkbox\";i:0;s:15:\"uagb\/forms-date\";i:0;s:16:\"uagb\/forms-email\";i:0;s:17:\"uagb\/forms-hidden\";i:0;s:15:\"uagb\/forms-name\";i:0;s:16:\"uagb\/forms-phone\";i:0;s:16:\"uagb\/forms-radio\";i:0;s:17:\"uagb\/forms-select\";i:0;s:19:\"uagb\/forms-textarea\";i:0;s:17:\"uagb\/forms-toggle\";i:0;s:14:\"uagb\/forms-url\";i:0;s:14:\"uagb\/gf-styler\";i:0;s:15:\"uagb\/google-map\";i:0;s:11:\"uagb\/how-to\";i:0;s:16:\"uagb\/how-to-step\";i:0;s:9:\"uagb\/icon\";i:0;s:14:\"uagb\/icon-list\";i:0;s:20:\"uagb\/icon-list-child\";i:0;s:10:\"uagb\/image\";i:0;s:18:\"uagb\/image-gallery\";i:0;s:13:\"uagb\/info-box\";i:0;s:18:\"uagb\/inline-notice\";i:0;s:11:\"uagb\/lottie\";i:0;s:21:\"uagb\/marketing-button\";i:0;s:10:\"uagb\/modal\";i:0;s:18:\"uagb\/popup-builder\";i:0;s:16:\"uagb\/post-button\";i:0;s:18:\"uagb\/post-carousel\";i:0;s:17:\"uagb\/post-excerpt\";i:0;s:14:\"uagb\/post-grid\";i:0;s:15:\"uagb\/post-image\";i:0;s:17:\"uagb\/post-masonry\";i:0;s:14:\"uagb\/post-meta\";i:0;s:18:\"uagb\/post-taxonomy\";i:0;s:18:\"uagb\/post-timeline\";i:0;s:15:\"uagb\/post-title\";i:0;s:20:\"uagb\/restaurant-menu\";i:0;s:26:\"uagb\/restaurant-menu-child\";i:0;s:11:\"uagb\/review\";i:0;s:12:\"uagb\/section\";i:0;s:14:\"uagb\/separator\";i:0;s:11:\"uagb\/slider\";i:0;s:17:\"uagb\/slider-child\";i:0;s:17:\"uagb\/social-share\";i:0;s:23:\"uagb\/social-share-child\";i:0;s:16:\"uagb\/star-rating\";i:0;s:23:\"uagb\/sure-cart-checkout\";i:0;s:22:\"uagb\/sure-cart-product\";i:0;s:15:\"uagb\/sure-forms\";i:0;s:22:\"uagb\/table-of-contents\";i:0;s:9:\"uagb\/tabs\";i:0;s:15:\"uagb\/tabs-child\";i:0;s:18:\"uagb\/taxonomy-list\";i:0;s:9:\"uagb\/team\";i:0;s:16:\"uagb\/testimonial\";i:0;s:14:\"uagb\/wp-search\";i:0;s:19:\"uagb\/instagram-feed\";i:0;s:10:\"uagb\/login\";i:0;s:17:\"uagb\/loop-builder\";i:0;s:18:\"uagb\/loop-category\";i:0;s:20:\"uagb\/loop-pagination\";i:0;s:15:\"uagb\/loop-reset\";i:0;s:16:\"uagb\/loop-search\";i:0;s:14:\"uagb\/loop-sort\";i:0;s:17:\"uagb\/loop-wrapper\";i:0;s:13:\"uagb\/register\";i:0;s:19:\"uagb\/register-email\";i:0;s:24:\"uagb\/register-first-name\";i:0;s:23:\"uagb\/register-last-name\";i:0;s:22:\"uagb\/register-password\";i:0;s:30:\"uagb\/register-reenter-password\";i:0;s:19:\"uagb\/register-terms\";i:0;s:22:\"uagb\/register-username\";i:0;}"]},"uagb_featured_image_src":{"full":false,"thumbnail":false,"medium":false,"medium_large":false,"large":false,"1536x1536":false,"2048x2048":false},"uagb_author_info":{"display_name":"Ulrich Engelmann","author_link":"https:\/\/engelmann.com\/de\/author\/uengelmann\/"},"uagb_comment_info":0,"uagb_excerpt":"Das File Recovery Tool ist ein Werkzeug, was extra dazu entwickelt wurde, um verlorene Daten wieder herzustellen. Das Besondere an diesem Tool ist, dass man ... Details \u279c","_links":{"self":[{"href":"https:\/\/engelmann.com\/de\/wp-json\/wp\/v2\/pages\/58222","targetHints":{"allow":["GET"]}}],"collection":[{"href":"https:\/\/engelmann.com\/de\/wp-json\/wp\/v2\/pages"}],"about":[{"href":"https:\/\/engelmann.com\/de\/wp-json\/wp\/v2\/types\/page"}],"author":[{"embeddable":true,"href":"https:\/\/engelmann.com\/de\/wp-json\/wp\/v2\/users\/3"}],"replies":[{"embeddable":true,"href":"https:\/\/engelmann.com\/de\/wp-json\/wp\/v2\/comments?post=58222"}],"version-history":[{"count":1,"href":"https:\/\/engelmann.com\/de\/wp-json\/wp\/v2\/pages\/58222\/revisions"}],"predecessor-version":[{"id":58223,"href":"https:\/\/engelmann.com\/de\/wp-json\/wp\/v2\/pages\/58222\/revisions\/58223"}],"wp:attachment":[{"href":"https:\/\/engelmann.com\/de\/wp-json\/wp\/v2\/media?parent=58222"}],"curies":[{"name":"wp","href":"https:\/\/api.w.org\/{rel}","templated":true}]}}