{"id":58226,"date":"2019-08-06T14:41:47","date_gmt":"2019-08-06T14:41:47","guid":{"rendered":"https:\/\/engelmann.com\/?page_id=58226"},"modified":"2019-08-06T14:41:54","modified_gmt":"2019-08-06T14:41:54","slug":"datenrettung-sd-card-recovery-tool","status":"publish","type":"page","link":"https:\/\/engelmann.com\/de\/datenrettung-sd-card-recovery-tool\/","title":{"rendered":"Das SD-Card Recovery Tool First Aid Kit"},"content":{"rendered":"\n<div class=\"wp-block-image\"><figure class=\"alignright\"><img decoding=\"async\" src=\"https:\/\/engelmann.com\/wp-content\/uploads\/2018\/04\/datenrettungs-kompendium.png\" alt=\"Datenrettungs-Kompendium\" class=\"wp-image-52994\"\/><\/figure><\/div>\n\n\n\n<p>Das SD-Card Recovery Tool&nbsp;<a href=\"https:\/\/first-aid-kit.net\/\">First Aid Kit<\/a>&nbsp;ist einer der bekanntesten Datenwiederherstellungstools. Das Gute an diesem Tool ist, dass es so g\u00fcnstig ist und trotzdem funktioniert. Wenn man noch keine Ahnung dar\u00fcber hat wie man seine Daten wiederherstellen soll, bedeutet das noch nicht, dass man unbedingt zu einem Experten gehen muss. Man kann das Ganze auch selber in die Hand nehmen und damit bares Geld sparen. Mit dem SD-Card Recoverys Tool&nbsp;<a href=\"https:\/\/first-aid-kit.net\/\">First Aid Kit<\/a>, ist Datenwiederherstellung kein Problem mehr.<\/p>\n\n\n\n<p>Das Tool, kommt dar\u00fcber hinaus auch noch mit einem Extra. Man kann zum Beispiel ein Anti-Virenprogramm installieren, was daf\u00fcr sorgt, dass die Daten in der Zukunft gar nicht verloren gehen k\u00f6nnen. Wenn man sich die Statistik anguckt, dann kann man beobachten, dass oft irgendwelche Downloads schuld daran sind. In den meisten F\u00e4llen, sind n\u00e4mlich Viren drin, die den Computer sehr sch\u00e4digen k\u00f6nnen. So ein Programm durchsucht den ganzen Computer und falls ihm etwas auffallen sollte, meldet dieser es direkt dem Nutzer. Sie sehen also, dass es \u00fcberhaupt keinen Grund zur Panik gibt und, dass man direkt starten kann, wenn man m\u00f6chte. Wirklich wichtig und relevant bei einer Datenwiederherstellung ist nur, dass man so schnell wie m\u00f6glich anf\u00e4ngt. Wenn man direkt so ein Tool nutzt, dann ist die Wahrscheinlichkeit h\u00f6her, dass man auch alle Daten retten kann.<\/p>\n\n\n\n<p>Wenn man einfach nur darauf wartet, oder das Ganze in die L\u00e4nge zieht, dann kann es passieren, dass man nicht genau wei\u00df wie man das Ganze machen soll bzw. das Programm kann nicht mehr so einfach die ganzen Daten erkennen. Sie sehen also, dass es sehr wichtig ist, dass man wirklich schnell handelt und, wenn man dass macht, dann braucht man sich \u00fcber nichts mehr Sorgen zu machen. Datenwiederherstellung ist wirklich kein Hexenwerk und mit ein wenig \u00dcbung, kann es wirklich jeder machen. Sie sehen also, wie einfach es gehen kann und, dass Sie auch von diesem Service Gebrauch machen sollten.<\/p>\n\n\n\n<hr class=\"wp-block-separator\"\/>\n\n\n\n<p><strong><br>Bitte beachten Sie:<\/strong>&nbsp;Wir empfehlen zur Datenrettung unsere Software SecuPerts&nbsp;<a href=\"https:\/\/first-aid-kit.net\/\">First Aid Kit<\/a>.<\/p>\n\n\n\n<p>&lt;-&nbsp;<a href=\"https:\/\/engelmann.com\/de\/kompendium-datenrettung\/\">Zur\u00fcck zum Inhaltsverzeichnis<\/a><\/p>\n","protected":false},"excerpt":{"rendered":"<p>Das SD-Card Recovery Tool&nbsp;First Aid Kit&nbsp;ist einer der bekanntesten Datenwiederherstellungstools. Das Gute an diesem Tool ist, dass es so g\u00fcnstig ist und trotzdem funktioniert. Wenn &#8230; <a title=\"Das SD-Card Recovery Tool First Aid Kit\" class=\"read-more\" href=\"https:\/\/engelmann.com\/de\/datenrettung-sd-card-recovery-tool\/\" aria-label=\"Mehr Informationen \u00fcber Das SD-Card Recovery Tool First Aid Kit\">Details \u279c<\/a><\/p>\n","protected":false},"author":3,"featured_media":0,"parent":0,"menu_order":0,"comment_status":"closed","ping_status":"closed","template":"","meta":{"om_disable_all_campaigns":false,"_uag_custom_page_level_css":"","_monsterinsights_skip_tracking":false,"_monsterinsights_sitenote_active":false,"_monsterinsights_sitenote_note":"","_monsterinsights_sitenote_category":0,"footnotes":""},"class_list":{"0":"post-58226","1":"page","2":"type-page","3":"status-publish","5":"infinite-scroll-item","6":"no-featured-image-padding"},"aioseo_notices":[],"spectra_custom_meta":{"_edit_lock":["1565102386:2"],"_edit_last":["2","2"],"slide_template":["default","default"],"_wpml_media_duplicate":["1","1"],"_wpml_media_featured":["1","1"],"_yoast_wpseo_content_score":["90","90"],"aal_manualgenerated":["a:0:{}","a:0:{}"],"wpmdr_menu":["1","1"],"_uag_migration_processed":["1"],"_wpml_word_count":["360"],"_uag_page_assets":["a:9:{s:3:\"css\";s:0:\"\";s:2:\"js\";s:0:\"\";s:18:\"current_block_list\";a:3:{i:0;s:10:\"core\/image\";i:1;s:14:\"core\/paragraph\";i:2;s:14:\"core\/separator\";}s:8:\"uag_flag\";b:0;s:11:\"uag_version\";s:10:\"1776760713\";s:6:\"gfonts\";a:0:{}s:10:\"gfonts_url\";s:0:\"\";s:12:\"gfonts_files\";a:0:{}s:14:\"uag_faq_layout\";b:0;}"]},"uagb_featured_image_src":{"full":false,"thumbnail":false,"medium":false,"medium_large":false,"large":false,"1536x1536":false,"2048x2048":false},"uagb_author_info":{"display_name":"Ulrich Engelmann","author_link":"https:\/\/engelmann.com\/de\/author\/uengelmann\/"},"uagb_comment_info":0,"uagb_excerpt":"Das SD-Card Recovery Tool&nbsp;First Aid Kit&nbsp;ist einer der bekanntesten Datenwiederherstellungstools. Das Gute an diesem Tool ist, dass es so g\u00fcnstig ist und trotzdem funktioniert. Wenn ... Details \u279c","_links":{"self":[{"href":"https:\/\/engelmann.com\/de\/wp-json\/wp\/v2\/pages\/58226","targetHints":{"allow":["GET"]}}],"collection":[{"href":"https:\/\/engelmann.com\/de\/wp-json\/wp\/v2\/pages"}],"about":[{"href":"https:\/\/engelmann.com\/de\/wp-json\/wp\/v2\/types\/page"}],"author":[{"embeddable":true,"href":"https:\/\/engelmann.com\/de\/wp-json\/wp\/v2\/users\/3"}],"replies":[{"embeddable":true,"href":"https:\/\/engelmann.com\/de\/wp-json\/wp\/v2\/comments?post=58226"}],"version-history":[{"count":1,"href":"https:\/\/engelmann.com\/de\/wp-json\/wp\/v2\/pages\/58226\/revisions"}],"predecessor-version":[{"id":58227,"href":"https:\/\/engelmann.com\/de\/wp-json\/wp\/v2\/pages\/58226\/revisions\/58227"}],"wp:attachment":[{"href":"https:\/\/engelmann.com\/de\/wp-json\/wp\/v2\/media?parent=58226"}],"curies":[{"name":"wp","href":"https:\/\/api.w.org\/{rel}","templated":true}]}}