{"id":58229,"date":"2019-08-06T14:44:13","date_gmt":"2019-08-06T14:44:13","guid":{"rendered":"https:\/\/engelmann.com\/?page_id=58229"},"modified":"2019-08-06T14:44:45","modified_gmt":"2019-08-06T14:44:45","slug":"datenrettung-versicherung-verlust-sensibler-daten","status":"publish","type":"page","link":"https:\/\/engelmann.com\/de\/datenrettung-versicherung-verlust-sensibler-daten\/","title":{"rendered":"Datenrettungs Kompendium &#8211; Gibt es eine Versicherung bei Verlust sensibler Daten?"},"content":{"rendered":"\n<h2 class=\"wp-block-heading\">Gibt es eine Versicherung bei Verlust sensibler Daten?<\/h2>\n\n\n\n<div class=\"wp-block-image\"><figure class=\"alignright\"><img decoding=\"async\" src=\"https:\/\/engelmann.com\/wp-content\/uploads\/2018\/04\/datenrettungs-kompendium.png\" alt=\"Datenrettungs-Kompendium\" class=\"wp-image-52994\"\/><\/figure><\/div>\n\n\n\n<p>Versicherungen gegen sogenannte Cyber-Risiken sind f\u00fcr Unternehmen vieler Branchen sinnvoll. Vor allem Hacker haben Interesse an sensiblen Daten und starten regelm\u00e4ssig ihre Angriffe im Internet auf eine Vielzahl von Firmen. Es gibt keine Branche mehr, die davor sicher ist. Im Jahr 2016 wurden in Deutschland neue H\u00f6chstst\u00e4nde bei Cyberattacken verzeichnet. Der Verlust sensibler Daten stellt dabei ein gro\u00dfes Risiko dar, durch das dem Unternehmen ein Schaden zugef\u00fcgt wird. Dieses kann h\u00e4ufig beim Verlust fremder Daten zur Verantwortung gezogen werden. Nicht zuletzt leidet das Image bei einem unerw\u00fcnschten Verlust von sensiblen Daten.<\/p>\n\n\n\n<p><strong>Wie k\u00f6nnen sich Unternehmen gegen Verlust sensibler Daten versichern?<\/strong><\/p>\n\n\n\n<p>Die von Versicherern angebotenen L\u00f6sungen k\u00f6nnen meist individuell nach dem Baukastenprinzip zusammengestellt werden. Je nach Situation und Bedarf eines Unternehmens kann die Versicherungspolice mit den abgedeckten Risiken sehr unterschiedlich aussehen. Manchmal k\u00f6nnen diese Bausteine auch in bereits bestehende Vertr\u00e4ge mit integriert werden, was weniger Aufwand bedeutet.<\/p>\n\n\n\n<p>Eine gute Versicherung sollte zwei wichtige Punkte abdecken: zum einen sollten die Kosten f\u00fcr die Wiederherstellung der Daten \u00fcbernommen werden. Ein IT-Profi f\u00fchrt an Ort und Stelle ein File Recovery durch und schlie\u00dft dabei gleich das Datenleck. Au\u00dferdem sollten die Kosten f\u00fcr eine Betriebsunterbrechung \u00fcbernommen werden. Diese k\u00f6nnen n\u00e4mlich im Einzelfall sehr hoch ausfallen. Es gibt kaum noch Firmen, die reibungslos funktionierende IT-Systeme ihr Tagesgesch\u00e4ft abwickeln k\u00f6nnen. Zudem pr\u00fcft der Versicherer Schadenersatzanspr\u00fcche, die von dritter Seite aus gestellt werden.<\/p>\n\n\n\n<p><strong>Was gilt es zu beachten?<\/strong><\/p>\n\n\n\n<p>Wie sich eine Firma vor der virtuellen Bedrohung sch\u00fctzt, ist letztlich eine Ermessensfrage. Je nach Grad der Gef\u00e4hrdung gibt es verschiedene Stufen der Absicherung. Damit die Versicherung auch im Ernstfall auch leistet, sollte der Kunde regelm\u00e4\u00dfig seine Daten sichern und an einem separaten Ort aufbewahren. Unabh\u00e4ngig von der Obliegenheit, die der Versicherer in seinen Bedingungen verlangt, ist es eine sinnvolle Ma\u00dfnahme. Bei Datenverlust wird File Recovery deutlich erleichtert. Nat\u00fcrlichen sollten Antivirenprogramme und Firewalls immer auf einem aktuellen Stand sich befinden.<\/p>\n\n\n\n<p>Sowohl im privaten als auch im gewerblichen Bereich ist es nicht un\u00fcblich, dass auf unterschiedlichen Datentr\u00e4gern sensible Daten gespeichert sind. Der Verlust sensibler Daten ist dabei nicht nur besonders \u00e4rgerlich, er kann im Ernstfall auch zu schwerwiegenden und teuren Konsequenzen f\u00fchren. Viele F\u00fchrungskr\u00e4fte, Datenschutzbeauftragte aber auch Privatpersonen haben daher grunds\u00e4tzlich ein Interesse daran, ihre sensiblen Daten zu sch\u00fctzen und m\u00f6chten dieses Risiko daher gerne durch eine Versicherung abdecken.<\/p>\n\n\n\n<p>Aber gibt es \u00fcberhaupt hilfreiche Versicherungen f\u00fcr den Verlust sensibler Daten? Leider ist das Angebot in diesem Bereich eher gering und somit ist es umso wichtiger, bereits im Voraus f\u00fcr eine umfassende Sicherung von sensiblen Daten zu sorgen. Im besten Fall erledigt man diese Aufgaben mithilfe von spezieller Software, die Viren und andere Schadprogramme schnell erkennt und effektiv beseitigt. F\u00fcr die Bew\u00e4ltigung dieser Aufgaben bietet sich das&nbsp;<a href=\"https:\/\/first-aid-kit.net\/\">First Aid Kit<\/a>&nbsp;als ideale L\u00f6sung an. Mit diesem Programm k\u00f6nnen sensible Daten auf dem PC gerettet werden. Auch bei fortgeschrittenem Zeitverlauf und diversen Abst\u00fcrzen schafft es das&nbsp;<a href=\"https:\/\/first-aid-kit.net\/\">First Aid Kit<\/a>, viele Daten dennoch wiederherzustellen.<\/p>\n\n\n\n<p>Mit einer einmaligen Geb\u00fchr von 30\u20ac in der Normalversion k\u00f6nnen bereits wesentliche Risiken eines Datenverlustes abgedeckt werden. Auf diese Weise tritt das&nbsp;<a href=\"https:\/\/first-aid-kit.net\/\">First Aid Kit<\/a>&nbsp;als passender Ersatz f\u00fcr eine kostenintensive Versicherung auf. Neben der M\u00f6glichkeit der Datenwiederherstellung und Festplattenrettung verf\u00fcgt das Programm auch \u00fcber einen Virenscanner, der das System regelm\u00e4\u00dfig auf Schwachstellen \u00fcberpr\u00fcft und Gefahren rechtzeitig erkennt und bek\u00e4mpft. Das First Aid Kit ist sowohl f\u00fcr Windows als auch Mac verf\u00fcgbar und kann schnell und einfach auf den Computer heruntergeladen werden.<\/p>\n\n\n\n<p>Ist eine Festplattenrettung auf dem eigenen PC n\u00f6tig, ben\u00f6tigt die Software ein separates Speichermedium, um die Daten entsprechend zu sichern. Dabei kann neben einer externen Festplatte auch eine Kamera oder ein Smartphone verwendet werden. Nach erfolgreicher Wiederherstellung und einem Neustart des PC k\u00f6nnen alle Dateien von der Festplatte auf den Computer hochgeladen werden. Mit dem First Aid Kit ist es also m\u00f6glich, vermeintlich verloren gegangene sensible Daten zur\u00fcckzuholen und sich auf diese Weise eine teure Versicherung zu sparen.<\/p>\n\n\n\n<p>&lt;-&nbsp;<a href=\"https:\/\/engelmann.com\/de\/kompendium-datenrettung\/\">Zur\u00fcck zum Inhaltsverzeichnis<\/a><\/p>\n\n\n\n<hr class=\"wp-block-separator\"\/>\n\n\n\n<p><strong><br>Bitte beachten Sie:<\/strong>&nbsp;Wir empfehlen zur Datenrettung unsere Software SecuPerts First Aid Kit.<br><\/p>\n","protected":false},"excerpt":{"rendered":"<p>Gibt es eine Versicherung bei Verlust sensibler Daten? Versicherungen gegen sogenannte Cyber-Risiken sind f\u00fcr Unternehmen vieler Branchen sinnvoll. Vor allem Hacker haben Interesse an sensiblen &#8230; <a title=\"Datenrettungs Kompendium &#8211; Gibt es eine Versicherung bei Verlust sensibler Daten?\" class=\"read-more\" href=\"https:\/\/engelmann.com\/de\/datenrettung-versicherung-verlust-sensibler-daten\/\" aria-label=\"Mehr Informationen \u00fcber Datenrettungs Kompendium &#8211; Gibt es eine Versicherung bei Verlust sensibler Daten?\">Details \u279c<\/a><\/p>\n","protected":false},"author":3,"featured_media":0,"parent":0,"menu_order":0,"comment_status":"closed","ping_status":"closed","template":"","meta":{"om_disable_all_campaigns":false,"_uag_custom_page_level_css":"","_monsterinsights_skip_tracking":false,"_monsterinsights_sitenote_active":false,"_monsterinsights_sitenote_note":"","_monsterinsights_sitenote_category":0,"footnotes":""},"class_list":{"0":"post-58229","1":"page","2":"type-page","3":"status-publish","5":"infinite-scroll-item","6":"no-featured-image-padding"},"aioseo_notices":[],"spectra_custom_meta":{"_edit_lock":["1565102686:2"],"_edit_last":["2","2"],"slide_template":["default","default"],"_generate-disable-headline":["true","true"],"_wpml_media_duplicate":["1","1"],"_wpml_media_featured":["1","1"],"_yoast_wpseo_content_score":["30","30"],"aal_manualgenerated":["a:1:{i:0;O:8:\"stdClass\":2:{s:7:\"keyword\";s:13:\"First Aid Kit\";s:3:\"url\";s:26:\"https:\/\/first-aid-kit.net\/\";}}","a:1:{i:0;O:8:\"stdClass\":2:{s:7:\"keyword\";s:13:\"First Aid Kit\";s:3:\"url\";s:26:\"https:\/\/first-aid-kit.net\/\";}}"],"wpmdr_menu":["1","1"],"_uag_migration_processed":["1"],"_wpml_word_count":["838"],"_uag_page_assets":["a:9:{s:3:\"css\";s:0:\"\";s:2:\"js\";s:0:\"\";s:18:\"current_block_list\";a:4:{i:0;s:12:\"core\/heading\";i:1;s:10:\"core\/image\";i:2;s:14:\"core\/paragraph\";i:3;s:14:\"core\/separator\";}s:8:\"uag_flag\";b:0;s:11:\"uag_version\";s:10:\"1776748815\";s:6:\"gfonts\";a:0:{}s:10:\"gfonts_url\";s:0:\"\";s:12:\"gfonts_files\";a:0:{}s:14:\"uag_faq_layout\";b:0;}"]},"uagb_featured_image_src":{"full":false,"thumbnail":false,"medium":false,"medium_large":false,"large":false,"1536x1536":false,"2048x2048":false},"uagb_author_info":{"display_name":"Ulrich Engelmann","author_link":"https:\/\/engelmann.com\/de\/author\/uengelmann\/"},"uagb_comment_info":0,"uagb_excerpt":"Gibt es eine Versicherung bei Verlust sensibler Daten? Versicherungen gegen sogenannte Cyber-Risiken sind f\u00fcr Unternehmen vieler Branchen sinnvoll. Vor allem Hacker haben Interesse an sensiblen ... Details \u279c","_links":{"self":[{"href":"https:\/\/engelmann.com\/de\/wp-json\/wp\/v2\/pages\/58229","targetHints":{"allow":["GET"]}}],"collection":[{"href":"https:\/\/engelmann.com\/de\/wp-json\/wp\/v2\/pages"}],"about":[{"href":"https:\/\/engelmann.com\/de\/wp-json\/wp\/v2\/types\/page"}],"author":[{"embeddable":true,"href":"https:\/\/engelmann.com\/de\/wp-json\/wp\/v2\/users\/3"}],"replies":[{"embeddable":true,"href":"https:\/\/engelmann.com\/de\/wp-json\/wp\/v2\/comments?post=58229"}],"version-history":[{"count":1,"href":"https:\/\/engelmann.com\/de\/wp-json\/wp\/v2\/pages\/58229\/revisions"}],"predecessor-version":[{"id":58230,"href":"https:\/\/engelmann.com\/de\/wp-json\/wp\/v2\/pages\/58229\/revisions\/58230"}],"wp:attachment":[{"href":"https:\/\/engelmann.com\/de\/wp-json\/wp\/v2\/media?parent=58229"}],"curies":[{"name":"wp","href":"https:\/\/api.w.org\/{rel}","templated":true}]}}