{"id":58233,"date":"2025-04-30T10:13:33","date_gmt":"2025-04-30T09:13:33","guid":{"rendered":"https:\/\/engelmann.com\/?page_id=58233"},"modified":"2025-07-14T20:53:42","modified_gmt":"2025-07-14T19:53:42","slug":"deinstallation","status":"publish","type":"page","link":"https:\/\/engelmann.com\/de\/deinstallation\/","title":{"rendered":"Deinstallation erfolgreich"},"content":{"rendered":"\n<p><strong>Sie haben unsere Software deinstalliert \u2013 das bedauern wir. Vielleicht gab es gute Gr\u00fcnde daf\u00fcr. Helfen Sie uns, besser zu werden<\/strong>?<\/p>\n\n\n\n<h3 class=\"wp-block-heading\"><strong>\ud83d\udcac&nbsp;Ihre Meinung z\u00e4hlt!<\/strong><\/h3>\n\n\n<style id=\"wpforms-css-vars-156012\">\n\t\t\t\t#wpforms-156012 {\n\t\t\t\t\n\t\t\t}\n\t\t\t<\/style><div class=\"wpforms-container wpforms-container-full wpforms-render-modern\" id=\"wpforms-156012\"><form id=\"wpforms-form-156012\" class=\"wpforms-validate wpforms-form wpforms-ajax-form\" data-formid=\"156012\" method=\"post\" enctype=\"multipart\/form-data\" action=\"\/de\/wp-json\/wp\/v2\/pages\/58233\" data-token=\"863b8389e2bbde82254d32c966c39b8b\" data-token-time=\"1777542484\"><noscript class=\"wpforms-error-noscript\">Bitte aktiviere JavaScript in deinem Browser, um dieses Formular fertigzustellen.<\/noscript><div id=\"wpforms-error-noscript\" style=\"display: none;\">Bitte aktiviere JavaScript in deinem Browser, um dieses Formular fertigzustellen.<\/div><div class=\"wpforms-field-container\">\t\t<div id=\"wpforms-156012-field_3-container\"\n\t\t\tclass=\"wpforms-field wpforms-field-text\"\n\t\t\tdata-field-type=\"text\"\n\t\t\tdata-field-id=\"3\"\n\t\t\t>\n\t\t\t<label class=\"wpforms-field-label\" for=\"wpforms-156012-field_3\" >Genaueres mitteilen? der<\/label>\n\t\t\t<input type=\"text\" id=\"wpforms-156012-field_3\" class=\"wpforms-field-medium\" name=\"wpforms[fields][3]\" >\n\t\t<\/div>\n\t\t<div id=\"wpforms-156012-field_1-container\" class=\"wpforms-field wpforms-field-radio\" data-field-id=\"1\"><fieldset><legend class=\"wpforms-field-label\">Was war der Hauptgrund f\u00fcr Ihre Deinstallation?<\/legend><ul id=\"wpforms-156012-field_1\"><li class=\"choice-1 depth-1\"><input type=\"radio\" id=\"wpforms-156012-field_1_1\" name=\"wpforms[fields][1]\" value=\"Ich hatte technische Probleme\" aria-errormessage=\"wpforms-156012-field_1_1-error\"  ><label class=\"wpforms-field-label-inline\" for=\"wpforms-156012-field_1_1\">Ich hatte technische Probleme<\/label><\/li><li class=\"choice-2 depth-1\"><input type=\"radio\" id=\"wpforms-156012-field_1_2\" name=\"wpforms[fields][1]\" value=\"Die Software hat meine Erwartungen nicht erf\u00fcllt\" aria-errormessage=\"wpforms-156012-field_1_2-error\"  ><label class=\"wpforms-field-label-inline\" for=\"wpforms-156012-field_1_2\">Die Software hat meine Erwartungen nicht erf\u00fcllt<\/label><\/li><li class=\"choice-3 depth-1\"><input type=\"radio\" id=\"wpforms-156012-field_1_3\" name=\"wpforms[fields][1]\" value=\"Ich habe das Produkt nur getestet\" aria-errormessage=\"wpforms-156012-field_1_3-error\"  ><label class=\"wpforms-field-label-inline\" for=\"wpforms-156012-field_1_3\">Ich habe das Produkt nur getestet<\/label><\/li><li class=\"choice-4 depth-1\"><input type=\"radio\" id=\"wpforms-156012-field_1_4\" name=\"wpforms[fields][1]\" value=\"Ich verwende jetzt ein anderes Produkt\" aria-errormessage=\"wpforms-156012-field_1_4-error\"  ><label class=\"wpforms-field-label-inline\" for=\"wpforms-156012-field_1_4\">Ich verwende jetzt ein anderes Produkt<\/label><\/li><li class=\"choice-5 depth-1\"><input type=\"radio\" id=\"wpforms-156012-field_1_5\" name=\"wpforms[fields][1]\" value=\"Ich hatte Datenschutzbedenken\" aria-errormessage=\"wpforms-156012-field_1_5-error\"  ><label class=\"wpforms-field-label-inline\" for=\"wpforms-156012-field_1_5\">Ich hatte Datenschutzbedenken<\/label><\/li><li class=\"choice-6 depth-1\"><input type=\"radio\" id=\"wpforms-156012-field_1_6\" name=\"wpforms[fields][1]\" value=\"Ich installiere die Software neu\" aria-errormessage=\"wpforms-156012-field_1_6-error\"  ><label class=\"wpforms-field-label-inline\" for=\"wpforms-156012-field_1_6\">Ich installiere die Software neu<\/label><\/li><li class=\"choice-7 depth-1\"><input type=\"radio\" id=\"wpforms-156012-field_1_7\" name=\"wpforms[fields][1]\" value=\"Sonstiges\" aria-errormessage=\"wpforms-156012-field_1_7-error\"  ><label class=\"wpforms-field-label-inline\" for=\"wpforms-156012-field_1_7\">Sonstiges<\/label><\/li><\/ul><\/fieldset><\/div><div id=\"wpforms-156012-field_2-container\" class=\"wpforms-field wpforms-field-text\" data-field-id=\"2\"><label class=\"wpforms-field-label\" for=\"wpforms-156012-field_2\">M\u00f6chten Sie uns etwas Genaueres mitteilen?<\/label><input type=\"text\" id=\"wpforms-156012-field_2\" class=\"wpforms-field-medium\" name=\"wpforms[fields][2]\" aria-errormessage=\"wpforms-156012-field_2-error\" ><\/div><script>\n\t\t\t\t( function() {\n\t\t\t\t\tconst style = document.createElement( 'style' );\n\t\t\t\t\tstyle.appendChild( document.createTextNode( '#wpforms-156012-field_3-container { position: absolute !important; overflow: hidden !important; display: inline !important; height: 1px !important; width: 1px !important; z-index: -1000 !important; padding: 0 !important; } #wpforms-156012-field_3-container input { visibility: hidden; } #wpforms-conversational-form-page #wpforms-156012-field_3-container label { counter-increment: none; }' ) );\n\t\t\t\t\tdocument.head.appendChild( style );\n\t\t\t\t\tdocument.currentScript?.remove();\n\t\t\t\t} )();\n\t\t\t<\/script><\/div><!-- .wpforms-field-container --><div class=\"wpforms-submit-container\" ><input type=\"hidden\" name=\"wpforms[id]\" value=\"156012\"><input type=\"hidden\" name=\"page_title\" value=\"\"><input type=\"hidden\" name=\"page_url\" value=\"https:\/\/engelmann.com\/de\/wp-json\/wp\/v2\/pages\/58233\"><input type=\"hidden\" name=\"url_referer\" value=\"\"><button type=\"submit\" name=\"wpforms[submit]\" id=\"wpforms-submit-156012\" class=\"wpforms-submit\" data-alt-text=\"Feedback wurde gesendet... Dankesch\u00f6n!!!!\" data-submit-text=\"Feedback absenden\" aria-live=\"assertive\" value=\"wpforms-submit\">Feedback absenden<\/button><img loading=\"lazy\" decoding=\"async\" src=\"https:\/\/engelmann.com\/wp-content\/plugins\/wpforms-lite\/assets\/images\/submit-spin.svg\" class=\"wpforms-submit-spinner\" style=\"display: none;\" width=\"26\" height=\"26\" alt=\"Wird geladen\"><\/div><\/form><\/div>  <!-- .wpforms-container -->\n\n\n\n<p><br><strong>\u2705&nbsp;Gut zu wissen: Unsere Software entfernt sich r\u00fcckstandslos<\/strong><\/p>\n\n\n\n<p>Ihre Deinstallation war erfolgreich. Unsere Programme deinstallieren sich vollst\u00e4ndig und hinterlassen keine versteckten Dateien oder Systemr\u00fcckst\u00e4nde.<\/p>\n\n\n\n<h3 class=\"wp-block-heading\"><strong>\u2753&nbsp;Gab es ein Problem? Wir helfen schnell und unkompliziert!<\/strong><\/h3>\n\n\n\n<p>Falls Sie technische Schwierigkeiten, Fragen zur Nutzung oder einfach Verbesserungsvorschl\u00e4ge haben \u2013 unser deutschsprachiger Support hilft Ihnen gern.<\/p>\n\n\n\n<p><strong>Antwortzeit: in der Regel noch am selben Tag.<\/strong><\/p>\n\n\n\n<p>\ud83d\udc49 <a href=\"https:\/\/engelmann.com\/de\/kontakt\/\" title=\"Kontakt\"><strong>Zum Support-Formular<\/strong><\/a><\/p>\n\n\n\n<h3 class=\"wp-block-heading\"><strong>\ud83d\udcec&nbsp;Bleiben Sie informiert: Jetzt Newsletter abonnieren<\/strong><br><\/h3>\n\n\n\n<p>M\u00f6chten Sie \u00fcber neue Versionen, exklusive Aktionen oder kostenlose Vollversionen informiert werden? Dann tragen Sie sich in unseren Newsletter ein:<\/p>\n\n\n\n<p><a href=\"https:\/\/engelmann.com\/de\/newsletter\/\" title=\"Newsletter Anmeldung\"><strong>Jetzt eintragen<\/strong><\/a><\/p>\n\n\n\n<h2 class=\"wp-block-heading\"><strong>\ud83d\udd01 Vielleicht passt ein anderes Tool besser zu Ihnen?<\/strong><\/h2>\n\n\n\n<p>Testen Sie auch unsere anderen beliebten Programme \u2013 viele davon mit Gratis-Versionen:<\/p>\n\n\n\n<ul class=\"wp-block-list\">\n<li>\ud83d\udee1\ufe0f <strong>RescueStick<\/strong> \u2013 Daten retten mit einem Klick<\/li>\n\n\n\n<li>\ud83c\udf9e\ufe0f <strong>Photomizer<\/strong> \u2013 Bilder optimieren wie vom Profi<\/li>\n\n\n\n<li>\ud83d\udcfa <strong>OnlineTV <\/strong>\u2013 Fernsehen weltweit<\/li>\n<\/ul>\n\n\n\n<p>Sie finden alle Produkte von uns oben im Men\u00fc!<\/p>\n\n\n<p><center><iframe loading=\"lazy\" src=\"https:\/\/engelmann.com\/wp-admin\/admin-ajax.php?action=aa-server-select&#038;p=pdm\" scrolling=\"no\" width=\"816\" height=\"408\" style=\"overflow: hidden;border:none;\"><\/iframe><\/center><\/p>\n","protected":false},"excerpt":{"rendered":"<p>Sie haben unsere Software deinstalliert \u2013 das bedauern wir. Vielleicht gab es gute Gr\u00fcnde daf\u00fcr. Helfen Sie uns, besser zu werden? \ud83d\udcac&nbsp;Ihre Meinung z\u00e4hlt! \u2705&nbsp;Gut &#8230; <a title=\"Deinstallation erfolgreich\" class=\"read-more\" href=\"https:\/\/engelmann.com\/de\/deinstallation\/\" aria-label=\"Mehr Informationen \u00fcber Deinstallation erfolgreich\">Details \u279c<\/a><\/p>\n","protected":false},"author":3,"featured_media":0,"parent":0,"menu_order":0,"comment_status":"closed","ping_status":"closed","template":"","meta":{"om_disable_all_campaigns":false,"_uag_custom_page_level_css":"","_monsterinsights_skip_tracking":false,"_monsterinsights_sitenote_active":false,"_monsterinsights_sitenote_note":"","_monsterinsights_sitenote_category":0,"footnotes":""},"class_list":{"0":"post-58233","1":"page","2":"type-page","3":"status-publish","5":"infinite-scroll-item","6":"no-featured-image-padding"},"aioseo_notices":[],"spectra_custom_meta":{"_edit_lock":["1752522823:3"],"_edit_last":["3","3"],"_wpml_media_duplicate":["1","1"],"_wpml_media_featured":["1","1"],"_yoast_wpseo_content_score":["60","60"],"aal_manualgenerated":["a:0:{}","a:0:{}"],"wpmdr_menu":["1","1"],"cleverpush_send_notification":[""],"_schema_article":["a:12:{s:6:\"active\";N;s:8:\"headline\";N;s:16:\"mainEntityOfPage\";N;s:6:\"author\";N;s:5:\"image\";N;s:13:\"datePublished\";N;s:12:\"dateModified\";N;s:9:\"publisher\";N;s:14:\"publisherImage\";N;s:11:\"description\";N;s:11:\"articleBody\";N;s:19:\"alternativeHeadline\";N;}"],"_schema_blog_posting":["a:11:{s:6:\"active\";N;s:8:\"headline\";N;s:16:\"mainEntityOfPage\";N;s:6:\"author\";N;s:5:\"image\";N;s:13:\"datePublished\";N;s:12:\"dateModified\";N;s:9:\"publisher\";N;s:14:\"publisherImage\";N;s:11:\"description\";N;s:11:\"articleBody\";N;}"],"_schema_news_article":["a:11:{s:6:\"active\";N;s:8:\"headline\";N;s:16:\"mainEntityOfPage\";N;s:6:\"author\";N;s:5:\"image\";N;s:13:\"datePublished\";N;s:12:\"dateModified\";N;s:9:\"publisher\";N;s:14:\"publisherImage\";N;s:11:\"description\";N;s:11:\"articleBody\";N;}"],"_schema_event":["a:14:{s:6:\"active\";N;s:4:\"name\";N;s:12:\"locationName\";N;s:15:\"locationAddress\";N;s:9:\"startDate\";N;s:7:\"endDate\";N;s:11:\"description\";N;s:13:\"performerName\";N;s:5:\"image\";N;s:5:\"price\";N;s:13:\"priceCurrency\";N;s:12:\"availability\";N;s:9:\"validFrom\";N;s:3:\"url\";N;}"],"_schema_product":["a:20:{s:6:\"active\";N;s:4:\"name\";N;s:5:\"image\";N;s:11:\"description\";N;s:3:\"sku\";N;s:5:\"brand\";N;s:15:\"identifier_type\";s:3:\"mpn\";s:10:\"identifier\";N;s:17:\"reviewRatingValue\";N;s:16:\"reviewBestRating\";N;s:17:\"reviewWorstRating\";N;s:12:\"reviewAuthor\";N;s:11:\"ratingValue\";N;s:11:\"reviewCount\";N;s:5:\"price\";N;s:15:\"priceValidUntil\";N;s:13:\"priceCurrency\";N;s:12:\"availability\";N;s:13:\"itemCondition\";N;s:3:\"url\";N;}"],"_schema_video":["a:10:{s:6:\"active\";N;s:4:\"name\";N;s:11:\"description\";N;s:12:\"thumbnailUrl\";N;s:10:\"uploadDate\";N;s:8:\"duration\";N;s:10:\"contentUrl\";N;s:8:\"embedUrl\";N;s:16:\"interactionCount\";N;s:7:\"expires\";N;}"],"_schema_service":["a:13:{s:6:\"active\";N;s:4:\"name\";N;s:11:\"serviceType\";N;s:14:\"additionalType\";N;s:5:\"award\";N;s:8:\"category\";N;s:16:\"providerMobility\";N;s:11:\"description\";N;s:5:\"image\";N;s:16:\"mainEntityOfPage\";N;s:6:\"sameAs\";N;s:3:\"url\";N;s:13:\"alternateName\";N;}"],"_schema_review":["a:10:{s:6:\"active\";N;s:8:\"itemName\";N;s:10:\"reviewBody\";N;s:4:\"name\";N;s:6:\"author\";N;s:13:\"datePublished\";N;s:11:\"ratingValue\";N;s:10:\"bestRating\";N;s:11:\"worstRating\";N;s:9:\"publisher\";N;}"],"_schema_aggregate_rating":["a:13:{s:6:\"active\";N;s:11:\"schema_type\";N;s:4:\"name\";N;s:5:\"image\";N;s:10:\"priceRange\";N;s:9:\"telephone\";N;s:7:\"address\";N;s:11:\"description\";N;s:11:\"ratingCount\";N;s:11:\"reviewCount\";N;s:11:\"ratingValue\";N;s:10:\"bestRating\";N;s:11:\"worstRating\";N;}"],"_schema_restaurant":["a:10:{s:6:\"active\";N;s:4:\"name\";N;s:11:\"description\";N;s:12:\"openingHours\";N;s:9:\"telephone\";N;s:4:\"menu\";N;s:5:\"image\";N;s:7:\"address\";N;s:10:\"priceRange\";N;s:13:\"servesCuisine\";N;}"],"_schema_localBusiness":["a:10:{s:6:\"active\";N;s:4:\"name\";N;s:11:\"description\";N;s:5:\"image\";N;s:10:\"priceRange\";N;s:15:\"addressLocality\";N;s:13:\"addressRegion\";N;s:10:\"postalCode\";N;s:13:\"streetAddress\";N;s:9:\"telephone\";N;}"],"_schema_book":["a:0:{}"],"_schema_course":["a:0:{}"],"_schema_JobPosting":["a:0:{}"],"_schema_movie":["a:0:{}"],"_schema_music":["a:0:{}"],"_schema_recipe":["a:0:{}"],"_schema_TVEpisode":["a:0:{}"],"_schema_question":["a:0:{}"],"_schema_itemList":["a:0:{}"],"_kcseo_ative_tab":[""],"_yoast_wpseo_focuskw":["deinstallation"],"_yoast_wpseo_title":["Deinstallation | Engelmann Software | Software made in Germany!"],"_yoast_wpseo_metadesc":["lll\u27a4 Schade, dass Sie unsere Software deinstalliert haben. Unsere Produkte deinstallieren sich r\u00fcckstandlos. Versprochen! \u2705"],"_yoast_wpseo_linkdex":["40"],"_yoast_wpseo_focuskeywords":["[]"],"_yoast_wpseo_keywordsynonyms":["[\"\"]"],"_uag_migration_processed":["1"],"cleverpush_disable_feed":[""],"_wpml_word_count":["222"],"_wpml_location_migration_done":["1"],"_aioseo_title":[null],"_aioseo_description":["Sie haben unsere Software deinstalliert \u2013 das bedauern wir. Vielleicht gab es gute Gr\u00fcnde daf\u00fcr. Helfen Sie uns, besser zu werden?"],"_aioseo_keywords":["a:0:{}"],"_aioseo_og_title":[""],"_aioseo_og_description":[""],"_aioseo_og_article_section":[""],"_aioseo_og_article_tags":["a:0:{}"],"_aioseo_twitter_title":[""],"_aioseo_twitter_description":[""],"cleverpush_title":[""],"cleverpush_text":[""],"cleverpush_scheduled_at":[""],"ao_post_optimize":["a:7:{s:16:\"ao_post_optimize\";s:2:\"on\";s:19:\"ao_post_js_optimize\";s:2:\"on\";s:20:\"ao_post_css_optimize\";s:2:\"on\";s:12:\"ao_post_ccss\";s:2:\"on\";s:16:\"ao_post_lazyload\";s:2:\"on\";s:15:\"ao_post_preload\";s:0:\"\";s:14:\"ao_post_remove\";s:1:\" \";}"],"_wpml_post_translation_editor_native":["yes"],"_advads_ad_settings":["a:2:{s:11:\"disable_ads\";i:0;s:19:\"disable_the_content\";i:0;}"],"_uagb_previous_block_counts":["a:90:{s:21:\"uagb\/advanced-heading\";i:0;s:15:\"uagb\/blockquote\";i:0;s:12:\"uagb\/buttons\";i:0;s:18:\"uagb\/buttons-child\";i:0;s:19:\"uagb\/call-to-action\";i:0;s:15:\"uagb\/cf7-styler\";i:0;s:11:\"uagb\/column\";i:0;s:12:\"uagb\/columns\";i:0;s:14:\"uagb\/container\";i:0;s:21:\"uagb\/content-timeline\";i:0;s:27:\"uagb\/content-timeline-child\";i:0;s:14:\"uagb\/countdown\";i:0;s:12:\"uagb\/counter\";i:0;s:8:\"uagb\/faq\";i:0;s:14:\"uagb\/faq-child\";i:0;s:10:\"uagb\/forms\";i:0;s:17:\"uagb\/forms-accept\";i:0;s:19:\"uagb\/forms-checkbox\";i:0;s:15:\"uagb\/forms-date\";i:0;s:16:\"uagb\/forms-email\";i:0;s:17:\"uagb\/forms-hidden\";i:0;s:15:\"uagb\/forms-name\";i:0;s:16:\"uagb\/forms-phone\";i:0;s:16:\"uagb\/forms-radio\";i:0;s:17:\"uagb\/forms-select\";i:0;s:19:\"uagb\/forms-textarea\";i:0;s:17:\"uagb\/forms-toggle\";i:0;s:14:\"uagb\/forms-url\";i:0;s:14:\"uagb\/gf-styler\";i:0;s:15:\"uagb\/google-map\";i:0;s:11:\"uagb\/how-to\";i:0;s:16:\"uagb\/how-to-step\";i:0;s:9:\"uagb\/icon\";i:0;s:14:\"uagb\/icon-list\";i:0;s:20:\"uagb\/icon-list-child\";i:0;s:10:\"uagb\/image\";i:0;s:18:\"uagb\/image-gallery\";i:0;s:13:\"uagb\/info-box\";i:0;s:18:\"uagb\/inline-notice\";i:0;s:11:\"uagb\/lottie\";i:0;s:21:\"uagb\/marketing-button\";i:0;s:10:\"uagb\/modal\";i:0;s:18:\"uagb\/popup-builder\";i:0;s:16:\"uagb\/post-button\";i:0;s:18:\"uagb\/post-carousel\";i:0;s:17:\"uagb\/post-excerpt\";i:0;s:14:\"uagb\/post-grid\";i:0;s:15:\"uagb\/post-image\";i:0;s:17:\"uagb\/post-masonry\";i:0;s:14:\"uagb\/post-meta\";i:0;s:18:\"uagb\/post-taxonomy\";i:0;s:18:\"uagb\/post-timeline\";i:0;s:15:\"uagb\/post-title\";i:0;s:20:\"uagb\/restaurant-menu\";i:0;s:26:\"uagb\/restaurant-menu-child\";i:0;s:11:\"uagb\/review\";i:0;s:12:\"uagb\/section\";i:0;s:14:\"uagb\/separator\";i:0;s:11:\"uagb\/slider\";i:0;s:17:\"uagb\/slider-child\";i:0;s:17:\"uagb\/social-share\";i:0;s:23:\"uagb\/social-share-child\";i:0;s:16:\"uagb\/star-rating\";i:0;s:23:\"uagb\/sure-cart-checkout\";i:0;s:22:\"uagb\/sure-cart-product\";i:0;s:15:\"uagb\/sure-forms\";i:0;s:22:\"uagb\/table-of-contents\";i:0;s:9:\"uagb\/tabs\";i:0;s:15:\"uagb\/tabs-child\";i:0;s:18:\"uagb\/taxonomy-list\";i:0;s:9:\"uagb\/team\";i:0;s:16:\"uagb\/testimonial\";i:0;s:14:\"uagb\/wp-search\";i:0;s:19:\"uagb\/instagram-feed\";i:0;s:10:\"uagb\/login\";i:0;s:17:\"uagb\/loop-builder\";i:0;s:18:\"uagb\/loop-category\";i:0;s:20:\"uagb\/loop-pagination\";i:0;s:15:\"uagb\/loop-reset\";i:0;s:16:\"uagb\/loop-search\";i:0;s:14:\"uagb\/loop-sort\";i:0;s:17:\"uagb\/loop-wrapper\";i:0;s:13:\"uagb\/register\";i:0;s:19:\"uagb\/register-email\";i:0;s:24:\"uagb\/register-first-name\";i:0;s:23:\"uagb\/register-last-name\";i:0;s:22:\"uagb\/register-password\";i:0;s:30:\"uagb\/register-reenter-password\";i:0;s:19:\"uagb\/register-terms\";i:0;s:22:\"uagb\/register-username\";i:0;}"],"_uag_page_assets":["a:9:{s:3:\"css\";s:0:\"\";s:2:\"js\";s:0:\"\";s:18:\"current_block_list\";a:5:{i:0;s:14:\"core\/paragraph\";i:1;s:12:\"core\/heading\";i:2;s:14:\"core\/shortcode\";i:3;s:9:\"core\/list\";i:4;s:14:\"core\/list-item\";}s:8:\"uag_flag\";b:0;s:11:\"uag_version\";s:10:\"1777524867\";s:6:\"gfonts\";a:0:{}s:10:\"gfonts_url\";s:0:\"\";s:12:\"gfonts_files\";a:0:{}s:14:\"uag_faq_layout\";b:0;}"]},"uagb_featured_image_src":{"full":false,"thumbnail":false,"medium":false,"medium_large":false,"large":false,"1536x1536":false,"2048x2048":false},"uagb_author_info":{"display_name":"Ulrich Engelmann","author_link":"https:\/\/engelmann.com\/de\/author\/uengelmann\/"},"uagb_comment_info":0,"uagb_excerpt":"Sie haben unsere Software deinstalliert \u2013 das bedauern wir. Vielleicht gab es gute Gr\u00fcnde daf\u00fcr. Helfen Sie uns, besser zu werden? \ud83d\udcac&nbsp;Ihre Meinung z\u00e4hlt! \u2705&nbsp;Gut ... Details \u279c","_links":{"self":[{"href":"https:\/\/engelmann.com\/de\/wp-json\/wp\/v2\/pages\/58233","targetHints":{"allow":["GET"]}}],"collection":[{"href":"https:\/\/engelmann.com\/de\/wp-json\/wp\/v2\/pages"}],"about":[{"href":"https:\/\/engelmann.com\/de\/wp-json\/wp\/v2\/types\/page"}],"author":[{"embeddable":true,"href":"https:\/\/engelmann.com\/de\/wp-json\/wp\/v2\/users\/3"}],"replies":[{"embeddable":true,"href":"https:\/\/engelmann.com\/de\/wp-json\/wp\/v2\/comments?post=58233"}],"version-history":[{"count":15,"href":"https:\/\/engelmann.com\/de\/wp-json\/wp\/v2\/pages\/58233\/revisions"}],"predecessor-version":[{"id":157609,"href":"https:\/\/engelmann.com\/de\/wp-json\/wp\/v2\/pages\/58233\/revisions\/157609"}],"wp:attachment":[{"href":"https:\/\/engelmann.com\/de\/wp-json\/wp\/v2\/media?parent=58233"}],"curies":[{"name":"wp","href":"https:\/\/api.w.org\/{rel}","templated":true}]}}