{"id":58239,"date":"2019-08-06T14:51:17","date_gmt":"2019-08-06T14:51:17","guid":{"rendered":"https:\/\/engelmann.com\/?page_id=58239"},"modified":"2019-08-06T14:51:54","modified_gmt":"2019-08-06T14:51:54","slug":"foto-kompendium-richtiger-umgang-mit-speicherkarten","status":"publish","type":"page","link":"https:\/\/engelmann.com\/de\/foto-kompendium-richtiger-umgang-mit-speicherkarten\/","title":{"rendered":"Der richtige Umgang mit Speicherkarten beim Fotografieren"},"content":{"rendered":"\n<div class=\"wp-block-image\"><figure class=\"alignright\"><img decoding=\"async\" src=\"https:\/\/engelmann.com\/wp-content\/uploads\/2017\/08\/sd-karte.png\" alt=\"Der richtige Umgang mit Speicherkarten beim Fotografieren\" class=\"wp-image-52274\"\/><\/figure><\/div>\n\n\n\n<p>Digitale Fotografie ist aus unserem t\u00e4glichen Leben nicht mehr wegzudenken. Ob mit einer&nbsp;Spiegelreflex-Kamera, einem Bridge-Modell oder einer handlichen Kompaktkamera: Man&nbsp;muss kein Hobby-Fotograf sein, um auf den bescheidenen Wert von 10.000 Bildern pro Jahr&nbsp;zu kommen.<\/p>\n\n\n\n<p>Ein wichtiger und gerne untersch\u00e4tzter Helfer bei der digitalen Fotografie ist die&nbsp;Speicherkarte. Neben einem Kontroller und einem Flash Speicher haben Speicherkarten auch&nbsp;den so genannten&nbsp;<strong>F<\/strong>ile&nbsp;<strong>A<\/strong>llocation&nbsp;<strong>T<\/strong>able, auch bekannt als FAT. Der FAT ist eine&nbsp;Zuordnungstabelle f\u00fcr Dateien und beinhaltet unter anderem das gesamte Inhaltsverzeichnis&nbsp;der Karte. Werden Bilder gel\u00f6scht, oder wird die Karte formatiert, wird nur diese Tabelle&nbsp;gereinigt. S\u00e4mtliche Bilder sind nach wie vor auf der Karte vorhanden und k\u00f6nnen mit Hilfe&nbsp;von Rettungs-Tools wie&nbsp;<a href=\"https:\/\/forensic-system.com\/\">Forensic System<\/a>&nbsp;oder dem&nbsp;<a href=\"https:\/\/first-aid-kit.net\/\">First Aid Kit<\/a>&nbsp;wiederhergestellt werden.<\/p>\n\n\n\n<p>Im Folgenden haben wir ein paar Tipps zum richtigen Umgang mit Speicherkarten f\u00fcr die&nbsp;digitale Fotografie zusammengestellt.<\/p>\n\n\n\n<p><strong>1. Fotos niemals mithilfe der Kamera l\u00f6schen<\/strong><br>Kameras sind daf\u00fcr gedacht, Bilder zu machen, nicht um diese zu bearbeiten oder die Bilder&nbsp;der Speicherkarte zu verwalten. Das sollten Sie am Computer erledigen. L\u00f6schen einzelner&nbsp;Bilder der Speicherkarte \u00fcber die Kamera kann zu Problemen mit der Dateizuordnungstabelle&nbsp;f\u00fchren. Und dann kommen Sie ohne Rettungs-Software nicht mehr an Ihre Bilder heran.<\/p>\n\n\n\n<p><strong>2. Nutzen Sie nicht den kompletten Speicherplatz einer Karte<\/strong><br>Neigt sich der Speicherplatz dem Ende entgegen, verhalten sich Speicherkarten wie volle&nbsp;Festplatten und die Performance leidet. F\u00fcllen Sie die Karte bis maximal 90 % und wechseln&nbsp;Sie Ihre Karte rechtzeitig.<\/p>\n\n\n\n<p><strong>3. Eine Speicherkarte nur in einer Kamera verwenden<\/strong><br>Nehmen Sie niemals die Speicherkarte aus einer Kamera heraus und verwenden diese in einer&nbsp;anderen Kamera weiter, ohne die Karte vorher formatiert zu haben. Mit etwas Gl\u00fcck, kann die&nbsp;zweite Kamera mit der Zuordnungstabelle der Karte arbeiten und alles ist in Ordnung \u2013 es&nbsp;kann aber auch sein, dass die zweite Kamera erst einmal die Karte formatieren muss, um&nbsp;damit zu arbeiten.<\/p>\n\n\n\n<p><strong>4. Richtiges und regelm\u00e4\u00dfiges Formatieren der Speicherkarte<\/strong><br>Im Optimalfall formatieren Sie die Speicherkarte jedesmal, nachdem Sie die Bilder auf Ihren&nbsp;Computer und eine externe Festplatte gesichert haben. So bleibt die Karte sauber und bietet&nbsp;auch beim n\u00e4chsten Einsatz optimale Leistung. Am besten formatieren Sie die Karte dabei&nbsp;direkt in der Kamera, mit der Sie diese nutzen.<\/p>\n\n\n\n<p><strong>5. Der richtige Umgang mit dem Kartenleseger\u00e4t<\/strong><br>Nutzen Sie einen hochwertigen Kartenleser. Dass eine Speicherkarte pl\u00f6tzlich \u201eIhren Geist&nbsp;aufgibt\u201c liegt h\u00e4ufiger an billigen Kartenleseger\u00e4ten als an Kameras oder Hosentaschen.&nbsp;Ebenfalls wichtig: Solange Daten kopiert, verschoben, bearbeitet oder erstellt werden sollten&nbsp;Sie die Speicherkarte nicht aus dem Leseger\u00e4t (oder Ihrer Kamera) entfernen. Warten Sie hier&nbsp;lieber noch ein paar extra Sekunden. So verhindern Sie den Verlust Ihrer Bilder.<\/p>\n\n\n\n<p><strong>6. Nutzen Sie Markenprodukte<\/strong><br>Ob Bilder mit Freunden, von anderen L\u00e4ndern oder der Familie: Ihrer Speicherkarte trauen&nbsp;Sie unersetzbare Werte und Erinnerungen an. Investieren Sie hier lieber ein paar Euro mehr in&nbsp;eine gute Karte und einen bekannten Namen.<\/p>\n\n\n\n<p><strong>7. Entsorgen Sie Ihre Karten rechtzeitig<\/strong><br>Je besser die Qualit\u00e4t der Karte, desto l\u00e4nger wird Sie Ihnen treue Dienste leisten. Doch auch&nbsp;bei der teuersten Karte ist es nur eine Frage der Zeit, bis diese ausf\u00e4llt. Sobald Sie an Ihrer&nbsp; Speicherkarte erste M\u00e4ngel oder Aussetzer feststellen, sichern Sie alle sich hierauf&nbsp;befindenden Bilder und ersetzen Sie die Karte sofort.<\/p>\n\n\n\n<p><strong>8. Werten Sie Ihre Bilder auf<\/strong><br>Wie viele Ihrer Schnappsch\u00fcsse sind am Ende wirklich gute Bilder f\u00fcrs Foto-Album?&nbsp;Und wie viel Bilder verbrauchen aufgrund falscher Kamera-Einstellungen nur unn\u00f6tig&nbsp;Speicherplatz?<br>Mit Fotosoftware wie z.B. dem&nbsp;<a href=\"https:\/\/photomizer.com\/\">Photomizer<\/a>&nbsp;3 werten Sie in einem Aufwasch all Ihre digitalen&nbsp;Schnappsch\u00fcsse im Handumdrehen auf. Zahlreiche Optimierungsfilter helfen Ihnen bei der&nbsp;digitalen Nachbearbeitung.<\/p>\n\n\n\n<p>&lt;-&nbsp;<a href=\"https:\/\/engelmann.com\/de\/foto-kompendium\/\">Zur\u00fcck zum Inhaltsverzeichnis<\/a><\/p>\n\n\n\n<hr class=\"wp-block-separator\"\/>\n\n\n\n<p><strong>Bitte beachten Sie:<\/strong>\u00a0Kennen Sie schon unsere Freeware, unsere gratis Software Produkte?<br>Und zur Bildbearbeitung Ihrer Fotos haben wir \u00fcbrigens mit\u00a0<a href=\"https:\/\/photomizer.com\/\">Photomizer<\/a>\u00a0auch eine Software im Angebot!<\/p>\n","protected":false},"excerpt":{"rendered":"<p>Digitale Fotografie ist aus unserem t\u00e4glichen Leben nicht mehr wegzudenken. Ob mit einer&nbsp;Spiegelreflex-Kamera, einem Bridge-Modell oder einer handlichen Kompaktkamera: Man&nbsp;muss kein Hobby-Fotograf sein, um auf &#8230; <a title=\"Der richtige Umgang mit Speicherkarten beim Fotografieren\" class=\"read-more\" href=\"https:\/\/engelmann.com\/de\/foto-kompendium-richtiger-umgang-mit-speicherkarten\/\" aria-label=\"Mehr Informationen \u00fcber Der richtige Umgang mit Speicherkarten beim Fotografieren\">Details \u279c<\/a><\/p>\n","protected":false},"author":3,"featured_media":0,"parent":0,"menu_order":0,"comment_status":"closed","ping_status":"closed","template":"","meta":{"om_disable_all_campaigns":false,"_uag_custom_page_level_css":"","_monsterinsights_skip_tracking":false,"_monsterinsights_sitenote_active":false,"_monsterinsights_sitenote_note":"","_monsterinsights_sitenote_category":0,"footnotes":""},"class_list":{"0":"post-58239","1":"page","2":"type-page","3":"status-publish","5":"infinite-scroll-item","6":"no-featured-image-padding"},"aioseo_notices":[],"spectra_custom_meta":{"_edit_lock":["1565103115:2"],"_edit_last":["2","2"],"slide_template":["default","default"],"_wpml_media_duplicate":["1","1"],"_wpml_media_featured":["1","1"],"_yoast_wpseo_content_score":["60","60"],"aal_manualgenerated":["a:1:{i:0;O:8:\"stdClass\":2:{s:7:\"keyword\";s:8:\"Freeware\";s:3:\"url\";s:26:\"http:\/\/free.engelmann.com\/\";}}","a:1:{i:0;O:8:\"stdClass\":2:{s:7:\"keyword\";s:8:\"Freeware\";s:3:\"url\";s:26:\"http:\/\/free.engelmann.com\/\";}}"],"wpmdr_menu":["1","1"],"_uag_migration_processed":["1"],"_wpml_word_count":["752"],"_uag_page_assets":["a:9:{s:3:\"css\";s:0:\"\";s:2:\"js\";s:0:\"\";s:18:\"current_block_list\";a:3:{i:0;s:10:\"core\/image\";i:1;s:14:\"core\/paragraph\";i:2;s:14:\"core\/separator\";}s:8:\"uag_flag\";b:0;s:11:\"uag_version\";s:10:\"1776854783\";s:6:\"gfonts\";a:0:{}s:10:\"gfonts_url\";s:0:\"\";s:12:\"gfonts_files\";a:0:{}s:14:\"uag_faq_layout\";b:0;}"]},"uagb_featured_image_src":{"full":false,"thumbnail":false,"medium":false,"medium_large":false,"large":false,"1536x1536":false,"2048x2048":false},"uagb_author_info":{"display_name":"Ulrich Engelmann","author_link":"https:\/\/engelmann.com\/de\/author\/uengelmann\/"},"uagb_comment_info":0,"uagb_excerpt":"Digitale Fotografie ist aus unserem t\u00e4glichen Leben nicht mehr wegzudenken. Ob mit einer&nbsp;Spiegelreflex-Kamera, einem Bridge-Modell oder einer handlichen Kompaktkamera: Man&nbsp;muss kein Hobby-Fotograf sein, um auf ... Details \u279c","_links":{"self":[{"href":"https:\/\/engelmann.com\/de\/wp-json\/wp\/v2\/pages\/58239","targetHints":{"allow":["GET"]}}],"collection":[{"href":"https:\/\/engelmann.com\/de\/wp-json\/wp\/v2\/pages"}],"about":[{"href":"https:\/\/engelmann.com\/de\/wp-json\/wp\/v2\/types\/page"}],"author":[{"embeddable":true,"href":"https:\/\/engelmann.com\/de\/wp-json\/wp\/v2\/users\/3"}],"replies":[{"embeddable":true,"href":"https:\/\/engelmann.com\/de\/wp-json\/wp\/v2\/comments?post=58239"}],"version-history":[{"count":1,"href":"https:\/\/engelmann.com\/de\/wp-json\/wp\/v2\/pages\/58239\/revisions"}],"predecessor-version":[{"id":58240,"href":"https:\/\/engelmann.com\/de\/wp-json\/wp\/v2\/pages\/58239\/revisions\/58240"}],"wp:attachment":[{"href":"https:\/\/engelmann.com\/de\/wp-json\/wp\/v2\/media?parent=58239"}],"curies":[{"name":"wp","href":"https:\/\/api.w.org\/{rel}","templated":true}]}}