{"id":58242,"date":"2019-08-06T14:55:25","date_gmt":"2019-08-06T14:55:25","guid":{"rendered":"https:\/\/engelmann.com\/?page_id=58242"},"modified":"2019-08-06T14:55:26","modified_gmt":"2019-08-06T14:55:26","slug":"dvd-kompendium-alternative-formate","status":"publish","type":"page","link":"https:\/\/engelmann.com\/de\/dvd-kompendium-alternative-formate\/","title":{"rendered":"DVD Kompendium &#8211; Alternative Formate"},"content":{"rendered":"\n<h2 class=\"wp-block-heading\">Alternative Formate<\/h2>\n\n\n\n<div class=\"wp-block-image\"><figure class=\"alignright\"><img decoding=\"async\" src=\"https:\/\/engelmann.com\/wp-content\/uploads\/2017\/08\/dvd-file-formate.png\" alt=\"Alternative Formate\" class=\"wp-image-51972\"\/><\/figure><\/div>\n\n\n\n<p><strong>SACD<\/strong><br>Die Super Audio-CD kommt von den Firmen Sony und Philips und ist ein Konkurrenzformat zur DVD-Audio \u2013 und besitzt erheblich mehr Chancen, da sie einen f\u00fcr den Verbraucher wesentlich interessanteren&nbsp;Ansatz bietet: Diese Disc ist eine Art CD\/DVD-Hybride, die mit zwei unterschiedlichen Schichten versehen wird. Die obere Schicht kann von jedem existierenden CD-Player abgespielt werden, die untere nur von DVD-SACD-Playern. Nachteilig ist allerdings, dass die Scheiben voraussichtlich geringf\u00fcgig teurer sind als herk\u00f6mmliche CDs und da\u00df die zur Zeit ausgelieferten DVD-Laufwerke die Scheiben genauso wenig lesen k\u00f6nnen wie die DVD-Audio. Andere Bezeichnungen: Legacy- oder Sandwich-Disc. Leider hat sich die SACD nicht durchgesetzt.<\/p>\n\n\n\n<p><strong>MMFV und AS-MO<\/strong><br>Von der Firma NEC eingef\u00fchrtes alternatives Format zum Bespielen von DVDs. Ob das Format jemals f\u00fcr den Normalanwender Bedeutung erlangen wird, bleibt fraglich. Wahrscheinlich wird es nur im gesch\u00e4ftlichen Bereich beim Aufzeichnen von Konferenzen und\/oder zur Video\u00fcberwachung eingesetzt \u2013 wenn \u00fcberhaupt. Das Verfahren besitzt viel \u00c4hnlichkeit mit DVD\/RW und DVD+RW und soll um die 5 GB speichern k\u00f6nnen. Das bis jetzt noch vollst\u00e4ndig unbekannte AS-MO soll \u00fcber die gleiche Speicherkapazit\u00e4t verf\u00fcgen..<\/p>\n\n\n\n<p><strong>DIVX<\/strong><br>DIVX (nicht zu verwechseln mit dem MPEG 4 Codec DivX!) sollte eine alternative Vertriebsform f\u00fcr DVD-Videos erst in den USA und dann im Rest der Welt werden, mit denen den Film-Konzernen eine gr\u00f6\u00dfere Kontrolle \u00fcber die H\u00e4ufigkeit des Abspielens gegeben werden sollte. DIVX-Laufwerke waren etwas teurer als normale DVD-Player und verf\u00fcgten zus\u00e4tzlich \u00fcber ein Modem, \u00fcber das man sich beim Verleih einw\u00e4hlt und seinen Obulus f\u00fcr eine weitere Betrachtung des gespeicherten Materials entrichtet. Allerdings konnte man aus verst\u00e4ndlichen Gr\u00fcnden niemanden daf\u00fcr erw\u00e4rmen, sich die Laufwerke anzuschaffen und etwa 1998 ist auch die letzte gro\u00dfe Filmfirma vom DIVX-Zug abgesprungen.<br>So ist dann \u00fcbrigens auch der MPEG4 Codec mit dem gleichen Namen entstanden. Nachdem zuerst ein gehackter MPEG 4 Codec von Microsoft verwendet wurde, entwickelte die Community einen eigenen MPEG 4 Codec. Dieser wurde dann kommerziell genutzt und der Name \u201eDivX\u201c wurde von obiger Firma abgekauft. Die Community entwickelte dann die kostenlose und bessere Alternative \u201eXvid\u201c \u2013 was \u201eDivx\u201c r\u00fcckw\u00e4rts gesprochen ist. Beide Codecs spielen aber in Zeiten von h.264 und h.265 nahezu keine Rolle mehr.<\/p>\n\n\n\n<p>&lt;-&nbsp;<a href=\"https:\/\/engelmann.com\/de\/dvd-kompendium\/\">Zur\u00fcck zum Inhaltsverzeichnis<\/a><\/p>\n\n\n\n<hr class=\"wp-block-separator\"\/>\n\n\n\n<p><strong>Bitte beachten Sie:<\/strong>\u00a0Wir empfehlen Ihnen zum Brennen von CDs und DVDs unsere Software\u00a0<a href=\"http:\/\/free.engelmann.com\/\">CDRWIN<\/a>. Diese k\u00f6nnen Sie in der aktuellen Version 10\u00a0<a href=\"https:\/\/engelmann.com\/de\/free\/\">derzeit kostenlos bei uns<\/a>\u00a0erhalten!\u00a0Wenn Sie vorher noch Filme unwandeln wollen, empfehlen wir Ihnen unsere Software\u00a0<a href=\"https:\/\/myformatconverter.com\/\">MyFormatConverter<\/a>. Diese gibt es ebenfalls in einer kostenlosen Version.\u00a0Auch zur Bildbearbeitung Ihrer Fotos haben wir \u00fcbrigens mit\u00a0<a href=\"https:\/\/photomizer.com\/\">Photomizer<\/a>\u00a0eine Software im Angebot!<\/p>\n","protected":false},"excerpt":{"rendered":"<p>Alternative Formate SACDDie Super Audio-CD kommt von den Firmen Sony und Philips und ist ein Konkurrenzformat zur DVD-Audio \u2013 und besitzt erheblich mehr Chancen, da &#8230; <a title=\"DVD Kompendium &#8211; Alternative Formate\" class=\"read-more\" href=\"https:\/\/engelmann.com\/de\/dvd-kompendium-alternative-formate\/\" aria-label=\"Mehr Informationen \u00fcber DVD Kompendium &#8211; Alternative Formate\">Details \u279c<\/a><\/p>\n","protected":false},"author":3,"featured_media":0,"parent":0,"menu_order":0,"comment_status":"closed","ping_status":"closed","template":"","meta":{"om_disable_all_campaigns":false,"_uag_custom_page_level_css":"","_monsterinsights_skip_tracking":false,"_monsterinsights_sitenote_active":false,"_monsterinsights_sitenote_note":"","_monsterinsights_sitenote_category":0,"footnotes":""},"class_list":{"0":"post-58242","1":"page","2":"type-page","3":"status-publish","5":"infinite-scroll-item","6":"no-featured-image-padding"},"aioseo_notices":[],"spectra_custom_meta":{"_edit_lock":["1565103326:2"],"_edit_last":["2","2"],"slide_template":["default","default"],"_generate-disable-headline":["true","true"],"_wpml_media_duplicate":["1","1"],"_wpml_media_featured":["1","1"],"_yoast_wpseo_content_score":["30","30"],"aal_manualgenerated":["a:0:{}","a:0:{}"],"wpmdr_menu":["1","1"],"_uag_migration_processed":["1"],"_wpml_word_count":["435"],"_uag_page_assets":["a:9:{s:3:\"css\";s:0:\"\";s:2:\"js\";s:0:\"\";s:18:\"current_block_list\";a:4:{i:0;s:12:\"core\/heading\";i:1;s:10:\"core\/image\";i:2;s:14:\"core\/paragraph\";i:3;s:14:\"core\/separator\";}s:8:\"uag_flag\";b:0;s:11:\"uag_version\";s:10:\"1776176174\";s:6:\"gfonts\";a:0:{}s:10:\"gfonts_url\";s:0:\"\";s:12:\"gfonts_files\";a:0:{}s:14:\"uag_faq_layout\";b:0;}"]},"uagb_featured_image_src":{"full":false,"thumbnail":false,"medium":false,"medium_large":false,"large":false,"1536x1536":false,"2048x2048":false},"uagb_author_info":{"display_name":"Ulrich Engelmann","author_link":"https:\/\/engelmann.com\/de\/author\/uengelmann\/"},"uagb_comment_info":0,"uagb_excerpt":"Alternative Formate SACDDie Super Audio-CD kommt von den Firmen Sony und Philips und ist ein Konkurrenzformat zur DVD-Audio \u2013 und besitzt erheblich mehr Chancen, da ... Details \u279c","_links":{"self":[{"href":"https:\/\/engelmann.com\/de\/wp-json\/wp\/v2\/pages\/58242","targetHints":{"allow":["GET"]}}],"collection":[{"href":"https:\/\/engelmann.com\/de\/wp-json\/wp\/v2\/pages"}],"about":[{"href":"https:\/\/engelmann.com\/de\/wp-json\/wp\/v2\/types\/page"}],"author":[{"embeddable":true,"href":"https:\/\/engelmann.com\/de\/wp-json\/wp\/v2\/users\/3"}],"replies":[{"embeddable":true,"href":"https:\/\/engelmann.com\/de\/wp-json\/wp\/v2\/comments?post=58242"}],"version-history":[{"count":1,"href":"https:\/\/engelmann.com\/de\/wp-json\/wp\/v2\/pages\/58242\/revisions"}],"predecessor-version":[{"id":58243,"href":"https:\/\/engelmann.com\/de\/wp-json\/wp\/v2\/pages\/58242\/revisions\/58243"}],"wp:attachment":[{"href":"https:\/\/engelmann.com\/de\/wp-json\/wp\/v2\/media?parent=58242"}],"curies":[{"name":"wp","href":"https:\/\/api.w.org\/{rel}","templated":true}]}}