{"id":58244,"date":"2019-08-06T14:56:19","date_gmt":"2019-08-06T14:56:19","guid":{"rendered":"https:\/\/engelmann.com\/?page_id=58244"},"modified":"2019-08-06T14:56:20","modified_gmt":"2019-08-06T14:56:20","slug":"dvd-kompendium-aspect-ratio","status":"publish","type":"page","link":"https:\/\/engelmann.com\/de\/dvd-kompendium-aspect-ratio\/","title":{"rendered":"DVD Kompendium &#8211; Aspect Ratio"},"content":{"rendered":"\n<h2 class=\"wp-block-heading\">Aspect Ratio<\/h2>\n\n\n\n<div class=\"wp-block-image\"><figure class=\"alignright\"><img decoding=\"async\" src=\"https:\/\/engelmann.com\/wp-content\/uploads\/2017\/08\/aspect-ratio.png\" alt=\"Aspect Ratio\" class=\"wp-image-52178\"\/><\/figure><\/div>\n\n\n\n<p>Aspect Ratios sind die unterschiedlichen Gr\u00f6\u00dfenverh\u00e4ltnisse (L\u00e4nge mal Breite) des Bildes, bei einem normalen Breitwand-Kinofilm beispielsweise&nbsp;2,35:1 \u2013 was nichts anderes bedeutet, als dass das Bild 2,35 mal so breit ist wie hoch.&nbsp;Fernseher besitzen in der Regel ein Bild-Gr\u00f6\u00dfenverh\u00e4ltnis von&nbsp;1,33:1. Hier spricht man in der Regel vom 4:3-Format. Nur neuere Ger\u00e4te k\u00f6nnen&nbsp;das (f\u00fcr Breitwandfilme) etwas g\u00fcnstigere Verh\u00e4ltnis 16:9 vorweisen, was einem&nbsp;Gr\u00f6\u00dfenverh\u00e4ltnis von 1,78:1 entspricht.<\/p>\n\n\n\n<p>DVD-Videos sind grunds\u00e4tzlich im 4:3-Format oder im 16:9-Format&nbsp;abgespeichert. Ersteres entspricht dem Gr\u00f6\u00dfenverh\u00e4ltnis eines normalen Fernsehers, letzteres dem Widescreen-Kinoformat und in Grenzen dem eines 16:9-TVs. DVD-(Software-) Player sind in der Lage, hieraus folgende Ausgabeformate zu generieren:<\/p>\n\n\n\n<p><strong>Letterbox<\/strong><br>Letterbox schrumpft ein 16:9-Video soweit, dass es vollst\u00e4ndig auf einen 4:3-Fernseher wiedergegeben werden kann \u2013 wobei oben und unten schwarze Balken entstehen. Dadurch kann der Film in seinem originalen Kinoformat abgespielt werden, bis auf die Gr\u00f6\u00dfe nat\u00fcrlich. Falls der Film von vornherein das etwas kleinere Widescreen-Format von 1,8:1 vorweist, ist er perfekt f\u00fcr 16:9-Fernseher.<\/p>\n\n\n\n<p><strong>Pan &amp; Scan<\/strong><br>Pan &amp; Scan schneidet die Seiten eines 16:9-Videos ab, so dass auf einem 4:3-Ferseher ein volles Bild ausgegeben wird. Pan &amp; Scan findet man eher bei normalen VHS-Videos und weniger bei DVDs und schon gar nicht bei Laserdiscs, da es nicht jedermanns Sache ist, auf einen gro\u00dfen Teil des Bildes zu verzichten.Jene Filme hingegen, die von vornherein im TV-Format abgedreht worden sind, k\u00f6nnen dementsprechend mit ihrer vollen Bildf\u00fclle genutzt werden.<\/p>\n\n\n\n<p><strong>Full Frame<\/strong><br>Full Frame-Videos sind nachbehandelte Widescreen-Filme, damit das Originalmaterial m\u00f6glichst bildschirmf\u00fcllend auf einem 4:3-Fernseher\/Monitor betrachtet werden kann. Relativ viele DVDs beinhalten auch zwei Fassungen desselben Filmes, eine Widescreen-Variante f\u00fcr 16-9- und eine Full Frame-Variante f\u00fcr 4:3-Fernseher. Full Frame-Videos brauchen vom Player nicht ge\u00e4ndert zu werden, um den jeweiligen Abspielbedingungen angepasst zu werden.<\/p>\n\n\n\n<p><strong>Widescreen<\/strong><br>Widescreen auf Video entspricht dem originalen Gr\u00f6\u00dfenverh\u00e4ltnis des Kinofilms \u2013 ideal f\u00fcr 16:9-Bildschirme, die ein Gr\u00f6\u00dfenverh\u00e4ltnis von 1,78:1 besitzen, zumindest dann, wenn die Widescreen-Filme im 1,8:1-Format abgedreht worden sind. Kinofilme im 2,38:1-Format hinterlassen auch hier noch schwarze Balken, allerdings d\u00fcnnere. Bei einem 4:3-Fernseher wird das Bild wie bei Letterbox soweit verkleinert, bis der Film vollst\u00e4ndig von links nach rechts&nbsp; wiedergegeben werden kann inklusive (unter Umst\u00e4nden dicke) schwarze Balken&nbsp;oben und unten.<\/p>\n\n\n\n<p><strong>Anamorphical Widescreen<\/strong><br>Um die schmalen schwarzen Streifen eines 2,38:1-Filmes auf einem 16:9-Bildschirm noch schmaler zu bekommen, wurde Anamorphically Enhanced eingef\u00fchrt, ein Verfahren, bei dem das Bild schlicht und ergreifend mit dem einen oder anderen Trick in der Horizontalen gestaucht gespeichert und w\u00e4hrend der Wiedergabe in die Breite gezogen wird. Anamorphes Video l\u00e4sst sich vom Player problemlos zu Letterbox<br>oder \u2013 wenn es denn sein muss \u2013 auch Pan &amp; Scan konvertieren, um 4:3-Bildschirmverh\u00e4ltnissen angepasst zu werden \u2013 wenn dies vom Produzenten der Video-DVD vorgesehen ist.<\/p>\n\n\n\n<p>Bei Letterbox konvertiert der Player automatisch das Format, so dass der Film trotz des Zusammenstauchens sowohl in den richtigen Proportionen als auch in der gesamten Breite betrachtet werden kann, bei Pan &amp; Scan ebenfalls, nur ist der Konvertierungsproze\u00df einen Tick komplizierter und dementsprechend kostentr\u00e4chtiger, weshalb er auch nur recht selten angeboten wird.<\/p>\n\n\n\n<p>&lt;-&nbsp;<a href=\"https:\/\/engelmann.com\/de\/dvd-kompendium\/\">Zur\u00fcck zum Inhaltsverzeichnis<\/a><\/p>\n\n\n\n<hr class=\"wp-block-separator\"\/>\n\n\n\n<p><strong>Bitte beachten Sie:<\/strong>\u00a0Wir empfehlen Ihnen zum Brennen von CDs und DVDs unsere Software\u00a0<a href=\"http:\/\/free.engelmann.com\/\">CDRWIN<\/a>. Diese k\u00f6nnen Sie in der aktuellen Version 10\u00a0<a href=\"https:\/\/engelmann.com\/de\/free\/\">derzeit kostenlos bei uns<\/a>\u00a0erhalten!\u00a0Wenn Sie vorher noch Filme unwandeln wollen, empfehlen wir Ihnen unsere Software\u00a0<a href=\"https:\/\/myformatconverter.com\/\">MyFormatConverter<\/a>. Diese gibt es ebenfalls in einer kostenlosen Version.\u00a0Auch zur Bildbearbeitung Ihrer Fotos haben wir \u00fcbrigens mit\u00a0<a href=\"https:\/\/photomizer.com\/\">Photomizer<\/a>\u00a0eine Software im Angebot!<\/p>\n","protected":false},"excerpt":{"rendered":"<p>Aspect Ratio Aspect Ratios sind die unterschiedlichen Gr\u00f6\u00dfenverh\u00e4ltnisse (L\u00e4nge mal Breite) des Bildes, bei einem normalen Breitwand-Kinofilm beispielsweise&nbsp;2,35:1 \u2013 was nichts anderes bedeutet, als dass &#8230; <a title=\"DVD Kompendium &#8211; Aspect Ratio\" class=\"read-more\" href=\"https:\/\/engelmann.com\/de\/dvd-kompendium-aspect-ratio\/\" aria-label=\"Mehr Informationen \u00fcber DVD Kompendium &#8211; Aspect Ratio\">Details \u279c<\/a><\/p>\n","protected":false},"author":3,"featured_media":0,"parent":0,"menu_order":0,"comment_status":"closed","ping_status":"closed","template":"","meta":{"om_disable_all_campaigns":false,"_uag_custom_page_level_css":"","_monsterinsights_skip_tracking":false,"_monsterinsights_sitenote_active":false,"_monsterinsights_sitenote_note":"","_monsterinsights_sitenote_category":0,"footnotes":""},"class_list":{"0":"post-58244","1":"page","2":"type-page","3":"status-publish","5":"infinite-scroll-item","6":"no-featured-image-padding"},"aioseo_notices":[],"spectra_custom_meta":{"_edit_lock":["1565103380:2"],"_edit_last":["2","2"],"slide_template":["default","default"],"_generate-disable-headline":["true","true"],"_wpml_media_duplicate":["1","1"],"_wpml_media_featured":["1","1"],"_yoast_wpseo_content_score":["30","30"],"aal_manualgenerated":["a:0:{}","a:0:{}"],"wpmdr_menu":["1","1"],"_uag_migration_processed":["1"],"_wpml_word_count":["639"],"_uag_page_assets":["a:9:{s:3:\"css\";s:0:\"\";s:2:\"js\";s:0:\"\";s:18:\"current_block_list\";a:4:{i:0;s:12:\"core\/heading\";i:1;s:10:\"core\/image\";i:2;s:14:\"core\/paragraph\";i:3;s:14:\"core\/separator\";}s:8:\"uag_flag\";b:0;s:11:\"uag_version\";s:10:\"1775343064\";s:6:\"gfonts\";a:0:{}s:10:\"gfonts_url\";s:0:\"\";s:12:\"gfonts_files\";a:0:{}s:14:\"uag_faq_layout\";b:0;}"]},"uagb_featured_image_src":{"full":false,"thumbnail":false,"medium":false,"medium_large":false,"large":false,"1536x1536":false,"2048x2048":false},"uagb_author_info":{"display_name":"Ulrich Engelmann","author_link":"https:\/\/engelmann.com\/de\/author\/uengelmann\/"},"uagb_comment_info":0,"uagb_excerpt":"Aspect Ratio Aspect Ratios sind die unterschiedlichen Gr\u00f6\u00dfenverh\u00e4ltnisse (L\u00e4nge mal Breite) des Bildes, bei einem normalen Breitwand-Kinofilm beispielsweise&nbsp;2,35:1 \u2013 was nichts anderes bedeutet, als dass ... Details \u279c","_links":{"self":[{"href":"https:\/\/engelmann.com\/de\/wp-json\/wp\/v2\/pages\/58244","targetHints":{"allow":["GET"]}}],"collection":[{"href":"https:\/\/engelmann.com\/de\/wp-json\/wp\/v2\/pages"}],"about":[{"href":"https:\/\/engelmann.com\/de\/wp-json\/wp\/v2\/types\/page"}],"author":[{"embeddable":true,"href":"https:\/\/engelmann.com\/de\/wp-json\/wp\/v2\/users\/3"}],"replies":[{"embeddable":true,"href":"https:\/\/engelmann.com\/de\/wp-json\/wp\/v2\/comments?post=58244"}],"version-history":[{"count":1,"href":"https:\/\/engelmann.com\/de\/wp-json\/wp\/v2\/pages\/58244\/revisions"}],"predecessor-version":[{"id":58245,"href":"https:\/\/engelmann.com\/de\/wp-json\/wp\/v2\/pages\/58244\/revisions\/58245"}],"wp:attachment":[{"href":"https:\/\/engelmann.com\/de\/wp-json\/wp\/v2\/media?parent=58244"}],"curies":[{"name":"wp","href":"https:\/\/api.w.org\/{rel}","templated":true}]}}