{"id":58248,"date":"2019-08-06T14:58:20","date_gmt":"2019-08-06T14:58:20","guid":{"rendered":"https:\/\/engelmann.com\/?page_id=58248"},"modified":"2019-08-06T14:58:21","modified_gmt":"2019-08-06T14:58:21","slug":"dvd-kompendium-audioformate","status":"publish","type":"page","link":"https:\/\/engelmann.com\/de\/dvd-kompendium-audioformate\/","title":{"rendered":"DVD Kompendium &#8211; Audioformate"},"content":{"rendered":"\n<h2 class=\"wp-block-heading\">\n\nAudioformate<\/h2>\n\n\n\n<div class=\"wp-block-image\"><figure class=\"alignright\"><img decoding=\"async\" src=\"https:\/\/engelmann.com\/wp-content\/uploads\/2017\/08\/dvd-audio-formate.png\" alt=\"DVD Audio Formate\" class=\"wp-image-51987\"\/><\/figure><\/div>\n\n\n\n<p>M\u00f6gliche Audioformate auf einer DVD sind:<\/p>\n\n\n\n<ul class=\"wp-block-list\"><li>LPCM mit 1 bis 8 Kan\u00e4len.<\/li><li>Dolby Digital mit 1 bis 5,1 Kan\u00e4len (fr\u00fcher Audio Coding 3 oder kurz&nbsp;AC-3 genannt).<\/li><li>MPEG-2 Audio mit 1 bis 5,1 oder 7,1 Kan\u00e4len.<\/li><li>DTS (ben\u00f6tigt einen externen Decoder, wird nicht von allen Laufwerken&nbsp;unterst\u00fctzt).<\/li><li>SDDS (ben\u00f6tigt ebenfalls einen externen Decoder, wird auch nicht von&nbsp;allen Laufwerken unterst\u00fctzt).<\/li><\/ul>\n\n\n\n<p>Hinweise auf das verwendete Audioformat findet&nbsp;man hinten auf der DVD-H\u00fclle.<\/p>\n\n\n\n<p><strong>LPCM<\/strong><br>LPCM ist unkomprimiertes Audiomaterial, wie&nbsp;Sie es von der CD her kennen, allerdings mit 48 kHz, beziehungsweise 96 kHz&nbsp;und in 16, 20 oder 24 Bit Tiefe digitalisiert. Aufgrund der Begrenzung des Datendurchsatzes&nbsp;auf 6144 KBps (f\u00fcr jeden einzelnen der m\u00f6glichen 8 Audiostr\u00f6me) fallen bei&nbsp;hohen Samplefrequenzen\/-tiefen dementsprechend viele Kan\u00e4le weg, da das Datenaufkommen&nbsp;ansonsten zu hoch w\u00e4re, um noch \u00fcbertragen werden zu k\u00f6nnen.&nbsp;Die erforderliche Datenrate (in KB pro Sekunde)&nbsp;f\u00fcr unterschiedlich gesampeltes, unkomprimiertes Audiomaterial gibt folgende&nbsp;Tabelle wieder.<\/p>\n\n\n\n<table class=\"wp-block-table\"><tbody><tr><td>Sample-FrequenzSampletiefe<\/td><td>48 KHz16 Bit<\/td><td>48 KHz20 Bit<\/td><td>48 KHz24 Bit<\/td><td>96 KHz16 Bit<\/td><td>96 KHz20 Bit<\/td><td>96 KHz24 Bit<\/td><\/tr><tr><td>1 Kanal<\/td><td>768 KBps<\/td><td>960 KBps<\/td><td>1,152 KBps<\/td><td>1,536 KBps<\/td><td>1,920 KBps<\/td><td>2,304 KBps<\/td><\/tr><tr><td>2 Kan\u00e4le<\/td><td>1,536 KBps<\/td><td>1,920 KBps<\/td><td>2,304 KBps<\/td><td>3,072 KBps<\/td><td>3,840 KBps<\/td><td>4,608 KBps<\/td><\/tr><tr><td>3 Kan\u00e4le<\/td><td>2,304 KBps<\/td><td>2,880 KBps<\/td><td>3,456 KBps<\/td><td>4,608 KBps<\/td><td>5,760 KBps<\/td><td><\/td><\/tr><tr><td>4 Kan\u00e4le<\/td><td>3,072 KBps<\/td><td>3,840 KBps<\/td><td>4,608 KBps<\/td><td>6,144 KBps<\/td><td><\/td><td><\/td><\/tr><tr><td>5 Kan\u00e4le<\/td><td>3,840 KBps<\/td><td>4,800 KBps<\/td><td>5,760 KBps<\/td><td><\/td><td><\/td><td><\/td><\/tr><tr><td>6 Kan\u00e4le<\/td><td>4,608 KBps<\/td><td>5,760 KBps<\/td><td><\/td><td><\/td><td><\/td><td><\/td><\/tr><tr><td>7 Kan\u00e4le<\/td><td>5,376 KBps<\/td><td><\/td><td><\/td><td><\/td><td><\/td><td><\/td><\/tr><tr><td>8 Kan\u00e4le<\/td><td>6,144 KBps<\/td><td><\/td><td><\/td><td><\/td><td><\/td><td>&nbsp;<\/td><\/tr><\/tbody><\/table>\n\n\n\n<p><strong>Dolby Digital Surround (AC-3)<\/strong><br>Dolby Digital ist eine Komprimierungsmethode,&nbsp;die vor 1995 noch unter dem Namen AC-3 firmierte, und mit der man sich des&nbsp;vorhandenen LPCM-Soundmaterials annimmt (welches in 48 kHz und in 24 Bit vorliegen&nbsp;muss). Nahezu alle DVD-Videos beinhalten als Audioformat Dolby Digital 5.1&nbsp;Channel (nur sehr wenige Pal-Discs auch MPEG-Audio).&nbsp;Dolby Digital bietet trotz Komprimierung eine&nbsp;hervorragende Tonqualit\u00e4t \u2013 ist aber nat\u00fcrlich abh\u00e4ngig von der Qualit\u00e4t des&nbsp;Originalmaterials. (Das betrifft auch die Menge der zur Verf\u00fcgung gestellten&nbsp;Kan\u00e4le. Ein \u00e4lterer Film, der nur mit einer Mono-Tonspur existiert, wird auch&nbsp;nur mit einem Dolby-Digital-Sound-Kanal auf DVD zu finden sein.) Unter Umst\u00e4nden&nbsp;befinden sich auch zwei Dolby Digital-Tonspuren auf einer DVD, eine mit 5,1&nbsp;Kan\u00e4len und eine remasterte Dolby Digital Surround Stereo-Spur.&nbsp;Laut Spezifikation m\u00fcssen NTSC-DVDs wenigstens&nbsp;einen PCM- oder Dolby Digital-Audiotrack beinhalten (MPEG-Audio wird im NTSC-Lande&nbsp;USA nicht unterst\u00fctzt), PAL\/SECAM-Discs wenigstens einen PCM-, Dolby Digital-oder MPEG-Audiotrack. Alle weiteren Audiotracks in den restlichen&nbsp;7 Spuren k\u00f6nnen in jedem beliebigen Format vorliegen.<\/p>\n\n\n\n<p><strong>MPEG-Audio<\/strong><br>MPEG-Audio ist ebenso wie AC-3 eine Komprimierungsmethode,&nbsp;mit der man dem LPCM-Material zu Leibe r\u00fccken kann (muss in 48 kHz und 16 Bit&nbsp;vorliegen). Dank der Abw\u00e4rtskompatibilit\u00e4t MPEG-1 k\u00f6nnte MPEG-2- Audio rein&nbsp;theoretisch auch auf \u00e4lterer MPEG-1-Hardware abgespielt werden, allerdings&nbsp;unter Verzicht auf die zus\u00e4tzlichen Kan\u00e4le. Nachdem in Europa MPEG-2 als Audioformat&nbsp;zu Beginn noch als Quasi-Standard gehandelt wurde, ist man mittlerweile aber&nbsp;davon abgekommen und nutzt auch hier AC-3.<\/p>\n\n\n\n<p><strong>DTS<\/strong><br>DTS (<strong>D<\/strong>igital&nbsp;<strong>T<\/strong>heater&nbsp;<strong>S<\/strong>ystems&nbsp;Digital Surround) ist ein \u00e4hnliches Verfahren wie Dolby Digital und liefert&nbsp;\u00e4hnliche Ergebnisse. Allerdings sind nur neuere Laufwerke in der Lage, einen&nbsp;DTS-Track zu erkennen und zu dekodieren \u2013 weshalb immer auch ein Dolby Digital-Track&nbsp;mit an DVD-Bord sein muss (alternativ kann die Dekodierung auch durch einen&nbsp;DTS-unterst\u00fctzenden Reciever erfolgen).&nbsp;Was dieses Verfahren \u00fcber den Gebrauch auf Video-DVDs&nbsp;hinaushebt, ist die M\u00f6glichkeit, reine Audio-Discs und damit ein weiteres&nbsp;Konkurrenzformat zur DVD-Audio herzustellen \u2013 mit dem Vorteil, dass DTS-Audiotracks&nbsp;ohne Probleme von herk\u00f6mmlichen DVD-Playern erkannt werden k\u00f6nnen, da sich&nbsp;die DTS-Daten als Standard-PCM-Tracks tarnen lassen (klappt aber nur bei reinen&nbsp;Audio-Discs).<\/p>\n\n\n\n<p><strong>SDDS<\/strong><br><strong>S<\/strong>ony&nbsp;<strong>D<\/strong>ynamic&nbsp;<strong>D<\/strong>igital&nbsp;<strong>S<\/strong>ound&nbsp;ist wie DTS eine optionale Methode, LPCM-Material zu komprimieren. Hierbei&nbsp;wird ein Verfahren angewendet, welches von der MiniDisc her bekannt ist, allerdings&nbsp;gibt es bis dato keine ernsthaften Pl\u00e4ne, dieses Format f\u00fcr die DVD zu verwenden.<\/p>\n\n\n\n<p><strong>Kan\u00e4le<\/strong><br>Von den bis zu bis zu 8 m\u00f6glichen Kan\u00e4len pro&nbsp;Audiospur (bei 48 kHz Samplefrequenz und 16 Bit Sampletiefe) werden bislang&nbsp;h\u00f6chstens sechs Kan\u00e4le genutzt:<\/p>\n\n\n\n<ul class=\"wp-block-list\"><li>Vorne rechts\/links<\/li><li>Mitte<\/li><li>Hinten rechts\/links<\/li><li>Und ein separater Subwoofer-Kanal f\u00fcr den Tiefba\u00df.<\/li><\/ul>\n\n\n\n<p>5,1-Kanal-Audio wird die Kanalaufteilung genannt, da der Kanal, an dem der Subwoofer h\u00e4ngt, nicht als vollwertig gesehen wird.&nbsp;Hier werden nur spezielle Bassignale \u00fcbertragen.<\/p>\n\n\n\n<p>&lt;-&nbsp;<a href=\"https:\/\/engelmann.com\/de\/dvd-kompendium\/\">Zur\u00fcck zum Inhaltsverzeichnis<\/a><\/p>\n\n\n\n<hr class=\"wp-block-separator\"\/>\n\n\n\n<p><strong>Bitte beachten Sie:<\/strong>\u00a0Wir empfehlen Ihnen zum Brennen von CDs und DVDs unsere Software\u00a0<a href=\"http:\/\/free.engelmann.com\/\">CDRWIN<\/a>. Diese k\u00f6nnen Sie in der aktuellen Version 10\u00a0<a href=\"https:\/\/engelmann.com\/de\/free\/\">derzeit kostenlos bei uns<\/a>\u00a0erhalten!\u00a0Wenn Sie vorher noch Filme unwandeln wollen, empfehlen wir Ihnen unsere Software\u00a0<a href=\"https:\/\/myformatconverter.com\/\">MyFormatConverter<\/a>. Diese gibt es ebenfalls in einer kostenlosen Version.\u00a0Auch zur Bildbearbeitung Ihrer Fotos haben wir \u00fcbrigens mit\u00a0<a href=\"https:\/\/photomizer.com\/\">Photomizer<\/a>\u00a0eine Software im Angebot!<\/p>\n","protected":false},"excerpt":{"rendered":"<p>Audioformate M\u00f6gliche Audioformate auf einer DVD sind: LPCM mit 1 bis 8 Kan\u00e4len. Dolby Digital mit 1 bis 5,1 Kan\u00e4len (fr\u00fcher Audio Coding 3 oder &#8230; <a title=\"DVD Kompendium &#8211; Audioformate\" class=\"read-more\" href=\"https:\/\/engelmann.com\/de\/dvd-kompendium-audioformate\/\" aria-label=\"Mehr Informationen \u00fcber DVD Kompendium &#8211; Audioformate\">Details \u279c<\/a><\/p>\n","protected":false},"author":3,"featured_media":0,"parent":0,"menu_order":0,"comment_status":"closed","ping_status":"closed","template":"","meta":{"om_disable_all_campaigns":false,"_uag_custom_page_level_css":"","_monsterinsights_skip_tracking":false,"_monsterinsights_sitenote_active":false,"_monsterinsights_sitenote_note":"","_monsterinsights_sitenote_category":0,"footnotes":""},"class_list":{"0":"post-58248","1":"page","2":"type-page","3":"status-publish","5":"infinite-scroll-item","6":"no-featured-image-padding"},"aioseo_notices":[],"spectra_custom_meta":{"_edit_lock":["1565103523:2"],"_edit_last":["2","2"],"slide_template":["default","default"],"_generate-disable-headline":["true","true"],"_wpml_media_duplicate":["1","1"],"_wpml_media_featured":["1","1"],"_yoast_wpseo_content_score":["30","30"],"aal_manualgenerated":["a:0:{}","a:0:{}"],"wpmdr_menu":["1","1"],"_uag_migration_processed":["1"],"_wpml_word_count":["848"],"_uag_page_assets":["a:9:{s:3:\"css\";s:0:\"\";s:2:\"js\";s:0:\"\";s:18:\"current_block_list\";a:6:{i:0;s:12:\"core\/heading\";i:1;s:10:\"core\/image\";i:2;s:14:\"core\/paragraph\";i:3;s:9:\"core\/list\";i:4;s:10:\"core\/table\";i:5;s:14:\"core\/separator\";}s:8:\"uag_flag\";b:0;s:11:\"uag_version\";s:10:\"1776637151\";s:6:\"gfonts\";a:0:{}s:10:\"gfonts_url\";s:0:\"\";s:12:\"gfonts_files\";a:0:{}s:14:\"uag_faq_layout\";b:0;}"]},"uagb_featured_image_src":{"full":false,"thumbnail":false,"medium":false,"medium_large":false,"large":false,"1536x1536":false,"2048x2048":false},"uagb_author_info":{"display_name":"Ulrich Engelmann","author_link":"https:\/\/engelmann.com\/de\/author\/uengelmann\/"},"uagb_comment_info":0,"uagb_excerpt":"Audioformate M\u00f6gliche Audioformate auf einer DVD sind: LPCM mit 1 bis 8 Kan\u00e4len. Dolby Digital mit 1 bis 5,1 Kan\u00e4len (fr\u00fcher Audio Coding 3 oder ... Details \u279c","_links":{"self":[{"href":"https:\/\/engelmann.com\/de\/wp-json\/wp\/v2\/pages\/58248","targetHints":{"allow":["GET"]}}],"collection":[{"href":"https:\/\/engelmann.com\/de\/wp-json\/wp\/v2\/pages"}],"about":[{"href":"https:\/\/engelmann.com\/de\/wp-json\/wp\/v2\/types\/page"}],"author":[{"embeddable":true,"href":"https:\/\/engelmann.com\/de\/wp-json\/wp\/v2\/users\/3"}],"replies":[{"embeddable":true,"href":"https:\/\/engelmann.com\/de\/wp-json\/wp\/v2\/comments?post=58248"}],"version-history":[{"count":1,"href":"https:\/\/engelmann.com\/de\/wp-json\/wp\/v2\/pages\/58248\/revisions"}],"predecessor-version":[{"id":58249,"href":"https:\/\/engelmann.com\/de\/wp-json\/wp\/v2\/pages\/58248\/revisions\/58249"}],"wp:attachment":[{"href":"https:\/\/engelmann.com\/de\/wp-json\/wp\/v2\/media?parent=58248"}],"curies":[{"name":"wp","href":"https:\/\/api.w.org\/{rel}","templated":true}]}}