{"id":58257,"date":"2019-08-06T15:05:18","date_gmt":"2019-08-06T15:05:18","guid":{"rendered":"https:\/\/engelmann.com\/?page_id=58257"},"modified":"2019-08-06T15:05:18","modified_gmt":"2019-08-06T15:05:18","slug":"dvd-kompendium-dvd-audio","status":"publish","type":"page","link":"https:\/\/engelmann.com\/de\/dvd-kompendium-dvd-audio\/","title":{"rendered":"DVD Kompendium &#8211; DVD Audio"},"content":{"rendered":"\n<h2 class=\"wp-block-heading\">\n\nDVD Audio<\/h2>\n\n\n\n<div class=\"wp-block-image\"><figure class=\"alignright\"><img decoding=\"async\" src=\"https:\/\/engelmann.com\/wp-content\/uploads\/2017\/08\/dvd-audio.png\" alt=\"DVD Audio\" class=\"wp-image-51883\"\/><\/figure><\/div>\n\n\n\n<p>Mit erheblicher Versp\u00e4tung wurden im M\u00e4rz 1999 die Standards f\u00fcr die DVD-Audio verabschiedet. Verantwortlich f\u00fcr dieses zeitliche&nbsp;Hinausschieben war die Musikindustrie, die einen effektiven Kopierschutz realisiert sehen wollte, um die Schlappen und Umsatzeinbu\u00dfen, die ihnen MP3 und CD-Brenner&nbsp;verpasst haben, auf keinen Fall ein zweites Mal zu erleiden.<\/p>\n\n\n\n<p>Herausgekommen ist dabei \u2013 obwohl bereits auf der DVD-Video hochwertiges Audio gespeichert werden kann \u2013 ein neues Format mit neuen Features in sogenannten \u201eDVD-Audio-Zonen\u201c, die aber leider von kaum einem DVD-Video-Player gelesen werden k\u00f6nnen. Damit wird es ein&nbsp;totes Format bleiben, denn (wie es eigentlich bereits die CD-I- und Photo-CD-Player gelehrt haben) ist der Normalkonsument \u00e4u\u00dferst unwillig, sich x verschiedene Player f\u00fcr x verschiedene Formate zuzulegen \u2013 zumal die Zufriedenheit mit der CD im Grunde unersch\u00fcttert ist. Bzw. heute ja oft auch nur noch gestreamt wird.<\/p>\n\n\n\n<p><strong>LPCM<\/strong><br>LPCM ist unkomprimiertes Audiomaterial und das vorgeschriebene Format f\u00fcr DVD-Audios. Mit LPCM sind bis zu 8 unterschiedliche Kan\u00e4le, Sampleraten von 48 kHz bis 96 kHz und Sampletiefen von 16, 20 oder&nbsp;24 Bit m\u00f6glich. (Eine herk\u00f6mmliche CD besitzt eine Samplerate von 44,1 kHz und 16 Bit Samplegr\u00f6\u00dfe.) Allerdings muss die Limitierung der maximalen Datenrate von 6144 Kbps f\u00fcr die Laufwerke in die Rechnung mit aufgenommen werden. Dadurch sinkt die m\u00f6gliche Anzahl der Kan\u00e4le mit der Steigerung der Samplequalit\u00e4t. W\u00e4hrend bei 48 KHz und 16 Bit noch bis zu 8 Kan\u00e4le kein Problem sind (genau 6144 Kbps), kommt man bei 96 KHz und 24 Bit sehr schnell an die Grenzen und schafft gerade noch 2 Kan\u00e4le (4608 Kbps), einer mehr w\u00fcrde das Datenaufkommen \u00fcber die Limitierung der Datenrate hinausschiessen.<\/p>\n\n\n\n<p>Die von der Video-DVD bekannten komprimierten Audioformate Dolby Digital, MPEG-Audio und DTS sind ebenfalls Teil der Spezifikation, aber bis auf Dolby Digital (welches zwingend vorgeschrieben ist, wenn man Videomaterial auf der Audio-DVD unterbringen m\u00f6chte) sind alle diese Audioformate optional. Ferner lassen sich bis zu 16 Graphiken pro Audiotrack unterbringen, die auf dem Display der neuen DVD-Audio-Laufwerke wiedergegeben werden k\u00f6nnen.<\/p>\n\n\n\n<p>&lt;-&nbsp;<a href=\"https:\/\/engelmann.com\/de\/dvd-kompendium\/\">Zur\u00fcck zum Inhaltsverzeichnis<\/a><\/p>\n\n\n\n<hr class=\"wp-block-separator\"\/>\n\n\n\n<p><strong>Bitte beachten Sie:<\/strong>\u00a0Wir empfehlen Ihnen zum Brennen von CDs und DVDs unsere Software\u00a0<a href=\"http:\/\/free.engelmann.com\/\">CDRWIN<\/a>. Diese k\u00f6nnen Sie in der aktuellen Version 10\u00a0<a href=\"https:\/\/engelmann.com\/de\/free\/\">derzeit kostenlos bei uns<\/a>\u00a0erhalten!\u00a0Wenn Sie vorher noch Filme unwandeln wollen, empfehlen wir Ihnen unsere Software\u00a0<a href=\"https:\/\/myformatconverter.com\/\">MyFormatConverter<\/a>. Diese gibt es ebenfalls in einer kostenlosen Version.\u00a0Auch zur Bildbearbeitung Ihrer Fotos haben wir \u00fcbrigens mit\u00a0<a href=\"https:\/\/photomizer.com\/\">Photomizer<\/a>\u00a0eine Software im Angebot!<\/p>\n","protected":false},"excerpt":{"rendered":"<p>DVD Audio Mit erheblicher Versp\u00e4tung wurden im M\u00e4rz 1999 die Standards f\u00fcr die DVD-Audio verabschiedet. Verantwortlich f\u00fcr dieses zeitliche&nbsp;Hinausschieben war die Musikindustrie, die einen effektiven &#8230; <a title=\"DVD Kompendium &#8211; DVD Audio\" class=\"read-more\" href=\"https:\/\/engelmann.com\/de\/dvd-kompendium-dvd-audio\/\" aria-label=\"Mehr Informationen \u00fcber DVD Kompendium &#8211; DVD Audio\">Details \u279c<\/a><\/p>\n","protected":false},"author":3,"featured_media":0,"parent":0,"menu_order":0,"comment_status":"closed","ping_status":"closed","template":"","meta":{"om_disable_all_campaigns":false,"_uag_custom_page_level_css":"","_monsterinsights_skip_tracking":false,"_monsterinsights_sitenote_active":false,"_monsterinsights_sitenote_note":"","_monsterinsights_sitenote_category":0,"footnotes":""},"class_list":{"0":"post-58257","1":"page","2":"type-page","3":"status-publish","5":"infinite-scroll-item","6":"no-featured-image-padding"},"aioseo_notices":[],"spectra_custom_meta":{"_edit_lock":["1565103919:2"],"_edit_last":["2","2"],"slide_template":["default","default"],"_wpml_media_duplicate":["1","1"],"_wpml_media_featured":["1","1"],"_yoast_wpseo_content_score":["30","30"],"aal_manualgenerated":["a:0:{}","a:0:{}"],"wpmdr_menu":["1","1"],"_uag_migration_processed":["1"],"_wpml_word_count":["381"],"_uagb_previous_block_counts":["a:90:{s:21:\"uagb\/advanced-heading\";i:0;s:15:\"uagb\/blockquote\";i:0;s:12:\"uagb\/buttons\";i:0;s:18:\"uagb\/buttons-child\";i:0;s:19:\"uagb\/call-to-action\";i:0;s:15:\"uagb\/cf7-styler\";i:0;s:11:\"uagb\/column\";i:0;s:12:\"uagb\/columns\";i:0;s:14:\"uagb\/container\";i:0;s:21:\"uagb\/content-timeline\";i:0;s:27:\"uagb\/content-timeline-child\";i:0;s:14:\"uagb\/countdown\";i:0;s:12:\"uagb\/counter\";i:0;s:8:\"uagb\/faq\";i:0;s:14:\"uagb\/faq-child\";i:0;s:10:\"uagb\/forms\";i:0;s:17:\"uagb\/forms-accept\";i:0;s:19:\"uagb\/forms-checkbox\";i:0;s:15:\"uagb\/forms-date\";i:0;s:16:\"uagb\/forms-email\";i:0;s:17:\"uagb\/forms-hidden\";i:0;s:15:\"uagb\/forms-name\";i:0;s:16:\"uagb\/forms-phone\";i:0;s:16:\"uagb\/forms-radio\";i:0;s:17:\"uagb\/forms-select\";i:0;s:19:\"uagb\/forms-textarea\";i:0;s:17:\"uagb\/forms-toggle\";i:0;s:14:\"uagb\/forms-url\";i:0;s:14:\"uagb\/gf-styler\";i:0;s:15:\"uagb\/google-map\";i:0;s:11:\"uagb\/how-to\";i:0;s:16:\"uagb\/how-to-step\";i:0;s:9:\"uagb\/icon\";i:0;s:14:\"uagb\/icon-list\";i:0;s:20:\"uagb\/icon-list-child\";i:0;s:10:\"uagb\/image\";i:0;s:18:\"uagb\/image-gallery\";i:0;s:13:\"uagb\/info-box\";i:0;s:18:\"uagb\/inline-notice\";i:0;s:11:\"uagb\/lottie\";i:0;s:21:\"uagb\/marketing-button\";i:0;s:10:\"uagb\/modal\";i:0;s:18:\"uagb\/popup-builder\";i:0;s:16:\"uagb\/post-button\";i:0;s:18:\"uagb\/post-carousel\";i:0;s:17:\"uagb\/post-excerpt\";i:0;s:14:\"uagb\/post-grid\";i:0;s:15:\"uagb\/post-image\";i:0;s:17:\"uagb\/post-masonry\";i:0;s:14:\"uagb\/post-meta\";i:0;s:18:\"uagb\/post-taxonomy\";i:0;s:18:\"uagb\/post-timeline\";i:0;s:15:\"uagb\/post-title\";i:0;s:20:\"uagb\/restaurant-menu\";i:0;s:26:\"uagb\/restaurant-menu-child\";i:0;s:11:\"uagb\/review\";i:0;s:12:\"uagb\/section\";i:0;s:14:\"uagb\/separator\";i:0;s:11:\"uagb\/slider\";i:0;s:17:\"uagb\/slider-child\";i:0;s:17:\"uagb\/social-share\";i:0;s:23:\"uagb\/social-share-child\";i:0;s:16:\"uagb\/star-rating\";i:0;s:23:\"uagb\/sure-cart-checkout\";i:0;s:22:\"uagb\/sure-cart-product\";i:0;s:15:\"uagb\/sure-forms\";i:0;s:22:\"uagb\/table-of-contents\";i:0;s:9:\"uagb\/tabs\";i:0;s:15:\"uagb\/tabs-child\";i:0;s:18:\"uagb\/taxonomy-list\";i:0;s:9:\"uagb\/team\";i:0;s:16:\"uagb\/testimonial\";i:0;s:14:\"uagb\/wp-search\";i:0;s:19:\"uagb\/instagram-feed\";i:0;s:10:\"uagb\/login\";i:0;s:17:\"uagb\/loop-builder\";i:0;s:18:\"uagb\/loop-category\";i:0;s:20:\"uagb\/loop-pagination\";i:0;s:15:\"uagb\/loop-reset\";i:0;s:16:\"uagb\/loop-search\";i:0;s:14:\"uagb\/loop-sort\";i:0;s:17:\"uagb\/loop-wrapper\";i:0;s:13:\"uagb\/register\";i:0;s:19:\"uagb\/register-email\";i:0;s:24:\"uagb\/register-first-name\";i:0;s:23:\"uagb\/register-last-name\";i:0;s:22:\"uagb\/register-password\";i:0;s:30:\"uagb\/register-reenter-password\";i:0;s:19:\"uagb\/register-terms\";i:0;s:22:\"uagb\/register-username\";i:0;}"],"_uag_page_assets":["a:9:{s:3:\"css\";s:0:\"\";s:2:\"js\";s:0:\"\";s:18:\"current_block_list\";a:4:{i:0;s:12:\"core\/heading\";i:1;s:10:\"core\/image\";i:2;s:14:\"core\/paragraph\";i:3;s:14:\"core\/separator\";}s:8:\"uag_flag\";b:0;s:11:\"uag_version\";s:10:\"1777671048\";s:6:\"gfonts\";a:0:{}s:10:\"gfonts_url\";s:0:\"\";s:12:\"gfonts_files\";a:0:{}s:14:\"uag_faq_layout\";b:0;}"]},"uagb_featured_image_src":{"full":false,"thumbnail":false,"medium":false,"medium_large":false,"large":false,"1536x1536":false,"2048x2048":false},"uagb_author_info":{"display_name":"Ulrich Engelmann","author_link":"https:\/\/engelmann.com\/de\/author\/uengelmann\/"},"uagb_comment_info":0,"uagb_excerpt":"DVD Audio Mit erheblicher Versp\u00e4tung wurden im M\u00e4rz 1999 die Standards f\u00fcr die DVD-Audio verabschiedet. Verantwortlich f\u00fcr dieses zeitliche&nbsp;Hinausschieben war die Musikindustrie, die einen effektiven ... Details \u279c","_links":{"self":[{"href":"https:\/\/engelmann.com\/de\/wp-json\/wp\/v2\/pages\/58257","targetHints":{"allow":["GET"]}}],"collection":[{"href":"https:\/\/engelmann.com\/de\/wp-json\/wp\/v2\/pages"}],"about":[{"href":"https:\/\/engelmann.com\/de\/wp-json\/wp\/v2\/types\/page"}],"author":[{"embeddable":true,"href":"https:\/\/engelmann.com\/de\/wp-json\/wp\/v2\/users\/3"}],"replies":[{"embeddable":true,"href":"https:\/\/engelmann.com\/de\/wp-json\/wp\/v2\/comments?post=58257"}],"version-history":[{"count":1,"href":"https:\/\/engelmann.com\/de\/wp-json\/wp\/v2\/pages\/58257\/revisions"}],"predecessor-version":[{"id":58258,"href":"https:\/\/engelmann.com\/de\/wp-json\/wp\/v2\/pages\/58257\/revisions\/58258"}],"wp:attachment":[{"href":"https:\/\/engelmann.com\/de\/wp-json\/wp\/v2\/media?parent=58257"}],"curies":[{"name":"wp","href":"https:\/\/api.w.org\/{rel}","templated":true}]}}