{"id":58299,"date":"2019-08-07T10:50:36","date_gmt":"2019-08-07T10:50:36","guid":{"rendered":"https:\/\/engelmann.com\/?page_id=58299"},"modified":"2019-08-07T10:51:23","modified_gmt":"2019-08-07T10:51:23","slug":"dvd-kompendium-dvd-books","status":"publish","type":"page","link":"https:\/\/engelmann.com\/de\/dvd-kompendium-dvd-books\/","title":{"rendered":"DVD Kompendium &#8211; DVD B\u00fccher"},"content":{"rendered":"\n<h2 class=\"wp-block-heading\">\n\nDVD B\u00fccher<\/h2>\n\n\n\n<div class=\"wp-block-image\"><figure class=\"alignright\"><img decoding=\"async\" src=\"https:\/\/engelmann.com\/wp-content\/uploads\/2017\/08\/dvd-books.png\" alt=\"DVD Books\" class=\"wp-image-52005\"\/><\/figure><\/div>\n\n\n\n<p><strong>Book A, B und C (Nur-Lese-DVDs)<\/strong><br>Die B\u00fccher A, B und C umfassen die Spezifikationen&nbsp;f\u00fcr alle bis jetzt verabschiedeten kommerziell produzierbaren Nur-Lese-DVDs.<\/p>\n\n\n\n<ul class=\"wp-block-list\"><li>Book A: Enth\u00e4lt die Spezifikationen der DVD-ROM.<\/li><li>Book B: Enth\u00e4lt die Spezifikationen der DVD-Video.<\/li><li>Book C: Enth\u00e4lt die Spezifikationen der DVD-Audio.<\/li><\/ul>\n\n\n\n<p>Jedes dieser B\u00fccher l\u00e4sst sich in jeweils drei&nbsp;Teile untergliedern:<\/p>\n\n\n\n<ul class=\"wp-block-list\"><li>Teil I, der f\u00fcr jede Nur-Lese-DVD gilt und die physikalischen Strukturen&nbsp;wie Durchmesser, Dicke, Schichten und so weiter festlegt.<\/li><li>Teil II, der ebenfalls f\u00fcr jede Nur-Lese-DVD gilt und der sich um das&nbsp;logische Format und die Dateistruktur k\u00fcmmert.<\/li><li>Teil III, der sich an die einzelnen Formate richtet (also zur Zeit DVD-Video&nbsp;und DVD-Audio) und sich um die Applikationen k\u00fcmmert, die das jeweilige&nbsp;Format von einer DVD-ROM unterscheidet. Dazu geh\u00f6ren beispielsweise der&nbsp;Typ des Video- oder Audiomaterials oder die Funktionen f\u00fcr das Standbild&nbsp;und die Navigationskontrollen einer DVD-Video.<\/li><\/ul>\n\n\n\n<p>Unterscheiden lassen sich die verschiedenen&nbsp;DVD-Nur-Lese-Formate nur im Teil III, dem Application-Layer.Das hei\u00dft, dass&nbsp;jede Read-Only-DVD im Grunde eine DVD-ROM ist, unabh\u00e4ngig davon, ob es sich&nbsp;nun um eine Multimedia-DVD, eine DVD-Video oder eine DVD-Audio handelt. Umgekehrt&nbsp;wird allerdings kein Schuh draus. Nicht jede DVD-ROM ist auch eine DVD-Video,&nbsp;und eine DVD-Video ist keine DVD-Audio.<\/p>\n\n\n\n<p><strong>Book D und E (Beschreibbare Varianten)<\/strong><br>Die B\u00fccher D und E umfassen die Spezifikationen&nbsp;f\u00fcr die vom Normalanwender beschreibbaren DVDs:<\/p>\n\n\n\n<ul class=\"wp-block-list\"><li>Book D: Enth\u00e4lt die Spezifikationen der DVD-R und gilt f\u00fcr einmal beschreibbare&nbsp;Medien.<\/li><li>Book E: Enth\u00e4lt die Spezifikationen der DVD-RAM und gilt f\u00fcr wieder beschreibbare&nbsp;Medien.<\/li><\/ul>\n\n\n\n<p>&lt;-&nbsp;<a href=\"https:\/\/engelmann.com\/de\/dvd-kompendium\/\">Zur\u00fcck zum Inhaltsverzeichnis<\/a><\/p>\n\n\n\n<hr class=\"wp-block-separator\"\/>\n\n\n\n<p><strong>Bitte beachten Sie:<\/strong>&nbsp;Wir empfehlen Ihnen zum Brennen von CDs und DVDs unsere Software&nbsp;<a href=\"http:\/\/free.engelmann.com\/\">CDRWIN<\/a>. Diese k\u00f6nnen Sie in der aktuellen Version 10&nbsp;<a href=\"https:\/\/engelmann.com\/de\/free\/\">derzeit kostenlos bei uns<\/a>&nbsp;erhalten!&nbsp;Wenn Sie vorher noch Filme unwandeln wollen, empfehlen wir Ihnen unsere Software&nbsp;<a href=\"https:\/\/myformatconverter.com\/\">MyFormatConverter<\/a>. Diese gibt es ebenfalls in einer kostenlosen Version.&nbsp;Auch zur Bildbearbeitung Ihrer Fotos haben wir \u00fcbrigens mit&nbsp;<a href=\"https:\/\/photomizer.com\/\">Photomizer<\/a>&nbsp;eine Software im Angebot!<\/p>\n","protected":false},"excerpt":{"rendered":"<p>DVD B\u00fccher Book A, B und C (Nur-Lese-DVDs)Die B\u00fccher A, B und C umfassen die Spezifikationen&nbsp;f\u00fcr alle bis jetzt verabschiedeten kommerziell produzierbaren Nur-Lese-DVDs. Book A: &#8230; <a title=\"DVD Kompendium &#8211; DVD B\u00fccher\" class=\"read-more\" href=\"https:\/\/engelmann.com\/de\/dvd-kompendium-dvd-books\/\" aria-label=\"Mehr Informationen \u00fcber DVD Kompendium &#8211; DVD B\u00fccher\">Details \u279c<\/a><\/p>\n","protected":false},"author":3,"featured_media":0,"parent":0,"menu_order":0,"comment_status":"closed","ping_status":"closed","template":"","meta":{"om_disable_all_campaigns":false,"_uag_custom_page_level_css":"","_monsterinsights_skip_tracking":false,"_monsterinsights_sitenote_active":false,"_monsterinsights_sitenote_note":"","_monsterinsights_sitenote_category":0,"footnotes":""},"class_list":{"0":"post-58299","1":"page","2":"type-page","3":"status-publish","5":"infinite-scroll-item","6":"no-featured-image-padding"},"aioseo_notices":[],"spectra_custom_meta":{"_edit_lock":["1565175084:2"],"_edit_last":["2","2"],"slide_template":["default","default"],"_generate-disable-headline":["true","true"],"_wpml_media_duplicate":["1","1"],"_wpml_media_featured":["1","1"],"_yoast_wpseo_content_score":["30","30"],"aal_manualgenerated":["a:0:{}","a:0:{}"],"wpmdr_menu":["1","1"],"_uag_migration_processed":["1"],"_wpml_word_count":["317"],"_uag_page_assets":["a:9:{s:3:\"css\";s:0:\"\";s:2:\"js\";s:0:\"\";s:18:\"current_block_list\";a:5:{i:0;s:12:\"core\/heading\";i:1;s:10:\"core\/image\";i:2;s:14:\"core\/paragraph\";i:3;s:9:\"core\/list\";i:4;s:14:\"core\/separator\";}s:8:\"uag_flag\";b:0;s:11:\"uag_version\";s:10:\"1776160429\";s:6:\"gfonts\";a:0:{}s:10:\"gfonts_url\";s:0:\"\";s:12:\"gfonts_files\";a:0:{}s:14:\"uag_faq_layout\";b:0;}"]},"uagb_featured_image_src":{"full":false,"thumbnail":false,"medium":false,"medium_large":false,"large":false,"1536x1536":false,"2048x2048":false},"uagb_author_info":{"display_name":"Ulrich Engelmann","author_link":"https:\/\/engelmann.com\/de\/author\/uengelmann\/"},"uagb_comment_info":0,"uagb_excerpt":"DVD B\u00fccher Book A, B und C (Nur-Lese-DVDs)Die B\u00fccher A, B und C umfassen die Spezifikationen&nbsp;f\u00fcr alle bis jetzt verabschiedeten kommerziell produzierbaren Nur-Lese-DVDs. Book A: ... Details \u279c","_links":{"self":[{"href":"https:\/\/engelmann.com\/de\/wp-json\/wp\/v2\/pages\/58299","targetHints":{"allow":["GET"]}}],"collection":[{"href":"https:\/\/engelmann.com\/de\/wp-json\/wp\/v2\/pages"}],"about":[{"href":"https:\/\/engelmann.com\/de\/wp-json\/wp\/v2\/types\/page"}],"author":[{"embeddable":true,"href":"https:\/\/engelmann.com\/de\/wp-json\/wp\/v2\/users\/3"}],"replies":[{"embeddable":true,"href":"https:\/\/engelmann.com\/de\/wp-json\/wp\/v2\/comments?post=58299"}],"version-history":[{"count":2,"href":"https:\/\/engelmann.com\/de\/wp-json\/wp\/v2\/pages\/58299\/revisions"}],"predecessor-version":[{"id":58301,"href":"https:\/\/engelmann.com\/de\/wp-json\/wp\/v2\/pages\/58299\/revisions\/58301"}],"wp:attachment":[{"href":"https:\/\/engelmann.com\/de\/wp-json\/wp\/v2\/media?parent=58299"}],"curies":[{"name":"wp","href":"https:\/\/api.w.org\/{rel}","templated":true}]}}