{"id":58302,"date":"2019-08-07T10:52:20","date_gmt":"2019-08-07T10:52:20","guid":{"rendered":"https:\/\/engelmann.com\/?page_id=58302"},"modified":"2019-08-07T10:52:20","modified_gmt":"2019-08-07T10:52:20","slug":"dvd-kompendium-dvd-kopierschutz","status":"publish","type":"page","link":"https:\/\/engelmann.com\/de\/dvd-kompendium-dvd-kopierschutz\/","title":{"rendered":"DVD Kompendium &#8211; DVD Kopierschutz"},"content":{"rendered":"\n<h2 class=\"wp-block-heading\">\n\nDVD Kopierschutz<\/h2>\n\n\n\n<div class=\"wp-block-image\"><figure class=\"alignright\"><img decoding=\"async\" src=\"https:\/\/engelmann.com\/wp-content\/uploads\/2017\/08\/dvd-protection.png\" alt=\"DVD CSS Kopierschutz\" class=\"wp-image-52041\"\/><\/figure><\/div>\n\n\n\n<p>Was den Kopierschutz angeht, so haben die Firmen bei der DVD gleich gr\u00fcndlich zugeschlagen. Bis dato existieren f\u00fcnf unterschiedliche Formen:<\/p>\n\n\n\n<p><strong>Analog Copy Protection System, APS (Macrovision)<\/strong><br>APS ist ein analoger Kopierschutz von Macrovision. Die Filmindustrie konnte durchsetzen, dass selbst DVD-ROM-Laufwerke und Decoder- oder Grafikkarten mit Composite- oder S-Video-Ausgang dieses Verfahren unterst\u00fctzen m\u00fcssen. Nur einige \u00e4ltere DVD-Player besitzen Macrovision noch nicht. Bei APS werden den auf der DVD abgespeicherten Bilddaten vom Player (oder der Decoderkarte) zus\u00e4tzliche Signale beigemischt. Die Daten selber sind also bis auf wenige Bits im Header eines Sektors nahezu unver\u00e4ndert. Diese Zusatzsignale bringen die Synchronisation und die automatische Aufzeichnungsregelung der meisten Videorecorder durcheinanderbringen, sind beim Betrachten des Filmes auf dem Fernseher oder dem Monitor allerdings nicht zu bemerken \u2013 das gilt zumindest f\u00fcr die \u00e4ltere Version.Die neuere&nbsp;das sogenannte Colorstripe f\u00fchrt allerdings bei vielen \u00e4lteren Wiedergabeger\u00e4ten zu einer Verschlechterung der Ausgabe. Aktiviert wird der Kopierschutz wie gesagt \u00fcber einen Header im Sektor, so dass eine vollst\u00e4ndige Kontrolle dar\u00fcber erreicht werden kann, welche Teile der DVD kopiergesch\u00fctzt sind und welche nicht. APS ist ein lizenzpflichtiges Verfahren, f\u00fcr das die Filmfirma einen Obulus ab Macrovosion abf\u00fchren muss. Aus diesem Grund stolpert man sehr oft \u2013 vor allem bei \u00e4lteren Filmen \u2013 \u00fcber Videos die keinen analogen Kopierschutz besitzen.<\/p>\n\n\n\n<p><strong>Content Scrambling System (CSS)<\/strong><br>CSS verhindert, dass man auf seinem Rechner die Videotracks einer DVD einfach so abgreifen, auf Festplatte speichern und vervielf\u00e4ltigen kann. Mittlerweile findet man kaum noch eine DVD, die nicht mit CSS vor unerlaubten Kopieranwandlungen gesch\u00fctzt ist. Im Gegensatz zu APS sind die Daten selber codiert, die Decodierung \u00fcbernimmt der DVD-Videoplayer oder die Decoderkarte (beziehungsweise die CPU bei DVD-ROM-Laufwerken ohne Hardwareunterst\u00fctzung) noch bevor das Bildsignal ausgegeben wird. Unterst\u00fctzt die Decoderkarte, der DVD-Player oder das DVD-ROM-Laufwerk, beziehungsweise der Softwareplayer das CSS-Kopierschutzverfahren nicht, k\u00f6nnen die verschl\u00fcsselten Videos nicht wiedergegeben werden. Der Quellcode des Kopierschutzes ist allerdings seit Jahren frei im Internet verf\u00fcgbar.<\/p>\n\n\n\n<p><strong>Digital Copy Protection System (DCPS)<\/strong><br>Alle Digitalger\u00e4te (seit Mitte 1999), die \u00fcber den digitalen Ausgang eines DVD-Players versorgt werden, bekommen neuerdings zus\u00e4tzlich zum Videosignal Informationen dar\u00fcber, ob das Material frei kopiert, nur einmal, \u00fcberhaupt nicht oder nur eine bestimmte Zahl mal vervielf\u00e4ltigt werden darf. Dazu wird die CGMS-Information genutzt. Der Trick dabei ist, dass die digitalen Ger\u00e4te, die nur die Signale wiedergeben k\u00f6nnen<br>(wie etwa Fernseher), die ganze Signalf\u00fclle bekommen, digitale Ger\u00e4te hingegen, die auch aufnehmen k\u00f6nnen, bekommen einzig den Anteil an Video-\/Audioinformationen, der ihnen vom Produzenten der DVD zugestanden wird. Allerdings bedarf diese Art Kopierschutz sowohl Player als auch Wiedergabe-\/Aufnahmeger\u00e4te, die mit diesen Signalen umgehen k\u00f6nnen. Den Daten auf der DVD selber sind nicht verschl\u00fcsselt,<br>der Kopierschutz arbeitet einzig hardwareseitig zwischen den verschiedenen Ger\u00e4ten.<\/p>\n\n\n\n<p><strong>Copy Generation Management System (CGMS)<\/strong><br>Jede DVD besitzt pr\u00e4zise Informationen dar\u00fcber, welcher Teil des Inhaltes kopierbar ist und wie oft bestimmte Teile kopiert werden d\u00fcrfen. Dies soll auf neueren Ger\u00e4ten verhindern, dass von einem Original<br>mehrere Generationen an Kopien hergestellt werden k\u00f6nnen. Die CGMS-Information wird sowohl in das digitale als auch in das analoge Signal, welches den Player verl\u00e4sst, eingef\u00fcgt, ben\u00f6tigt aber Hardware, die darauf reagiert. Ger\u00e4te ohne CGMS-Unterst\u00fctzung bleiben von den Zusatzinformationen g\u00e4nzlich unbeeindruckt, CGMS mu\u00df also von den Playern beziehungsweise der Decoder-\/Videokarte unterst\u00fctzt werden.<\/p>\n\n\n\n<p><strong>Wasserzeichen<br><\/strong>Mit Wasserzeichen sollen zuk\u00fcnftige DVD-Inhalte&nbsp;davor bewahrt werden, unerlaubt kopiert zu werden. Hierbei wird jedes Video-Frame mit Zusatzinformationen versehen, die visuell nicht sichtbar sind, aber auf die \u2013 \u00e4hnlich wie bei DCPS \u2013 bestimmte, noch nicht im Handel befindliche Aufnahmehardware reagieren sollen.<\/p>\n\n\n\n<div class=\"wp-block-image\"><figure class=\"aligncenter\"><img decoding=\"async\" src=\"https:\/\/engelmann.com\/wp-content\/uploads\/2017\/08\/moviejack1-box-231x300.jpg\" alt=\"MovieJack 1 Box\" class=\"wp-image-52042\"\/><\/figure><\/div>\n\n\n\n<p><br>Und in eigener Sache: Das kopieren von gesch\u00fctzten Video-DVDs ist nicht erlaubt \u2013 allerdings erst seit einer Urheberrechtsgesetzes\u00e4nderung im Jahr 2004. Bis dahin hatten wir mit&nbsp;<strong><a href=\"https:\/\/moviejack.org\/\">MovieJack<\/a><\/strong>&nbsp;den wohl erfolgreichsten DVD Ripper auf dem Markt, der CSS knacken und Macrovision entfernen konnte. In ganz Europa hat&nbsp;<a href=\"https:\/\/moviejack.org\/\">MovieJack<\/a>&nbsp;damals die Verkaufs-Charts dominiert, auch in den USA wurde die Software unter den Namen&nbsp;<strong>DVDCopyPlus 5<\/strong>&nbsp;von der Firma 321Studios verkauft.&nbsp;<a href=\"https:\/\/www.heise.de\/newsticker\/meldung\/Kopiersoftware-Hersteller-321-Studios-gibt-endgueltig-auf-103534.html\" target=\"_blank\" rel=\"noreferrer noopener\">321Studios<\/a>&nbsp;wurde letztendlich von Macrovision verklagt und ging in die Insolvenz,&nbsp;<a href=\"http:\/\/www.spiegel.de\/spiegel\/print\/d-21197595.html\" target=\"_blank\" rel=\"noreferrer noopener\">MovieJack<\/a>&nbsp;wurde&nbsp;<a href=\"https:\/\/www.heise.de\/tp\/features\/Wie-lange-rippt-Movie-Jack-noch-3433245.html\" target=\"_blank\" rel=\"noreferrer noopener\">von der Musikindustrie verboten<\/a>.<\/p>\n\n\n\n<p>&lt;-&nbsp;<a href=\"https:\/\/engelmann.com\/de\/dvd-kompendium\/\">Zur\u00fcck zum Inhaltsverzeichnis<\/a><\/p>\n\n\n\n<hr class=\"wp-block-separator\"\/>\n\n\n\n<p><strong>Bitte beachten Sie:<\/strong>\u00a0Wir empfehlen Ihnen zum Brennen von CDs und DVDs unsere Software CDRWIN. Diese k\u00f6nnen Sie in der aktuellen Version 10\u00a0<a href=\"https:\/\/engelmann.com\/de\/free\/\">derzeit kostenlos bei uns<\/a>\u00a0erhalten!\u00a0Wenn Sie vorher noch Filme unwandeln wollen, empfehlen wir Ihnen unsere Software\u00a0<a href=\"https:\/\/myformatconverter.com\/\">MyFormatConverter<\/a>. Diese gibt es ebenfalls in einer kostenlosen Version.\u00a0Auch zur Bildbearbeitung Ihrer Fotos haben wir \u00fcbrigens mit\u00a0<a href=\"https:\/\/photomizer.com\/\">Photomizer<\/a>\u00a0eine Software im Angebot!<\/p>\n","protected":false},"excerpt":{"rendered":"<p>DVD Kopierschutz Was den Kopierschutz angeht, so haben die Firmen bei der DVD gleich gr\u00fcndlich zugeschlagen. Bis dato existieren f\u00fcnf unterschiedliche Formen: Analog Copy Protection &#8230; <a title=\"DVD Kompendium &#8211; DVD Kopierschutz\" class=\"read-more\" href=\"https:\/\/engelmann.com\/de\/dvd-kompendium-dvd-kopierschutz\/\" aria-label=\"Mehr Informationen \u00fcber DVD Kompendium &#8211; DVD Kopierschutz\">Details \u279c<\/a><\/p>\n","protected":false},"author":3,"featured_media":0,"parent":0,"menu_order":0,"comment_status":"closed","ping_status":"closed","template":"","meta":{"om_disable_all_campaigns":false,"_uag_custom_page_level_css":"","_monsterinsights_skip_tracking":false,"_monsterinsights_sitenote_active":false,"_monsterinsights_sitenote_note":"","_monsterinsights_sitenote_category":0,"footnotes":""},"class_list":{"0":"post-58302","1":"page","2":"type-page","3":"status-publish","5":"infinite-scroll-item","6":"no-featured-image-padding"},"aioseo_notices":[],"spectra_custom_meta":{"_edit_lock":["1565175109:2"],"_edit_last":["2","2"],"slide_template":["default","default"],"_generate-disable-headline":["true","true"],"_wpml_media_duplicate":["1","1"],"_wpml_media_featured":["1","1"],"_yoast_wpseo_content_score":["30","30"],"aal_manualgenerated":["a:1:{i:0;O:8:\"stdClass\":2:{s:7:\"keyword\";s:6:\"CDRWIN\";s:3:\"url\";s:26:\"http:\/\/free.engelmann.com\/\";}}","a:1:{i:0;O:8:\"stdClass\":2:{s:7:\"keyword\";s:6:\"CDRWIN\";s:3:\"url\";s:26:\"http:\/\/free.engelmann.com\/\";}}"],"wpmdr_menu":["1","1"],"_uag_migration_processed":["1"],"_wpml_word_count":["879"],"_uagb_previous_block_counts":["a:90:{s:21:\"uagb\/advanced-heading\";i:0;s:15:\"uagb\/blockquote\";i:0;s:12:\"uagb\/buttons\";i:0;s:18:\"uagb\/buttons-child\";i:0;s:19:\"uagb\/call-to-action\";i:0;s:15:\"uagb\/cf7-styler\";i:0;s:11:\"uagb\/column\";i:0;s:12:\"uagb\/columns\";i:0;s:14:\"uagb\/container\";i:0;s:21:\"uagb\/content-timeline\";i:0;s:27:\"uagb\/content-timeline-child\";i:0;s:14:\"uagb\/countdown\";i:0;s:12:\"uagb\/counter\";i:0;s:8:\"uagb\/faq\";i:0;s:14:\"uagb\/faq-child\";i:0;s:10:\"uagb\/forms\";i:0;s:17:\"uagb\/forms-accept\";i:0;s:19:\"uagb\/forms-checkbox\";i:0;s:15:\"uagb\/forms-date\";i:0;s:16:\"uagb\/forms-email\";i:0;s:17:\"uagb\/forms-hidden\";i:0;s:15:\"uagb\/forms-name\";i:0;s:16:\"uagb\/forms-phone\";i:0;s:16:\"uagb\/forms-radio\";i:0;s:17:\"uagb\/forms-select\";i:0;s:19:\"uagb\/forms-textarea\";i:0;s:17:\"uagb\/forms-toggle\";i:0;s:14:\"uagb\/forms-url\";i:0;s:14:\"uagb\/gf-styler\";i:0;s:15:\"uagb\/google-map\";i:0;s:11:\"uagb\/how-to\";i:0;s:16:\"uagb\/how-to-step\";i:0;s:9:\"uagb\/icon\";i:0;s:14:\"uagb\/icon-list\";i:0;s:20:\"uagb\/icon-list-child\";i:0;s:10:\"uagb\/image\";i:0;s:18:\"uagb\/image-gallery\";i:0;s:13:\"uagb\/info-box\";i:0;s:18:\"uagb\/inline-notice\";i:0;s:11:\"uagb\/lottie\";i:0;s:21:\"uagb\/marketing-button\";i:0;s:10:\"uagb\/modal\";i:0;s:18:\"uagb\/popup-builder\";i:0;s:16:\"uagb\/post-button\";i:0;s:18:\"uagb\/post-carousel\";i:0;s:17:\"uagb\/post-excerpt\";i:0;s:14:\"uagb\/post-grid\";i:0;s:15:\"uagb\/post-image\";i:0;s:17:\"uagb\/post-masonry\";i:0;s:14:\"uagb\/post-meta\";i:0;s:18:\"uagb\/post-taxonomy\";i:0;s:18:\"uagb\/post-timeline\";i:0;s:15:\"uagb\/post-title\";i:0;s:20:\"uagb\/restaurant-menu\";i:0;s:26:\"uagb\/restaurant-menu-child\";i:0;s:11:\"uagb\/review\";i:0;s:12:\"uagb\/section\";i:0;s:14:\"uagb\/separator\";i:0;s:11:\"uagb\/slider\";i:0;s:17:\"uagb\/slider-child\";i:0;s:17:\"uagb\/social-share\";i:0;s:23:\"uagb\/social-share-child\";i:0;s:16:\"uagb\/star-rating\";i:0;s:23:\"uagb\/sure-cart-checkout\";i:0;s:22:\"uagb\/sure-cart-product\";i:0;s:15:\"uagb\/sure-forms\";i:0;s:22:\"uagb\/table-of-contents\";i:0;s:9:\"uagb\/tabs\";i:0;s:15:\"uagb\/tabs-child\";i:0;s:18:\"uagb\/taxonomy-list\";i:0;s:9:\"uagb\/team\";i:0;s:16:\"uagb\/testimonial\";i:0;s:14:\"uagb\/wp-search\";i:0;s:19:\"uagb\/instagram-feed\";i:0;s:10:\"uagb\/login\";i:0;s:17:\"uagb\/loop-builder\";i:0;s:18:\"uagb\/loop-category\";i:0;s:20:\"uagb\/loop-pagination\";i:0;s:15:\"uagb\/loop-reset\";i:0;s:16:\"uagb\/loop-search\";i:0;s:14:\"uagb\/loop-sort\";i:0;s:17:\"uagb\/loop-wrapper\";i:0;s:13:\"uagb\/register\";i:0;s:19:\"uagb\/register-email\";i:0;s:24:\"uagb\/register-first-name\";i:0;s:23:\"uagb\/register-last-name\";i:0;s:22:\"uagb\/register-password\";i:0;s:30:\"uagb\/register-reenter-password\";i:0;s:19:\"uagb\/register-terms\";i:0;s:22:\"uagb\/register-username\";i:0;}"],"_uag_page_assets":["a:9:{s:3:\"css\";s:0:\"\";s:2:\"js\";s:0:\"\";s:18:\"current_block_list\";a:4:{i:0;s:12:\"core\/heading\";i:1;s:10:\"core\/image\";i:2;s:14:\"core\/paragraph\";i:3;s:14:\"core\/separator\";}s:8:\"uag_flag\";b:0;s:11:\"uag_version\";s:10:\"1777736664\";s:6:\"gfonts\";a:0:{}s:10:\"gfonts_url\";s:0:\"\";s:12:\"gfonts_files\";a:0:{}s:14:\"uag_faq_layout\";b:0;}"]},"uagb_featured_image_src":{"full":false,"thumbnail":false,"medium":false,"medium_large":false,"large":false,"1536x1536":false,"2048x2048":false},"uagb_author_info":{"display_name":"Ulrich Engelmann","author_link":"https:\/\/engelmann.com\/de\/author\/uengelmann\/"},"uagb_comment_info":0,"uagb_excerpt":"DVD Kopierschutz Was den Kopierschutz angeht, so haben die Firmen bei der DVD gleich gr\u00fcndlich zugeschlagen. Bis dato existieren f\u00fcnf unterschiedliche Formen: Analog Copy Protection ... Details \u279c","_links":{"self":[{"href":"https:\/\/engelmann.com\/de\/wp-json\/wp\/v2\/pages\/58302","targetHints":{"allow":["GET"]}}],"collection":[{"href":"https:\/\/engelmann.com\/de\/wp-json\/wp\/v2\/pages"}],"about":[{"href":"https:\/\/engelmann.com\/de\/wp-json\/wp\/v2\/types\/page"}],"author":[{"embeddable":true,"href":"https:\/\/engelmann.com\/de\/wp-json\/wp\/v2\/users\/3"}],"replies":[{"embeddable":true,"href":"https:\/\/engelmann.com\/de\/wp-json\/wp\/v2\/comments?post=58302"}],"version-history":[{"count":1,"href":"https:\/\/engelmann.com\/de\/wp-json\/wp\/v2\/pages\/58302\/revisions"}],"predecessor-version":[{"id":58303,"href":"https:\/\/engelmann.com\/de\/wp-json\/wp\/v2\/pages\/58302\/revisions\/58303"}],"wp:attachment":[{"href":"https:\/\/engelmann.com\/de\/wp-json\/wp\/v2\/media?parent=58302"}],"curies":[{"name":"wp","href":"https:\/\/api.w.org\/{rel}","templated":true}]}}