{"id":58304,"date":"2019-08-07T10:53:11","date_gmt":"2019-08-07T10:53:11","guid":{"rendered":"https:\/\/engelmann.com\/?page_id=58304"},"modified":"2019-08-07T10:54:09","modified_gmt":"2019-08-07T10:54:09","slug":"dvd-kompendium-dvd-sonderformate","status":"publish","type":"page","link":"https:\/\/engelmann.com\/de\/dvd-kompendium-dvd-sonderformate\/","title":{"rendered":"DVD Kompendium &#8211; DVD Sonderformate"},"content":{"rendered":"\n<h2 class=\"wp-block-heading\">\n\nDVD Sonderformate<\/h2>\n\n\n\n<div class=\"wp-block-image\"><figure class=\"alignright\"><img decoding=\"async\" src=\"https:\/\/engelmann.com\/wp-content\/uploads\/2017\/08\/dvd-sonderformate.png\" alt=\"DVD Sonderformate\" class=\"wp-image-52023\"\/><\/figure><\/div>\n\n\n\n<p><strong>MAC \/ PC-Hybride<\/strong><br>Die Mac\/PC-Hybrid-DVD ist in der DVD-Welt das, was die bekannte Hybrid-CD in dem \u00e4lteren Format darstellte. Auf dieser Disc befinden sich sowohl eine Partition mit Mac-spezifischen Daten als auch eine Partition mit PC-spezifischen. Jede Partition ist nur von dem dazugeh\u00f6rigen Betriebssystem aus handhabbar.<\/p>\n\n\n\n<p><strong>WWW-DVD<\/strong><br>Die WWW-DVD ist eine DVD-ROM oder eine DVD-Video, die Programme beinhaltet, mit denen man direkt ins Internet wechseln kann. DVDs dieser Machart sind hierzulande nur als DVD-Video-Import zu bekommen, wobei dann die Drehb\u00fccher als HTML-Versionen verfasst und mit direkten Zugriff sowohl auf die dazugeh\u00f6renden Filmszenen als auch auf bestimmte Webseiten im Internet versehen sind. \u00c4ltere DVD-Videoplayer k\u00f6nnen mit diesen Daten allerdings nichts anfangen, der Anwender ben\u00f6tigt daf\u00fcr einen Rechner mit DVD-ROM-Laufwerk.<\/p>\n\n\n\n<p><strong>Mixed-Media<\/strong><br>Die Mixed-Media (oder auch Rewritable-Sandwich-Disc) ist eine recht ungew\u00f6hnliche Errungenschaft innerhalb der DVD-Technologie. Es handelt sich hierbei um eine DVD mit zwei Schichten \u2013 was an sich nat\u00fcrlich noch nicht besonders seltsam ist. Eine der Schichten ist allerdings eine DVD-RAM-Schreibschicht&nbsp;&nbsp;ist, die sich mehrfach wieder beschreiben l\u00e4sst. Die andere enth\u00e4lt DVD-ROM-Daten.<\/p>\n\n\n\n<p>&lt;-&nbsp;<a href=\"https:\/\/engelmann.com\/de\/dvd-kompendium\/\">Zur\u00fcck zum Inhaltsverzeichnis<\/a><\/p>\n\n\n\n<hr class=\"wp-block-separator\"\/>\n\n\n\n<p><strong>Bitte beachten Sie:<\/strong>&nbsp;Wir empfehlen Ihnen zum Brennen von CDs und DVDs unsere Software&nbsp;<a href=\"http:\/\/free.engelmann.com\/\">CDRWIN<\/a>. Diese k\u00f6nnen Sie in der aktuellen Version 10&nbsp;<a href=\"https:\/\/engelmann.com\/de\/free\/\">derzeit kostenlos bei uns<\/a>&nbsp;erhalten!&nbsp;Wenn Sie vorher noch Filme unwandeln wollen, empfehlen wir Ihnen unsere Software&nbsp;<a href=\"https:\/\/myformatconverter.com\/\">MyFormatConverter<\/a>. Diese gibt es ebenfalls in einer kostenlosen Version.&nbsp;Auch zur Bildbearbeitung Ihrer Fotos haben wir \u00fcbrigens mit&nbsp;<a href=\"https:\/\/photomizer.com\/\">Photomizer<\/a>&nbsp;eine Software im Angebot!<\/p>\n","protected":false},"excerpt":{"rendered":"<p>DVD Sonderformate MAC \/ PC-HybrideDie Mac\/PC-Hybrid-DVD ist in der DVD-Welt das, was die bekannte Hybrid-CD in dem \u00e4lteren Format darstellte. Auf dieser Disc befinden sich &#8230; <a title=\"DVD Kompendium &#8211; DVD Sonderformate\" class=\"read-more\" href=\"https:\/\/engelmann.com\/de\/dvd-kompendium-dvd-sonderformate\/\" aria-label=\"Mehr Informationen \u00fcber DVD Kompendium &#8211; DVD Sonderformate\">Details \u279c<\/a><\/p>\n","protected":false},"author":3,"featured_media":0,"parent":0,"menu_order":0,"comment_status":"closed","ping_status":"closed","template":"","meta":{"om_disable_all_campaigns":false,"_uag_custom_page_level_css":"","_monsterinsights_skip_tracking":false,"_monsterinsights_sitenote_active":false,"_monsterinsights_sitenote_note":"","_monsterinsights_sitenote_category":0,"footnotes":""},"class_list":{"0":"post-58304","1":"page","2":"type-page","3":"status-publish","5":"infinite-scroll-item","6":"no-featured-image-padding"},"aioseo_notices":[],"spectra_custom_meta":{"_edit_lock":["1565175250:2"],"_edit_last":["2","2"],"slide_template":["default","default"],"_wpml_media_duplicate":["1","1"],"_wpml_media_featured":["1","1"],"_yoast_wpseo_content_score":["90","90"],"_generate-disable-headline":["true","true"],"aal_manualgenerated":["a:0:{}","a:0:{}"],"wpmdr_menu":["1","1"],"_uag_migration_processed":["1"],"_wpml_word_count":["230"],"_uag_page_assets":["a:9:{s:3:\"css\";s:0:\"\";s:2:\"js\";s:0:\"\";s:18:\"current_block_list\";a:4:{i:0;s:12:\"core\/heading\";i:1;s:10:\"core\/image\";i:2;s:14:\"core\/paragraph\";i:3;s:14:\"core\/separator\";}s:8:\"uag_flag\";b:0;s:11:\"uag_version\";s:10:\"1776353507\";s:6:\"gfonts\";a:0:{}s:10:\"gfonts_url\";s:0:\"\";s:12:\"gfonts_files\";a:0:{}s:14:\"uag_faq_layout\";b:0;}"]},"uagb_featured_image_src":{"full":false,"thumbnail":false,"medium":false,"medium_large":false,"large":false,"1536x1536":false,"2048x2048":false},"uagb_author_info":{"display_name":"Ulrich Engelmann","author_link":"https:\/\/engelmann.com\/de\/author\/uengelmann\/"},"uagb_comment_info":0,"uagb_excerpt":"DVD Sonderformate MAC \/ PC-HybrideDie Mac\/PC-Hybrid-DVD ist in der DVD-Welt das, was die bekannte Hybrid-CD in dem \u00e4lteren Format darstellte. Auf dieser Disc befinden sich ... Details \u279c","_links":{"self":[{"href":"https:\/\/engelmann.com\/de\/wp-json\/wp\/v2\/pages\/58304","targetHints":{"allow":["GET"]}}],"collection":[{"href":"https:\/\/engelmann.com\/de\/wp-json\/wp\/v2\/pages"}],"about":[{"href":"https:\/\/engelmann.com\/de\/wp-json\/wp\/v2\/types\/page"}],"author":[{"embeddable":true,"href":"https:\/\/engelmann.com\/de\/wp-json\/wp\/v2\/users\/3"}],"replies":[{"embeddable":true,"href":"https:\/\/engelmann.com\/de\/wp-json\/wp\/v2\/comments?post=58304"}],"version-history":[{"count":2,"href":"https:\/\/engelmann.com\/de\/wp-json\/wp\/v2\/pages\/58304\/revisions"}],"predecessor-version":[{"id":58308,"href":"https:\/\/engelmann.com\/de\/wp-json\/wp\/v2\/pages\/58304\/revisions\/58308"}],"wp:attachment":[{"href":"https:\/\/engelmann.com\/de\/wp-json\/wp\/v2\/media?parent=58304"}],"curies":[{"name":"wp","href":"https:\/\/api.w.org\/{rel}","templated":true}]}}