{"id":58306,"date":"2019-08-07T10:53:51","date_gmt":"2019-08-07T10:53:51","guid":{"rendered":"https:\/\/engelmann.com\/?page_id=58306"},"modified":"2019-08-07T10:53:52","modified_gmt":"2019-08-07T10:53:52","slug":"dvd-kompendium-dvd-ram","status":"publish","type":"page","link":"https:\/\/engelmann.com\/de\/dvd-kompendium-dvd-ram\/","title":{"rendered":"DVD Kompendium &#8211; DVD-RAM"},"content":{"rendered":"\n<h2 class=\"wp-block-heading\">\n\nDVD-RAM<\/h2>\n\n\n\n<div class=\"wp-block-image\"><figure class=\"alignright\"><img decoding=\"async\" src=\"https:\/\/engelmann.com\/wp-content\/uploads\/2017\/08\/dvd-ram-logo.png\" alt=\"DVD-RAM\" class=\"wp-image-51919\"\/><\/figure><\/div>\n\n\n\n<p>DVD-RAM-Laufwerke sind eine bezahlbare Alternative, wenn es darum geht, DVDs mehrmals zu beschreiben. Das ist die gute Nachricht. Die schlechte ist, dass es sich aufgrund der geringen Speicherkapazit\u00e4t und der ausnahmslosen Inkompatibilit\u00e4t nicht lohnt, auf diesen Standard zu setzen. Der Speicherplatz reicht nicht, um Videos zu kopieren, und au\u00dfer dem DVD-RAM-Laufwerk selber existiert bis dato kaum Player, der RAM-Medien lesen kann. Allerdings lesen DVD-RAM-Laufwerke alle bislang verf\u00fcgbaren CD- und DVD-Formate \u2013 aber nur f\u00fcr ein Leselaufwerk ist das Ger\u00e4t dann doch ein wenig teuer.<\/p>\n\n\n\n<p>Die Technologie dieses wiederbeschreibbaren Formats basiert auf unterschiedliche Verfahren: Zu einem Teil auf Phase Change (wie CD-RW) und zu anderen Teilen auf MO- und Festplattentechniken sowie eigens neu entwickelten. Zu den beteiligten Firmen geh\u00f6ren Toshiba, Panasonic und Hitachi.<\/p>\n\n\n\n<p>Die Medien, die zu einem Teil auf Phase Change und zu anderen auf MO- und Festplatten- sowie bis dato unbekannter Technologie basieren, sind zu nahezu 100 % inkompatibel zu allen vorhandenen Playern. Der Grund daf\u00fcr liegt \u00e4hnlich wie bei der DVD+RW in der unterschiedlichen Reflektivit\u00e4t, einem anderen Defect Management und darin, dass die Medien auch auf der Trennwand zwischen den Spuren beschrieben werden \u2013 was alleine bereits nach Laufwerken verlangt, die zwischen den Spuren und der Trennwand umschalten k\u00f6nnen.<\/p>\n\n\n\n<p>Die Kapazit\u00e4ten liegen bei 2,6 GB (einseitig) und 5,2 GB (zweiseitig). Die einseitig beschreibbaren DVD-RAM-Discs k\u00f6nnen als Caddy-Variante genutzt werden, die zweiseitig beschreibbaren Discs gibt es nur verpackt. Fazit: DVD-RAM ist leider eine Fehlplanung und nicht ernsthaft einsetzbar\u2026<\/p>\n\n\n\n<p>&lt;-&nbsp;<a href=\"https:\/\/engelmann.com\/de\/dvd-kompendium\/\">Zur\u00fcck zum Inhaltsverzeichnis<\/a><\/p>\n\n\n\n<hr class=\"wp-block-separator\"\/>\n\n\n\n<p><strong>Bitte beachten Sie:<\/strong>\u00a0Wir empfehlen Ihnen zum Brennen von CDs und DVDs unsere Software\u00a0<a href=\"http:\/\/free.engelmann.com\/\">CDRWIN<\/a>. Diese k\u00f6nnen Sie in der aktuellen Version 10\u00a0<a href=\"https:\/\/engelmann.com\/de\/free\/\">derzeit kostenlos bei uns<\/a>\u00a0erhalten!\u00a0Wenn Sie vorher noch Filme unwandeln wollen, empfehlen wir Ihnen unsere Software\u00a0<a href=\"https:\/\/myformatconverter.com\/\">MyFormatConverter<\/a>. Diese gibt es ebenfalls in einer kostenlosen Version.\u00a0Auch zur Bildbearbeitung Ihrer Fotos haben wir \u00fcbrigens mit\u00a0<a href=\"https:\/\/photomizer.com\/\">Photomizer<\/a>\u00a0eine Software im Angebot!<\/p>\n","protected":false},"excerpt":{"rendered":"<p>DVD-RAM DVD-RAM-Laufwerke sind eine bezahlbare Alternative, wenn es darum geht, DVDs mehrmals zu beschreiben. Das ist die gute Nachricht. Die schlechte ist, dass es sich &#8230; <a title=\"DVD Kompendium &#8211; DVD-RAM\" class=\"read-more\" href=\"https:\/\/engelmann.com\/de\/dvd-kompendium-dvd-ram\/\" aria-label=\"Mehr Informationen \u00fcber DVD Kompendium &#8211; DVD-RAM\">Details \u279c<\/a><\/p>\n","protected":false},"author":3,"featured_media":0,"parent":0,"menu_order":0,"comment_status":"closed","ping_status":"closed","template":"","meta":{"om_disable_all_campaigns":false,"_uag_custom_page_level_css":"","_monsterinsights_skip_tracking":false,"_monsterinsights_sitenote_active":false,"_monsterinsights_sitenote_note":"","_monsterinsights_sitenote_category":0,"footnotes":""},"class_list":{"0":"post-58306","1":"page","2":"type-page","3":"status-publish","5":"infinite-scroll-item","6":"no-featured-image-padding"},"aioseo_notices":[],"spectra_custom_meta":{"_edit_lock":["1565175123:2"],"_edit_last":["2","2"],"slide_template":["default","default"],"_generate-disable-headline":["true","true"],"_wpml_media_duplicate":["1","1"],"_wpml_media_featured":["1","1"],"_yoast_wpseo_content_score":["30","30"],"aal_manualgenerated":["a:0:{}","a:0:{}"],"wpmdr_menu":["1","1"],"_uag_migration_processed":["1"],"_wpml_word_count":["297"],"_uag_page_assets":["a:9:{s:3:\"css\";s:0:\"\";s:2:\"js\";s:0:\"\";s:18:\"current_block_list\";a:4:{i:0;s:12:\"core\/heading\";i:1;s:10:\"core\/image\";i:2;s:14:\"core\/paragraph\";i:3;s:14:\"core\/separator\";}s:8:\"uag_flag\";b:0;s:11:\"uag_version\";s:10:\"1776137680\";s:6:\"gfonts\";a:0:{}s:10:\"gfonts_url\";s:0:\"\";s:12:\"gfonts_files\";a:0:{}s:14:\"uag_faq_layout\";b:0;}"]},"uagb_featured_image_src":{"full":false,"thumbnail":false,"medium":false,"medium_large":false,"large":false,"1536x1536":false,"2048x2048":false},"uagb_author_info":{"display_name":"Ulrich Engelmann","author_link":"https:\/\/engelmann.com\/de\/author\/uengelmann\/"},"uagb_comment_info":0,"uagb_excerpt":"DVD-RAM DVD-RAM-Laufwerke sind eine bezahlbare Alternative, wenn es darum geht, DVDs mehrmals zu beschreiben. Das ist die gute Nachricht. Die schlechte ist, dass es sich ... Details \u279c","_links":{"self":[{"href":"https:\/\/engelmann.com\/de\/wp-json\/wp\/v2\/pages\/58306","targetHints":{"allow":["GET"]}}],"collection":[{"href":"https:\/\/engelmann.com\/de\/wp-json\/wp\/v2\/pages"}],"about":[{"href":"https:\/\/engelmann.com\/de\/wp-json\/wp\/v2\/types\/page"}],"author":[{"embeddable":true,"href":"https:\/\/engelmann.com\/de\/wp-json\/wp\/v2\/users\/3"}],"replies":[{"embeddable":true,"href":"https:\/\/engelmann.com\/de\/wp-json\/wp\/v2\/comments?post=58306"}],"version-history":[{"count":1,"href":"https:\/\/engelmann.com\/de\/wp-json\/wp\/v2\/pages\/58306\/revisions"}],"predecessor-version":[{"id":58307,"href":"https:\/\/engelmann.com\/de\/wp-json\/wp\/v2\/pages\/58306\/revisions\/58307"}],"wp:attachment":[{"href":"https:\/\/engelmann.com\/de\/wp-json\/wp\/v2\/media?parent=58306"}],"curies":[{"name":"wp","href":"https:\/\/api.w.org\/{rel}","templated":true}]}}