{"id":58311,"date":"2019-08-07T10:56:28","date_gmt":"2019-08-07T10:56:28","guid":{"rendered":"https:\/\/engelmann.com\/?page_id=58311"},"modified":"2019-08-07T10:56:55","modified_gmt":"2019-08-07T10:56:55","slug":"dvd-kompendium-dvd-rw","status":"publish","type":"page","link":"https:\/\/engelmann.com\/de\/dvd-kompendium-dvd-rw\/","title":{"rendered":"DVD Kompendium &#8211; DVD-RW und DVD+RW"},"content":{"rendered":"\n<h2 class=\"wp-block-heading\">\n\nDVD-RW und DVD+RW<\/h2>\n\n\n\n<div class=\"wp-block-image\"><figure class=\"alignright\"><img decoding=\"async\" src=\"https:\/\/engelmann.com\/wp-content\/uploads\/2017\/08\/dvd-rewritable.png\" alt=\"DVD-RW\" class=\"wp-image-51907\"\/><\/figure><\/div>\n\n\n\n<p><strong>DVD-RW<\/strong><br>DVD-RW (oder DVD\/RW, wie dieses Format zun\u00e4chst genannt wurde) ist ein Standard f\u00fcr wiederbeschreibbare DVD-Medien und basiert auf Phase-Change und DVD-R. Das von Pioneer entwickelte Verfahren nutzt vom letzteren Format die Pitgr\u00f6\u00dfen und andere Details \u2013 und soll dementsprechend mit bestehenden DVD-Playern kompatibel sein. Die Speicherkapazit\u00e4t betr\u00e4gt 4,7 GB und 8,5 GB.<\/p>\n\n\n\n<p><strong>DVD+RW<\/strong><br>DVD+RW ist ebenfalls ein Standard f\u00fcr wiederbeschreibbare Medien, der allerdings wesentlich vollst\u00e4ndiger auf Phase Change basiert und direkt als Konkurrenzprodukt zur DVD-RAM auf den Markt gebracht worden ist (die Einf\u00fchrung in Deutschland war Herbst \u201999). Die beteiligten Firmen sind haupts\u00e4chlich Philips, Sony und Hewlett Packard. Dazu kommen dann noch Ricoh, Yamaha, Mitsubishi und die gro\u00dfen Filmfirmen.<\/p>\n\n\n\n<p>&lt;-&nbsp;<a href=\"https:\/\/engelmann.com\/de\/dvd-kompendium\/\">Zur\u00fcck zum Inhaltsverzeichnis<\/a><\/p>\n\n\n\n<hr class=\"wp-block-separator\"\/>\n\n\n\n<p><strong>Bitte beachten Sie:<\/strong>\u00a0Wir empfehlen Ihnen zum Brennen von CDs und DVDs unsere Software\u00a0<a href=\"http:\/\/free.engelmann.com\/\">CDRWIN<\/a>. Diese k\u00f6nnen Sie in der aktuellen Version 10\u00a0<a href=\"https:\/\/engelmann.com\/de\/free\/\">derzeit kostenlos bei uns<\/a>\u00a0erhalten!\u00a0Wenn Sie vorher noch Filme unwandeln wollen, empfehlen wir Ihnen unsere Software\u00a0<a href=\"https:\/\/myformatconverter.com\/\">MyFormatConverter<\/a>. Diese gibt es ebenfalls in einer kostenlosen Version.\u00a0Auch zur Bildbearbeitung Ihrer Fotos haben wir \u00fcbrigens mit\u00a0<a href=\"https:\/\/photomizer.com\/\">Photomizer<\/a>\u00a0eine Software im Angebot!<\/p>\n","protected":false},"excerpt":{"rendered":"<p>DVD-RW und DVD+RW DVD-RWDVD-RW (oder DVD\/RW, wie dieses Format zun\u00e4chst genannt wurde) ist ein Standard f\u00fcr wiederbeschreibbare DVD-Medien und basiert auf Phase-Change und DVD-R. Das &#8230; <a title=\"DVD Kompendium &#8211; DVD-RW und DVD+RW\" class=\"read-more\" href=\"https:\/\/engelmann.com\/de\/dvd-kompendium-dvd-rw\/\" aria-label=\"Mehr Informationen \u00fcber DVD Kompendium &#8211; DVD-RW und DVD+RW\">Details \u279c<\/a><\/p>\n","protected":false},"author":3,"featured_media":0,"parent":0,"menu_order":0,"comment_status":"closed","ping_status":"closed","template":"","meta":{"om_disable_all_campaigns":false,"_uag_custom_page_level_css":"","_monsterinsights_skip_tracking":false,"_monsterinsights_sitenote_active":false,"_monsterinsights_sitenote_note":"","_monsterinsights_sitenote_category":0,"footnotes":""},"class_list":{"0":"post-58311","1":"page","2":"type-page","3":"status-publish","5":"infinite-scroll-item","6":"no-featured-image-padding"},"aioseo_notices":[],"spectra_custom_meta":{"_edit_lock":["1565175416:2"],"_edit_last":["2","2"],"slide_template":["default","default"],"_generate-disable-headline":["true","true"],"_wpml_media_duplicate":["1","1"],"_wpml_media_featured":["1","1"],"_yoast_wpseo_content_score":["30","30"],"aal_manualgenerated":["a:0:{}","a:0:{}"],"wpmdr_menu":["1","1"],"_uag_migration_processed":["1"],"_wpml_word_count":["148"],"_uag_page_assets":["a:9:{s:3:\"css\";s:0:\"\";s:2:\"js\";s:0:\"\";s:18:\"current_block_list\";a:4:{i:0;s:12:\"core\/heading\";i:1;s:10:\"core\/image\";i:2;s:14:\"core\/paragraph\";i:3;s:14:\"core\/separator\";}s:8:\"uag_flag\";b:0;s:11:\"uag_version\";s:10:\"1776418784\";s:6:\"gfonts\";a:0:{}s:10:\"gfonts_url\";s:0:\"\";s:12:\"gfonts_files\";a:0:{}s:14:\"uag_faq_layout\";b:0;}"]},"uagb_featured_image_src":{"full":false,"thumbnail":false,"medium":false,"medium_large":false,"large":false,"1536x1536":false,"2048x2048":false},"uagb_author_info":{"display_name":"Ulrich Engelmann","author_link":"https:\/\/engelmann.com\/de\/author\/uengelmann\/"},"uagb_comment_info":0,"uagb_excerpt":"DVD-RW und DVD+RW DVD-RWDVD-RW (oder DVD\/RW, wie dieses Format zun\u00e4chst genannt wurde) ist ein Standard f\u00fcr wiederbeschreibbare DVD-Medien und basiert auf Phase-Change und DVD-R. Das ... Details \u279c","_links":{"self":[{"href":"https:\/\/engelmann.com\/de\/wp-json\/wp\/v2\/pages\/58311","targetHints":{"allow":["GET"]}}],"collection":[{"href":"https:\/\/engelmann.com\/de\/wp-json\/wp\/v2\/pages"}],"about":[{"href":"https:\/\/engelmann.com\/de\/wp-json\/wp\/v2\/types\/page"}],"author":[{"embeddable":true,"href":"https:\/\/engelmann.com\/de\/wp-json\/wp\/v2\/users\/3"}],"replies":[{"embeddable":true,"href":"https:\/\/engelmann.com\/de\/wp-json\/wp\/v2\/comments?post=58311"}],"version-history":[{"count":1,"href":"https:\/\/engelmann.com\/de\/wp-json\/wp\/v2\/pages\/58311\/revisions"}],"predecessor-version":[{"id":58312,"href":"https:\/\/engelmann.com\/de\/wp-json\/wp\/v2\/pages\/58311\/revisions\/58312"}],"wp:attachment":[{"href":"https:\/\/engelmann.com\/de\/wp-json\/wp\/v2\/media?parent=58311"}],"curies":[{"name":"wp","href":"https:\/\/api.w.org\/{rel}","templated":true}]}}