{"id":58313,"date":"2019-08-07T10:57:40","date_gmt":"2019-08-07T10:57:40","guid":{"rendered":"https:\/\/engelmann.com\/?page_id=58313"},"modified":"2019-08-07T10:57:41","modified_gmt":"2019-08-07T10:57:41","slug":"dvd-kompendium-fernsehnormen","status":"publish","type":"page","link":"https:\/\/engelmann.com\/de\/dvd-kompendium-fernsehnormen\/","title":{"rendered":"DVD Kompendium &#8211; Fernsehnormen"},"content":{"rendered":"\n<h2 class=\"wp-block-heading\">Fernsehnormen: PAL\/SECAM, NTSC und HDTV<\/h2>\n\n\n\n<div class=\"wp-block-image\"><figure class=\"alignright\"><img decoding=\"async\" src=\"https:\/\/engelmann.com\/wp-content\/uploads\/2017\/08\/full-hd.png\" alt=\"Full HD Logo\" class=\"wp-image-52063\"\/><\/figure><\/div>\n\n\n\n<p><strong>PAL\/SECAM und NTSC<\/strong><br>PAL\/SECAM ist die europ\u00e4ische Fernsehnorm, NTSC die amerikanische \u2013 und beide Fernsehstandards sind untereinander inkompatibel. Zun\u00e4chst einmal unterscheiden sich die Bildgr\u00f6\u00dfe und die Anzahl der Pixel (720\u00d7480 bei NTSC und 720\u00d7576 bei PAL\/SECAM). Ferner die Framerate (30 [29,723]&nbsp; bei NTSC und 25bei PAL\/SECAM) und unter Umst\u00e4nden (bei \u00e4lteren DVDs) auch das Surround-Audioformat (MPEG-Audio in Europa, AC-3 bei NTSC).<\/p>\n\n\n\n<p>In der Regel bekommen Sie bei der Wiedergabe von einem in Europa gekauften Player oder auf dem Computermonitor aber keinerlei Probleme. Dies kann aber anders aussehen, wenn Sie das Bild von einer Decoderkarte aus auf einen Fernseher ausgeben wollen. In diesem Fall kann ein Blick in die Dokumentation nicht schaden, um herauszubekommen, mit welcher Fernsehnorm umgegangen werden kann.<\/p>\n\n\n\n<p><strong>HDTV<\/strong><br><strong>H<\/strong>igh&nbsp;<strong>D<\/strong>efinition&nbsp;<strong>T<\/strong>elevision ist der Fernsehstandard mit einem 16:9 Bildschirm und einer f\u00fcnfmal so hohen Aufl\u00f6sung werden. Standard sind 1920 x 1080 und 1280 x 720.<\/p>\n\n\n\n<p>Seit Oktober 2005 senden die ersten Fernsehsender in Deutschland in HDTV. Weitere HD Formate sind 720p, 1080i bzw. 1080p, HD Ready (mit einer Aufl\u00f6sung von 1366) und seit einiger Zeit auch 4K.<\/p>\n\n\n\n<p>&lt;-&nbsp;<a href=\"https:\/\/engelmann.com\/de\/dvd-kompendium\/\">Zur\u00fcck zum Inhaltsverzeichnis<\/a><\/p>\n\n\n\n<hr class=\"wp-block-separator\"\/>\n\n\n\n<p><strong>Bitte beachten Sie:<\/strong>\u00a0Wir empfehlen Ihnen zum Brennen von CDs und DVDs unsere Software\u00a0<a href=\"http:\/\/free.engelmann.com\/\">CDRWIN<\/a>. Diese k\u00f6nnen Sie in der aktuellen Version 10\u00a0<a href=\"https:\/\/engelmann.com\/de\/free\/\">derzeit kostenlos bei uns<\/a>\u00a0erhalten!\u00a0Wenn Sie vorher noch Filme unwandeln wollen, empfehlen wir Ihnen unsere Software\u00a0<a href=\"https:\/\/myformatconverter.com\/\">MyFormatConverter<\/a>. Diese gibt es ebenfalls in einer kostenlosen Version.\u00a0Auch zur Bildbearbeitung Ihrer Fotos haben wir \u00fcbrigens mit\u00a0<a href=\"https:\/\/photomizer.com\/\">Photomizer<\/a>\u00a0eine Software im Angebot!<\/p>\n","protected":false},"excerpt":{"rendered":"<p>Fernsehnormen: PAL\/SECAM, NTSC und HDTV PAL\/SECAM und NTSCPAL\/SECAM ist die europ\u00e4ische Fernsehnorm, NTSC die amerikanische \u2013 und beide Fernsehstandards sind untereinander inkompatibel. Zun\u00e4chst einmal unterscheiden &#8230; <a title=\"DVD Kompendium &#8211; Fernsehnormen\" class=\"read-more\" href=\"https:\/\/engelmann.com\/de\/dvd-kompendium-fernsehnormen\/\" aria-label=\"Mehr Informationen \u00fcber DVD Kompendium &#8211; Fernsehnormen\">Details \u279c<\/a><\/p>\n","protected":false},"author":3,"featured_media":0,"parent":0,"menu_order":0,"comment_status":"closed","ping_status":"closed","template":"","meta":{"om_disable_all_campaigns":false,"_uag_custom_page_level_css":"","_monsterinsights_skip_tracking":false,"_monsterinsights_sitenote_active":false,"_monsterinsights_sitenote_note":"","_monsterinsights_sitenote_category":0,"footnotes":""},"class_list":{"0":"post-58313","1":"page","2":"type-page","3":"status-publish","5":"infinite-scroll-item","6":"no-featured-image-padding"},"aioseo_notices":[],"spectra_custom_meta":{"_edit_lock":["1565175461:2"],"_edit_last":["2","2"],"slide_template":["default","default"],"_generate-disable-headline":["true","true"],"_wpml_media_duplicate":["1","1"],"_wpml_media_featured":["1","1"],"_yoast_wpseo_content_score":["90","90"],"aal_manualgenerated":["a:0:{}","a:0:{}"],"wpmdr_menu":["1","1"],"_uag_migration_processed":["1"],"_wpml_word_count":["207"],"_uag_page_assets":["a:9:{s:3:\"css\";s:0:\"\";s:2:\"js\";s:0:\"\";s:18:\"current_block_list\";a:4:{i:0;s:12:\"core\/heading\";i:1;s:10:\"core\/image\";i:2;s:14:\"core\/paragraph\";i:3;s:14:\"core\/separator\";}s:8:\"uag_flag\";b:0;s:11:\"uag_version\";s:10:\"1775673678\";s:6:\"gfonts\";a:0:{}s:10:\"gfonts_url\";s:0:\"\";s:12:\"gfonts_files\";a:0:{}s:14:\"uag_faq_layout\";b:0;}"]},"uagb_featured_image_src":{"full":false,"thumbnail":false,"medium":false,"medium_large":false,"large":false,"1536x1536":false,"2048x2048":false},"uagb_author_info":{"display_name":"Ulrich Engelmann","author_link":"https:\/\/engelmann.com\/de\/author\/uengelmann\/"},"uagb_comment_info":0,"uagb_excerpt":"Fernsehnormen: PAL\/SECAM, NTSC und HDTV PAL\/SECAM und NTSCPAL\/SECAM ist die europ\u00e4ische Fernsehnorm, NTSC die amerikanische \u2013 und beide Fernsehstandards sind untereinander inkompatibel. Zun\u00e4chst einmal unterscheiden ... Details \u279c","_links":{"self":[{"href":"https:\/\/engelmann.com\/de\/wp-json\/wp\/v2\/pages\/58313","targetHints":{"allow":["GET"]}}],"collection":[{"href":"https:\/\/engelmann.com\/de\/wp-json\/wp\/v2\/pages"}],"about":[{"href":"https:\/\/engelmann.com\/de\/wp-json\/wp\/v2\/types\/page"}],"author":[{"embeddable":true,"href":"https:\/\/engelmann.com\/de\/wp-json\/wp\/v2\/users\/3"}],"replies":[{"embeddable":true,"href":"https:\/\/engelmann.com\/de\/wp-json\/wp\/v2\/comments?post=58313"}],"version-history":[{"count":1,"href":"https:\/\/engelmann.com\/de\/wp-json\/wp\/v2\/pages\/58313\/revisions"}],"predecessor-version":[{"id":58314,"href":"https:\/\/engelmann.com\/de\/wp-json\/wp\/v2\/pages\/58313\/revisions\/58314"}],"wp:attachment":[{"href":"https:\/\/engelmann.com\/de\/wp-json\/wp\/v2\/media?parent=58313"}],"curies":[{"name":"wp","href":"https:\/\/api.w.org\/{rel}","templated":true}]}}