{"id":58315,"date":"2019-08-07T10:58:18","date_gmt":"2019-08-07T10:58:18","guid":{"rendered":"https:\/\/engelmann.com\/?page_id=58315"},"modified":"2019-08-07T10:58:19","modified_gmt":"2019-08-07T10:58:19","slug":"dvd-kompendium-mpeg-2-komprimierung","status":"publish","type":"page","link":"https:\/\/engelmann.com\/de\/dvd-kompendium-mpeg-2-komprimierung\/","title":{"rendered":"DVD Kompendium &#8211; MPEG-2-Komprimierung"},"content":{"rendered":"\n<h2 class=\"wp-block-heading\">\n\nMPEG-2-Komprimierung<\/h2>\n\n\n\n<div class=\"wp-block-image\"><figure class=\"alignright\"><img decoding=\"async\" src=\"https:\/\/engelmann.com\/wp-content\/uploads\/2017\/08\/mpeg2-komprimierung.png\" alt=\"MPEG 2 Komprimierung\" class=\"wp-image-52107\"\/><\/figure><\/div>\n\n\n\n<p>Standardm\u00e4\u00dfig liegt die Bilddatenrate der Digital-Videonorm&nbsp;bei 167 Megabit pro Sekunde, die unkomprimiert beibehalten eine weitaus h\u00f6here&nbsp;Speicherkapazit\u00e4t ben\u00f6tigt, als eine DVD bieten kann. Eine einschichtige, einseitige DVD-5 mit 4,7 GB Speicherkapazit\u00e4t w\u00fcrde gerade mal f\u00fcr 4 Minuten&nbsp;Video reichen. Aus diesem Grund muss das vorhandene Bildmaterial effektiv komprimiert&nbsp;werden \u2013 eine Aufgabe, die mit dem MPEG-2-Verfahren erreicht wird.<\/p>\n\n\n\n<p>MPEG-2 als Nachfolger des von der Video-CD her bekannten MPEG-1 erlaubt mit seinen flexiblen Kompressionsnormen hervorragende&nbsp;Bildqualit\u00e4ten bei extrem geringen Bitraten. Dem liegt die einfache Tatsache&nbsp;zugrunde, dass bis zu 96 % (und mehr) der digitalen Daten eines Videos aus&nbsp;Wiederholungen bestehen und ohne sichtbare Verschlechterung der Bildg\u00fcte komprimierbar&nbsp;sind.<\/p>\n\n\n\n<p>Der Kodierungsvorgang l\u00e4uft gew\u00f6hnlich&nbsp;in zwei Schritten (2 pass) ab:<\/p>\n\n\n\n<ul class=\"wp-block-list\"><li>Als erster Schritt wird das Videosignal auf seine Komplexit\u00e4t hin analysiert.<\/li><li>Den jeweiligen Ergebnissen entsprechend werden den komplexeren Bildern&nbsp;h\u00f6here Bitraten (sprich: eine niedrige Kompression) und den einfacheren&nbsp;Bildern niedrige Bitraten (also eine st\u00e4rkere Kompression) zugedacht. Da&nbsp;eine st\u00e4ndige Anpassung der Kompressionsst\u00e4rke\/Bitrate erfolgt, arbeitet&nbsp;diese Norm mit variablen \u00dcbertragunsggeschwindigkeiten. Im Mittel betr\u00e4gt&nbsp;die Bitrate 4 Mbit\/Sekunde, im Extremfall kann dieser Wert aber auf bis&nbsp;zu 10 Mbit\/Sekunde ansteigen.<\/li><\/ul>\n\n\n\n<p>&lt;-&nbsp;<a href=\"https:\/\/engelmann.com\/de\/dvd-kompendium\/\">Zur\u00fcck zum Inhaltsverzeichnis<\/a><\/p>\n\n\n\n<hr class=\"wp-block-separator\"\/>\n\n\n\n<p><strong>Bitte beachten Sie:<\/strong>\u00a0Wir empfehlen Ihnen zum Brennen von CDs und DVDs unsere Software\u00a0<a href=\"http:\/\/free.engelmann.com\/\">CDRWIN<\/a>. Diese k\u00f6nnen Sie in der aktuellen Version 10\u00a0<a href=\"https:\/\/engelmann.com\/de\/free\/\">derzeit kostenlos bei uns<\/a>\u00a0erhalten!\u00a0Wenn Sie vorher noch Filme unwandeln wollen, empfehlen wir Ihnen unsere Software\u00a0<a href=\"https:\/\/myformatconverter.com\/\">MyFormatConverter<\/a>. Diese gibt es ebenfalls in einer kostenlosen Version.\u00a0Auch zur Bildbearbeitung Ihrer Fotos haben wir \u00fcbrigens mit\u00a0<a href=\"https:\/\/photomizer.com\/\">Photomizer<\/a>\u00a0eine Software im Angebot!<\/p>\n","protected":false},"excerpt":{"rendered":"<p>MPEG-2-Komprimierung Standardm\u00e4\u00dfig liegt die Bilddatenrate der Digital-Videonorm&nbsp;bei 167 Megabit pro Sekunde, die unkomprimiert beibehalten eine weitaus h\u00f6here&nbsp;Speicherkapazit\u00e4t ben\u00f6tigt, als eine DVD bieten kann. Eine einschichtige, &#8230; <a title=\"DVD Kompendium &#8211; MPEG-2-Komprimierung\" class=\"read-more\" href=\"https:\/\/engelmann.com\/de\/dvd-kompendium-mpeg-2-komprimierung\/\" aria-label=\"Mehr Informationen \u00fcber DVD Kompendium &#8211; MPEG-2-Komprimierung\">Details \u279c<\/a><\/p>\n","protected":false},"author":3,"featured_media":0,"parent":0,"menu_order":0,"comment_status":"closed","ping_status":"closed","template":"","meta":{"om_disable_all_campaigns":false,"_uag_custom_page_level_css":"","_monsterinsights_skip_tracking":false,"_monsterinsights_sitenote_active":false,"_monsterinsights_sitenote_note":"","_monsterinsights_sitenote_category":0,"footnotes":""},"class_list":{"0":"post-58315","1":"page","2":"type-page","3":"status-publish","5":"infinite-scroll-item","6":"no-featured-image-padding"},"aioseo_notices":[],"spectra_custom_meta":{"_edit_lock":["1565175499:2"],"_edit_last":["2","2"],"slide_template":["default","default"],"_generate-disable-headline":["true","true"],"_wpml_media_duplicate":["1","1"],"_wpml_media_featured":["1","1"],"_yoast_wpseo_content_score":["60","60"],"aal_manualgenerated":["a:0:{}","a:0:{}"],"wpmdr_menu":["1","1"],"_uag_migration_processed":["1"],"_wpml_word_count":["278"],"_uag_page_assets":["a:9:{s:3:\"css\";s:0:\"\";s:2:\"js\";s:0:\"\";s:18:\"current_block_list\";a:5:{i:0;s:12:\"core\/heading\";i:1;s:10:\"core\/image\";i:2;s:14:\"core\/paragraph\";i:3;s:9:\"core\/list\";i:4;s:14:\"core\/separator\";}s:8:\"uag_flag\";b:0;s:11:\"uag_version\";s:10:\"1776137680\";s:6:\"gfonts\";a:0:{}s:10:\"gfonts_url\";s:0:\"\";s:12:\"gfonts_files\";a:0:{}s:14:\"uag_faq_layout\";b:0;}"]},"uagb_featured_image_src":{"full":false,"thumbnail":false,"medium":false,"medium_large":false,"large":false,"1536x1536":false,"2048x2048":false},"uagb_author_info":{"display_name":"Ulrich Engelmann","author_link":"https:\/\/engelmann.com\/de\/author\/uengelmann\/"},"uagb_comment_info":0,"uagb_excerpt":"MPEG-2-Komprimierung Standardm\u00e4\u00dfig liegt die Bilddatenrate der Digital-Videonorm&nbsp;bei 167 Megabit pro Sekunde, die unkomprimiert beibehalten eine weitaus h\u00f6here&nbsp;Speicherkapazit\u00e4t ben\u00f6tigt, als eine DVD bieten kann. Eine einschichtige, ... Details \u279c","_links":{"self":[{"href":"https:\/\/engelmann.com\/de\/wp-json\/wp\/v2\/pages\/58315","targetHints":{"allow":["GET"]}}],"collection":[{"href":"https:\/\/engelmann.com\/de\/wp-json\/wp\/v2\/pages"}],"about":[{"href":"https:\/\/engelmann.com\/de\/wp-json\/wp\/v2\/types\/page"}],"author":[{"embeddable":true,"href":"https:\/\/engelmann.com\/de\/wp-json\/wp\/v2\/users\/3"}],"replies":[{"embeddable":true,"href":"https:\/\/engelmann.com\/de\/wp-json\/wp\/v2\/comments?post=58315"}],"version-history":[{"count":1,"href":"https:\/\/engelmann.com\/de\/wp-json\/wp\/v2\/pages\/58315\/revisions"}],"predecessor-version":[{"id":58316,"href":"https:\/\/engelmann.com\/de\/wp-json\/wp\/v2\/pages\/58315\/revisions\/58316"}],"wp:attachment":[{"href":"https:\/\/engelmann.com\/de\/wp-json\/wp\/v2\/media?parent=58315"}],"curies":[{"name":"wp","href":"https:\/\/api.w.org\/{rel}","templated":true}]}}