{"id":58317,"date":"2019-08-07T10:59:06","date_gmt":"2019-08-07T10:59:06","guid":{"rendered":"https:\/\/engelmann.com\/?page_id=58317"},"modified":"2019-08-07T10:59:13","modified_gmt":"2019-08-07T10:59:13","slug":"dvd-kompendium-udf","status":"publish","type":"page","link":"https:\/\/engelmann.com\/de\/dvd-kompendium-udf\/","title":{"rendered":"DVD Kompendium &#8211; Universal Disc Format (UDF)"},"content":{"rendered":"\n<h2 class=\"wp-block-heading\">\n\nUniversal Disc Format (UDF)<\/h2>\n\n\n\n<div class=\"wp-block-image\"><figure class=\"alignright\"><img decoding=\"async\" src=\"https:\/\/engelmann.com\/wp-content\/uploads\/2017\/08\/dvd-udf.png\" alt=\"DVD UDF\" class=\"wp-image-51957\"\/><\/figure><\/div>\n\n\n\n<p>Generell gesehen ist das Dateisystem jeder DVD&nbsp;das&nbsp;<strong>U<\/strong>niversal&nbsp;<strong>D<\/strong>isc&nbsp;<strong>F<\/strong>ormat (UDF), in der Praxis wird aber&nbsp;zur Zeit noch nahezu jede DVD mit einem ISO-Mantel umgeben. UDF ist wie ISO&nbsp;9660 entwickelt worden, alle m\u00f6glichen Betriebssysteme und Sprachen zu unterst\u00fctzen,&nbsp;um die DVD als universell nutzbaren Datentr\u00e4ger zu etablieren.<br>Das wesentlichste und auch augenf\u00e4lligste Merkmal&nbsp;dieses Dateisystems ist der Wegfall jener Begrenzungen, die dem Anwender unter&nbsp;ISO 9660 noch das Leben schwer machten, wie beispielsweise die limitierte&nbsp;L\u00e4nge der Dateinamen (8 Zeichen plus 3 f\u00fcr die Dateinamen-Erweiterung)&nbsp;und der Verzeichnistiefe (8 Ebenen, einschlie\u00dflich des Wurzelverzeichnisses).<\/p>\n\n\n\n<p>Die Anzahl m\u00f6glicher Zeichen liegt bei 64000. Die Definition von Teil-Zeichens\u00e4tzen ist ebenso m\u00f6glich wie die Differenzierung&nbsp;zwischen 8- und 16-Bit Zeichen. Ferner ist UDF in der Lage, die unterschiedlichen&nbsp;Dateiattribute verschiedener Betriebssysteme aufzunehmen und f\u00fcr das Schreiben&nbsp;auf DVD-Recordables und DVD-RAMs optimiert \u2013 wodurch sich automatisch schlussfolgern&nbsp;l\u00e4sst, dass Dateien auch fragmentiert geschrieben werden k\u00f6nnen.<\/p>\n\n\n\n<p>UDF ben\u00f6tigt ebenso wie ISO 9660 einen Treiber,&nbsp;der in das jeweilige Betriebssystem integriert ist und der das UDF-Dateisystem&nbsp;der Plattform erst verst\u00e4ndlich macht. F\u00fcr ISO 9660 war (und ist) dies beispielsweise&nbsp;f\u00fcr DOS und Windows MSCDEX.EXE.<\/p>\n\n\n\n<p>Zur Zeit wird noch so gut wie jede DVD ISO-9660-kompatibel&nbsp;gemacht, indem man sie mit einem ISO 9660-Mantel (Level 3) umgibt, um die&nbsp;Kompatibilit\u00e4t und Lesbarkeit der Disc mit jenen Systemen, die keinen UDF-Treiber&nbsp;eingebunden haben, zu garantieren \u2013 das hei\u00dft, dass ein System mit ISO-Treiber&nbsp;diese UDF\/ISO-Bridge-Disc als ISO-Disc identifiziert, und ein System mit UDF-Treiber&nbsp;dieselbe Scheibe als UDF-Disc einordnet. Beide Dateisysteme greifen dabei&nbsp;nat\u00fcrlich auf dieselben Dateien und Verzeichnisse zu, das hei\u00dft, es existieren&nbsp;keine unterschiedlichen Partitionen auf einer Disc. Der wesentliche Unterschied&nbsp;besteht nur darin, wie die Dateien lokalisiert werden, und welche Merkmale&nbsp;man nutzen kann.<\/p>\n\n\n\n<p>&lt;-&nbsp;<a href=\"https:\/\/engelmann.com\/de\/dvd-kompendium\/\">Zur\u00fcck zum Inhaltsverzeichnis<\/a><\/p>\n\n\n\n<hr class=\"wp-block-separator\"\/>\n\n\n\n<p><strong>Bitte beachten Sie:<\/strong>\u00a0Wir empfehlen Ihnen zum Brennen von CDs und DVDs unsere Software\u00a0<a href=\"http:\/\/free.engelmann.com\/\">CDRWIN<\/a>. Diese k\u00f6nnen Sie in der aktuellen Version 10\u00a0<a href=\"https:\/\/engelmann.com\/de\/free\/\">derzeit kostenlos bei uns<\/a>\u00a0erhalten!\u00a0Wenn Sie vorher noch Filme unwandeln wollen, empfehlen wir Ihnen unsere Software\u00a0<a href=\"https:\/\/myformatconverter.com\/\">MyFormatConverter<\/a>. Diese gibt es ebenfalls in einer kostenlosen Version.\u00a0Auch zur Bildbearbeitung Ihrer Fotos haben wir \u00fcbrigens mit\u00a0<a href=\"https:\/\/photomizer.com\/\">Photomizer<\/a>\u00a0eine Software im Angebot!<br><\/p>\n","protected":false},"excerpt":{"rendered":"<p>Universal Disc Format (UDF) Generell gesehen ist das Dateisystem jeder DVD&nbsp;das&nbsp;Universal&nbsp;Disc&nbsp;Format (UDF), in der Praxis wird aber&nbsp;zur Zeit noch nahezu jede DVD mit einem ISO-Mantel &#8230; <a title=\"DVD Kompendium &#8211; Universal Disc Format (UDF)\" class=\"read-more\" href=\"https:\/\/engelmann.com\/de\/dvd-kompendium-udf\/\" aria-label=\"Mehr Informationen \u00fcber DVD Kompendium &#8211; Universal Disc Format (UDF)\">Details \u279c<\/a><\/p>\n","protected":false},"author":3,"featured_media":0,"parent":0,"menu_order":0,"comment_status":"closed","ping_status":"closed","template":"","meta":{"om_disable_all_campaigns":false,"_uag_custom_page_level_css":"","_monsterinsights_skip_tracking":false,"_monsterinsights_sitenote_active":false,"_monsterinsights_sitenote_note":"","_monsterinsights_sitenote_category":0,"footnotes":""},"class_list":{"0":"post-58317","1":"page","2":"type-page","3":"status-publish","5":"infinite-scroll-item","6":"no-featured-image-padding"},"aioseo_notices":[],"spectra_custom_meta":{"_edit_lock":["1565175554:2"],"_edit_last":["2","2"],"slide_template":["default","default"],"_generate-disable-headline":["true","true"],"_wpml_media_duplicate":["1","1"],"_wpml_media_featured":["1","1"],"_yoast_wpseo_content_score":["30","30"],"aal_manualgenerated":["a:0:{}","a:0:{}"],"wpmdr_menu":["1","1"],"_uag_migration_processed":["1"],"_wpml_word_count":["399"],"_uag_page_assets":["a:9:{s:3:\"css\";s:0:\"\";s:2:\"js\";s:0:\"\";s:18:\"current_block_list\";a:4:{i:0;s:12:\"core\/heading\";i:1;s:10:\"core\/image\";i:2;s:14:\"core\/paragraph\";i:3;s:14:\"core\/separator\";}s:8:\"uag_flag\";b:0;s:11:\"uag_version\";s:10:\"1776812720\";s:6:\"gfonts\";a:0:{}s:10:\"gfonts_url\";s:0:\"\";s:12:\"gfonts_files\";a:0:{}s:14:\"uag_faq_layout\";b:0;}"]},"uagb_featured_image_src":{"full":false,"thumbnail":false,"medium":false,"medium_large":false,"large":false,"1536x1536":false,"2048x2048":false},"uagb_author_info":{"display_name":"Ulrich Engelmann","author_link":"https:\/\/engelmann.com\/de\/author\/uengelmann\/"},"uagb_comment_info":0,"uagb_excerpt":"Universal Disc Format (UDF) Generell gesehen ist das Dateisystem jeder DVD&nbsp;das&nbsp;Universal&nbsp;Disc&nbsp;Format (UDF), in der Praxis wird aber&nbsp;zur Zeit noch nahezu jede DVD mit einem ISO-Mantel ... Details \u279c","_links":{"self":[{"href":"https:\/\/engelmann.com\/de\/wp-json\/wp\/v2\/pages\/58317","targetHints":{"allow":["GET"]}}],"collection":[{"href":"https:\/\/engelmann.com\/de\/wp-json\/wp\/v2\/pages"}],"about":[{"href":"https:\/\/engelmann.com\/de\/wp-json\/wp\/v2\/types\/page"}],"author":[{"embeddable":true,"href":"https:\/\/engelmann.com\/de\/wp-json\/wp\/v2\/users\/3"}],"replies":[{"embeddable":true,"href":"https:\/\/engelmann.com\/de\/wp-json\/wp\/v2\/comments?post=58317"}],"version-history":[{"count":1,"href":"https:\/\/engelmann.com\/de\/wp-json\/wp\/v2\/pages\/58317\/revisions"}],"predecessor-version":[{"id":58318,"href":"https:\/\/engelmann.com\/de\/wp-json\/wp\/v2\/pages\/58317\/revisions\/58318"}],"wp:attachment":[{"href":"https:\/\/engelmann.com\/de\/wp-json\/wp\/v2\/media?parent=58317"}],"curies":[{"name":"wp","href":"https:\/\/api.w.org\/{rel}","templated":true}]}}