{"id":58319,"date":"2019-08-07T10:59:55","date_gmt":"2019-08-07T10:59:55","guid":{"rendered":"https:\/\/engelmann.com\/?page_id=58319"},"modified":"2019-08-07T10:59:56","modified_gmt":"2019-08-07T10:59:56","slug":"dvd-kompendium-video-dvd","status":"publish","type":"page","link":"https:\/\/engelmann.com\/de\/dvd-kompendium-video-dvd\/","title":{"rendered":"DVD Kompendium &#8211; Video-DVD"},"content":{"rendered":"\n<h2 class=\"wp-block-heading\">\n\nVideo-DVD<\/h2>\n\n\n\n<div class=\"wp-block-image\"><figure class=\"alignright\"><img decoding=\"async\" src=\"https:\/\/engelmann.com\/wp-content\/uploads\/2017\/08\/dvd-video_logo.jpg\" alt=\"DVD Video Logo\" class=\"wp-image-51942\"\/><\/figure><\/div>\n\n\n\n<p>Der Standard f\u00fcr die DVD-Video bzw. Video-DVD ist eine Kombination&nbsp;aus jenen f\u00fcr die DVD-ROM (physikalischer und logischer Aufbau), welche das&nbsp;Grundger\u00fcst bildet und dem sogenannten Application-Layer, der unter anderem&nbsp;folgende Normen festlegt.<\/p>\n\n\n\n<ul class=\"wp-block-list\"><li>MPEG-2-komprimiertes Video in sehr hoher Qualit\u00e4t (auf einer einfachen&nbsp;DVD-5 in etwa 2 Stunden). MPEG-1 ist ebenfalls erlaubt, die Darstellungsqualit\u00e4t&nbsp;entspricht einem normalen VHS-Video.<\/li><li>Bis zu 8 unterschiedliche Tonspuren mit hochqualitativem Audio mit bis&nbsp;zu 8 Kan\u00e4len. In diesen Kan\u00e4len l\u00e4sst sich auch Text unterbringen, um beispielsweise&nbsp;Informationen \u00fcber die Beteiligten Schauspieler oder \u00fcbersetzte Men\u00fcs zu&nbsp;pr\u00e4sentieren.<\/li><li>Bis zu 32 Subpicture-Tracks, die Untertitel f\u00fcr fremde Sprachen oder&nbsp;H\u00f6rgesch\u00e4digte, Karaoke-Material, Grafiken, Texte und Men\u00fcs (inklusive einfacher<br>Animationen) enthalten k\u00f6nnen.<\/li><li>Nahtlose Verzweigungen der Handlung eines Filmes zu unterschiedlichen&nbsp;weiteren Handlungsverl\u00e4ufen.<\/li><li>Variable Wiedergabegeschwindigkeit (schneller Vor- oder R\u00fccklauf, Zeitlupe,&nbsp;Einzelbildwiedergabe) und wahlfreier Zugriff auf einzelne Szenen oder Zeitpositionen.<\/li><li>Einfache Interaktivit\u00e4t innerhalb von Men\u00fcs.<\/li><li>Nahtloser Wechsel von Kameraperspektiven<\/li><li>Elternkontrolle<\/li><\/ul>\n\n\n\n<p><strong>Gliederungshierarchie<\/strong><br>Die Struktur eines DVD-Videos ist vom Autor&nbsp;wesentlich besser modifizierbar, als man es von Video-CDs gewohnt war. DVDs&nbsp;lassen sich im Hinblick auf das Track-Layout und der gew\u00fcnschten Navigationsvielfalt&nbsp;sehr pr\u00e4zise gestalten. Der Grund daf\u00fcr liegt der ausf\u00fchrlichen hierarchischen&nbsp;Gliederung. Die einzelnen Punkte dieser Hierarchie sind:<\/p>\n\n\n\n<ul class=\"wp-block-list\"><li><strong>Pack<\/strong>&nbsp;\u2013 Die eigentlichen Rohdaten in der Gr\u00f6\u00dfenordnung von&nbsp;2 KB. Ein Pack korrespondiert mit dem logischen Sektor der Disc und besteht&nbsp;immer nur aus einer Type (also beispielsweise entweder Video- oder Audioinformationen).<\/li><li><strong>Video Object Unit<\/strong>&nbsp;(VOBU) \u2013 Bildergruppe oder GOP (<strong>G<\/strong>roup&nbsp;<strong>o<\/strong>f&nbsp;<strong>P<\/strong>ictures) von 0,4 bis 1,2 Sekunden L\u00e4nge. Kleinste ansteuerbare&nbsp;Einheit innerhalb des Videostromes.<\/li><li><strong>Zelle<\/strong>&nbsp;(Cell) \u2013 Sammlung von einzelnen Video Object Units&nbsp;(VOBUs). Zellen sind miteinander verkn\u00fcpft und lassen sich nacheinander, willk\u00fcrlich oder per Zufallsgenerator anw\u00e4hlen.<\/li><li><strong>Program<\/strong>&nbsp;(PG) \u2013 Sammlung von Zellen. (In der Regel bilden&nbsp;diese auch eine Szene.)<\/li><li><strong>Kapitel<\/strong>&nbsp;\u2013 Ansammlung von Programms. Diese Punkte innerhalb&nbsp;des DVD-Video-Datenstromes k\u00f6nnen vom Eingangsmen\u00fc aus direkt angesteuert&nbsp;werden.<\/li><li><strong>Program Chain<\/strong>&nbsp;(PGC) \u2013 Mehrere einzelne Kapitel. Aufeinanderfolgende&nbsp;Programmketten k\u00f6nnen eine unterschiedliche Altersfreigabe, einen anderen&nbsp;Handlungsverlauf oder eine andere Kameraperspektive aufweisen.<\/li><li><strong>Title<\/strong>&nbsp;\u2013 Der einzelne Film. Jeder Film kann aus einer einzigen&nbsp;Programmkette (Program Chain) linear vom Anfang zum Ende verlaufen oder&nbsp;aus mehreren Programmketten bestehen, beispielsweise wenn ein Video f\u00fcr&nbsp;verschiedenen Altersklassen wiedergegeben werden kann.<\/li><li><strong>Video Title Set<\/strong>&nbsp;(VTS) \u2013 Sammlung von Filmen. Jedes Volume&nbsp;kann zwischen 1 (die Regel) und 99 Filmen beinhalten.<\/li><li><strong>Volume<\/strong>&nbsp;\u2013 Die einzelne DVD<\/li><\/ul>\n\n\n\n<p><strong>Interaktivit\u00e4t<\/strong><br>DVD-Video-Player sind in der Lage, mit rudiment\u00e4ren&nbsp;interaktiven Befehlen umzugehen. Je nach Disc l\u00e4sst sich somit beispielsweise&nbsp;die Szenenauswahl oder die Wahl der Tonspur treffen (was das Men\u00fc betrifft)&nbsp;und die normalen Bedienungselemente wie schneller Vor- und R\u00fccklauf realisieren.&nbsp;Bei Home-Playern geschieht die Auswahl \u00fcber die Fernbedienung, bei Softwareplayern&nbsp;via der Benutzeroberfl\u00e4che des Navigators, die im Grunde nichts anderes ist,&nbsp;als die virtuelle Repr\u00e4sentation einer Fernbedienung.<\/p>\n\n\n\n<p>Nahezu alle Funktionen, die der Bedienung des&nbsp;Players dienen (egal ob diese auf Hard- oder Software basiert), k\u00f6nnen \u00fcbrigens&nbsp;von den Machern der DVD ausgeschaltet werden. Aus diesem Grund kann man unter&nbsp;Umst\u00e4nden bestimmte Sequenzen beispielsweise weder vorspulen noch \u00fcberspringen.&nbsp;Die wichtigsten Befehle zur Bedienung einer&nbsp;DVD finden Sie in nachfolgender Liste. (Beachten Sie aber, dass nicht jede&nbsp;DVD die gleiche F\u00fclle an Funktionen besitzt, und wenn doch, dass nicht jeder&nbsp;Softwareplayer in der Lage ist, alle Features umzusetzen. Ferner kann die&nbsp;Bezeichnung der einzelnen Funktionen von Player zu Player variieren.)<\/p>\n\n\n\n<ul class=\"wp-block-list\"><li><strong>Titelanwahl<\/strong>&nbsp;(Title) \u2013 Spielt den Datenstrom mit dem jeweiligen&nbsp;Titelindex ab.<\/li><li><strong>Kapitelanwahl<\/strong>&nbsp;(Chapter) \u2013 Spielt den Datenstrom mit dem jeweiligen&nbsp;Titelindex&nbsp;und&nbsp;dem ausgesuchten Kapitel ab.<\/li><li><strong>Zeitanwahl<\/strong>&nbsp;(Time)\u2013&nbsp;Spielt den Datenstrom von der jeweiligen Zeitangabe an ab.<\/li><li><strong>Pause<\/strong>&nbsp;(Stop for Resume) \u2013 Stoppt die Wiedergabe und setzt&nbsp;sie an der gleichen Stelle fort.<\/li><li><strong>Stop<\/strong>&nbsp;\u2013 Stoppt die Wiedergabe. Die Wiederaufnahme des Playbacks&nbsp;kann nur zu Beginn der Disc erfolgen.<\/li><li><strong>Eins h\u00f6her<\/strong>&nbsp;(Up) \u2013 Stoppt die Wiedergabe und nimmt sie am Beginn&nbsp;der jeweiligen Programmkette wieder auf.<\/li><li><strong>Zeitsuche<\/strong>&nbsp;(Time Search) \u2013 Stoppt die Wiedergabe und nimmt&nbsp;sie an der vom Anwender gew\u00fcnschten Zeiteinheit wieder auf.<\/li><li><strong>Kapitelsuche<\/strong>&nbsp;(Chapter Search) \u2013 Stoppt die Wiedergabe und&nbsp;nimmt sie an dem vom Anwender gew\u00fcnschten Kapitel wieder auf (nur innerhalb&nbsp;des gerade laufenden Titels).<\/li><li><strong>Vorheriges Programm<\/strong>&nbsp;(Previous PG Search) \u2013 Stoppt die Wiedergabe&nbsp;und nimmt sie an dem vom Anwender gew\u00fcnschten vorherigen Programm wieder&nbsp;auf (innerhalb der Programmkette).<\/li><li><strong>Oben<\/strong>&nbsp;(Top PG Search) \u2013 Stoppt die Wiedergabe und nimmt sie&nbsp;am Anfang des Programms wieder auf (innerhalb der Programmkette).<\/li><li><strong>N\u00e4chstes Programm<\/strong>&nbsp;(Next PG Search) \u2013 Stoppt die Wiedergabe&nbsp;und nimmt sie am Anfang des n\u00e4chsten Programms wieder auf (innerhalb der&nbsp;Programmkette).<\/li><li><strong>Schneller Vorlauf<\/strong>&nbsp;(Scan forward) \u2013 Spielt das laufende Programm&nbsp;schneller vorw\u00e4rts ab, ohne die Wiedergabe zu unterbrechen. Die Geschwindigkeit&nbsp;kann eingestellt werden.<\/li><li><strong>Schneller R\u00fccklauf<\/strong>&nbsp;(Scan backward) \u2013 Spielt das laufende&nbsp;Programm schneller r\u00fcckw\u00e4rts ab, ohne die Wiedergabe zu unterbrechen. Die&nbsp;Geschwindigkeit kann eingestellt werden.<\/li><li><strong>Men\u00fc&nbsp;<\/strong>(Menu) \u2013 Ruft eines der ausgesuchten Men\u00fcs auf.<\/li><li><strong>Weiter<\/strong>&nbsp;(Resume) \u2013 Nimmt die Wiedergabe dort wieder auf, wo&nbsp;man sie zum Aufruf des Men\u00fcs unterbrochen hatte.<\/li><li><strong>Sprache<\/strong>&nbsp;(Language) \u2013 \u00c4ndert die Ausgabe der Sprache.<\/li><li><strong>Audio<\/strong>&nbsp;\u2013 \u00c4ndert die Audiospur.<\/li><li><strong>Untertitel<\/strong>&nbsp;(Subtitles) \u2013 \u00c4ndert die Sprache der Untertitel<\/li><li><strong>Perspektive<\/strong>&nbsp;(Angle) \u2013 \u00c4ndert die Kameraperspektive einer&nbsp;Szene.<\/li><li><strong>Eltern<\/strong>&nbsp;(Parental Control) \u2013 \u00c4ndert den Zugangslevel (die&nbsp;Altersfreigabe).<\/li><li><strong>Karaoke<\/strong>&nbsp;\u2013 Aktiviert den Karaoke-Modus f\u00fcr die Audiowiedergabe.<\/li><li><strong>Bild<\/strong>&nbsp;(Aspect Ratio) \u2013 \u00c4ndert das Gr\u00f6\u00dfenverh\u00e4ltnis des Bildes.<\/li><\/ul>\n\n\n\n<p>&lt;-&nbsp;<a href=\"https:\/\/engelmann.com\/de\/dvd-kompendium\/\">Zur\u00fcck zum Inhaltsverzeichnis<\/a><\/p>\n\n\n\n<hr class=\"wp-block-separator\"\/>\n\n\n\n<p><strong>Bitte beachten Sie:<\/strong>\u00a0Wir empfehlen Ihnen zum Brennen von CDs und DVDs unsere Software\u00a0<a href=\"http:\/\/free.engelmann.com\/\">CDRWIN<\/a>. Diese k\u00f6nnen Sie in der aktuellen Version 10\u00a0<a href=\"https:\/\/engelmann.com\/de\/free\/\">derzeit kostenlos bei uns<\/a>\u00a0erhalten!\u00a0Wenn Sie vorher noch Filme unwandeln wollen, empfehlen wir Ihnen unsere Software\u00a0<a href=\"https:\/\/myformatconverter.com\/\">MyFormatConverter<\/a>. Diese gibt es ebenfalls in einer kostenlosen Version.\u00a0Auch zur Bildbearbeitung Ihrer Fotos haben wir \u00fcbrigens mit\u00a0<a href=\"https:\/\/photomizer.com\/\">Photomizer<\/a>\u00a0eine Software im Angebot!<\/p>\n","protected":false},"excerpt":{"rendered":"<p>Video-DVD Der Standard f\u00fcr die DVD-Video bzw. Video-DVD ist eine Kombination&nbsp;aus jenen f\u00fcr die DVD-ROM (physikalischer und logischer Aufbau), welche das&nbsp;Grundger\u00fcst bildet und dem sogenannten &#8230; <a title=\"DVD Kompendium &#8211; Video-DVD\" class=\"read-more\" href=\"https:\/\/engelmann.com\/de\/dvd-kompendium-video-dvd\/\" aria-label=\"Mehr Informationen \u00fcber DVD Kompendium &#8211; Video-DVD\">Details \u279c<\/a><\/p>\n","protected":false},"author":3,"featured_media":0,"parent":0,"menu_order":0,"comment_status":"closed","ping_status":"closed","template":"","meta":{"om_disable_all_campaigns":false,"_uag_custom_page_level_css":"","_monsterinsights_skip_tracking":false,"_monsterinsights_sitenote_active":false,"_monsterinsights_sitenote_note":"","_monsterinsights_sitenote_category":0,"footnotes":""},"class_list":{"0":"post-58319","1":"page","2":"type-page","3":"status-publish","5":"infinite-scroll-item","6":"no-featured-image-padding"},"aioseo_notices":[],"spectra_custom_meta":{"_edit_lock":["1565175597:2"],"_edit_last":["2","2"],"slide_template":["default","default"],"_generate-disable-headline":["true","true"],"_wpml_media_duplicate":["1","1"],"_wpml_media_featured":["1","1"],"_yoast_wpseo_content_score":["30","30"],"aal_manualgenerated":["a:0:{}","a:0:{}"],"wpmdr_menu":["1","1"],"_uag_migration_processed":["1"],"_wpml_word_count":["1237"],"_uag_page_assets":["a:9:{s:3:\"css\";s:0:\"\";s:2:\"js\";s:0:\"\";s:18:\"current_block_list\";a:5:{i:0;s:12:\"core\/heading\";i:1;s:10:\"core\/image\";i:2;s:14:\"core\/paragraph\";i:3;s:9:\"core\/list\";i:4;s:14:\"core\/separator\";}s:8:\"uag_flag\";b:0;s:11:\"uag_version\";s:10:\"1775846545\";s:6:\"gfonts\";a:0:{}s:10:\"gfonts_url\";s:0:\"\";s:12:\"gfonts_files\";a:0:{}s:14:\"uag_faq_layout\";b:0;}"]},"uagb_featured_image_src":{"full":false,"thumbnail":false,"medium":false,"medium_large":false,"large":false,"1536x1536":false,"2048x2048":false},"uagb_author_info":{"display_name":"Ulrich Engelmann","author_link":"https:\/\/engelmann.com\/de\/author\/uengelmann\/"},"uagb_comment_info":0,"uagb_excerpt":"Video-DVD Der Standard f\u00fcr die DVD-Video bzw. Video-DVD ist eine Kombination&nbsp;aus jenen f\u00fcr die DVD-ROM (physikalischer und logischer Aufbau), welche das&nbsp;Grundger\u00fcst bildet und dem sogenannten ... Details \u279c","_links":{"self":[{"href":"https:\/\/engelmann.com\/de\/wp-json\/wp\/v2\/pages\/58319","targetHints":{"allow":["GET"]}}],"collection":[{"href":"https:\/\/engelmann.com\/de\/wp-json\/wp\/v2\/pages"}],"about":[{"href":"https:\/\/engelmann.com\/de\/wp-json\/wp\/v2\/types\/page"}],"author":[{"embeddable":true,"href":"https:\/\/engelmann.com\/de\/wp-json\/wp\/v2\/users\/3"}],"replies":[{"embeddable":true,"href":"https:\/\/engelmann.com\/de\/wp-json\/wp\/v2\/comments?post=58319"}],"version-history":[{"count":1,"href":"https:\/\/engelmann.com\/de\/wp-json\/wp\/v2\/pages\/58319\/revisions"}],"predecessor-version":[{"id":58320,"href":"https:\/\/engelmann.com\/de\/wp-json\/wp\/v2\/pages\/58319\/revisions\/58320"}],"wp:attachment":[{"href":"https:\/\/engelmann.com\/de\/wp-json\/wp\/v2\/media?parent=58319"}],"curies":[{"name":"wp","href":"https:\/\/api.w.org\/{rel}","templated":true}]}}