{"id":58326,"date":"2019-08-07T11:11:05","date_gmt":"2019-08-07T11:11:05","guid":{"rendered":"https:\/\/engelmann.com\/?page_id=58326"},"modified":"2019-08-07T11:11:36","modified_gmt":"2019-08-07T11:11:36","slug":"online-hilfe-simply-good-pictures","status":"publish","type":"page","link":"https:\/\/engelmann.com\/de\/online-hilfe-simply-good-pictures\/","title":{"rendered":"Simply Good Pictures 5 Online Hilfe"},"content":{"rendered":"\n<p><strong>Packungsinhalt<\/strong><\/p>\n\n\n\n<p>Das Produktpaket besteht aus der Software Simply Good Pictures 5 inklusive elektronischer Hilfedatei und&nbsp;Lizenzschl\u00fcssel.&nbsp;Auf Wunsch ist Simply Good Pictures 5 auch auf CD erh\u00e4ltlich.<\/p>\n\n\n\n<div class=\"wp-block-image\"><figure class=\"aligncenter\"><img decoding=\"async\" src=\"https:\/\/engelmann.com\/wp-content\/uploads\/2018\/07\/simply-good-pictures-free-image-editing.png\" alt=\"\" class=\"wp-image-53925\"\/><\/figure><\/div>\n\n\n\n<p><strong>Systemvoraussetzungen<\/strong><\/p>\n\n\n\n<p>Die Installation von Simply Good Pictures 5 setzt ein funktionierendes Windows-Betriebssystem voraus.&nbsp;In Bezug auf die Hardware gilt generell: Je leistungsf\u00e4higer, desto besser. Sie ben\u00f6tigen aber&nbsp;mindestens:<\/p>\n\n\n\n<ul class=\"wp-block-list\"><li>Windows 7, Windows 8, Windows 10 (jeweils 32- oder 64-Bit)<\/li><li>.Net Framework 4.0<\/li><li>Mehrere GB Speicherplatz f\u00fcr heruntergeladene und\/oder konvertierte Fotos<\/li><li>W\u00e4hrend der Aktivierung des Programmes muss eine Verbindung zum Internet bestehen!<\/li><\/ul>\n\n\n\n<p><strong>Support<\/strong><\/p>\n\n\n\n<p>Treten unerwartet Probleme mit Simply Good Pictures 5 auf, wenden Sie sich bitte an unseren Support. Sie&nbsp;erreichen unser&nbsp;<a href=\"https:\/\/support.engelmann.com\/\">Support-Center<\/a>&nbsp;\u00fcber unser Kontaktformular.&nbsp;Damit wir Ihnen so effektiv wie m\u00f6glich helfen k\u00f6nnen, halten Sie bitte folgende Informationen&nbsp;bereit:<\/p>\n\n\n\n<ul class=\"wp-block-list\"><li>Den Programmnamen (also Simply Good Pictures 5) und die Versionsnummer.<\/li><li>Die Bezeichnung des verwendeten Betriebssystems und eventuell installierter Service Packs.<\/li><li>Eine kurze Fehlerbeschreibung, sowie eine Angabe zu H\u00e4ufigkeit des Auftretens (sporadisch oder&nbsp;regelm\u00e4\u00dfig). Falls Sie ein Bildschirmfoto (Screenshot) der Fehlermeldung erstellt haben\/ erstellen&nbsp;k\u00f6nnen, f\u00fcgen Sie ihn bitte einer Anfrage per Mail hinzu.<\/li><\/ul>\n\n\n\n<p><strong>Einrichtung<\/strong><\/p>\n\n\n\n<p>Um Ihnen den Einstieg zu erleichtern, finden Sie in diesem Kapitel alle wichtigen Informationen zur&nbsp;Einrichtung von Simply Good Pictures 5 auf Ihrem PC. Um Simply Good Pictures 5 zu installieren, gehen Sie bitte wie folgt vor:<\/p>\n\n\n\n<ul class=\"wp-block-list\"><li>Sichern Sie alle aktuellen Daten und schlie\u00dfen Sie alle offenen Programme.<\/li><li>Haben Sie Simply Good Pictures 5 auf CD erworben, so legen Sie jetzt die Disc ein. Der Setup-Assistent&nbsp;startet automatisch. Ist dieses nicht der Fall, \u00f6ffnen Sie bitte \u00fcber den \u201aArbeitsplatz\u2018 auf Ihrem&nbsp;Desktop Ihr CD-ROM-Laufwerk und f\u00fchren Sie die Setupdatei per Doppel-Klick aus. (z.B. D:\\Setup.exe)<\/li><li>Haben Sie Simply Good Pictures 5 als Download erworben, so starten Sie die heruntergeladene Datei mit&nbsp;einem Doppelklick.&nbsp;Sollten Sie die Datei noch nicht heruntergeladen haben, k\u00f6nnen Sie dies auf unserer Homepage nachholen.<\/li><\/ul>\n\n\n\n<p>Der Setup-Assistent leitet Sie Schritt-f\u00fcr-Schritt durch die weitere Installation. Wie allgemein \u00fcblich,&nbsp;gelten dabei folgende Regeln:<\/p>\n\n\n\n<ul class=\"wp-block-list\"><li><em>Weiter<\/em>: Die Schaltfl\u00e4che \u201aWeiter\u2018 ruft den n\u00e4chsten Installationsschritt auf.<\/li><li><em>Zur\u00fcck<\/em>: Die Schaltfl\u00e4che \u201aZur\u00fcck\u2018 ruft den vorherigen Installationsschritt auf.<\/li><li><em>Installieren<\/em>: Die Schaltfl\u00e4che \u201aInstallieren\u2018 startet den Installationsvorgang. Bis zu dem Moment, in&nbsp;dem Sie auf Installieren klicken, werden keine \u00c4nderungen an Ihrem System vorgenommen.<\/li><li><em>Abbrechen<\/em>: Die Schaltfl\u00e4che \u201aAbbrechen\u2018 bricht die Installation ab und macht alle eventuell&nbsp;durchgef\u00fchrten \u00c4nderungen r\u00fcckg\u00e4ngig.<\/li><\/ul>\n\n\n\n<p><strong>Programmstart<\/strong><\/p>\n\n\n\n<p>Nach der erfolgreichen Installation starten Sie Simply Good Pictures 5 auf eine der folgenden M\u00f6glichkeiten:<\/p>\n\n\n\n<ul class=\"wp-block-list\"><li>\u00dcber das Startmen\u00fc: Klicken Sie auf \u201aStart \u2013&gt; Programme \u2013&gt; Simply Good Pictures 5\u2018.<\/li><li>\u00dcber den Desktop: Doppelklicken Sie auf das Simply Good Pictures 5 Symbol auf Ihrem Desktop. (Falls&nbsp;Sie dieses w\u00e4hrend der Installation haben anlegen lassen.)<\/li><li>\u00dcber die Schnellstartleiste: Klicken Sie auf das Simply Good Pictures 5-Symbol in der&nbsp;Schnellstartleiste. (Hinweis: Die Schnellstartleiste steht ab Windows 7 nicht standardm\u00e4\u00dfig zur&nbsp;Verf\u00fcgung.)<\/li><li>Wichtig: Stellen Sie vor dem ersten Programmstart bitte sicher, dass Ihr PC mit dem Internet verbunden&nbsp;ist, damitSimply Good Pictures 5 lizensiert und freigeschaltet werden kann.<\/li><\/ul>\n\n\n\n<p><strong>Eine der besten vollautomatischen Bildoptimierungen der Welt!<\/strong><\/p>\n\n\n\n<p>Mit \u201eSimply Good Pictures 5\u201c erzielen Sie Ergebnisse, die auch professionelle Fotografen mit viel Wissen und Erfahrung nur m\u00fchselig selbst gestalten k\u00f6nnten.<\/p>\n\n\n\n<p>Einige der wichtigsten Programmfunktionen im \u00dcberblick:<\/p>\n\n\n\n<ul class=\"wp-block-list\"><li>Automatische Objekterkennung: Es werden nur jene Teile eines Bildes manipuliert, die den Gesamteindruck optimieren helfen!<\/li><li>Vollautomatische Neuverteilung der Tonwerte!<\/li><li>Vollautomatisches Nachsch\u00e4rfen!<\/li><li>Vollautomatische Kontrastoptimierung!<\/li><li>Auffrischen von Bildern durch mehr Detailreichtum!<\/li><li>Farbintensivere Bilder durch das Auffrischen matter Farben!<\/li><li>Einflussnahme auf die Farbdarstellung, um Bilder frischer und lebendiger wirken zu lassen!<\/li><li>Vollautomatik f\u00fcr Farbton und S\u00e4ttigung!<\/li><li>Vollautomatik zur Korrektur des Wei\u00df-Abgleichs.<\/li><li>Vollautomatik zur Hell\/Dunkel-Korrektur.<\/li><li>Beseitigung von Grauschleiern, Nebel und anderen Wettereinfl\u00fcsse.<\/li><li>Beseitigung unerw\u00fcnschter Farbstiche.<\/li><\/ul>\n\n\n\n<p><strong>Unterst\u00fctzte Bildformate:<\/strong><\/p>\n\n\n\n<p>jxr,&nbsp; hdp,&nbsp; wdp, tif,&nbsp; tiff, gif, jpg,&nbsp; jpeg, png, bmp,&nbsp; ico, raw,&nbsp; orf,&nbsp; 3fr,&nbsp; raf,&nbsp; nrw,&nbsp; dng,&nbsp; arw,&nbsp; nef,&nbsp; x3f,&nbsp; srw,&nbsp; pef,&nbsp; rw2,&nbsp; mrw,&nbsp; mdc,&nbsp; mef,&nbsp; dcr,&nbsp; erf,&nbsp; crw,&nbsp; mos, cr2 und sr2<\/p>\n\n\n\n<p><strong>Programmoberfl\u00e4che<\/strong><\/p>\n\n\n\n<p>Wie aus der Abbildung ersichtlich, besteht die Programmoberfl\u00e4che aus drei wesentlichen Bereichen: dem Original Bild links, der Vorschau rechts und dem Optimierungsbereich unten.<\/p>\n\n\n\n<div class=\"wp-block-image\"><figure class=\"aligncenter\"><img decoding=\"async\" src=\"https:\/\/engelmann.com\/wp-content\/uploads\/2018\/07\/simply-good-pictures.png\" alt=\"\" class=\"wp-image-53921\"\/><\/figure><\/div>\n\n\n\n<p><strong>Original:<\/strong>&nbsp;Hier wird das Originalbild, welches Sie optimieren m\u00f6chten, angezeigt.<\/p>\n\n\n\n<p><strong>Vorschau:<\/strong>&nbsp;In der Vorschau k\u00f6nnen Sie in Echtzeit die Ver\u00e4nderungen, die durch die Optimierung passieren, beobachten.<\/p>\n\n\n\n<p><strong>Optimierung:<\/strong>&nbsp;Sie k\u00f6nnen entweder unsere Automatik nutzen (alle Werte auf \u201eAn\u201c wie im oben Bild) oder nat\u00fcrlich die Optimierung auch manuell einstellen. Daf\u00fcr klicken Sie bitte die Automatik Aus und mit Hilfe der Schieberegler k\u00f6nnen Sie hier dann den Grad der Optimierung einstellen.<\/p>\n\n\n\n<p>Wichtig: Sie k\u00f6nnen in den Fotos scrollen und diese auch mit Hilfe des Mausrades bzw. des Schiebereglers zwischen den Bildern vergr\u00f6\u00dfern und verkleinern.<\/p>\n\n\n\n<p>In der oberen Men\u00fcleiste finden Sie folgende Befehle:<\/p>\n\n\n\n<p><em>Datei &gt; Foto \u00f6ffnen\u2026:<\/em>&nbsp;\u00d6ffnet eine Bilddatei, um sie in das Programm zu laden.<\/p>\n\n\n\n<p><em>Datei &gt; Speichern unter\u2026<\/em>: Speichert die aktuell geladene und in der Vorschau angezeigte Bilddatei unter einem anderen Namen ab.<\/p>\n\n\n\n<p><em>Datei &gt; Beenden<\/em>: Beendet \u201eSimply Good Pictures 5\u201c.<\/p>\n\n\n\n<p><em>Bearbeiten &gt; Bildinformationen<\/em>: Zeigt Details zur angezeigten Bilddatei an, darunter den Dateinamen, das verwendete Grafikformat (bspw. JPG), die Aufl\u00f6sung in Pixel, die Dateigr\u00f6\u00dfe sowie Informationen zur Aufnahme (sofern vorhanden): Aufnahmedatum, \u00c4nderungsdatum, verwendete Kamera und Lokalisation der Aufnahme (Geo Latitude und Geo Longitude, also L\u00e4ngen- und Breitengrad). Au\u00dferdem finden Sie hier den Speicherpfad und den kompletten Speichernamen der Bilddatei und k\u00f6nnen den Explorer in diesem Verzeichnis starten.<\/p>\n\n\n\n<p><em>Bearbeiten &gt; Nach links drehen<\/em>: Dreht das geladene Foto in der Vorschau gegen den Uhrzeigersinn.<\/p>\n\n\n\n<p><em>Bearbeiten &gt; Nach rechts drehen<\/em>: Dreht das geladene Foto in der Vorschau im Uhrzeigersinn.<\/p>\n\n\n\n<p><em>Extras &gt; Update suchen\u2026<\/em>: Update-Assistent starten.<\/p>\n\n\n\n<p><em>Extras &gt; Einstellungen..<\/em>.: Einstellungsmodul aufrufen.<\/p>\n\n\n\n<p><em>Hilfe &gt; Hilfe anzeigen:<\/em>&nbsp;Hilfe starten.<\/p>\n\n\n\n<p><em>Hilfe &gt; Info<\/em>: \u00dcber \u201eSimply Good Pictures 5\u201c.<\/p>\n\n\n\n<p>Details zu den&nbsp;<em>Einstellungen,<\/em>&nbsp;die Sie unter dem Eintrag \u201e<em>Extras<\/em>\u201c in der Men\u00fcleiste am oberen Rand des Programms finden:<\/p>\n\n\n\n<div class=\"wp-block-image\"><figure class=\"aligncenter\"><img decoding=\"async\" src=\"https:\/\/engelmann.com\/wp-content\/uploads\/2018\/07\/simply-good-pictures-einstellungen.jpg\" alt=\"\" class=\"wp-image-53915\"\/><\/figure><\/div>\n\n\n\n<p><em>Allgemein<\/em><\/p>\n\n\n\n<p>Programm maximiert starten: Sorgt daf\u00fcr, dass \u201eSimply Good Pictures 5\u201c im Vollbildmodus gestartet wird. (Standardwert: Aus)<\/p>\n\n\n\n<p>Automatisches Update aktivieren: Ist dieser Punkt aktiviert, sucht \u201eSimply Good Pictures 5\u201c bei jedem Programmstart automatisch nach Updates. (Standardwert: An)<\/p>\n\n\n\n<p>Sprache: Hier k\u00f6nnen Sie die Sprache ausw\u00e4hlen, in der \u201eSimply Good Pictures 5\u201c angezeigt werden soll.<\/p>\n\n\n\n<p><em>Ausgabe<\/em><\/p>\n\n\n\n<p>Format: Hier k\u00f6nnen Sie ausw\u00e4hlen, in welchem Forma die optimierten Bilder gespeichert werden sollen. (Default: JPG)<\/p>\n\n\n\n<p>Qualit\u00e4t: Falls m\u00f6glich (vom Format abh\u00e4ngig), k\u00f6nnen Sie hier angeben, in welcher Qualit\u00e4t Ihre optimierten Bilder abgespeichert werden sollen, wobei 20% \u2013 schlechteste Qualit\u00e4t und 100% \u2013 beste Qualit\u00e4t bedeutet. (Standardwert: 90%)<\/p>\n\n\n\n<p>Benutze Quellverzeichnis als Ausgabeverzeichnis: Aktivieren Sie diese Option, damit die optimierten Bilder an dem selben Ort gespeichert werden, wie das Original. Ist die Option deaktiviert, werden die Bilder am zuletzt verwendeten Ort gespeichert. (Standardwert: An)<\/p>\n\n\n\n<p>Zur\u00fcck: Schlie\u00dft die Einstellungen. (Alle \u00c4nderungen werden automatisch gespeichert)<\/p>\n\n\n\n<p>Zur\u00fccksetzen: Setzt die Einstellungen auf ihre Standardwerte zur\u00fcck.<\/p>\n\n\n\n<p><strong>Kurzanleitung<\/strong><\/p>\n\n\n\n<p>Diese Kurzanleitung f\u00fchrt Sie Schritt f\u00fcr Schritt durch die wichtigsten Funktionen des Programms<\/p>\n\n\n\n<p><strong>Das Programm starten:<\/strong><\/p>\n\n\n\n<p>Um das Programm zu starten, gehen Sie bitte auf ,Start &gt; Alle Programme &gt; Engelmann Software &gt; Simply Good Pictures 5\u2032.<\/p>\n\n\n\n<p><strong>Nach dem Programmstart:<\/strong><\/p>\n\n\n\n<p>Nachdem das Programm gestartet ist, sehen Sie die Hauptansicht. Um nun ein Bild optimieren zu k\u00f6nnen, muss es erstmal in das Programm geladen werden. Hierzu klicken Sie bitte auf \u201eDatei \u00f6ffnen\u201c.<\/p>\n\n\n\n<p><strong>Ein Bild ausw\u00e4hlen:<\/strong><\/p>\n\n\n\n<p>Navigieren Sie, in dem nun ge\u00f6ffneten Dialog, zu dem Ordner der die zu optimierenden Bilder beinhaltet. Danach w\u00e4hlen Sie eines der Bilder aus und klicken auf \u201eFoto \u00f6ffnen\u201c. Falls Ihre Bilder nicht angezeigt werden, k\u00f6nnte es daran liegen, dass sie nicht das richtige Format haben. Welche Formate \u201eSimply Good Pictures 5\u201c unterst\u00fctzt, k\u00f6nnen Sie weiter oben einsehen.<\/p>\n\n\n\n<p><strong>Das Bild optimieren:<\/strong><\/p>\n\n\n\n<p>Als erstes haben Sie hier die M\u00f6glichkeit, die Optimierung vollautomatisch durch \u201eSimply Good Pictures 5\u201c erledigen zu lassen. Alternativ k\u00f6nnen Sie die Optimierung auch manuell durchf\u00fchren. Wenn Sie sich f\u00fcr die automatisierte Variante entscheiden, stellen Sie den Schalter neben \u201eAutomatische Optimierung\u201c auf \u201eAn\u201c.&nbsp; In diesem Fall brauchen (und k\u00f6nnen) Sie keine weiteren Optimierungsoptionen verwenden. Um die Optimierung manuell vorzunehmen, stellen Sie den Schalter bitte auf \u201eAus\u201c. In diesem Fall steht Ihnen der zugeh\u00f6rige Schieberegler zur Verf\u00fcgung, um die \u201eSt\u00e4rke\u201c der Optimierung einzustellen.<\/p>\n\n\n\n<p>Genau so k\u00f6nnen Sie die \u201eAutomatische Farbanpassung\u201c bedienen. Stellen Sie diese auf \u201eAn\u201c wenn Sie m\u00f6chten, dass \u201eSimply Good Pictures 5\u201c die Farbkorrekturen automatisch vornimmt. M\u00f6chten Sie auch diese manuell vornehmen, so stellen Sie diese Option auf \u201eAus\u201c und nutzen Sie den zugeh\u00f6rigen Schieberegler.<\/p>\n\n\n\n<p><strong>Ihr optimiertes Foto speichern:<\/strong><\/p>\n\n\n\n<p>Nachdem Sie das Bild nun optimiert haben, sollten Sie es abspeichern. Dazu gen\u00fcgt ein einfacher Klick auf \u201eSpeichern unter\u2026\u201c. In dem nun ge\u00f6ffneten Dialog haben Sie die M\u00f6glichkeit, Ihrem Bild einen anderen Namen zu geben, z.B. ein \u201e_optimiert\u201c anzuh\u00e4ngen. Ein weiterer Klick auf \u201eSpeichern\u201c speichert das optimierte Bild an dem ausgew\u00e4hlten Ort ab. Sollten Sie es bevorzugen, dass das optimierte Bild immer am selben Ort gespeichert wird, wie das Original, so k\u00f6nnen Sie dazu die Option \u201eBenutze Quellverzeichnis als Ausgabeverzeichnis\u201c in den Einstellungen verwenden.<\/p>\n\n\n\n<p>\u201eSimply Good Pictures 5\u201c bietet Ihnen detaillierte Informationen zu Ihren Bildern. Sie k\u00f6nnen diese \u00fcber den Men\u00fcpunkt ,Bildinformationen\u2018 aufrufen, welcher sich in der Men\u00fcleiste am oberen Rand unter ,Bearbeiten\u2018 befindet. Folgende Informationen werden Ihnen angezeigt:<\/p>\n\n\n\n<p><strong>Name:<\/strong>&nbsp;Der Name des aktuell ge\u00f6ffneten Bildes.<\/p>\n\n\n\n<p><strong>Format:<\/strong>&nbsp;Das Bildformat, z.B. \u201eJPG\u201c.<\/p>\n\n\n\n<p><strong>Aufl\u00f6sung:<\/strong>&nbsp;Die Aufl\u00f6sung des Bildes in Pixeln.<\/p>\n\n\n\n<p><strong>Gr\u00f6\u00dfe:<\/strong>&nbsp;Die Gr\u00f6\u00dfe in Kilobyte.<\/p>\n\n\n\n<p><strong>Aufgenommen:<\/strong>&nbsp;Das Aufnahmedatum des Bildes.<\/p>\n\n\n\n<p><strong>Ge\u00e4ndert:<\/strong>&nbsp;Wann das aktuelle Bild zuletzt ge\u00e4ndert wurde.<\/p>\n\n\n\n<p><strong>Kamera:<\/strong>&nbsp;Die verwendete Kamera.<\/p>\n\n\n\n<p><strong>Breitengrad:<\/strong>&nbsp;Aufnahmeposition \u2013 Breitengrad<\/p>\n\n\n\n<p><strong>L\u00e4ngengrad:<\/strong>&nbsp;Aufnahmeposition \u2013 L\u00e4ngengrad<\/p>\n\n\n\n<p><strong>Ort:<\/strong>&nbsp;Der Ort, an dem das Bild auf dem PC gespeichert ist.<\/p>\n\n\n\n<p>Des Weiteren k\u00f6nnen Sie von hier aus \u00fcber ,<em>Verzeichniss \u00f6ffnen<\/em>\u2026\u2018 auch den Speicherort des Bildes direkt \u00f6ffnen.<\/p>\n\n\n\n<p>Um Ihr Bild zu optimieren, k\u00f6nnen Sie zwischen einer automatischen und manuellen Optimierung w\u00e4hlen.<\/p>\n\n\n\n<p><strong>Automatisch:<\/strong><\/p>\n\n\n\n<p>Wenn \u201eSimply Good Pictures 5\u201c die Optimierung \u00fcbernehmen soll, gen\u00fcgt eine Aktivierung der Box neben der Option \u201eAutomatisch\u201c.<\/p>\n\n\n\n<p><strong>Manuelle Optimierung:<\/strong><\/p>\n\n\n\n<p>Es kann vorkommen, dass die automatische Optimierung nicht die Ergebnisse erzielt, die Sie gerne h\u00e4tten. In diesen F\u00e4llen k\u00f6nnen Sie das Bild auch ganz einfach \u201eper Hand\u201c optimieren. Deaktivieren Sie dazu die Box neben der Option \u201eAn\u201c. Ab jetzt steht Ihnen der Schieberegler darunter zur Verf\u00fcgung. Mit diesem k\u00f6nnen Sie die \u201eSt\u00e4rke\u201c der Optimierung einstellen und Ihren W\u00fcnschen anpassen.<\/p>\n\n\n\n<p>Zus\u00e4tzlich k\u00f6nnen Sie nun die Option \u201eAutomatische Farbanpassung\u201c aktivieren oder deaktivieren. Haben Sie sie aktiviert, so wird sich \u201eSimply Good Pictures 5\u201c um die Farbkorrektur k\u00fcmmern. M\u00f6chten Sie die Farbkorrektur ebenfalls manuell vornehmen, so deaktivieren Sie die Box. In diesem Fall steht Ihnen auch der zweite Schieberegler zur Verf\u00fcgung, mit dem Sie die Farbkorrektur manuell anpassen k\u00f6nnen.<\/p>\n\n\n\n<p>Ebenso wie die Bildinformationen erreichen Sie die Optionen (Bild) \u201eNach links\/ rechts drehen\u201c \u00fcber die Men\u00fcleiste am oberen Rand des Programms. Klicken Sie hier zun\u00e4chst auf \u201eBearbeiten\u201c und w\u00e4hlen Sie danach die Drehrichtung aus.<\/p>\n\n\n\n<p>Mit einem Klick auf die Schaltfl\u00e4che \u201e<em>Speichern unter..<\/em>.\u201c \u00f6ffnet sich ein Dateibrowser, in dem Sie an die Stelle navigieren, wo Sie das optimierte Bild abspeichern m\u00f6chten. Mit einem weiteren Klick auf \u201eSpeichern\u201c wird das optimierte Bild mit dem eingegebenen Dateinamen an dem gew\u00fcnschten Ort abgespeichert.<\/p>\n\n\n\n<p>Sollten Sie es bevorzugen, dass das Optimierte Bild immer am selben Ort gespeichert wird wie das Original, so k\u00f6nnen Sie dazu die Option \u201eBenutze Quellverzeichnis als Ausgabeverzeichnis\u201c in den Einstellungen verwenden.<\/p>\n\n\n\n<p><strong>Glossar:<\/strong><\/p>\n\n\n\n<ul class=\"wp-block-list\"><li><em>4:3:<\/em>&nbsp;TV-Bildseitenverh\u00e4ltnis<\/li><li><em>16:9:<\/em>&nbsp;Breitwand-TV-Bildseitenverh\u00e4ltnis<\/li><li><em>Algorithmus<\/em>: Spezielle Vorschrift oder ein Regelsatz f\u00fcr einen Computer, wie dieser eine mathematische Aufgabe zu bew\u00e4ltigen hat.<\/li><li><em>Aufl\u00f6sung:<\/em>&nbsp;Anzahl der horizontalen und vertikalen Bildpunkte eines Bilds, beim Konvertieren wird die originale Aufl\u00f6sung in eine neue Zielaufl\u00f6sung umgerechnet. Alle digitalen Bilderrahmen haben eine festgelegte Aufl\u00f6sung, die sie am besten darstellen k\u00f6nnen. Andere Werte m\u00fcssen skaliert, also umgerechnet werden \u2013 was je nach Ger\u00e4t m\u00f6glich ist oder auch nicht, auf jeden Fall aber Rechenzeit, Akku-Laufzeit und Bildqualit\u00e4t kostet.<\/li><li><em>Bildformat:<\/em>&nbsp;Spezieller Standard, in dem ein Bild abgespeichert wird, bspw. JPG (Komprimierungs-Format) oder BMP (unkomprimiert).<\/li><li><em>Bildpunkte:<\/em>&nbsp;Jedes auf einem Display dargestellte Bild besteht aus einzelnen Pixel oder Bildpunkten, je nach Aufl\u00f6sung unterschiedlich viele, beispielsweise 76.800 Pixel bei einer Aufl\u00f6sung von 320 x 240. Eine verbindliche Einheit f\u00fcr die Gr\u00f6\u00dfe eines Pixel existiert nicht, er kann je nach Display gr\u00f6\u00dfer oder kleiner, quadratisch oder rechteckig sein. Hier liegt auch der Grund daf\u00fcr, warum bspw. ein Pocket PC mit 640 x 480 Pixel eine doppelt so hohe Aufl\u00f6sung verkraften kann, wie ein anderer mit der gleichen Displaygr\u00f6\u00dfe, aber nur 320 x 240 Pixel. Die einzelnen Bildpunkte sind nur halb so gro\u00df und dr\u00e4ngen sich somit dichter aneinander.<\/li><li><em>Bildseitenverh\u00e4ltnis:<\/em>&nbsp;Das Bildseitenverh\u00e4ltnis gibt das Verh\u00e4ltnis der Breite eines Fotos zu seiner H\u00f6he an, bspw. 1,33:1 bei 4:3-Bildern (entspricht dem herk\u00f6mmlichen Fernsehbild).<\/li><li><em>Bitmap:<\/em>&nbsp;Grafik auf Basis von Bits<\/li><li><em>BMP:<\/em>&nbsp;Dateiformat f\u00fcr Bitmaps (.bmp)<\/li><li><em>Datenkompression:<\/em>&nbsp;Verkleinerung von Dateien, um Speicherplatz zu sparen. Unterschieden wird zwischen verlustfreier Kompression (wie ZIP) und verlustbehafteter (wie das Bildformat JPG). Erstere m\u00fcssen vor dem Nutzen wieder dekomprimiert werden, letztere bleiben funktionabel.<\/li><li><em>Digitale Darstellung:<\/em>&nbsp;hier: Bildgr\u00f6\u00dfe in Pixel<\/li><li><em>Dimensionen:<\/em>&nbsp;hier: Breite x H\u00f6he eines Bildes (in Pixel oder Zentimeter\/Millimeter)<\/li><li><em>Display:<\/em>&nbsp;Anderer Ausdruck f\u00fcr Bildschirm \u2013 gleichwohl im allgemeinen Sprachgebrauch der Begriff \u201aDisplay\u2018 oft f\u00fcr kleinere Bildschirme benutzt wird.<\/li><li><em>Filter:<\/em>&nbsp;Spezielle Verfahren, mit denen ein Bild ge\u00e4ndert wird. Hierzu geh\u00f6ren bspw. Rauschfilter, aber auch Vergr\u00f6\u00dferungsalgorithmen.<\/li><li><em>JPG<\/em>: Datei-Endung f\u00fcr ein komprimiertes Bildformat (.jpg)<\/li><li><em>Konvertierung:<\/em>&nbsp;Umwandlung von einem Status in einen anderen, hier von einer Bildgr\u00f6\u00dfe in eine andere.<\/li><li><em>Pixel:<\/em>&nbsp;Picture element, kleinste Einheit eines digitalen Bilds. Im Deutschen wurde aus dem englischen Begriff leider die Bezeichnung Bildpunkt \u2013 was zwar letztendlich dasselbe meint, aber auch impliziert, dass ein Pixel rund sei. Pixel sind hingegen rechteckig.<\/li><li><em>Seitenverh\u00e4ltnis:<\/em>&nbsp;Verh\u00e4ltnis der Breite eines Bildes zu seiner H\u00f6he.<\/li><li><em>Splash-Screen:<\/em>&nbsp;Er\u00f6ffnungs-Bildschirm einer Software<\/li><li><em>Treppeneffekt:<\/em>&nbsp;Sichtbarwerden von Pixelkanten bei zu hoher Vergr\u00f6\u00dferung<\/li><li><em>Update:<\/em>&nbsp;Programm-Aktualisierung<\/li><li><em>Vergr\u00f6\u00dferungsalgorithmus:<\/em>&nbsp;Filter, der bei der Vergr\u00f6\u00dferung eines digitalen Bilds angewendet wird und Bildverschlechterungen vorbeugen soll.<\/li><\/ul>\n\n\n\n<p>&lt;-&nbsp;<a href=\"https:\/\/engelmann.com\/de\/hilfen\/\">Zur\u00fcck zur \u00dcbersicht aller verf\u00fcgbaren Hilfen von Engelmann Software<\/a><\/p>\n","protected":false},"excerpt":{"rendered":"<p>Packungsinhalt Das Produktpaket besteht aus der Software Simply Good Pictures 5 inklusive elektronischer Hilfedatei und&nbsp;Lizenzschl\u00fcssel.&nbsp;Auf Wunsch ist Simply Good Pictures 5 auch auf CD erh\u00e4ltlich. &#8230; <a title=\"Simply Good Pictures 5 Online Hilfe\" class=\"read-more\" href=\"https:\/\/engelmann.com\/de\/online-hilfe-simply-good-pictures\/\" aria-label=\"Mehr Informationen \u00fcber Simply Good Pictures 5 Online Hilfe\">Details \u279c<\/a><\/p>\n","protected":false},"author":3,"featured_media":0,"parent":0,"menu_order":0,"comment_status":"closed","ping_status":"closed","template":"","meta":{"om_disable_all_campaigns":false,"_uag_custom_page_level_css":"","_monsterinsights_skip_tracking":false,"_monsterinsights_sitenote_active":false,"_monsterinsights_sitenote_note":"","_monsterinsights_sitenote_category":0,"footnotes":""},"class_list":{"0":"post-58326","1":"page","2":"type-page","3":"status-publish","5":"infinite-scroll-item","6":"no-featured-image-padding"},"aioseo_notices":[],"spectra_custom_meta":{"_edit_lock":["1565192676:2"],"_edit_last":["2","2"],"slide_template":["default","default"],"_wpml_media_duplicate":["1","1"],"_wpml_media_featured":["1","1"],"_yoast_wpseo_content_score":["30","30"],"aal_manualgenerated":["a:0:{}","a:0:{}"],"wpmdr_menu":["1","1"],"_uag_migration_processed":["1"],"_uag_page_assets":["a:9:{s:3:\"css\";s:0:\"\";s:2:\"js\";s:0:\"\";s:18:\"current_block_list\";a:3:{i:0;s:14:\"core\/paragraph\";i:1;s:10:\"core\/image\";i:2;s:9:\"core\/list\";}s:8:\"uag_flag\";b:0;s:11:\"uag_version\";s:10:\"1775868597\";s:6:\"gfonts\";a:0:{}s:10:\"gfonts_url\";s:0:\"\";s:12:\"gfonts_files\";a:0:{}s:14:\"uag_faq_layout\";b:0;}"]},"uagb_featured_image_src":{"full":false,"thumbnail":false,"medium":false,"medium_large":false,"large":false,"1536x1536":false,"2048x2048":false},"uagb_author_info":{"display_name":"Ulrich Engelmann","author_link":"https:\/\/engelmann.com\/de\/author\/uengelmann\/"},"uagb_comment_info":0,"uagb_excerpt":"Packungsinhalt Das Produktpaket besteht aus der Software Simply Good Pictures 5 inklusive elektronischer Hilfedatei und&nbsp;Lizenzschl\u00fcssel.&nbsp;Auf Wunsch ist Simply Good Pictures 5 auch auf CD erh\u00e4ltlich. ... Details \u279c","_links":{"self":[{"href":"https:\/\/engelmann.com\/de\/wp-json\/wp\/v2\/pages\/58326","targetHints":{"allow":["GET"]}}],"collection":[{"href":"https:\/\/engelmann.com\/de\/wp-json\/wp\/v2\/pages"}],"about":[{"href":"https:\/\/engelmann.com\/de\/wp-json\/wp\/v2\/types\/page"}],"author":[{"embeddable":true,"href":"https:\/\/engelmann.com\/de\/wp-json\/wp\/v2\/users\/3"}],"replies":[{"embeddable":true,"href":"https:\/\/engelmann.com\/de\/wp-json\/wp\/v2\/comments?post=58326"}],"version-history":[{"count":1,"href":"https:\/\/engelmann.com\/de\/wp-json\/wp\/v2\/pages\/58326\/revisions"}],"predecessor-version":[{"id":58327,"href":"https:\/\/engelmann.com\/de\/wp-json\/wp\/v2\/pages\/58326\/revisions\/58327"}],"wp:attachment":[{"href":"https:\/\/engelmann.com\/de\/wp-json\/wp\/v2\/media?parent=58326"}],"curies":[{"name":"wp","href":"https:\/\/api.w.org\/{rel}","templated":true}]}}