{"id":58391,"date":"2019-08-14T10:00:28","date_gmt":"2019-08-14T09:00:28","guid":{"rendered":"https:\/\/engelmann.com\/?page_id=58391"},"modified":"2019-08-18T18:52:08","modified_gmt":"2019-08-18T17:52:08","slug":"foto-kompendium-begriffserklaerungen-fuer-einsteiger","status":"publish","type":"page","link":"https:\/\/engelmann.com\/de\/foto-kompendium-begriffserklaerungen-fuer-einsteiger\/","title":{"rendered":"Foto Kompendium &#8211; Begriffserkl\u00e4rungen f\u00fcr Einsteiger"},"content":{"rendered":"\n<h2 class=\"wp-block-heading\">Begriffserkl\u00e4rungen f\u00fcr Einsteiger<\/h2>\n\n\n\n<div class=\"wp-block-image\"><figure class=\"alignright\"><img decoding=\"async\" src=\"https:\/\/engelmann.com\/wp-content\/uploads\/2017\/08\/begriffserklaerung-fuer-foto-einsteiger.png\" alt=\"Begriffserkl\u00e4rungen f\u00fcr Foto Einsteiger\" class=\"wp-image-52245\"\/><\/figure><\/div>\n\n\n\n<p>Hier finden Sie in alphabetischer Reihenfolge ein Glossar zum Thema Foto bzw. Fotografie:<\/p>\n\n\n\n<p><strong>AF-Wahl<\/strong><\/p>\n\n\n\n<p>AF Steht f\u00fcr&nbsp;<strong>A<\/strong>uto<strong>F<\/strong>okus und es gibt vier Betriebsarten:<\/p>\n\n\n\n<ul class=\"wp-block-list\"><li>Automatischer Autofokus (AF-A): Hier schaltet die Kamera automatisch um, wenn sich das Motiv zu bewegen beginnt<\/li><li>Einzelautofokus (AF-S): Dieser Modus ist f\u00fcr unbewegte Motive. Wenn Sie den Ausl\u00f6ser etwa halb durchdr\u00fccken, fokussiert die Kamera nur ein einziges Mal. Sobald das Bild scharf gestellt ist, blinkt der entsprechende Punkt im AF-Messfeld f\u00fcr die Fokussierung kurz rot und die Fokusbest\u00e4tigungslampe leuchtet im Sucher ebenfalls auf. Die Belichtungseinstellung wird dabei gleichzeitig vorgenommen. Wenn Sie hier den Ausl\u00f6ser halb durchdr\u00fccken, wird die Bildsch\u00e4rfe gespeichert und Sie k\u00f6nnen z.B. den Bildausschnitt noch einmal ver\u00e4ndern.<\/li><li>Kontinuierlicher Autofokus (AF-C): Dieser Modus ist f\u00fcr sich bewegende Objekte gedacht, z.B. f\u00fcr die Sportfotografie, wenn also die Fokusentfernung fortw\u00e4hrend angepasst wird. Wenn Sie den Ausl\u00f6ser wieder halb durchdr\u00fccken, wird die Bildsch\u00e4rfe kontinuierlich von der Kamera angepasst.<\/li><li>Manuelle Fokussierung (M): Das Bild wird durch drehen am Fokusring des Objektes von Hand scharf gestellt.<\/li><\/ul>\n\n\n\n<p><strong>Belichtungskorrektur<\/strong><\/p>\n\n\n\n<p>Hier kann man die entsprechenden Bedienelemente einer Kamera nutzen, um eine Helligkeitskorrektur zu erreichen. Bei Minus (<strong>\u2013<\/strong>) wird es dunkler, bei Plus (<strong>+<\/strong>) wird das Bild heller. Kleiner Tipp: Wichtig ist, dass Sie die Belichtungskorrektur nach jedem Bild wieder zur\u00fccksetzen \u2013 sonst kommt es schnell zu Fehlbelichtungen, weil Sie zwei Tage sp\u00e4ter nicht mehr wissen, was Sie umgestellt haben\u2026<\/p>\n\n\n\n<p><strong>Belichtungszeit<\/strong><\/p>\n\n\n\n<p>Die Belichtungszeit wird in Sekunden angegeben und meist wird in Bruchteilen einer Sekunde fotografiert. M\u00f6glich Werte sind \u00fcblicherweise: 1, 0,5, \u00bc, 1\/18, 1\/15, 1\/30, 1\/60, 1\/125 \u2013 alle Angaben in Sekunden. Zwei Kriterien sollten als Grundlage f\u00fcr diesen Wert beachtet werden: Was soll im Bild vermittelt werden und wie lange kann ich die Kamera ruhig halten?<\/p>\n\n\n\n<p><strong>Blende<\/strong><\/p>\n\n\n\n<p>Die Sch\u00e4rfentiefe wird von der Blende geregelt. M\u00f6gliche Einstellungen sind: 1, 1.4, 2.0, 2.8, 4, 5.6, 8, 11, 16,22 und 32. Die Unsch\u00e4rfe wirkt sich nach Vorne und nach Hinten aus. Je gr\u00f6\u00dfer dabei die Zahl, desto gr\u00f6\u00dfer ist der Bereich, der scharf abgebildet wird.<\/p>\n\n\n\n<p><strong>Brennweite<\/strong><\/p>\n\n\n\n<p>Jetzt wird es etwas komplizierter. Die Brennweite eines optischen Systems (was eine Kamera ja nun mal ist), bezeichnet die Entfernung von der Linse zu Ihrem Brennpunkt. Diese wird in der Fotografie in Millimetern angegeben. Die Wirkung einer Brennweite ist zudem von der Gr\u00f6\u00dfe des eingebauten Chips bzw. des eingebauten Sensors abh\u00e4ngig. Bzw. bei Kameras, die noch nicht digital sind, vom eingesetzten Film. Je kleiner der Wert der Brennweite, desto gr\u00f6\u00dfer ist der Bildausschnitt.<\/p>\n\n\n\n<p>Es werden meist drei Kategorien von Brennweiten unterschieden (bezogen auf Kleinbilder):<\/p>\n\n\n\n<p>Brennweite &lt; 40mm -&gt; Weitwinkel<\/p>\n\n\n\n<p>Brennweite zwischen 40 und 60 mm -&gt; Normalbrennweiten<\/p>\n\n\n\n<p>Brennweite &gt; 60 mm -&gt; Telebrennweiten \/ Zoom<\/p>\n\n\n\n<p>Da diese Unterscheidung recht unflexibel ist, werden die Angaben h\u00e4ufig kombiniert, z.B.: \u201e20 mm Weitwinkel\u201c.<\/p>\n\n\n\n<p><strong>ISO<\/strong><\/p>\n\n\n\n<p>Es gibt folgende typischen ISO-Werte: 100, 200, 400, 800, 1600, 3200 und 6400. Grunds\u00e4tzlich gilt: Je h\u00f6her die Zahl, desto weniger Licht ben\u00f6tigt die Kamera f\u00fcr ein korrekt belichtetes Bild. Aber: Je h\u00f6her die Zahl, desto schlechter wird die Bildqualit\u00e4t und es entsteht ein Bildrauschen. Eine niedrige Zahl ergibt also die vermeintlich beste Bildqualit\u00e4t. Bitte beachten Sie: Jede Kamera hat eigene und andere Grenze f\u00fcr eine gute Bildqualit\u00e4t.<\/p>\n\n\n\n<p><strong>Kalibrierung<\/strong><\/p>\n\n\n\n<p>Siehe auch etwas weiter unten der Absatz zum Wei\u00dfabgleich. Es ist wichtig, dass auf Ihrem Monitor alle Farben echt wirklich \u201eecht\u201c aussehen. Wenn Ihre Fotos auf dem Monitor anders aussehen als auf dem sp\u00e4ter ausgedruckten Bild, dann sollten Sie Ihren Monitor dringend kalibrieren \u2013 also die Farben richtig einstellen. Abhilfe schaffen da&nbsp;<a href=\"https:\/\/www.amazon.de\/s\/ref=nb_sb_ss_c_1_13?__mk_de_DE=%C3%85M%C3%85%C5%BD%C3%95%C3%91&amp;url=search-alias%3Daps&amp;field-keywords=kalibrierung+monitor&amp;sprefix=kalibrierung+%2Caps%2C222&amp;crid=3KPUAHY1VGZOW&amp;tag=engelmsoftwa-21\" target=\"_blank\" rel=\"noreferrer noopener\">Kalibrierungsl\u00f6sungen f\u00fcr Monitore<\/a>. Wir empfehlen, etwa 1x im Monat den eigenen Monitor zu kalibrieren.<\/p>\n\n\n\n<p><strong>Messfeldwahl<\/strong><\/p>\n\n\n\n<p>\u00dcber die Messfeldauswahl wird bestimmt, welcher Bereich eines Bildes scharf gestellt wird. In der Regel ist es sinnvoll, das mittlere Fokusfeld als Standard zu aktivieren. Aber h\u00e4ngt nat\u00fcrlich auch davon ab, was man vor hat. \ud83d\ude0a<\/p>\n\n\n\n<p><strong>Programme<\/strong><\/p>\n\n\n\n<p>Eine Kamera hat meistens mehrere Programmvorwahlen. Diese bestehen mindestens aus:<\/p>\n\n\n\n<ul class=\"wp-block-list\"><li>Av (A) \u2013 Die Blendenvorwahl: In diesem Modus kann der Fotograf die Blende vorausw\u00e4hlen. Die Belichtungszeit wird von der Kamera bestimmt. Gro\u00dfe Blendenwerte ergeben dabei eine gro\u00dfe Sch\u00e4rfentiefe, kleine Blendewerte eine geringe Sch\u00e4rfentiefe.<\/li><li>P \u2013 die Programmautomatik: Dabei stellt die Kamera automatisch die Blende und die Verschlusszeit ein. Die ISO-Einstellung kann dabei bei allem Kameras selbst gew\u00e4hlt werden und sollte abh\u00e4ngig von der Lichtsituation und dem Einsatzbereich sein.<\/li><li>Tv (S) \u2013 die Zeitvorwahl: In diesem Modus kann der Zeit vom Fotografen selbst vorausgew\u00e4hlt werden. Die Blende wird von der Kamera dabei automatisch gew\u00e4hlt, um eine ausreichende Belichtung zu gew\u00e4hrleisten. Kurze Verschlusszeiten erm\u00f6glicht es, Bewegungen scharf abzubilden und die Gefahr von Verwacklern wird minimiert Bei lange Verschlusszeiten werden Bewegungen unscharf bzw. verwischt.<\/li><\/ul>\n\n\n\n<p><strong>Wei\u00dfabgleich<\/strong><\/p>\n\n\n\n<p>Was ist ein Wei\u00dfabgleich? Nun, die Antwort ist ganz einfach: Nicht jedes Licht ist wei\u00df, auch wenn wir es als Menschen so empfinden. Wie war das nochmal mit den Eskimos \u2013 die heute lieber Inuit genannt werden m\u00f6chten \u2013 die angeblich zehn, zwanzig oder gar hundert verschiedene W\u00f6rter f\u00fcr Wei\u00df bzw. Schnee in Ihrem Wortschatz haben? Die Lichtfarbe oder Farbtemperatur wird auf jeden Fall in Kelvin gemessen und hilft dabei, Farben auch richtig darzustellen. Der Wei\u00dfabgleich hei\u00dft so, weil es immer darum geht, eine wei\u00dfe Fl\u00e4che auch als wei\u00dfe Fl\u00e4che abzubilden, also z.B. eine Wand. Selbst wenn das Licht darauf z.B. gelb leuchtet. Aber nicht nur die Beleuchtungsquelle, sondern auch andere Einfl\u00fcsse wie Reflexionen oder sonstige Ver\u00e4nderungen es Lichts kann die Farbtemperatur beeinflussen.<\/p>\n\n\n\n<p><strong>Und zum Schluss\u2026<\/strong><\/p>\n\n\n\n<p>Was Sie immer beachten sollten: Eine ordentliche Belichtung entsteht immer durch das Zusammenspiel von<\/p>\n\n\n\n<ul class=\"wp-block-list\"><li>Verschlusszeit,<\/li><li>Blenden\u00f6ffnung und<\/li><li>ISO-Empfindlichkeit.<\/li><\/ul>\n\n\n\n<p>Wenn sich eins dieser drei Elemente \u00e4ndert, m\u00fcssen die beiden anderen Werte auf jeden Fall angepasst werden!<\/p>\n\n\n\n<p>&lt;-&nbsp;<a href=\"https:\/\/engelmann.com\/de\/foto-kompendium\/\">Zur\u00fcck zum Inhaltsverzeichnis<\/a><\/p>\n\n\n\n<hr class=\"wp-block-separator\"\/>\n\n\n\n<p><strong>Bitte beachten Sie:<\/strong>\u00a0Kennen Sie schon unsere\u00a0Freeware, unsere gratis Software Produkte?<br>Und zur Bildbearbeitung Ihrer Fotos haben wir \u00fcbrigens mit\u00a0Photomizer\u00a0auch eine Software im Angebot!<\/p>\n","protected":false},"excerpt":{"rendered":"<p>Begriffserkl\u00e4rungen f\u00fcr Einsteiger Hier finden Sie in alphabetischer Reihenfolge ein Glossar zum Thema Foto bzw. Fotografie: AF-Wahl AF Steht f\u00fcr&nbsp;AutoFokus und es gibt vier Betriebsarten: &#8230; <a title=\"Foto Kompendium &#8211; Begriffserkl\u00e4rungen f\u00fcr Einsteiger\" class=\"read-more\" href=\"https:\/\/engelmann.com\/de\/foto-kompendium-begriffserklaerungen-fuer-einsteiger\/\" aria-label=\"Mehr Informationen \u00fcber Foto Kompendium &#8211; Begriffserkl\u00e4rungen f\u00fcr Einsteiger\">Details \u279c<\/a><\/p>\n","protected":false},"author":3,"featured_media":0,"parent":0,"menu_order":0,"comment_status":"closed","ping_status":"closed","template":"","meta":{"om_disable_all_campaigns":false,"_uag_custom_page_level_css":"","_monsterinsights_skip_tracking":false,"_monsterinsights_sitenote_active":false,"_monsterinsights_sitenote_note":"","_monsterinsights_sitenote_category":0,"footnotes":""},"class_list":{"0":"post-58391","1":"page","2":"type-page","3":"status-publish","5":"infinite-scroll-item","6":"no-featured-image-padding"},"aioseo_notices":[],"spectra_custom_meta":{"cleverpush_send_notification":["",""],"_wpml_media_featured":["1","1"],"_wpml_media_duplicate":["1","1"],"aal_manualgenerated":["a:2:{i:0;O:8:\"stdClass\":2:{s:7:\"keyword\";s:10:\"Photomizer\";s:3:\"url\";s:22:\"https:\/\/photomizer.com\";}i:1;O:8:\"stdClass\":2:{s:7:\"keyword\";s:8:\"Freeware\";s:3:\"url\";s:26:\"http:\/\/free.engelmann.com\/\";}}"],"_edit_last":["3"],"slide_template":["default"],"_schema_article":["a:12:{s:6:\"active\";N;s:8:\"headline\";N;s:16:\"mainEntityOfPage\";N;s:6:\"author\";N;s:5:\"image\";N;s:13:\"datePublished\";N;s:12:\"dateModified\";N;s:9:\"publisher\";N;s:14:\"publisherImage\";N;s:11:\"description\";N;s:11:\"articleBody\";N;s:19:\"alternativeHeadline\";N;}"],"_schema_blog_posting":["a:11:{s:6:\"active\";N;s:8:\"headline\";N;s:16:\"mainEntityOfPage\";N;s:6:\"author\";N;s:5:\"image\";N;s:13:\"datePublished\";N;s:12:\"dateModified\";N;s:9:\"publisher\";N;s:14:\"publisherImage\";N;s:11:\"description\";N;s:11:\"articleBody\";N;}"],"_schema_news_article":["a:11:{s:6:\"active\";N;s:8:\"headline\";N;s:16:\"mainEntityOfPage\";N;s:6:\"author\";N;s:5:\"image\";N;s:13:\"datePublished\";N;s:12:\"dateModified\";N;s:9:\"publisher\";N;s:14:\"publisherImage\";N;s:11:\"description\";N;s:11:\"articleBody\";N;}"],"_schema_event":["a:14:{s:6:\"active\";N;s:4:\"name\";N;s:12:\"locationName\";N;s:15:\"locationAddress\";N;s:9:\"startDate\";N;s:7:\"endDate\";N;s:11:\"description\";N;s:13:\"performerName\";N;s:5:\"image\";N;s:5:\"price\";N;s:13:\"priceCurrency\";N;s:12:\"availability\";N;s:9:\"validFrom\";N;s:3:\"url\";N;}"],"_schema_product":["a:20:{s:6:\"active\";N;s:4:\"name\";N;s:5:\"image\";N;s:11:\"description\";N;s:3:\"sku\";N;s:5:\"brand\";N;s:15:\"identifier_type\";s:3:\"mpn\";s:10:\"identifier\";N;s:17:\"reviewRatingValue\";N;s:16:\"reviewBestRating\";N;s:17:\"reviewWorstRating\";N;s:12:\"reviewAuthor\";N;s:11:\"ratingValue\";N;s:11:\"reviewCount\";N;s:5:\"price\";N;s:15:\"priceValidUntil\";N;s:13:\"priceCurrency\";N;s:12:\"availability\";N;s:13:\"itemCondition\";N;s:3:\"url\";N;}"],"_schema_video":["a:10:{s:6:\"active\";N;s:4:\"name\";N;s:11:\"description\";N;s:12:\"thumbnailUrl\";N;s:10:\"uploadDate\";N;s:8:\"duration\";N;s:10:\"contentUrl\";N;s:8:\"embedUrl\";N;s:16:\"interactionCount\";N;s:7:\"expires\";N;}"],"_schema_service":["a:13:{s:6:\"active\";N;s:4:\"name\";N;s:11:\"serviceType\";N;s:14:\"additionalType\";N;s:5:\"award\";N;s:8:\"category\";N;s:16:\"providerMobility\";N;s:11:\"description\";N;s:5:\"image\";N;s:16:\"mainEntityOfPage\";N;s:6:\"sameAs\";N;s:3:\"url\";N;s:13:\"alternateName\";N;}"],"_schema_review":["a:10:{s:6:\"active\";N;s:8:\"itemName\";N;s:10:\"reviewBody\";N;s:4:\"name\";N;s:6:\"author\";N;s:13:\"datePublished\";N;s:11:\"ratingValue\";N;s:10:\"bestRating\";N;s:11:\"worstRating\";N;s:9:\"publisher\";N;}"],"_schema_aggregate_rating":["a:13:{s:6:\"active\";N;s:11:\"schema_type\";N;s:4:\"name\";N;s:5:\"image\";N;s:10:\"priceRange\";N;s:9:\"telephone\";N;s:7:\"address\";N;s:11:\"description\";N;s:11:\"ratingCount\";N;s:11:\"reviewCount\";N;s:11:\"ratingValue\";N;s:10:\"bestRating\";N;s:11:\"worstRating\";N;}"],"_schema_restaurant":["a:10:{s:6:\"active\";N;s:4:\"name\";N;s:11:\"description\";N;s:12:\"openingHours\";N;s:9:\"telephone\";N;s:4:\"menu\";N;s:5:\"image\";N;s:7:\"address\";N;s:10:\"priceRange\";N;s:13:\"servesCuisine\";N;}"],"_schema_localBusiness":["a:10:{s:6:\"active\";N;s:4:\"name\";N;s:11:\"description\";N;s:5:\"image\";N;s:10:\"priceRange\";N;s:15:\"addressLocality\";N;s:13:\"addressRegion\";N;s:10:\"postalCode\";N;s:13:\"streetAddress\";N;s:9:\"telephone\";N;}"],"_schema_book":["a:0:{}"],"_schema_course":["a:0:{}"],"_schema_JobPosting":["a:0:{}"],"_schema_movie":["a:0:{}"],"_schema_music":["a:0:{}"],"_schema_recipe":["a:0:{}"],"_schema_TVEpisode":["a:0:{}"],"_schema_question":["a:0:{}"],"_schema_itemList":["a:0:{}"],"_kcseo_ative_tab":[""],"_yoast_wpseo_content_score":["30"],"_generate-disable-headline":["true"],"wpmdr_menu":["1"],"_edit_lock":["1566150729:3"],"_yoast_wpseo_focuskw":["Begriffserkl\u00e4rungen f\u00fcr Einsteiger"],"_yoast_wpseo_title":["Foto-Kompendium: Begriffserkl\u00e4rungen f\u00fcr Einsteiger"],"_yoast_wpseo_metadesc":["lll\u27a4 Hier finden Sie umfassende Begriffserkl\u00e4rungen f\u00fcr Einsteiger in unserem umfangreichen Foto Kompendium! Letzte Aktualisierung: %%currentmonth%% %%currentyear%% \u2705"],"_yoast_wpseo_linkdex":["66"],"_yoast_wpseo_focuskeywords":["[]"],"_yoast_wpseo_keywordsynonyms":["[\"\"]"],"_uag_migration_processed":["1"],"_wpml_word_count":["1102"],"_uag_page_assets":["a:9:{s:3:\"css\";s:0:\"\";s:2:\"js\";s:0:\"\";s:18:\"current_block_list\";a:5:{i:0;s:12:\"core\/heading\";i:1;s:10:\"core\/image\";i:2;s:14:\"core\/paragraph\";i:3;s:9:\"core\/list\";i:4;s:14:\"core\/separator\";}s:8:\"uag_flag\";b:0;s:11:\"uag_version\";s:10:\"1776059714\";s:6:\"gfonts\";a:0:{}s:10:\"gfonts_url\";s:0:\"\";s:12:\"gfonts_files\";a:0:{}s:14:\"uag_faq_layout\";b:0;}"]},"uagb_featured_image_src":{"full":false,"thumbnail":false,"medium":false,"medium_large":false,"large":false,"1536x1536":false,"2048x2048":false},"uagb_author_info":{"display_name":"Ulrich Engelmann","author_link":"https:\/\/engelmann.com\/de\/author\/uengelmann\/"},"uagb_comment_info":0,"uagb_excerpt":"Begriffserkl\u00e4rungen f\u00fcr Einsteiger Hier finden Sie in alphabetischer Reihenfolge ein Glossar zum Thema Foto bzw. Fotografie: AF-Wahl AF Steht f\u00fcr&nbsp;AutoFokus und es gibt vier Betriebsarten: ... Details \u279c","_links":{"self":[{"href":"https:\/\/engelmann.com\/de\/wp-json\/wp\/v2\/pages\/58391","targetHints":{"allow":["GET"]}}],"collection":[{"href":"https:\/\/engelmann.com\/de\/wp-json\/wp\/v2\/pages"}],"about":[{"href":"https:\/\/engelmann.com\/de\/wp-json\/wp\/v2\/types\/page"}],"author":[{"embeddable":true,"href":"https:\/\/engelmann.com\/de\/wp-json\/wp\/v2\/users\/3"}],"replies":[{"embeddable":true,"href":"https:\/\/engelmann.com\/de\/wp-json\/wp\/v2\/comments?post=58391"}],"version-history":[{"count":1,"href":"https:\/\/engelmann.com\/de\/wp-json\/wp\/v2\/pages\/58391\/revisions"}],"predecessor-version":[{"id":58910,"href":"https:\/\/engelmann.com\/de\/wp-json\/wp\/v2\/pages\/58391\/revisions\/58910"}],"wp:attachment":[{"href":"https:\/\/engelmann.com\/de\/wp-json\/wp\/v2\/media?parent=58391"}],"curies":[{"name":"wp","href":"https:\/\/api.w.org\/{rel}","templated":true}]}}