{"id":58415,"date":"2019-08-14T10:20:17","date_gmt":"2019-08-14T09:20:17","guid":{"rendered":"https:\/\/engelmann.com\/?page_id=58415"},"modified":"2019-08-14T10:20:17","modified_gmt":"2019-08-14T09:20:17","slug":"funktioniert-festplattenrettung-bei-einem-usb-stick","status":"publish","type":"page","link":"https:\/\/engelmann.com\/de\/funktioniert-festplattenrettung-bei-einem-usb-stick\/","title":{"rendered":"Funktioniert Festplattenrettung bei einem USB Stick?"},"content":{"rendered":"\n<div class=\"wp-block-image\"><figure class=\"alignright\"><img decoding=\"async\" src=\"https:\/\/engelmann.com\/wp-content\/uploads\/2018\/04\/datenrettungs-kompendium.png\" alt=\"Datenrettungs-Kompendium\" class=\"wp-image-52994\"\/><\/figure><\/div>\n\n\n\n<p>Der handels\u00fcbliche USB-Stick ist mittlerweile f\u00fcr viele PC-Nutzer zu einem g\u00e4ngigen Gebrauchsgegenstand geworden, auf dem man Bilder, Dokumente oder andere wichtige Dateien ablegt. \u00c4rgerlich wird es dann, wenn der USB-Stick besch\u00e4digt wird und man nun f\u00fcrchten muss, die darauf enthaltenen Daten zu verlieren. Ist es also m\u00f6glich, Daten auf einem besch\u00e4digten USB-Stick zu retten?<\/p>\n\n\n\n<p>Die Antwort lautet in vielen F\u00e4llen gl\u00fccklicherweise Ja, sofern gewisse Grundvoraussetzungen erf\u00fcllt werden. Zun\u00e4chst ist ein einwandfrei funktionierender Windows PC von Vorteil: An diesem sollte der USB-Stick angeschlossen und im besten Fall sogar noch erkannt werden. Bei erfolgreicher Erkennung w\u00e4hlt man \u00fcber die Eigenschaften des USB-Sticks den Reiter \u201eTools\u201c und anschlie\u00dfend die Option \u201eFehler\u00fcberpr\u00fcfung\u201c aus. Den Rest erledigt anschlie\u00dfend der Windows PC und nach einem Neustart des Systems kann in manchen F\u00e4llen bereits wieder auf die Daten des USB-Sticks zugegriffen werden.<\/p>\n\n\n\n<p>Aber was passiert, wenn die Datenrettung auf diesem Weg nicht funktioniert? Wenn der Grad der Zerst\u00f6rung auf dem USB-Stick zu gro\u00df ist, wird das Windows-System alleine es vermutlich nicht schaffen, den USB-Stick zu erkennen und die Daten darauf wiederherzustellen. Aus diesem Grund ist es wichtig, auf das richtige Programm zur Daten- und Festplattenrettung zur\u00fcckzugreifen. Besonders vorteilhaft w\u00e4re es nat\u00fcrlich, wenn das jeweilige Programm zur Datenrettung direkt auf den PC heruntergeladen werden kann. Ein solches Programm zur Datenwiederherstellung stellt das&nbsp;<a href=\"https:\/\/first-aid-kit.net\/\">First Aid Kit<\/a>dar. Neben der Festplattenrettung eignet es sich auch besonders gut zur Datenrettung von USB-Sticks.<\/p>\n\n\n\n<p>Grunds\u00e4tzlich ist das&nbsp;<a href=\"https:\/\/first-aid-kit.net\/\">First Aid Kit<\/a>&nbsp;besonders n\u00fctzlich sowohl in der Wiederherstellung eines abgest\u00fcrzten PC als auch bei der Unterst\u00fctzung des Computers zur Wiederherstellung von Dateien auf externen Datentr\u00e4gern, wie etwa dem USB-Stick. Die Datenrettung wird dabei schnell und unkompliziert erledigt und ben\u00f6tigt bei der Datenwiederherstellung von USB-Sticks auf keinen zweiten Datentr\u00e4ger neben dem PC. Mit der kostenlosen Version des&nbsp;<a href=\"https:\/\/first-aid-kit.net\/\">First Aid Kit<\/a>&nbsp;k\u00f6nnen die ersten Gigabyte an Daten wiederhergestellt werden, f\u00fcr gr\u00f6\u00dferes Datenvolumen kann auf die normale Version zur\u00fcckgegriffen werden, mit der man seinen USB-Stick problemlos retten kann.<\/p>\n\n\n\n<hr class=\"wp-block-separator\"\/>\n\n\n\n<p><strong>Bitte beachten Sie:<\/strong>&nbsp;Wir empfehlen zur Datenrettung unsere Software SecuPerts First Aid Kit.<\/p>\n\n\n\n<p>&lt;-&nbsp;<a href=\"https:\/\/engelmann.com\/de\/kompendium-datenrettung\/\">Zur\u00fcck zum Inhaltsverzeichnis<\/a><\/p>\n","protected":false},"excerpt":{"rendered":"<p>Der handels\u00fcbliche USB-Stick ist mittlerweile f\u00fcr viele PC-Nutzer zu einem g\u00e4ngigen Gebrauchsgegenstand geworden, auf dem man Bilder, Dokumente oder andere wichtige Dateien ablegt. \u00c4rgerlich wird &#8230; <a title=\"Funktioniert Festplattenrettung bei einem USB Stick?\" class=\"read-more\" href=\"https:\/\/engelmann.com\/de\/funktioniert-festplattenrettung-bei-einem-usb-stick\/\" aria-label=\"Mehr Informationen \u00fcber Funktioniert Festplattenrettung bei einem USB Stick?\">Details \u279c<\/a><\/p>\n","protected":false},"author":3,"featured_media":0,"parent":0,"menu_order":0,"comment_status":"closed","ping_status":"closed","template":"","meta":{"om_disable_all_campaigns":false,"_uag_custom_page_level_css":"","_monsterinsights_skip_tracking":false,"_monsterinsights_sitenote_active":false,"_monsterinsights_sitenote_note":"","_monsterinsights_sitenote_category":0,"footnotes":""},"class_list":{"0":"post-58415","1":"page","2":"type-page","3":"status-publish","5":"infinite-scroll-item","6":"no-featured-image-padding"},"aioseo_notices":[],"spectra_custom_meta":{"cleverpush_send_notification":["",""],"_wpml_media_featured":["1","1"],"_wpml_media_duplicate":["1","1"],"aal_manualgenerated":["a:1:{i:0;O:8:\"stdClass\":2:{s:7:\"keyword\";s:13:\"First Aid Kit\";s:3:\"url\";s:26:\"https:\/\/first-aid-kit.net\/\";}}"],"_edit_last":["2"],"slide_template":["default"],"_schema_article":["a:12:{s:6:\"active\";N;s:8:\"headline\";N;s:16:\"mainEntityOfPage\";N;s:6:\"author\";N;s:5:\"image\";N;s:13:\"datePublished\";N;s:12:\"dateModified\";N;s:9:\"publisher\";N;s:14:\"publisherImage\";N;s:11:\"description\";N;s:11:\"articleBody\";N;s:19:\"alternativeHeadline\";N;}"],"_schema_blog_posting":["a:11:{s:6:\"active\";N;s:8:\"headline\";N;s:16:\"mainEntityOfPage\";N;s:6:\"author\";N;s:5:\"image\";N;s:13:\"datePublished\";N;s:12:\"dateModified\";N;s:9:\"publisher\";N;s:14:\"publisherImage\";N;s:11:\"description\";N;s:11:\"articleBody\";N;}"],"_schema_news_article":["a:11:{s:6:\"active\";N;s:8:\"headline\";N;s:16:\"mainEntityOfPage\";N;s:6:\"author\";N;s:5:\"image\";N;s:13:\"datePublished\";N;s:12:\"dateModified\";N;s:9:\"publisher\";N;s:14:\"publisherImage\";N;s:11:\"description\";N;s:11:\"articleBody\";N;}"],"_schema_event":["a:14:{s:6:\"active\";N;s:4:\"name\";N;s:12:\"locationName\";N;s:15:\"locationAddress\";N;s:9:\"startDate\";N;s:7:\"endDate\";N;s:11:\"description\";N;s:13:\"performerName\";N;s:5:\"image\";N;s:5:\"price\";N;s:13:\"priceCurrency\";N;s:12:\"availability\";N;s:9:\"validFrom\";N;s:3:\"url\";N;}"],"_schema_product":["a:20:{s:6:\"active\";N;s:4:\"name\";N;s:5:\"image\";N;s:11:\"description\";N;s:3:\"sku\";N;s:5:\"brand\";N;s:15:\"identifier_type\";s:3:\"mpn\";s:10:\"identifier\";N;s:17:\"reviewRatingValue\";N;s:16:\"reviewBestRating\";N;s:17:\"reviewWorstRating\";N;s:12:\"reviewAuthor\";N;s:11:\"ratingValue\";N;s:11:\"reviewCount\";N;s:5:\"price\";N;s:15:\"priceValidUntil\";N;s:13:\"priceCurrency\";N;s:12:\"availability\";N;s:13:\"itemCondition\";N;s:3:\"url\";N;}"],"_schema_video":["a:10:{s:6:\"active\";N;s:4:\"name\";N;s:11:\"description\";N;s:12:\"thumbnailUrl\";N;s:10:\"uploadDate\";N;s:8:\"duration\";N;s:10:\"contentUrl\";N;s:8:\"embedUrl\";N;s:16:\"interactionCount\";N;s:7:\"expires\";N;}"],"_schema_service":["a:13:{s:6:\"active\";N;s:4:\"name\";N;s:11:\"serviceType\";N;s:14:\"additionalType\";N;s:5:\"award\";N;s:8:\"category\";N;s:16:\"providerMobility\";N;s:11:\"description\";N;s:5:\"image\";N;s:16:\"mainEntityOfPage\";N;s:6:\"sameAs\";N;s:3:\"url\";N;s:13:\"alternateName\";N;}"],"_schema_review":["a:10:{s:6:\"active\";N;s:8:\"itemName\";N;s:10:\"reviewBody\";N;s:4:\"name\";N;s:6:\"author\";N;s:13:\"datePublished\";N;s:11:\"ratingValue\";N;s:10:\"bestRating\";N;s:11:\"worstRating\";N;s:9:\"publisher\";N;}"],"_schema_aggregate_rating":["a:13:{s:6:\"active\";N;s:11:\"schema_type\";N;s:4:\"name\";N;s:5:\"image\";N;s:10:\"priceRange\";N;s:9:\"telephone\";N;s:7:\"address\";N;s:11:\"description\";N;s:11:\"ratingCount\";N;s:11:\"reviewCount\";N;s:11:\"ratingValue\";N;s:10:\"bestRating\";N;s:11:\"worstRating\";N;}"],"_schema_restaurant":["a:10:{s:6:\"active\";N;s:4:\"name\";N;s:11:\"description\";N;s:12:\"openingHours\";N;s:9:\"telephone\";N;s:4:\"menu\";N;s:5:\"image\";N;s:7:\"address\";N;s:10:\"priceRange\";N;s:13:\"servesCuisine\";N;}"],"_schema_localBusiness":["a:10:{s:6:\"active\";N;s:4:\"name\";N;s:11:\"description\";N;s:5:\"image\";N;s:10:\"priceRange\";N;s:15:\"addressLocality\";N;s:13:\"addressRegion\";N;s:10:\"postalCode\";N;s:13:\"streetAddress\";N;s:9:\"telephone\";N;}"],"_schema_book":["a:0:{}"],"_schema_course":["a:0:{}"],"_schema_JobPosting":["a:0:{}"],"_schema_movie":["a:0:{}"],"_schema_music":["a:0:{}"],"_schema_recipe":["a:0:{}"],"_schema_TVEpisode":["a:0:{}"],"_schema_question":["a:0:{}"],"_schema_itemList":["a:0:{}"],"_kcseo_ative_tab":[""],"_yoast_wpseo_content_score":["30"],"wpmdr_menu":["1"],"_uag_migration_processed":["1"],"_wpml_word_count":["436"],"_uag_page_assets":["a:9:{s:3:\"css\";s:0:\"\";s:2:\"js\";s:0:\"\";s:18:\"current_block_list\";a:3:{i:0;s:10:\"core\/image\";i:1;s:14:\"core\/paragraph\";i:2;s:14:\"core\/separator\";}s:8:\"uag_flag\";b:0;s:11:\"uag_version\";s:10:\"1776176174\";s:6:\"gfonts\";a:0:{}s:10:\"gfonts_url\";s:0:\"\";s:12:\"gfonts_files\";a:0:{}s:14:\"uag_faq_layout\";b:0;}"]},"uagb_featured_image_src":{"full":false,"thumbnail":false,"medium":false,"medium_large":false,"large":false,"1536x1536":false,"2048x2048":false},"uagb_author_info":{"display_name":"Ulrich Engelmann","author_link":"https:\/\/engelmann.com\/de\/author\/uengelmann\/"},"uagb_comment_info":0,"uagb_excerpt":"Der handels\u00fcbliche USB-Stick ist mittlerweile f\u00fcr viele PC-Nutzer zu einem g\u00e4ngigen Gebrauchsgegenstand geworden, auf dem man Bilder, Dokumente oder andere wichtige Dateien ablegt. \u00c4rgerlich wird ... Details \u279c","_links":{"self":[{"href":"https:\/\/engelmann.com\/de\/wp-json\/wp\/v2\/pages\/58415","targetHints":{"allow":["GET"]}}],"collection":[{"href":"https:\/\/engelmann.com\/de\/wp-json\/wp\/v2\/pages"}],"about":[{"href":"https:\/\/engelmann.com\/de\/wp-json\/wp\/v2\/types\/page"}],"author":[{"embeddable":true,"href":"https:\/\/engelmann.com\/de\/wp-json\/wp\/v2\/users\/3"}],"replies":[{"embeddable":true,"href":"https:\/\/engelmann.com\/de\/wp-json\/wp\/v2\/comments?post=58415"}],"version-history":[{"count":0,"href":"https:\/\/engelmann.com\/de\/wp-json\/wp\/v2\/pages\/58415\/revisions"}],"wp:attachment":[{"href":"https:\/\/engelmann.com\/de\/wp-json\/wp\/v2\/media?parent=58415"}],"curies":[{"name":"wp","href":"https:\/\/api.w.org\/{rel}","templated":true}]}}