{"id":58420,"date":"2019-08-14T10:22:42","date_gmt":"2019-08-14T09:22:42","guid":{"rendered":"https:\/\/engelmann.com\/?page_id=58420"},"modified":"2019-08-14T10:22:42","modified_gmt":"2019-08-14T09:22:42","slug":"datenrettung-festplattenrettung-sd-karte","status":"publish","type":"page","link":"https:\/\/engelmann.com\/de\/datenrettung-festplattenrettung-sd-karte\/","title":{"rendered":"Funktioniert Festplattenrettung bei einer SD Karte?"},"content":{"rendered":"\n<p>Funktioniert Festplattenrettung bei einer SD Karte?<\/p>\n\n\n\n<div class=\"wp-block-image\"><figure class=\"alignright\"><img decoding=\"async\" src=\"https:\/\/engelmann.com\/wp-content\/uploads\/2018\/04\/datenrettungs-kompendium.png\" alt=\"Datenrettungs-Kompendium\" class=\"wp-image-52994\"\/><\/figure><\/div>\n\n\n\n<p>Die SD-Karte ist ein beliebtes Speichermedium und wird recht h\u00e4ufig genutzt, um pers\u00f6nliche Dateien wie beispielsweise Bilder oder Dokumente zu sichern, die f\u00fcr den Nutzer einen hohen Stellenwert haben. Leider kommt es auch bei diesem Datentr\u00e4ger hin und wieder vor, dass er oder die Daten darauf besch\u00e4digt werden und nicht mehr abrufbar sind.<\/p>\n\n\n\n<p>Eine h\u00e4ufige Ursache f\u00fcr externe Sch\u00e4den an der SD-Karte sind Verunreinigungen und Staub. Mithilfe eines Wattest\u00e4bchens kann man recht unkompliziert intervenieren und die betroffenen Stellen entsprechend vorsichtig reinigen. Kommt es zu einem unerwarteten Absturz der SD-Karte, sollte der erste Wiederherstellungsversuch der Daten \u00fcber einen PC oder Laptop erfolgen. Dazu steckt man die SD-Karte einfach in den daf\u00fcr vorgesehenen SD-Kartenslot seines Computers und beginnt mithilfe der Probleml\u00f6sung, die Daten auf dem PC herunterzuladen und dann dementsprechend zu sichern. Danach sollte man die Daten vorsichtshalber auf seinem PC weiter aufbewahren oder die Daten auf eine neue SD-Karte \u00fcbertragen.<\/p>\n\n\n\n<p>Oftmals ist dieses recht einfache Verfahren analog zur Festplattenrettung mit Windows nicht ohne weiteres m\u00f6glich. Dies ist zum Beispiel dann der Fall, wenn die SD-Karte von starken Umwelteinfl\u00fcssen besch\u00e4digt wurde oder mit zu viel Fl\u00fcssigkeit in Ber\u00fchrung gekommen ist. In solchen F\u00e4llen ist h\u00e4ufig eine externe Software sinnvoll, die den PC bei der Datenwiederherstellung unterst\u00fctzt und direkt auf den Computer heruntergeladen werden kann. F\u00fcr solche Zwecke eignet sich das Programm&nbsp;<a href=\"https:\/\/first-aid-kit.net\/\">First Aid Kit<\/a>&nbsp;beispielsweise sehr gut. Mit dieser Software ist es m\u00f6glich, Daten von einer SD-Karte ohne zus\u00e4tzliche Festplatte oder externen Datentr\u00e4ger wiederherzustellen und herunterzuladen. Der Fokus des Programms liegt auf der Datenwiederherstellung und Festplattenrettung und kann durch eine Demoversion kostenlos getestet werden. Mit dem Update auf die kostenpflichtige normale Version stehen gr\u00f6\u00dfere Datenvolumen zur Rettung zur Verf\u00fcgung.<\/p>\n\n\n\n<p>Neben der Wiederherstellung ist das&nbsp;<a href=\"https:\/\/first-aid-kit.net\/\">First Aid Kit<\/a>&nbsp;auch in der Lage, Dateien von einer defekten SD-Karte ordnungsgem\u00e4\u00df zu entfernen. In erster Linie bleibt festzuhalten, dass die Datenrettung bei einer SD-Karte sowohl mit herk\u00f6mmlichen Windows-Mitteln und in H\u00e4rtef\u00e4llen noch besser mit dem&nbsp;<a href=\"https:\/\/first-aid-kit.net\/\">First Aid Kit<\/a>&nbsp;funktioniert.<\/p>\n\n\n\n<hr class=\"wp-block-separator\"\/>\n\n\n\n<p><strong>Bitte beachten Sie:<\/strong>\u00a0Wir empfehlen zur Datenrettung unsere Software SecuPerts First Aid Kit.<\/p>\n\n\n\n<p>&lt;-&nbsp;<a href=\"https:\/\/engelmann.com\/de\/kompendium-datenrettung\/\">Zur\u00fcck zum Inhaltsverzeichnis<\/a><\/p>\n","protected":false},"excerpt":{"rendered":"<p>Funktioniert Festplattenrettung bei einer SD Karte? Die SD-Karte ist ein beliebtes Speichermedium und wird recht h\u00e4ufig genutzt, um pers\u00f6nliche Dateien wie beispielsweise Bilder oder Dokumente &#8230; <a title=\"Funktioniert Festplattenrettung bei einer SD Karte?\" class=\"read-more\" href=\"https:\/\/engelmann.com\/de\/datenrettung-festplattenrettung-sd-karte\/\" aria-label=\"Mehr Informationen \u00fcber Funktioniert Festplattenrettung bei einer SD Karte?\">Details \u279c<\/a><\/p>\n","protected":false},"author":3,"featured_media":0,"parent":0,"menu_order":0,"comment_status":"closed","ping_status":"closed","template":"","meta":{"om_disable_all_campaigns":false,"_uag_custom_page_level_css":"","_monsterinsights_skip_tracking":false,"_monsterinsights_sitenote_active":false,"_monsterinsights_sitenote_note":"","_monsterinsights_sitenote_category":0,"footnotes":""},"class_list":{"0":"post-58420","1":"page","2":"type-page","3":"status-publish","5":"infinite-scroll-item","6":"no-featured-image-padding"},"aioseo_notices":[],"spectra_custom_meta":{"cleverpush_send_notification":["",""],"_wpml_media_featured":["1","1"],"_wpml_media_duplicate":["1","1"],"aal_manualgenerated":["a:1:{i:0;O:8:\"stdClass\":2:{s:7:\"keyword\";s:13:\"First Aid Kit\";s:3:\"url\";s:26:\"https:\/\/first-aid-kit.net\/\";}}"],"_edit_last":["2"],"slide_template":["default"],"_schema_article":["a:12:{s:6:\"active\";N;s:8:\"headline\";N;s:16:\"mainEntityOfPage\";N;s:6:\"author\";N;s:5:\"image\";N;s:13:\"datePublished\";N;s:12:\"dateModified\";N;s:9:\"publisher\";N;s:14:\"publisherImage\";N;s:11:\"description\";N;s:11:\"articleBody\";N;s:19:\"alternativeHeadline\";N;}"],"_schema_blog_posting":["a:11:{s:6:\"active\";N;s:8:\"headline\";N;s:16:\"mainEntityOfPage\";N;s:6:\"author\";N;s:5:\"image\";N;s:13:\"datePublished\";N;s:12:\"dateModified\";N;s:9:\"publisher\";N;s:14:\"publisherImage\";N;s:11:\"description\";N;s:11:\"articleBody\";N;}"],"_schema_news_article":["a:11:{s:6:\"active\";N;s:8:\"headline\";N;s:16:\"mainEntityOfPage\";N;s:6:\"author\";N;s:5:\"image\";N;s:13:\"datePublished\";N;s:12:\"dateModified\";N;s:9:\"publisher\";N;s:14:\"publisherImage\";N;s:11:\"description\";N;s:11:\"articleBody\";N;}"],"_schema_event":["a:14:{s:6:\"active\";N;s:4:\"name\";N;s:12:\"locationName\";N;s:15:\"locationAddress\";N;s:9:\"startDate\";N;s:7:\"endDate\";N;s:11:\"description\";N;s:13:\"performerName\";N;s:5:\"image\";N;s:5:\"price\";N;s:13:\"priceCurrency\";N;s:12:\"availability\";N;s:9:\"validFrom\";N;s:3:\"url\";N;}"],"_schema_product":["a:20:{s:6:\"active\";N;s:4:\"name\";N;s:5:\"image\";N;s:11:\"description\";N;s:3:\"sku\";N;s:5:\"brand\";N;s:15:\"identifier_type\";s:3:\"mpn\";s:10:\"identifier\";N;s:17:\"reviewRatingValue\";N;s:16:\"reviewBestRating\";N;s:17:\"reviewWorstRating\";N;s:12:\"reviewAuthor\";N;s:11:\"ratingValue\";N;s:11:\"reviewCount\";N;s:5:\"price\";N;s:15:\"priceValidUntil\";N;s:13:\"priceCurrency\";N;s:12:\"availability\";N;s:13:\"itemCondition\";N;s:3:\"url\";N;}"],"_schema_video":["a:10:{s:6:\"active\";N;s:4:\"name\";N;s:11:\"description\";N;s:12:\"thumbnailUrl\";N;s:10:\"uploadDate\";N;s:8:\"duration\";N;s:10:\"contentUrl\";N;s:8:\"embedUrl\";N;s:16:\"interactionCount\";N;s:7:\"expires\";N;}"],"_schema_service":["a:13:{s:6:\"active\";N;s:4:\"name\";N;s:11:\"serviceType\";N;s:14:\"additionalType\";N;s:5:\"award\";N;s:8:\"category\";N;s:16:\"providerMobility\";N;s:11:\"description\";N;s:5:\"image\";N;s:16:\"mainEntityOfPage\";N;s:6:\"sameAs\";N;s:3:\"url\";N;s:13:\"alternateName\";N;}"],"_schema_review":["a:10:{s:6:\"active\";N;s:8:\"itemName\";N;s:10:\"reviewBody\";N;s:4:\"name\";N;s:6:\"author\";N;s:13:\"datePublished\";N;s:11:\"ratingValue\";N;s:10:\"bestRating\";N;s:11:\"worstRating\";N;s:9:\"publisher\";N;}"],"_schema_aggregate_rating":["a:13:{s:6:\"active\";N;s:11:\"schema_type\";N;s:4:\"name\";N;s:5:\"image\";N;s:10:\"priceRange\";N;s:9:\"telephone\";N;s:7:\"address\";N;s:11:\"description\";N;s:11:\"ratingCount\";N;s:11:\"reviewCount\";N;s:11:\"ratingValue\";N;s:10:\"bestRating\";N;s:11:\"worstRating\";N;}"],"_schema_restaurant":["a:10:{s:6:\"active\";N;s:4:\"name\";N;s:11:\"description\";N;s:12:\"openingHours\";N;s:9:\"telephone\";N;s:4:\"menu\";N;s:5:\"image\";N;s:7:\"address\";N;s:10:\"priceRange\";N;s:13:\"servesCuisine\";N;}"],"_schema_localBusiness":["a:10:{s:6:\"active\";N;s:4:\"name\";N;s:11:\"description\";N;s:5:\"image\";N;s:10:\"priceRange\";N;s:15:\"addressLocality\";N;s:13:\"addressRegion\";N;s:10:\"postalCode\";N;s:13:\"streetAddress\";N;s:9:\"telephone\";N;}"],"_schema_book":["a:0:{}"],"_schema_course":["a:0:{}"],"_schema_JobPosting":["a:0:{}"],"_schema_movie":["a:0:{}"],"_schema_music":["a:0:{}"],"_schema_recipe":["a:0:{}"],"_schema_TVEpisode":["a:0:{}"],"_schema_question":["a:0:{}"],"_schema_itemList":["a:0:{}"],"_kcseo_ative_tab":[""],"_yoast_wpseo_content_score":["30"],"wpmdr_menu":["1"],"_uag_migration_processed":["1"],"_wpml_word_count":["444"],"_uag_page_assets":["a:9:{s:3:\"css\";s:0:\"\";s:2:\"js\";s:0:\"\";s:18:\"current_block_list\";a:3:{i:0;s:14:\"core\/paragraph\";i:1;s:10:\"core\/image\";i:2;s:14:\"core\/separator\";}s:8:\"uag_flag\";b:0;s:11:\"uag_version\";s:10:\"1776748815\";s:6:\"gfonts\";a:0:{}s:10:\"gfonts_url\";s:0:\"\";s:12:\"gfonts_files\";a:0:{}s:14:\"uag_faq_layout\";b:0;}"]},"uagb_featured_image_src":{"full":false,"thumbnail":false,"medium":false,"medium_large":false,"large":false,"1536x1536":false,"2048x2048":false},"uagb_author_info":{"display_name":"Ulrich Engelmann","author_link":"https:\/\/engelmann.com\/de\/author\/uengelmann\/"},"uagb_comment_info":0,"uagb_excerpt":"Funktioniert Festplattenrettung bei einer SD Karte? Die SD-Karte ist ein beliebtes Speichermedium und wird recht h\u00e4ufig genutzt, um pers\u00f6nliche Dateien wie beispielsweise Bilder oder Dokumente ... Details \u279c","_links":{"self":[{"href":"https:\/\/engelmann.com\/de\/wp-json\/wp\/v2\/pages\/58420","targetHints":{"allow":["GET"]}}],"collection":[{"href":"https:\/\/engelmann.com\/de\/wp-json\/wp\/v2\/pages"}],"about":[{"href":"https:\/\/engelmann.com\/de\/wp-json\/wp\/v2\/types\/page"}],"author":[{"embeddable":true,"href":"https:\/\/engelmann.com\/de\/wp-json\/wp\/v2\/users\/3"}],"replies":[{"embeddable":true,"href":"https:\/\/engelmann.com\/de\/wp-json\/wp\/v2\/comments?post=58420"}],"version-history":[{"count":0,"href":"https:\/\/engelmann.com\/de\/wp-json\/wp\/v2\/pages\/58420\/revisions"}],"wp:attachment":[{"href":"https:\/\/engelmann.com\/de\/wp-json\/wp\/v2\/media?parent=58420"}],"curies":[{"name":"wp","href":"https:\/\/api.w.org\/{rel}","templated":true}]}}