{"id":58428,"date":"2019-08-14T10:26:05","date_gmt":"2019-08-14T09:26:05","guid":{"rendered":"https:\/\/engelmann.com\/?page_id=58428"},"modified":"2019-08-14T10:26:05","modified_gmt":"2019-08-14T09:26:05","slug":"datenrettung-apple-osx","status":"publish","type":"page","link":"https:\/\/engelmann.com\/de\/datenrettung-apple-osx\/","title":{"rendered":"Funktioniert File Recovery bei Apple OSX?"},"content":{"rendered":"\n<div class=\"wp-block-image\"><figure class=\"alignright\"><img decoding=\"async\" src=\"https:\/\/engelmann.com\/wp-content\/uploads\/2018\/04\/datenrettungs-kompendium.png\" alt=\"Datenrettungs-Kompendium\" class=\"wp-image-52994\"\/><\/figure><\/div>\n\n\n\n<p>Eine File Recovery auf einem Ger\u00e4t mit dem Betriebssystem Apple OSX durchzuf\u00fchren ist definitiv m\u00f6glich und auch gar nicht so schwierig. Alleine schon f\u00fcr das System gibt es gen\u00fcgend Softwares und Programme die eine schnelle und unkomplizierte Datenrettung versprechen. Doch selbst wenn diese Programme mal nicht funktionieren sollten, besteht immer noch die M\u00f6glichkeit zum Experten ins Gesch\u00e4ft zu gehen und eine professionelle File Recovery durchf\u00fchren zu lassen.<\/p>\n\n\n\n<p>Nat\u00fcrlich kostet ein Mensch in diesem Zusammenhang mehr als ein Programm, denn der Experte hat nicht unendlich viel Zeit. Gehen Sie daf\u00fcr aber unbedingt zu jemanden, der sich perfekt mit Apple Ger\u00e4ten auskennt, da die Technologie sich wesentlich von den \u00fcblichen Ger\u00e4ten unterscheidet. Das hei\u00dft auch, dass das Speichermedium anders ist und man sich somit schon in der Praxis damit besch\u00e4ftigt haben muss um dies zu verstehen. Fragen Sie also bei einem Besuch nach ob sich die Person mit Apple auskennt. Sie werden kurzfristig auf alle F\u00e4lle jemanden finden, der sich um Ihr Problem k\u00fcmmert.<\/p>\n\n\n\n<p>Die ideale Methode ist jedoch, dass Sie sich ein Programm besorgen, also eine App, und diese auf Ihr Endger\u00e4t runterladen. Die Apps erf\u00fcllen mehrere Zwecken. Zuallererst wird das Ger\u00e4t durchgehend auf Sch\u00e4dlinge (Viren und Trojaner) \u00fcberpr\u00fcft. Somit k\u00f6nnen Sie sicher sein, dass von der Software her keine Sch\u00e4den zustande kommen k\u00f6nnen. Zumindest in 99% der F\u00e4lle nicht. Zudem k\u00f6nnen gewisse Programme Ihre Daten f\u00fcr Sie kopieren und somit von Ihrem gesamten Speicher einen Klon erschaffen. Dieser sollte aber dann gesichert werden.<br>Sobald ein Totalschaden der Hardware vorliegt, k\u00f6nnen Sie sich darauf einstellen, dass eine File Recovery so gut wie unm\u00f6glich wird. Dies hat dann aber nichts mit Apple OSX als Betriebssystem zu tun, sondern mit der Technologie.<br>Gehen Sie aber nie vom schlimmsten Fall aus und besuchen Sie einen Experten der sich Ihr Ger\u00e4t genauer anschauen soll. In den meisten F\u00e4llen kann man das Speichermedium reparieren und somit eine File Recovery durchf\u00fchren.<\/p>\n\n\n\n<p>&lt;-&nbsp;<a href=\"https:\/\/engelmann.com\/de\/kompendium-datenrettung\/\">Zur\u00fcck zum Inhaltsverzeichnis<\/a><\/p>\n\n\n\n<hr class=\"wp-block-separator\"\/>\n\n\n\n<p><strong>Bitte beachten Sie:<\/strong>\u00a0Wir empfehlen zur Datenrettung unsere Software SecuPerts\u00a0<a href=\"https:\/\/first-aid-kit.net\/\">First Aid Kit<\/a>.<\/p>\n","protected":false},"excerpt":{"rendered":"<p>Eine File Recovery auf einem Ger\u00e4t mit dem Betriebssystem Apple OSX durchzuf\u00fchren ist definitiv m\u00f6glich und auch gar nicht so schwierig. Alleine schon f\u00fcr das &#8230; <a title=\"Funktioniert File Recovery bei Apple OSX?\" class=\"read-more\" href=\"https:\/\/engelmann.com\/de\/datenrettung-apple-osx\/\" aria-label=\"Mehr Informationen \u00fcber Funktioniert File Recovery bei Apple OSX?\">Details \u279c<\/a><\/p>\n","protected":false},"author":3,"featured_media":0,"parent":0,"menu_order":0,"comment_status":"closed","ping_status":"closed","template":"","meta":{"om_disable_all_campaigns":false,"_uag_custom_page_level_css":"","_monsterinsights_skip_tracking":false,"_monsterinsights_sitenote_active":false,"_monsterinsights_sitenote_note":"","_monsterinsights_sitenote_category":0,"footnotes":""},"class_list":{"0":"post-58428","1":"page","2":"type-page","3":"status-publish","5":"infinite-scroll-item","6":"no-featured-image-padding"},"aioseo_notices":[],"spectra_custom_meta":{"cleverpush_send_notification":["",""],"_wpml_media_featured":["1","1"],"_wpml_media_duplicate":["1","1"],"aal_manualgenerated":["a:0:{}"],"_edit_last":["2"],"slide_template":["default"],"_schema_article":["a:12:{s:6:\"active\";N;s:8:\"headline\";N;s:16:\"mainEntityOfPage\";N;s:6:\"author\";N;s:5:\"image\";N;s:13:\"datePublished\";N;s:12:\"dateModified\";N;s:9:\"publisher\";N;s:14:\"publisherImage\";N;s:11:\"description\";N;s:11:\"articleBody\";N;s:19:\"alternativeHeadline\";N;}"],"_schema_blog_posting":["a:11:{s:6:\"active\";N;s:8:\"headline\";N;s:16:\"mainEntityOfPage\";N;s:6:\"author\";N;s:5:\"image\";N;s:13:\"datePublished\";N;s:12:\"dateModified\";N;s:9:\"publisher\";N;s:14:\"publisherImage\";N;s:11:\"description\";N;s:11:\"articleBody\";N;}"],"_schema_news_article":["a:11:{s:6:\"active\";N;s:8:\"headline\";N;s:16:\"mainEntityOfPage\";N;s:6:\"author\";N;s:5:\"image\";N;s:13:\"datePublished\";N;s:12:\"dateModified\";N;s:9:\"publisher\";N;s:14:\"publisherImage\";N;s:11:\"description\";N;s:11:\"articleBody\";N;}"],"_schema_event":["a:14:{s:6:\"active\";N;s:4:\"name\";N;s:12:\"locationName\";N;s:15:\"locationAddress\";N;s:9:\"startDate\";N;s:7:\"endDate\";N;s:11:\"description\";N;s:13:\"performerName\";N;s:5:\"image\";N;s:5:\"price\";N;s:13:\"priceCurrency\";N;s:12:\"availability\";N;s:9:\"validFrom\";N;s:3:\"url\";N;}"],"_schema_product":["a:20:{s:6:\"active\";N;s:4:\"name\";N;s:5:\"image\";N;s:11:\"description\";N;s:3:\"sku\";N;s:5:\"brand\";N;s:15:\"identifier_type\";s:3:\"mpn\";s:10:\"identifier\";N;s:17:\"reviewRatingValue\";N;s:16:\"reviewBestRating\";N;s:17:\"reviewWorstRating\";N;s:12:\"reviewAuthor\";N;s:11:\"ratingValue\";N;s:11:\"reviewCount\";N;s:5:\"price\";N;s:15:\"priceValidUntil\";N;s:13:\"priceCurrency\";N;s:12:\"availability\";N;s:13:\"itemCondition\";N;s:3:\"url\";N;}"],"_schema_video":["a:10:{s:6:\"active\";N;s:4:\"name\";N;s:11:\"description\";N;s:12:\"thumbnailUrl\";N;s:10:\"uploadDate\";N;s:8:\"duration\";N;s:10:\"contentUrl\";N;s:8:\"embedUrl\";N;s:16:\"interactionCount\";N;s:7:\"expires\";N;}"],"_schema_service":["a:13:{s:6:\"active\";N;s:4:\"name\";N;s:11:\"serviceType\";N;s:14:\"additionalType\";N;s:5:\"award\";N;s:8:\"category\";N;s:16:\"providerMobility\";N;s:11:\"description\";N;s:5:\"image\";N;s:16:\"mainEntityOfPage\";N;s:6:\"sameAs\";N;s:3:\"url\";N;s:13:\"alternateName\";N;}"],"_schema_review":["a:10:{s:6:\"active\";N;s:8:\"itemName\";N;s:10:\"reviewBody\";N;s:4:\"name\";N;s:6:\"author\";N;s:13:\"datePublished\";N;s:11:\"ratingValue\";N;s:10:\"bestRating\";N;s:11:\"worstRating\";N;s:9:\"publisher\";N;}"],"_schema_aggregate_rating":["a:13:{s:6:\"active\";N;s:11:\"schema_type\";N;s:4:\"name\";N;s:5:\"image\";N;s:10:\"priceRange\";N;s:9:\"telephone\";N;s:7:\"address\";N;s:11:\"description\";N;s:11:\"ratingCount\";N;s:11:\"reviewCount\";N;s:11:\"ratingValue\";N;s:10:\"bestRating\";N;s:11:\"worstRating\";N;}"],"_schema_restaurant":["a:10:{s:6:\"active\";N;s:4:\"name\";N;s:11:\"description\";N;s:12:\"openingHours\";N;s:9:\"telephone\";N;s:4:\"menu\";N;s:5:\"image\";N;s:7:\"address\";N;s:10:\"priceRange\";N;s:13:\"servesCuisine\";N;}"],"_schema_localBusiness":["a:10:{s:6:\"active\";N;s:4:\"name\";N;s:11:\"description\";N;s:5:\"image\";N;s:10:\"priceRange\";N;s:15:\"addressLocality\";N;s:13:\"addressRegion\";N;s:10:\"postalCode\";N;s:13:\"streetAddress\";N;s:9:\"telephone\";N;}"],"_schema_book":["a:0:{}"],"_schema_course":["a:0:{}"],"_schema_JobPosting":["a:0:{}"],"_schema_movie":["a:0:{}"],"_schema_music":["a:0:{}"],"_schema_recipe":["a:0:{}"],"_schema_TVEpisode":["a:0:{}"],"_schema_question":["a:0:{}"],"_schema_itemList":["a:0:{}"],"_kcseo_ative_tab":[""],"_yoast_wpseo_content_score":["30"],"wpmdr_menu":["1"],"_uag_migration_processed":["1"],"_wpml_word_count":["359"],"_uag_page_assets":["a:9:{s:3:\"css\";s:0:\"\";s:2:\"js\";s:0:\"\";s:18:\"current_block_list\";a:3:{i:0;s:10:\"core\/image\";i:1;s:14:\"core\/paragraph\";i:2;s:14:\"core\/separator\";}s:8:\"uag_flag\";b:0;s:11:\"uag_version\";s:10:\"1775846545\";s:6:\"gfonts\";a:0:{}s:10:\"gfonts_url\";s:0:\"\";s:12:\"gfonts_files\";a:0:{}s:14:\"uag_faq_layout\";b:0;}"]},"uagb_featured_image_src":{"full":false,"thumbnail":false,"medium":false,"medium_large":false,"large":false,"1536x1536":false,"2048x2048":false},"uagb_author_info":{"display_name":"Ulrich Engelmann","author_link":"https:\/\/engelmann.com\/de\/author\/uengelmann\/"},"uagb_comment_info":0,"uagb_excerpt":"Eine File Recovery auf einem Ger\u00e4t mit dem Betriebssystem Apple OSX durchzuf\u00fchren ist definitiv m\u00f6glich und auch gar nicht so schwierig. Alleine schon f\u00fcr das ... Details \u279c","_links":{"self":[{"href":"https:\/\/engelmann.com\/de\/wp-json\/wp\/v2\/pages\/58428","targetHints":{"allow":["GET"]}}],"collection":[{"href":"https:\/\/engelmann.com\/de\/wp-json\/wp\/v2\/pages"}],"about":[{"href":"https:\/\/engelmann.com\/de\/wp-json\/wp\/v2\/types\/page"}],"author":[{"embeddable":true,"href":"https:\/\/engelmann.com\/de\/wp-json\/wp\/v2\/users\/3"}],"replies":[{"embeddable":true,"href":"https:\/\/engelmann.com\/de\/wp-json\/wp\/v2\/comments?post=58428"}],"version-history":[{"count":0,"href":"https:\/\/engelmann.com\/de\/wp-json\/wp\/v2\/pages\/58428\/revisions"}],"wp:attachment":[{"href":"https:\/\/engelmann.com\/de\/wp-json\/wp\/v2\/media?parent=58428"}],"curies":[{"name":"wp","href":"https:\/\/api.w.org\/{rel}","templated":true}]}}