{"id":58431,"date":"2019-08-14T10:26:46","date_gmt":"2019-08-14T09:26:46","guid":{"rendered":"https:\/\/engelmann.com\/?page_id=58431"},"modified":"2019-08-14T10:26:46","modified_gmt":"2019-08-14T09:26:46","slug":"datenrettung-apple-iphone","status":"publish","type":"page","link":"https:\/\/engelmann.com\/de\/datenrettung-apple-iphone\/","title":{"rendered":"Funktioniert File Recovery bei einem Apple iPhone?"},"content":{"rendered":"\n<p> &lt;-\u00a0<a href=\"https:\/\/engelmann.com\/de\/kompendium-datenrettung\/\">Zur\u00fcck zum Inhaltsverzeichnis<\/a> <\/p>\n\n\n\n<div class=\"wp-block-image\"><figure class=\"alignright\"><img decoding=\"async\" src=\"https:\/\/engelmann.com\/wp-content\/uploads\/2018\/04\/datenrettungs-kompendium.png\" alt=\"Datenrettungs-Kompendium\" class=\"wp-image-52994\"\/><\/figure><\/div>\n\n\n\n<p>Eine File Recovery bei einem iPhone des Herstellers durchzuf\u00fchren ist definitiv keine leichte Aufgabe. Nichtsdestotrotz ist es auf alle F\u00e4lle m\u00f6glich und kann in manchen F\u00e4llen auch wirklich einfach sein. Wichtig daf\u00fcr ist erstmal zu wissen, dass der Schwierigkeitsgrad nicht durch die Marke des Handys bedingt ist, sondern durch das Handy an sich. Denn es ist viel schwieriger ein Speichermedium vom Smartphone zu bearbeiten als eine riesige Festplatte vom Computer. Sie m\u00fcssen sich in diesem Fall auf einen Experten verlassen, welcher schon genug Erfahrung mit kleinen Ger\u00e4ten wie MP3-Playern, Handys oder auch Tablets gesammelt hat.<\/p>\n\n\n\n<p>Sobald ein Datenverlust stattfindet, suchen Sie mit Ihrem Handy einen Experten im Gesch\u00e4ft auf, welcher sich das Ger\u00e4t anschauen soll. Er soll Ihnen dann genau best\u00e4tigen, woran das Problem liegt. Eine File Recovery kann man unter 2 Umst\u00e4nden durchf\u00fchren: Erstens, wenn die Software ein Problem aufweist und zweitens, wenn die Hardware einen Schaden erlitten hat. Bei der Hardware ist darauf zu achten, dass das Speichermedium intakt ist und eventuell nur einen Wackelkontakt oder andere Probleme hat. Sobald das Speichermedium kaputt ist, k\u00f6nnen Sie eine File Recovery vergessen. Die Daten auf Ihrem Apple iPhone k\u00f6nnen n\u00e4mlich nicht einfach so verschwinden, deswegen k\u00f6nnen sie auf dem Medium auch wiedergefunden werden. Lediglich die File Recovery kann keine Garantie f\u00fcr Erfolg ausstellen, da beim Prozess die Daten noch mehr besch\u00e4digt werden k\u00f6nnten.<\/p>\n\n\n\n<p>Im Falle eines Problemes mit der Software ist es umso wichtiger, dass der Experte Erfahrungen mit dem Betriebssystem OSX von Apple hat. Es muss n\u00e4mlich mit diesem System gearbeitet werden und Apple ist daf\u00fcr bekannt, dass seine Betriebssysteme etwas komplizierter sind als andere.<\/p>\n\n\n\n<p>Sie k\u00f6nnen aber auch schon pr\u00e4ventiv einem Datenverlust entgegenwirken, indem Sie Ihr Ger\u00e4t von s\u00e4mtlichen Viren befreien. Viren und Trojaner sind oftmals Ausl\u00f6ser f\u00fcr verschwundene Daten. Zur Not sollten Sie aber mittels von Programmen eine Kopie Ihres Speichers erstellen und diese dann au\u00dferhalb des Iphones verstauen. Sobald die Hardware nach einem Datenverlust kontrolliert wurde und intakt ist, wenden Sie einfach selbst eine File Recovery an Ihrem Smartphone an. Laden Sie daf\u00fcr die Kopie Ihrer Daten auf das Speichermedium und das Problem ist gel\u00f6st.<\/p>\n\n\n\n<hr class=\"wp-block-separator\"\/>\n\n\n\n<p><strong>Bitte beachten Sie:<\/strong>\u00a0Wir empfehlen zur Datenrettung unsere Software SecuPerts\u00a0<a href=\"https:\/\/first-aid-kit.net\/\">First Aid Kit<\/a>.<\/p>\n","protected":false},"excerpt":{"rendered":"<p>&lt;-\u00a0Zur\u00fcck zum Inhaltsverzeichnis Eine File Recovery bei einem iPhone des Herstellers durchzuf\u00fchren ist definitiv keine leichte Aufgabe. Nichtsdestotrotz ist es auf alle F\u00e4lle m\u00f6glich und &#8230; <a title=\"Funktioniert File Recovery bei einem Apple iPhone?\" class=\"read-more\" href=\"https:\/\/engelmann.com\/de\/datenrettung-apple-iphone\/\" aria-label=\"Mehr Informationen \u00fcber Funktioniert File Recovery bei einem Apple iPhone?\">Details \u279c<\/a><\/p>\n","protected":false},"author":3,"featured_media":0,"parent":0,"menu_order":0,"comment_status":"closed","ping_status":"closed","template":"","meta":{"om_disable_all_campaigns":false,"_uag_custom_page_level_css":"","_monsterinsights_skip_tracking":false,"_monsterinsights_sitenote_active":false,"_monsterinsights_sitenote_note":"","_monsterinsights_sitenote_category":0,"footnotes":""},"class_list":{"0":"post-58431","1":"page","2":"type-page","3":"status-publish","5":"infinite-scroll-item","6":"no-featured-image-padding"},"aioseo_notices":[],"spectra_custom_meta":{"cleverpush_send_notification":["",""],"_wpml_media_featured":["1","1"],"_wpml_media_duplicate":["1","1"],"aal_manualgenerated":["a:0:{}"],"_edit_last":["2"],"slide_template":["default"],"_schema_article":["a:12:{s:6:\"active\";N;s:8:\"headline\";N;s:16:\"mainEntityOfPage\";N;s:6:\"author\";N;s:5:\"image\";N;s:13:\"datePublished\";N;s:12:\"dateModified\";N;s:9:\"publisher\";N;s:14:\"publisherImage\";N;s:11:\"description\";N;s:11:\"articleBody\";N;s:19:\"alternativeHeadline\";N;}"],"_schema_blog_posting":["a:11:{s:6:\"active\";N;s:8:\"headline\";N;s:16:\"mainEntityOfPage\";N;s:6:\"author\";N;s:5:\"image\";N;s:13:\"datePublished\";N;s:12:\"dateModified\";N;s:9:\"publisher\";N;s:14:\"publisherImage\";N;s:11:\"description\";N;s:11:\"articleBody\";N;}"],"_schema_news_article":["a:11:{s:6:\"active\";N;s:8:\"headline\";N;s:16:\"mainEntityOfPage\";N;s:6:\"author\";N;s:5:\"image\";N;s:13:\"datePublished\";N;s:12:\"dateModified\";N;s:9:\"publisher\";N;s:14:\"publisherImage\";N;s:11:\"description\";N;s:11:\"articleBody\";N;}"],"_schema_event":["a:14:{s:6:\"active\";N;s:4:\"name\";N;s:12:\"locationName\";N;s:15:\"locationAddress\";N;s:9:\"startDate\";N;s:7:\"endDate\";N;s:11:\"description\";N;s:13:\"performerName\";N;s:5:\"image\";N;s:5:\"price\";N;s:13:\"priceCurrency\";N;s:12:\"availability\";N;s:9:\"validFrom\";N;s:3:\"url\";N;}"],"_schema_product":["a:20:{s:6:\"active\";N;s:4:\"name\";N;s:5:\"image\";N;s:11:\"description\";N;s:3:\"sku\";N;s:5:\"brand\";N;s:15:\"identifier_type\";s:3:\"mpn\";s:10:\"identifier\";N;s:17:\"reviewRatingValue\";N;s:16:\"reviewBestRating\";N;s:17:\"reviewWorstRating\";N;s:12:\"reviewAuthor\";N;s:11:\"ratingValue\";N;s:11:\"reviewCount\";N;s:5:\"price\";N;s:15:\"priceValidUntil\";N;s:13:\"priceCurrency\";N;s:12:\"availability\";N;s:13:\"itemCondition\";N;s:3:\"url\";N;}"],"_schema_video":["a:10:{s:6:\"active\";N;s:4:\"name\";N;s:11:\"description\";N;s:12:\"thumbnailUrl\";N;s:10:\"uploadDate\";N;s:8:\"duration\";N;s:10:\"contentUrl\";N;s:8:\"embedUrl\";N;s:16:\"interactionCount\";N;s:7:\"expires\";N;}"],"_schema_service":["a:13:{s:6:\"active\";N;s:4:\"name\";N;s:11:\"serviceType\";N;s:14:\"additionalType\";N;s:5:\"award\";N;s:8:\"category\";N;s:16:\"providerMobility\";N;s:11:\"description\";N;s:5:\"image\";N;s:16:\"mainEntityOfPage\";N;s:6:\"sameAs\";N;s:3:\"url\";N;s:13:\"alternateName\";N;}"],"_schema_review":["a:10:{s:6:\"active\";N;s:8:\"itemName\";N;s:10:\"reviewBody\";N;s:4:\"name\";N;s:6:\"author\";N;s:13:\"datePublished\";N;s:11:\"ratingValue\";N;s:10:\"bestRating\";N;s:11:\"worstRating\";N;s:9:\"publisher\";N;}"],"_schema_aggregate_rating":["a:13:{s:6:\"active\";N;s:11:\"schema_type\";N;s:4:\"name\";N;s:5:\"image\";N;s:10:\"priceRange\";N;s:9:\"telephone\";N;s:7:\"address\";N;s:11:\"description\";N;s:11:\"ratingCount\";N;s:11:\"reviewCount\";N;s:11:\"ratingValue\";N;s:10:\"bestRating\";N;s:11:\"worstRating\";N;}"],"_schema_restaurant":["a:10:{s:6:\"active\";N;s:4:\"name\";N;s:11:\"description\";N;s:12:\"openingHours\";N;s:9:\"telephone\";N;s:4:\"menu\";N;s:5:\"image\";N;s:7:\"address\";N;s:10:\"priceRange\";N;s:13:\"servesCuisine\";N;}"],"_schema_localBusiness":["a:10:{s:6:\"active\";N;s:4:\"name\";N;s:11:\"description\";N;s:5:\"image\";N;s:10:\"priceRange\";N;s:15:\"addressLocality\";N;s:13:\"addressRegion\";N;s:10:\"postalCode\";N;s:13:\"streetAddress\";N;s:9:\"telephone\";N;}"],"_schema_book":["a:0:{}"],"_schema_course":["a:0:{}"],"_schema_JobPosting":["a:0:{}"],"_schema_movie":["a:0:{}"],"_schema_music":["a:0:{}"],"_schema_recipe":["a:0:{}"],"_schema_TVEpisode":["a:0:{}"],"_schema_question":["a:0:{}"],"_schema_itemList":["a:0:{}"],"_kcseo_ative_tab":[""],"_yoast_wpseo_content_score":["30"],"wpmdr_menu":["1"],"_uag_migration_processed":["1"],"_wpml_word_count":["9"],"_uag_page_assets":["a:9:{s:3:\"css\";s:0:\"\";s:2:\"js\";s:0:\"\";s:18:\"current_block_list\";a:3:{i:0;s:14:\"core\/paragraph\";i:1;s:10:\"core\/image\";i:2;s:14:\"core\/separator\";}s:8:\"uag_flag\";b:0;s:11:\"uag_version\";s:10:\"1776333983\";s:6:\"gfonts\";a:0:{}s:10:\"gfonts_url\";s:0:\"\";s:12:\"gfonts_files\";a:0:{}s:14:\"uag_faq_layout\";b:0;}"]},"uagb_featured_image_src":{"full":false,"thumbnail":false,"medium":false,"medium_large":false,"large":false,"1536x1536":false,"2048x2048":false},"uagb_author_info":{"display_name":"Ulrich Engelmann","author_link":"https:\/\/engelmann.com\/de\/author\/uengelmann\/"},"uagb_comment_info":0,"uagb_excerpt":"&lt;-\u00a0Zur\u00fcck zum Inhaltsverzeichnis Eine File Recovery bei einem iPhone des Herstellers durchzuf\u00fchren ist definitiv keine leichte Aufgabe. Nichtsdestotrotz ist es auf alle F\u00e4lle m\u00f6glich und ... Details \u279c","_links":{"self":[{"href":"https:\/\/engelmann.com\/de\/wp-json\/wp\/v2\/pages\/58431","targetHints":{"allow":["GET"]}}],"collection":[{"href":"https:\/\/engelmann.com\/de\/wp-json\/wp\/v2\/pages"}],"about":[{"href":"https:\/\/engelmann.com\/de\/wp-json\/wp\/v2\/types\/page"}],"author":[{"embeddable":true,"href":"https:\/\/engelmann.com\/de\/wp-json\/wp\/v2\/users\/3"}],"replies":[{"embeddable":true,"href":"https:\/\/engelmann.com\/de\/wp-json\/wp\/v2\/comments?post=58431"}],"version-history":[{"count":0,"href":"https:\/\/engelmann.com\/de\/wp-json\/wp\/v2\/pages\/58431\/revisions"}],"wp:attachment":[{"href":"https:\/\/engelmann.com\/de\/wp-json\/wp\/v2\/media?parent=58431"}],"curies":[{"name":"wp","href":"https:\/\/api.w.org\/{rel}","templated":true}]}}