{"id":58433,"date":"2019-08-14T10:27:50","date_gmt":"2019-08-14T09:27:50","guid":{"rendered":"https:\/\/engelmann.com\/?page_id=58433"},"modified":"2019-08-14T10:27:50","modified_gmt":"2019-08-14T09:27:50","slug":"datenrettung-smartphone","status":"publish","type":"page","link":"https:\/\/engelmann.com\/de\/datenrettung-smartphone\/","title":{"rendered":"Funktioniert File Recovery bei einem Smartphone?"},"content":{"rendered":"\n<div class=\"wp-block-image\"><figure class=\"alignright\"><img decoding=\"async\" src=\"https:\/\/engelmann.com\/wp-content\/uploads\/2018\/04\/datenrettungs-kompendium.png\" alt=\"Datenrettungs-Kompendium\" class=\"wp-image-52994\"\/><\/figure><\/div>\n\n\n\n<p>Sollte mal ein Datenverlust auf Ihrem Handy stattfinden, brauchen Sie sich keine allzu gro\u00dfen Sorgen machen. Eine File Recovery ist bei einem Smartphone genauso gut m\u00f6glich wie bei einem gew\u00f6hnlichen Computer. Lediglich sollten Sie sich auf einen Experten beschr\u00e4nken, der sich mit der Datenrettung bei Handys auskennt und bisher nicht nur mit Computern gearbeitet hat. Eine theoretische Ausbildung reicht in dem Fall auch nicht. Seien Sie daher darauf eingestellt, dass es unter Umst\u00e4nden auch etwas teurer werden k\u00f6nnte. Sie m\u00fcssen aber f\u00fcr sich entscheiden, wie viel Ihnen Ihre Daten wert sind.<\/p>\n\n\n\n<p>Ein Datenverlust beim Smartphone hat genau dieselben Gr\u00fcnde wie der Datenverlust bei einem Computer. Das Speichermedium ist besch\u00e4digt oder die Software spielt verr\u00fcckt.<\/p>\n\n\n\n<p>Beide F\u00e4lle k\u00f6nnen extrem kritisch sein und negativ enden, m\u00fcssen aber nicht. Bei der Software kommt es auf den Schutz der Daten an, und wie sehr sich Viren und Trojaner ins Betriebssystem eingeschlichen haben. Software kann schnell neu geladen werden und die Daten sind schlie\u00dflich nicht wirklich verloren. Sie k\u00f6nnen nur nicht aufgefunden werden. Der Experte wird also auch das Betriebssystem neu laden m\u00fcssen. Sollte das Problem aber bei dem Speichermedium liegen kann es sein, dass dieses komplett kaputt ist und nicht mehr l\u00e4uft. Sobald das Medium nicht mehr zu reparieren ist, sind die Daten verloren.<\/p>\n\n\n\n<p>Eine wesentlich effektivere M\u00f6glichkeit f\u00fcr eine File Recovery ist die Benutzung von Programmen. Hierbei muss aber pr\u00e4ventiv gehandhabt werden, wenn Sie eine Erfolgsquote von fast 100% wollen. Noch bevor Ihr Handy einen Datenverlust erleidet, benutzen Sie solch ein Programm um eine exakte Kopie Ihres gesamten Speichers herzustellen. Diese Kopie k\u00f6nnen Sie dann auf Ihrem USB Stick oder einer CD aufbewahren. Sobald dann eine File Recovery durchgef\u00fchrt werden muss, gehen Sie einfach zum Experten und lassen sich von diesem erkl\u00e4ren, ob Ihr Speichermedium intakt ist oder g\u00e4nzlich kaputt. Sofern sich das Medium reparieren l\u00e4sst, soll der Experte dies auch tun. Die File Recovery f\u00fchren Sie aber selbst durch. Das ist wesentlich g\u00fcnstiger. Sie laden als n\u00e4chstes einfach Ihre Kopie der Daten auf Ihr Speichermedium hoch und schon ist alles wieder beim Alten.<\/p>\n\n\n\n<p>Der einzige Weg, damit eine File Recovery nicht funktioniert, ist, wenn das Speichermedium zerst\u00f6rt ist.<\/p>\n\n\n\n<hr class=\"wp-block-separator\"\/>\n\n\n\n<p><strong>Bitte beachten Sie:<\/strong>\u00a0Wir empfehlen zur Datenrettung unsere Software SecuPerts\u00a0<a href=\"https:\/\/first-aid-kit.net\/\">First Aid Kit<\/a>.<\/p>\n\n\n\n<p>&lt;-&nbsp;<a href=\"https:\/\/engelmann.com\/de\/kompendium-datenrettung\/\">Zur\u00fcck zum Inhaltsverzeichnis<\/a><\/p>\n","protected":false},"excerpt":{"rendered":"<p>Sollte mal ein Datenverlust auf Ihrem Handy stattfinden, brauchen Sie sich keine allzu gro\u00dfen Sorgen machen. Eine File Recovery ist bei einem Smartphone genauso gut &#8230; <a title=\"Funktioniert File Recovery bei einem Smartphone?\" class=\"read-more\" href=\"https:\/\/engelmann.com\/de\/datenrettung-smartphone\/\" aria-label=\"Mehr Informationen \u00fcber Funktioniert File Recovery bei einem Smartphone?\">Details \u279c<\/a><\/p>\n","protected":false},"author":3,"featured_media":0,"parent":0,"menu_order":0,"comment_status":"closed","ping_status":"closed","template":"","meta":{"om_disable_all_campaigns":false,"_uag_custom_page_level_css":"","_monsterinsights_skip_tracking":false,"_monsterinsights_sitenote_active":false,"_monsterinsights_sitenote_note":"","_monsterinsights_sitenote_category":0,"footnotes":""},"class_list":{"0":"post-58433","1":"page","2":"type-page","3":"status-publish","5":"infinite-scroll-item","6":"no-featured-image-padding"},"aioseo_notices":[],"spectra_custom_meta":{"cleverpush_send_notification":["",""],"_wpml_media_featured":["1","1"],"_wpml_media_duplicate":["1","1"],"aal_manualgenerated":["a:0:{}"],"_edit_last":["2"],"slide_template":["default"],"_schema_article":["a:12:{s:6:\"active\";N;s:8:\"headline\";N;s:16:\"mainEntityOfPage\";N;s:6:\"author\";N;s:5:\"image\";N;s:13:\"datePublished\";N;s:12:\"dateModified\";N;s:9:\"publisher\";N;s:14:\"publisherImage\";N;s:11:\"description\";N;s:11:\"articleBody\";N;s:19:\"alternativeHeadline\";N;}"],"_schema_blog_posting":["a:11:{s:6:\"active\";N;s:8:\"headline\";N;s:16:\"mainEntityOfPage\";N;s:6:\"author\";N;s:5:\"image\";N;s:13:\"datePublished\";N;s:12:\"dateModified\";N;s:9:\"publisher\";N;s:14:\"publisherImage\";N;s:11:\"description\";N;s:11:\"articleBody\";N;}"],"_schema_news_article":["a:11:{s:6:\"active\";N;s:8:\"headline\";N;s:16:\"mainEntityOfPage\";N;s:6:\"author\";N;s:5:\"image\";N;s:13:\"datePublished\";N;s:12:\"dateModified\";N;s:9:\"publisher\";N;s:14:\"publisherImage\";N;s:11:\"description\";N;s:11:\"articleBody\";N;}"],"_schema_event":["a:14:{s:6:\"active\";N;s:4:\"name\";N;s:12:\"locationName\";N;s:15:\"locationAddress\";N;s:9:\"startDate\";N;s:7:\"endDate\";N;s:11:\"description\";N;s:13:\"performerName\";N;s:5:\"image\";N;s:5:\"price\";N;s:13:\"priceCurrency\";N;s:12:\"availability\";N;s:9:\"validFrom\";N;s:3:\"url\";N;}"],"_schema_product":["a:20:{s:6:\"active\";N;s:4:\"name\";N;s:5:\"image\";N;s:11:\"description\";N;s:3:\"sku\";N;s:5:\"brand\";N;s:15:\"identifier_type\";s:3:\"mpn\";s:10:\"identifier\";N;s:17:\"reviewRatingValue\";N;s:16:\"reviewBestRating\";N;s:17:\"reviewWorstRating\";N;s:12:\"reviewAuthor\";N;s:11:\"ratingValue\";N;s:11:\"reviewCount\";N;s:5:\"price\";N;s:15:\"priceValidUntil\";N;s:13:\"priceCurrency\";N;s:12:\"availability\";N;s:13:\"itemCondition\";N;s:3:\"url\";N;}"],"_schema_video":["a:10:{s:6:\"active\";N;s:4:\"name\";N;s:11:\"description\";N;s:12:\"thumbnailUrl\";N;s:10:\"uploadDate\";N;s:8:\"duration\";N;s:10:\"contentUrl\";N;s:8:\"embedUrl\";N;s:16:\"interactionCount\";N;s:7:\"expires\";N;}"],"_schema_service":["a:13:{s:6:\"active\";N;s:4:\"name\";N;s:11:\"serviceType\";N;s:14:\"additionalType\";N;s:5:\"award\";N;s:8:\"category\";N;s:16:\"providerMobility\";N;s:11:\"description\";N;s:5:\"image\";N;s:16:\"mainEntityOfPage\";N;s:6:\"sameAs\";N;s:3:\"url\";N;s:13:\"alternateName\";N;}"],"_schema_review":["a:10:{s:6:\"active\";N;s:8:\"itemName\";N;s:10:\"reviewBody\";N;s:4:\"name\";N;s:6:\"author\";N;s:13:\"datePublished\";N;s:11:\"ratingValue\";N;s:10:\"bestRating\";N;s:11:\"worstRating\";N;s:9:\"publisher\";N;}"],"_schema_aggregate_rating":["a:13:{s:6:\"active\";N;s:11:\"schema_type\";N;s:4:\"name\";N;s:5:\"image\";N;s:10:\"priceRange\";N;s:9:\"telephone\";N;s:7:\"address\";N;s:11:\"description\";N;s:11:\"ratingCount\";N;s:11:\"reviewCount\";N;s:11:\"ratingValue\";N;s:10:\"bestRating\";N;s:11:\"worstRating\";N;}"],"_schema_restaurant":["a:10:{s:6:\"active\";N;s:4:\"name\";N;s:11:\"description\";N;s:12:\"openingHours\";N;s:9:\"telephone\";N;s:4:\"menu\";N;s:5:\"image\";N;s:7:\"address\";N;s:10:\"priceRange\";N;s:13:\"servesCuisine\";N;}"],"_schema_localBusiness":["a:10:{s:6:\"active\";N;s:4:\"name\";N;s:11:\"description\";N;s:5:\"image\";N;s:10:\"priceRange\";N;s:15:\"addressLocality\";N;s:13:\"addressRegion\";N;s:10:\"postalCode\";N;s:13:\"streetAddress\";N;s:9:\"telephone\";N;}"],"_schema_book":["a:0:{}"],"_schema_course":["a:0:{}"],"_schema_JobPosting":["a:0:{}"],"_schema_movie":["a:0:{}"],"_schema_music":["a:0:{}"],"_schema_recipe":["a:0:{}"],"_schema_TVEpisode":["a:0:{}"],"_schema_question":["a:0:{}"],"_schema_itemList":["a:0:{}"],"_kcseo_ative_tab":[""],"_yoast_wpseo_content_score":["60"],"wpmdr_menu":["1"],"_uag_migration_processed":["1"],"_wpml_word_count":["428"],"_uag_page_assets":["a:9:{s:3:\"css\";s:0:\"\";s:2:\"js\";s:0:\"\";s:18:\"current_block_list\";a:3:{i:0;s:10:\"core\/image\";i:1;s:14:\"core\/paragraph\";i:2;s:14:\"core\/separator\";}s:8:\"uag_flag\";b:0;s:11:\"uag_version\";s:10:\"1775943743\";s:6:\"gfonts\";a:0:{}s:10:\"gfonts_url\";s:0:\"\";s:12:\"gfonts_files\";a:0:{}s:14:\"uag_faq_layout\";b:0;}"]},"uagb_featured_image_src":{"full":false,"thumbnail":false,"medium":false,"medium_large":false,"large":false,"1536x1536":false,"2048x2048":false},"uagb_author_info":{"display_name":"Ulrich Engelmann","author_link":"https:\/\/engelmann.com\/de\/author\/uengelmann\/"},"uagb_comment_info":0,"uagb_excerpt":"Sollte mal ein Datenverlust auf Ihrem Handy stattfinden, brauchen Sie sich keine allzu gro\u00dfen Sorgen machen. Eine File Recovery ist bei einem Smartphone genauso gut ... Details \u279c","_links":{"self":[{"href":"https:\/\/engelmann.com\/de\/wp-json\/wp\/v2\/pages\/58433","targetHints":{"allow":["GET"]}}],"collection":[{"href":"https:\/\/engelmann.com\/de\/wp-json\/wp\/v2\/pages"}],"about":[{"href":"https:\/\/engelmann.com\/de\/wp-json\/wp\/v2\/types\/page"}],"author":[{"embeddable":true,"href":"https:\/\/engelmann.com\/de\/wp-json\/wp\/v2\/users\/3"}],"replies":[{"embeddable":true,"href":"https:\/\/engelmann.com\/de\/wp-json\/wp\/v2\/comments?post=58433"}],"version-history":[{"count":0,"href":"https:\/\/engelmann.com\/de\/wp-json\/wp\/v2\/pages\/58433\/revisions"}],"wp:attachment":[{"href":"https:\/\/engelmann.com\/de\/wp-json\/wp\/v2\/media?parent=58433"}],"curies":[{"name":"wp","href":"https:\/\/api.w.org\/{rel}","templated":true}]}}