{"id":58435,"date":"2019-08-14T10:28:22","date_gmt":"2019-08-14T09:28:22","guid":{"rendered":"https:\/\/engelmann.com\/?page_id=58435"},"modified":"2019-08-14T10:28:22","modified_gmt":"2019-08-14T09:28:22","slug":"datenrettung-usb-stick","status":"publish","type":"page","link":"https:\/\/engelmann.com\/de\/datenrettung-usb-stick\/","title":{"rendered":"Funktioniert File Recovery bei einem USB Stick?"},"content":{"rendered":"\n<div class=\"wp-block-image\"><figure class=\"alignright\"><img decoding=\"async\" src=\"https:\/\/engelmann.com\/wp-content\/uploads\/2018\/04\/datenrettungs-kompendium.png\" alt=\"Datenrettungs-Kompendium\" class=\"wp-image-52994\"\/><\/figure><\/div>\n\n\n\n<p>USB Sticks werden im Alltag h\u00e4ufig genutzt, um kleinere Datenmengen weiterzugeben oder Fragmente, wie Bilder, Videos bzw. Texte, extern zu sichern. Werden Dateien nun versehentlich gel\u00f6scht, stehen Nutzer nicht selten vor dem Problem des Datenverlustes. \u00c4hnlich negative Folgen kann eine Besch\u00e4digung des Sticks oder eine falsche Formatierung des externen Speichermediums nach sich ziehen. Eine professionelle File Recovery ist in solchen F\u00e4lle oft die L\u00f6sung. Durch Datenrettungstools, wie sie online angeboten werden, lassen sich verlorene Fragmente kaputter oder falsch verwendeter USB Sticks so schnell wiederherstellen.<\/p>\n\n\n\n<p>Die File Recovery kann Abhilfe schaffen, ist die externe Speichereinheit von Viren und Trojanern befallen, wird sie nichtmehr vom Rechner erkannt oder darf sie durch leichten \u00e4u\u00dferen Schaden nicht angeschlossen werden. Im Ernstfall z\u00e4hlt jede Minute und es ist vorteilhaft, sofort eine Datenrettungssoftware zur Hand zu haben. Diese sp\u00fcrt versehendlich gel\u00f6schte Dateien wieder auf und erneuert sie nach Wunsch direkt. Hierbei erfolgt die Datenrettung sowohl auf der Datei- als auch auf der Blockebene. Anwender haben so die M\u00f6glichkeit, besch\u00e4digte Dateisysteme, schnellformatierte Datentr\u00e4ger sowie defekte Bl\u00f6cke wiederherzustellen. Sie k\u00f6nnen desweiteren besch\u00e4digte Daten auf den externen Speichermedien erneuern und damit zeitgleich falsch gesicherte Fragmente zur\u00fcckholen. Ein schnelles Handeln ist in diesem Zusammenhang vorausgesetzt. Gerade der USB Stick nimmt als \u201eschneller Speicher f\u00fcr Diverses\u201c h\u00e4ufig schaden, wird nicht fachgerecht angeschlossen oder unachtsam gel\u00f6scht. Umso wichtiger bleibt es, im Ernstfall ein Datenrettungstool zur Hand zu haben, welches Fragmente sicher und unkompliziert wiederherstellen kann.<\/p>\n\n\n\n<p>Nutzer haben die Option, durch eine einfache File Recovery versehendlich verlorene Erinnerungsst\u00fccke wiederzuerlangen. Sie m\u00fcssen sich hierbei nicht damit zufrieden geben, den Stick falsch formatiert oder unachtsam gel\u00f6scht zu haben. Sie sind in der Lage, selbst schnell und fachgerecht Daten zu retten. Eine Datenrettung ist nicht immer m\u00f6glich. Allerdings ist sie sehr wahrscheinlich, wenn sofort eine Entscheidung getroffen wird. Online zu findende Assistents k\u00f6nnen in diesem Zusammenhang den Weg zum Fachh\u00e4ndler sparen. Sie bieten Anwendern h\u00e4ufig Features, die auch zur Rettung von Daten auf externen Speichermedien, wie USB Sticks, dienen und f\u00fchren oft ebenso sicher zum Erfolg.<\/p>\n\n\n\n<hr class=\"wp-block-separator\"\/>\n\n\n\n<p><strong>Bitte beachten Sie:<\/strong>\u00a0Wir empfehlen zur Datenrettung unsere Software SecuPerts\u00a0<a href=\"https:\/\/first-aid-kit.net\/\">First Aid Kit<\/a>.<\/p>\n\n\n\n<p>&lt;-&nbsp;<a href=\"https:\/\/engelmann.com\/de\/kompendium-datenrettung\/\">Zur\u00fcck zum Inhaltsverzeichnis<\/a><\/p>\n","protected":false},"excerpt":{"rendered":"<p>USB Sticks werden im Alltag h\u00e4ufig genutzt, um kleinere Datenmengen weiterzugeben oder Fragmente, wie Bilder, Videos bzw. Texte, extern zu sichern. Werden Dateien nun versehentlich &#8230; <a title=\"Funktioniert File Recovery bei einem USB Stick?\" class=\"read-more\" href=\"https:\/\/engelmann.com\/de\/datenrettung-usb-stick\/\" aria-label=\"Mehr Informationen \u00fcber Funktioniert File Recovery bei einem USB Stick?\">Details \u279c<\/a><\/p>\n","protected":false},"author":3,"featured_media":0,"parent":0,"menu_order":0,"comment_status":"closed","ping_status":"closed","template":"","meta":{"om_disable_all_campaigns":false,"_uag_custom_page_level_css":"","_monsterinsights_skip_tracking":false,"_monsterinsights_sitenote_active":false,"_monsterinsights_sitenote_note":"","_monsterinsights_sitenote_category":0,"footnotes":""},"class_list":{"0":"post-58435","1":"page","2":"type-page","3":"status-publish","5":"infinite-scroll-item","6":"no-featured-image-padding"},"aioseo_notices":[],"spectra_custom_meta":{"cleverpush_send_notification":["",""],"_wpml_media_featured":["1","1"],"_wpml_media_duplicate":["1","1"],"aal_manualgenerated":["a:0:{}"],"_edit_last":["2"],"slide_template":["default"],"_schema_article":["a:12:{s:6:\"active\";N;s:8:\"headline\";N;s:16:\"mainEntityOfPage\";N;s:6:\"author\";N;s:5:\"image\";N;s:13:\"datePublished\";N;s:12:\"dateModified\";N;s:9:\"publisher\";N;s:14:\"publisherImage\";N;s:11:\"description\";N;s:11:\"articleBody\";N;s:19:\"alternativeHeadline\";N;}"],"_schema_blog_posting":["a:11:{s:6:\"active\";N;s:8:\"headline\";N;s:16:\"mainEntityOfPage\";N;s:6:\"author\";N;s:5:\"image\";N;s:13:\"datePublished\";N;s:12:\"dateModified\";N;s:9:\"publisher\";N;s:14:\"publisherImage\";N;s:11:\"description\";N;s:11:\"articleBody\";N;}"],"_schema_news_article":["a:11:{s:6:\"active\";N;s:8:\"headline\";N;s:16:\"mainEntityOfPage\";N;s:6:\"author\";N;s:5:\"image\";N;s:13:\"datePublished\";N;s:12:\"dateModified\";N;s:9:\"publisher\";N;s:14:\"publisherImage\";N;s:11:\"description\";N;s:11:\"articleBody\";N;}"],"_schema_event":["a:14:{s:6:\"active\";N;s:4:\"name\";N;s:12:\"locationName\";N;s:15:\"locationAddress\";N;s:9:\"startDate\";N;s:7:\"endDate\";N;s:11:\"description\";N;s:13:\"performerName\";N;s:5:\"image\";N;s:5:\"price\";N;s:13:\"priceCurrency\";N;s:12:\"availability\";N;s:9:\"validFrom\";N;s:3:\"url\";N;}"],"_schema_product":["a:20:{s:6:\"active\";N;s:4:\"name\";N;s:5:\"image\";N;s:11:\"description\";N;s:3:\"sku\";N;s:5:\"brand\";N;s:15:\"identifier_type\";s:3:\"mpn\";s:10:\"identifier\";N;s:17:\"reviewRatingValue\";N;s:16:\"reviewBestRating\";N;s:17:\"reviewWorstRating\";N;s:12:\"reviewAuthor\";N;s:11:\"ratingValue\";N;s:11:\"reviewCount\";N;s:5:\"price\";N;s:15:\"priceValidUntil\";N;s:13:\"priceCurrency\";N;s:12:\"availability\";N;s:13:\"itemCondition\";N;s:3:\"url\";N;}"],"_schema_video":["a:10:{s:6:\"active\";N;s:4:\"name\";N;s:11:\"description\";N;s:12:\"thumbnailUrl\";N;s:10:\"uploadDate\";N;s:8:\"duration\";N;s:10:\"contentUrl\";N;s:8:\"embedUrl\";N;s:16:\"interactionCount\";N;s:7:\"expires\";N;}"],"_schema_service":["a:13:{s:6:\"active\";N;s:4:\"name\";N;s:11:\"serviceType\";N;s:14:\"additionalType\";N;s:5:\"award\";N;s:8:\"category\";N;s:16:\"providerMobility\";N;s:11:\"description\";N;s:5:\"image\";N;s:16:\"mainEntityOfPage\";N;s:6:\"sameAs\";N;s:3:\"url\";N;s:13:\"alternateName\";N;}"],"_schema_review":["a:10:{s:6:\"active\";N;s:8:\"itemName\";N;s:10:\"reviewBody\";N;s:4:\"name\";N;s:6:\"author\";N;s:13:\"datePublished\";N;s:11:\"ratingValue\";N;s:10:\"bestRating\";N;s:11:\"worstRating\";N;s:9:\"publisher\";N;}"],"_schema_aggregate_rating":["a:13:{s:6:\"active\";N;s:11:\"schema_type\";N;s:4:\"name\";N;s:5:\"image\";N;s:10:\"priceRange\";N;s:9:\"telephone\";N;s:7:\"address\";N;s:11:\"description\";N;s:11:\"ratingCount\";N;s:11:\"reviewCount\";N;s:11:\"ratingValue\";N;s:10:\"bestRating\";N;s:11:\"worstRating\";N;}"],"_schema_restaurant":["a:10:{s:6:\"active\";N;s:4:\"name\";N;s:11:\"description\";N;s:12:\"openingHours\";N;s:9:\"telephone\";N;s:4:\"menu\";N;s:5:\"image\";N;s:7:\"address\";N;s:10:\"priceRange\";N;s:13:\"servesCuisine\";N;}"],"_schema_localBusiness":["a:10:{s:6:\"active\";N;s:4:\"name\";N;s:11:\"description\";N;s:5:\"image\";N;s:10:\"priceRange\";N;s:15:\"addressLocality\";N;s:13:\"addressRegion\";N;s:10:\"postalCode\";N;s:13:\"streetAddress\";N;s:9:\"telephone\";N;}"],"_schema_book":["a:0:{}"],"_schema_course":["a:0:{}"],"_schema_JobPosting":["a:0:{}"],"_schema_movie":["a:0:{}"],"_schema_music":["a:0:{}"],"_schema_recipe":["a:0:{}"],"_schema_TVEpisode":["a:0:{}"],"_schema_question":["a:0:{}"],"_schema_itemList":["a:0:{}"],"_kcseo_ative_tab":[""],"_yoast_wpseo_content_score":["30"],"wpmdr_menu":["1"],"_uag_migration_processed":["1"],"_wpml_word_count":["454"],"_uag_page_assets":["a:9:{s:3:\"css\";s:0:\"\";s:2:\"js\";s:0:\"\";s:18:\"current_block_list\";a:3:{i:0;s:10:\"core\/image\";i:1;s:14:\"core\/paragraph\";i:2;s:14:\"core\/separator\";}s:8:\"uag_flag\";b:0;s:11:\"uag_version\";s:10:\"1776353507\";s:6:\"gfonts\";a:0:{}s:10:\"gfonts_url\";s:0:\"\";s:12:\"gfonts_files\";a:0:{}s:14:\"uag_faq_layout\";b:0;}"]},"uagb_featured_image_src":{"full":false,"thumbnail":false,"medium":false,"medium_large":false,"large":false,"1536x1536":false,"2048x2048":false},"uagb_author_info":{"display_name":"Ulrich Engelmann","author_link":"https:\/\/engelmann.com\/de\/author\/uengelmann\/"},"uagb_comment_info":0,"uagb_excerpt":"USB Sticks werden im Alltag h\u00e4ufig genutzt, um kleinere Datenmengen weiterzugeben oder Fragmente, wie Bilder, Videos bzw. Texte, extern zu sichern. Werden Dateien nun versehentlich ... Details \u279c","_links":{"self":[{"href":"https:\/\/engelmann.com\/de\/wp-json\/wp\/v2\/pages\/58435","targetHints":{"allow":["GET"]}}],"collection":[{"href":"https:\/\/engelmann.com\/de\/wp-json\/wp\/v2\/pages"}],"about":[{"href":"https:\/\/engelmann.com\/de\/wp-json\/wp\/v2\/types\/page"}],"author":[{"embeddable":true,"href":"https:\/\/engelmann.com\/de\/wp-json\/wp\/v2\/users\/3"}],"replies":[{"embeddable":true,"href":"https:\/\/engelmann.com\/de\/wp-json\/wp\/v2\/comments?post=58435"}],"version-history":[{"count":0,"href":"https:\/\/engelmann.com\/de\/wp-json\/wp\/v2\/pages\/58435\/revisions"}],"wp:attachment":[{"href":"https:\/\/engelmann.com\/de\/wp-json\/wp\/v2\/media?parent=58435"}],"curies":[{"name":"wp","href":"https:\/\/api.w.org\/{rel}","templated":true}]}}