{"id":58439,"date":"2019-08-14T10:29:52","date_gmt":"2019-08-14T09:29:52","guid":{"rendered":"https:\/\/engelmann.com\/?page_id=58439"},"modified":"2019-08-14T10:29:52","modified_gmt":"2019-08-14T09:29:52","slug":"datenrettung-sd-karte","status":"publish","type":"page","link":"https:\/\/engelmann.com\/de\/datenrettung-sd-karte\/","title":{"rendered":"Funktioniert File Recovery bei einer SD Karte?"},"content":{"rendered":"\n<div class=\"wp-block-image\"><figure class=\"alignright\"><img decoding=\"async\" src=\"https:\/\/engelmann.com\/wp-content\/uploads\/2018\/04\/datenrettungs-kompendium.png\" alt=\"Datenrettungs-Kompendium\" class=\"wp-image-52994\"\/><\/figure><\/div>\n\n\n\n<p>Eine File Recovery bei einer SD Karte durchzuf\u00fchren kann eine der schwierigsten Aktionen f\u00fcr einen Experten werden. Fast niemand kommt auf die Idee so etwas zu tun, vor allem kommt ein Datenverlust auch sehr selten bei diesen Medien vor. In den meisten F\u00e4llen geht die SD Karte entweder kaputt oder man verliert sie. Wenn Sie also einen Datenverlust erlitten haben sollten Sie sofort zu einer Person ins Gesch\u00e4ft gehen und die Karte untersuchen lassen. Im Endeffekt basiert jedes dieser Medien auf dem gleichen Prinzip und ist daher nur auf Grund von der Gr\u00f6\u00dfe unterschiedlich schwierig. Wenn Sie eine Micro SD Karte haben, wird eine File Recovery fast schon unm\u00f6glich, da die Magnetfl\u00e4chen zu klein sind und man extrem Aufwand br\u00e4uchte um die Daten zur\u00fcck zu holen. In solchen F\u00e4llen wird es sich mehr lohnen, wenn Sie einfach eine neue Karte kaufen. Nat\u00fcrlich sind die Daten dann weg, aber eine Reparatur einer Micro SD kann sehr schnell mehrere hundert Euro kosten und ist daher \u00fcberhaupt nicht die M\u00fche wert. Sie m\u00fcssen den Wert immer proportional zum Wert des Mediums sehen. Eine Festplatte kann schon gerne auch teuer sein, aber eine Micro SD kostet nur ein paar Euro.<\/p>\n\n\n\n<p>Seien Sie lieber pr\u00e4ventiv und erstellen eine Kopie von s\u00e4mtlichen Daten auf Ihrer Karte. Ein Datenverlust wird bestimmt durch Viren oder Trojaner zustande gekommen sein. Ihr PC oder Ihr Handy ist dementsprechend damit infiziert und muss ebenfalls \u00fcberpr\u00fcft werden. Der Hauptspeicher muss gereinigt werden von s\u00e4mtlichen Sch\u00e4dlingen, da sonst immer wieder Daten verloren gehen. Eine einmalige File Recovery w\u00fcrde sich unter diesen Umst\u00e4nden gar nicht lohnen. Lassen Sie sich lieber erst einmal ausf\u00fchrlich beraten.<\/p>\n\n\n\n<p>In den seltenen F\u00e4llen, dass die Daten auf Ihrer Karte wirklich wertvoll sind, z.B. von Ihrer Firma oder von der Familie, m\u00fcssen Sie f\u00fcr sich den Wert selbst neu definieren. Es kann f\u00fcr Sie ein Investment sein, das sich lohnt. Falls Sie aber nur Musik auf der Karte haben, lassen Sie das ganze lieber sein.<\/p>\n\n\n\n<p>Eine File Recovery ist bei einer SD Karte also m\u00f6glich, aber in den meisten F\u00e4llen lohnt es sich nicht. Ebenfalls ist die Erfolgschance nicht allzu hoch.<\/p>\n\n\n\n<hr class=\"wp-block-separator\"\/>\n\n\n\n<p><strong>Bitte beachten Sie:<\/strong>\u00a0Wir empfehlen zur Datenrettung unsere Software SecuPerts\u00a0<a href=\"https:\/\/first-aid-kit.net\/\">First Aid Kit<\/a>.<\/p>\n\n\n\n<p>&lt;-&nbsp;<a href=\"https:\/\/engelmann.com\/de\/kompendium-datenrettung\/\">Zur\u00fcck zum Inhaltsverzeichnis<\/a><\/p>\n","protected":false},"excerpt":{"rendered":"<p>Eine File Recovery bei einer SD Karte durchzuf\u00fchren kann eine der schwierigsten Aktionen f\u00fcr einen Experten werden. Fast niemand kommt auf die Idee so etwas &#8230; <a title=\"Funktioniert File Recovery bei einer SD Karte?\" class=\"read-more\" href=\"https:\/\/engelmann.com\/de\/datenrettung-sd-karte\/\" aria-label=\"Mehr Informationen \u00fcber Funktioniert File Recovery bei einer SD Karte?\">Details \u279c<\/a><\/p>\n","protected":false},"author":3,"featured_media":0,"parent":0,"menu_order":0,"comment_status":"closed","ping_status":"closed","template":"","meta":{"om_disable_all_campaigns":false,"_uag_custom_page_level_css":"","_monsterinsights_skip_tracking":false,"_monsterinsights_sitenote_active":false,"_monsterinsights_sitenote_note":"","_monsterinsights_sitenote_category":0,"footnotes":""},"class_list":{"0":"post-58439","1":"page","2":"type-page","3":"status-publish","5":"infinite-scroll-item","6":"no-featured-image-padding"},"aioseo_notices":[],"spectra_custom_meta":{"cleverpush_send_notification":["",""],"_wpml_media_featured":["1","1"],"_wpml_media_duplicate":["1","1"],"aal_manualgenerated":["a:0:{}"],"_edit_last":["2"],"slide_template":["default"],"_schema_article":["a:12:{s:6:\"active\";N;s:8:\"headline\";N;s:16:\"mainEntityOfPage\";N;s:6:\"author\";N;s:5:\"image\";N;s:13:\"datePublished\";N;s:12:\"dateModified\";N;s:9:\"publisher\";N;s:14:\"publisherImage\";N;s:11:\"description\";N;s:11:\"articleBody\";N;s:19:\"alternativeHeadline\";N;}"],"_schema_blog_posting":["a:11:{s:6:\"active\";N;s:8:\"headline\";N;s:16:\"mainEntityOfPage\";N;s:6:\"author\";N;s:5:\"image\";N;s:13:\"datePublished\";N;s:12:\"dateModified\";N;s:9:\"publisher\";N;s:14:\"publisherImage\";N;s:11:\"description\";N;s:11:\"articleBody\";N;}"],"_schema_news_article":["a:11:{s:6:\"active\";N;s:8:\"headline\";N;s:16:\"mainEntityOfPage\";N;s:6:\"author\";N;s:5:\"image\";N;s:13:\"datePublished\";N;s:12:\"dateModified\";N;s:9:\"publisher\";N;s:14:\"publisherImage\";N;s:11:\"description\";N;s:11:\"articleBody\";N;}"],"_schema_event":["a:14:{s:6:\"active\";N;s:4:\"name\";N;s:12:\"locationName\";N;s:15:\"locationAddress\";N;s:9:\"startDate\";N;s:7:\"endDate\";N;s:11:\"description\";N;s:13:\"performerName\";N;s:5:\"image\";N;s:5:\"price\";N;s:13:\"priceCurrency\";N;s:12:\"availability\";N;s:9:\"validFrom\";N;s:3:\"url\";N;}"],"_schema_product":["a:20:{s:6:\"active\";N;s:4:\"name\";N;s:5:\"image\";N;s:11:\"description\";N;s:3:\"sku\";N;s:5:\"brand\";N;s:15:\"identifier_type\";s:3:\"mpn\";s:10:\"identifier\";N;s:17:\"reviewRatingValue\";N;s:16:\"reviewBestRating\";N;s:17:\"reviewWorstRating\";N;s:12:\"reviewAuthor\";N;s:11:\"ratingValue\";N;s:11:\"reviewCount\";N;s:5:\"price\";N;s:15:\"priceValidUntil\";N;s:13:\"priceCurrency\";N;s:12:\"availability\";N;s:13:\"itemCondition\";N;s:3:\"url\";N;}"],"_schema_video":["a:10:{s:6:\"active\";N;s:4:\"name\";N;s:11:\"description\";N;s:12:\"thumbnailUrl\";N;s:10:\"uploadDate\";N;s:8:\"duration\";N;s:10:\"contentUrl\";N;s:8:\"embedUrl\";N;s:16:\"interactionCount\";N;s:7:\"expires\";N;}"],"_schema_service":["a:13:{s:6:\"active\";N;s:4:\"name\";N;s:11:\"serviceType\";N;s:14:\"additionalType\";N;s:5:\"award\";N;s:8:\"category\";N;s:16:\"providerMobility\";N;s:11:\"description\";N;s:5:\"image\";N;s:16:\"mainEntityOfPage\";N;s:6:\"sameAs\";N;s:3:\"url\";N;s:13:\"alternateName\";N;}"],"_schema_review":["a:10:{s:6:\"active\";N;s:8:\"itemName\";N;s:10:\"reviewBody\";N;s:4:\"name\";N;s:6:\"author\";N;s:13:\"datePublished\";N;s:11:\"ratingValue\";N;s:10:\"bestRating\";N;s:11:\"worstRating\";N;s:9:\"publisher\";N;}"],"_schema_aggregate_rating":["a:13:{s:6:\"active\";N;s:11:\"schema_type\";N;s:4:\"name\";N;s:5:\"image\";N;s:10:\"priceRange\";N;s:9:\"telephone\";N;s:7:\"address\";N;s:11:\"description\";N;s:11:\"ratingCount\";N;s:11:\"reviewCount\";N;s:11:\"ratingValue\";N;s:10:\"bestRating\";N;s:11:\"worstRating\";N;}"],"_schema_restaurant":["a:10:{s:6:\"active\";N;s:4:\"name\";N;s:11:\"description\";N;s:12:\"openingHours\";N;s:9:\"telephone\";N;s:4:\"menu\";N;s:5:\"image\";N;s:7:\"address\";N;s:10:\"priceRange\";N;s:13:\"servesCuisine\";N;}"],"_schema_localBusiness":["a:10:{s:6:\"active\";N;s:4:\"name\";N;s:11:\"description\";N;s:5:\"image\";N;s:10:\"priceRange\";N;s:15:\"addressLocality\";N;s:13:\"addressRegion\";N;s:10:\"postalCode\";N;s:13:\"streetAddress\";N;s:9:\"telephone\";N;}"],"_schema_book":["a:0:{}"],"_schema_course":["a:0:{}"],"_schema_JobPosting":["a:0:{}"],"_schema_movie":["a:0:{}"],"_schema_music":["a:0:{}"],"_schema_recipe":["a:0:{}"],"_schema_TVEpisode":["a:0:{}"],"_schema_question":["a:0:{}"],"_schema_itemList":["a:0:{}"],"_kcseo_ative_tab":[""],"_yoast_wpseo_content_score":["30"],"wpmdr_menu":["1"],"_uag_migration_processed":["1"],"_wpml_word_count":["391"],"_uag_page_assets":["a:9:{s:3:\"css\";s:0:\"\";s:2:\"js\";s:0:\"\";s:18:\"current_block_list\";a:3:{i:0;s:10:\"core\/image\";i:1;s:14:\"core\/paragraph\";i:2;s:14:\"core\/separator\";}s:8:\"uag_flag\";b:0;s:11:\"uag_version\";s:10:\"1776333983\";s:6:\"gfonts\";a:0:{}s:10:\"gfonts_url\";s:0:\"\";s:12:\"gfonts_files\";a:0:{}s:14:\"uag_faq_layout\";b:0;}"]},"uagb_featured_image_src":{"full":false,"thumbnail":false,"medium":false,"medium_large":false,"large":false,"1536x1536":false,"2048x2048":false},"uagb_author_info":{"display_name":"Ulrich Engelmann","author_link":"https:\/\/engelmann.com\/de\/author\/uengelmann\/"},"uagb_comment_info":0,"uagb_excerpt":"Eine File Recovery bei einer SD Karte durchzuf\u00fchren kann eine der schwierigsten Aktionen f\u00fcr einen Experten werden. Fast niemand kommt auf die Idee so etwas ... Details \u279c","_links":{"self":[{"href":"https:\/\/engelmann.com\/de\/wp-json\/wp\/v2\/pages\/58439","targetHints":{"allow":["GET"]}}],"collection":[{"href":"https:\/\/engelmann.com\/de\/wp-json\/wp\/v2\/pages"}],"about":[{"href":"https:\/\/engelmann.com\/de\/wp-json\/wp\/v2\/types\/page"}],"author":[{"embeddable":true,"href":"https:\/\/engelmann.com\/de\/wp-json\/wp\/v2\/users\/3"}],"replies":[{"embeddable":true,"href":"https:\/\/engelmann.com\/de\/wp-json\/wp\/v2\/comments?post=58439"}],"version-history":[{"count":0,"href":"https:\/\/engelmann.com\/de\/wp-json\/wp\/v2\/pages\/58439\/revisions"}],"wp:attachment":[{"href":"https:\/\/engelmann.com\/de\/wp-json\/wp\/v2\/media?parent=58439"}],"curies":[{"name":"wp","href":"https:\/\/api.w.org\/{rel}","templated":true}]}}