{"id":58447,"date":"2019-08-14T10:32:29","date_gmt":"2019-08-14T09:32:29","guid":{"rendered":"https:\/\/engelmann.com\/?page_id=58447"},"modified":"2019-08-14T10:32:29","modified_gmt":"2019-08-14T09:32:29","slug":"datenrettung-funktioniert-file-recovery-immer","status":"publish","type":"page","link":"https:\/\/engelmann.com\/de\/datenrettung-funktioniert-file-recovery-immer\/","title":{"rendered":"Funktioniert File Recovery immer?"},"content":{"rendered":"\n<div class=\"wp-block-image\"><figure class=\"alignright\"><img decoding=\"async\" src=\"https:\/\/engelmann.com\/wp-content\/uploads\/2018\/04\/datenrettungs-kompendium.png\" alt=\"Datenrettungs-Kompendium\" class=\"wp-image-52994\"\/><\/figure><\/div>\n\n\n\n<p>Eine File Recovery kann in jedem Fall eines Datenverlustes durchgef\u00fchrt werden, ob diese jedoch erfolgreich ist steht in den Sternen. Viel zu viele Faktoren spielen bei solch einem Vorgang eine wichtige Rolle.<\/p>\n\n\n\n<p>So m\u00fcssen Sie zu aller erst wissen, dass es stark vom Ger\u00e4t abh\u00e4ngt, dass einen Datenverlust erlitten hat. Es ist n\u00e4mlich wesentlich schwieriger, mit einem Speichermedium von Ihrem Handy zu arbeiten, als Ihre Festplatte wieder her zu stellen. So m\u00fcssen Sie sich im Klaren sein, dass durch den h\u00f6heren Schwierigkeitsgrad auch der Preis f\u00fcr eine File Recovery steigen kann.<\/p>\n\n\n\n<p>Au\u00dferdem h\u00e4ngt es davon ab, wodurch der Datenverlust zustande gekommen ist. Es kann n\u00e4mlich an der Software liegen oder an der Hardware. Die Software k\u00f6nnte von Viren oder Trojanern befallen sein. Diese greifen dann die Daten an und sorgen daf\u00fcr, dass diese nicht mehr aufgefunden werden k\u00f6nnen. Ihre Daten sind nicht wirklich verloren, lediglich der Pfad zu diesen ist nicht mehr einsehbar geschweige denn verfolgbar. Bei der Hardware kommt es nat\u00fcrlich auf physische Sch\u00e4den oder Wackelkontakte an, die sich durch das Alter oder auch durch \u00e4u\u00dfere Einwirkungen entwickeln konnten. Ihr Handy k\u00f6nnte auf den Boden gefallen sein oder Sie haben gegen Ihren Rechner getreten, weil dieser zu langsam l\u00e4dt.<\/p>\n\n\n\n<p>In jedem Fall gehen Sie als aller erstes zu einem Experten und lassen diesen sich Ihr Ger\u00e4t genau anschauen. In den meisten F\u00e4llen ist eine Reparatur n\u00f6tig. Dabei wird entweder die Software von Viren gereinigt, oder die Hardware an den gesch\u00e4digten Stellen wieder intakt gemacht.<\/p>\n\n\n\n<p>Dabei k\u00f6nnen die Kosten wirklich extrem variieren. Es ist teilweise ein Ding der Unm\u00f6glichkeit, ein Speichermedium zu retten, aber manchmal ist es auch das Einfachste der Welt.<\/p>\n\n\n\n<p>Sie k\u00f6nnen aber bereits pr\u00e4ventiv etwas tun, um Ihre Daten mehr zu sch\u00fctzen. Es gibt spezielle Programme f\u00fcr eine File Recovery. Diese sorgen f\u00fcr einen st\u00e4ndigen Durchlauf Ihrer Daten, damit s\u00e4mtliche Sch\u00e4dlinge immer sofort vernichtet werden. Ebenfalls kann das Programm Ihnen eine exakte Kopie Ihrer Daten erstellen, indem sie sie auf eine ISO l\u00e4dt. Dabei werden ebenfalls die Dateipfade und damit die gesamte Struktur kopiert. Die Kopie laden Sie einfach auf einen externen Speicher und bei einem Datenverlust haben Sie Ihre Daten immer parat.<\/p>\n\n\n\n<hr class=\"wp-block-separator\"\/>\n\n\n\n<p><strong>Bitte beachten Sie:<\/strong>\u00a0Wir empfehlen zur Datenrettung unsere Software SecuPerts\u00a0<a href=\"https:\/\/first-aid-kit.net\/\">First Aid Kit<\/a>.<\/p>\n\n\n\n<p>&lt;-&nbsp;<a href=\"https:\/\/engelmann.com\/de\/kompendium-datenrettung\/\">Zur\u00fcck zum Inhaltsverzeichnis<\/a><\/p>\n","protected":false},"excerpt":{"rendered":"<p>Eine File Recovery kann in jedem Fall eines Datenverlustes durchgef\u00fchrt werden, ob diese jedoch erfolgreich ist steht in den Sternen. Viel zu viele Faktoren spielen &#8230; <a title=\"Funktioniert File Recovery immer?\" class=\"read-more\" href=\"https:\/\/engelmann.com\/de\/datenrettung-funktioniert-file-recovery-immer\/\" aria-label=\"Mehr Informationen \u00fcber Funktioniert File Recovery immer?\">Details \u279c<\/a><\/p>\n","protected":false},"author":3,"featured_media":0,"parent":0,"menu_order":0,"comment_status":"closed","ping_status":"closed","template":"","meta":{"om_disable_all_campaigns":false,"_uag_custom_page_level_css":"","_monsterinsights_skip_tracking":false,"_monsterinsights_sitenote_active":false,"_monsterinsights_sitenote_note":"","_monsterinsights_sitenote_category":0,"footnotes":""},"class_list":{"0":"post-58447","1":"page","2":"type-page","3":"status-publish","5":"infinite-scroll-item","6":"no-featured-image-padding"},"aioseo_notices":[],"spectra_custom_meta":{"cleverpush_send_notification":["",""],"_wpml_media_featured":["1","1"],"_wpml_media_duplicate":["1","1"],"aal_manualgenerated":["a:0:{}"],"_edit_last":["2"],"slide_template":["default"],"_schema_article":["a:12:{s:6:\"active\";N;s:8:\"headline\";N;s:16:\"mainEntityOfPage\";N;s:6:\"author\";N;s:5:\"image\";N;s:13:\"datePublished\";N;s:12:\"dateModified\";N;s:9:\"publisher\";N;s:14:\"publisherImage\";N;s:11:\"description\";N;s:11:\"articleBody\";N;s:19:\"alternativeHeadline\";N;}"],"_schema_blog_posting":["a:11:{s:6:\"active\";N;s:8:\"headline\";N;s:16:\"mainEntityOfPage\";N;s:6:\"author\";N;s:5:\"image\";N;s:13:\"datePublished\";N;s:12:\"dateModified\";N;s:9:\"publisher\";N;s:14:\"publisherImage\";N;s:11:\"description\";N;s:11:\"articleBody\";N;}"],"_schema_news_article":["a:11:{s:6:\"active\";N;s:8:\"headline\";N;s:16:\"mainEntityOfPage\";N;s:6:\"author\";N;s:5:\"image\";N;s:13:\"datePublished\";N;s:12:\"dateModified\";N;s:9:\"publisher\";N;s:14:\"publisherImage\";N;s:11:\"description\";N;s:11:\"articleBody\";N;}"],"_schema_event":["a:14:{s:6:\"active\";N;s:4:\"name\";N;s:12:\"locationName\";N;s:15:\"locationAddress\";N;s:9:\"startDate\";N;s:7:\"endDate\";N;s:11:\"description\";N;s:13:\"performerName\";N;s:5:\"image\";N;s:5:\"price\";N;s:13:\"priceCurrency\";N;s:12:\"availability\";N;s:9:\"validFrom\";N;s:3:\"url\";N;}"],"_schema_product":["a:20:{s:6:\"active\";N;s:4:\"name\";N;s:5:\"image\";N;s:11:\"description\";N;s:3:\"sku\";N;s:5:\"brand\";N;s:15:\"identifier_type\";s:3:\"mpn\";s:10:\"identifier\";N;s:17:\"reviewRatingValue\";N;s:16:\"reviewBestRating\";N;s:17:\"reviewWorstRating\";N;s:12:\"reviewAuthor\";N;s:11:\"ratingValue\";N;s:11:\"reviewCount\";N;s:5:\"price\";N;s:15:\"priceValidUntil\";N;s:13:\"priceCurrency\";N;s:12:\"availability\";N;s:13:\"itemCondition\";N;s:3:\"url\";N;}"],"_schema_video":["a:10:{s:6:\"active\";N;s:4:\"name\";N;s:11:\"description\";N;s:12:\"thumbnailUrl\";N;s:10:\"uploadDate\";N;s:8:\"duration\";N;s:10:\"contentUrl\";N;s:8:\"embedUrl\";N;s:16:\"interactionCount\";N;s:7:\"expires\";N;}"],"_schema_service":["a:13:{s:6:\"active\";N;s:4:\"name\";N;s:11:\"serviceType\";N;s:14:\"additionalType\";N;s:5:\"award\";N;s:8:\"category\";N;s:16:\"providerMobility\";N;s:11:\"description\";N;s:5:\"image\";N;s:16:\"mainEntityOfPage\";N;s:6:\"sameAs\";N;s:3:\"url\";N;s:13:\"alternateName\";N;}"],"_schema_review":["a:10:{s:6:\"active\";N;s:8:\"itemName\";N;s:10:\"reviewBody\";N;s:4:\"name\";N;s:6:\"author\";N;s:13:\"datePublished\";N;s:11:\"ratingValue\";N;s:10:\"bestRating\";N;s:11:\"worstRating\";N;s:9:\"publisher\";N;}"],"_schema_aggregate_rating":["a:13:{s:6:\"active\";N;s:11:\"schema_type\";N;s:4:\"name\";N;s:5:\"image\";N;s:10:\"priceRange\";N;s:9:\"telephone\";N;s:7:\"address\";N;s:11:\"description\";N;s:11:\"ratingCount\";N;s:11:\"reviewCount\";N;s:11:\"ratingValue\";N;s:10:\"bestRating\";N;s:11:\"worstRating\";N;}"],"_schema_restaurant":["a:10:{s:6:\"active\";N;s:4:\"name\";N;s:11:\"description\";N;s:12:\"openingHours\";N;s:9:\"telephone\";N;s:4:\"menu\";N;s:5:\"image\";N;s:7:\"address\";N;s:10:\"priceRange\";N;s:13:\"servesCuisine\";N;}"],"_schema_localBusiness":["a:10:{s:6:\"active\";N;s:4:\"name\";N;s:11:\"description\";N;s:5:\"image\";N;s:10:\"priceRange\";N;s:15:\"addressLocality\";N;s:13:\"addressRegion\";N;s:10:\"postalCode\";N;s:13:\"streetAddress\";N;s:9:\"telephone\";N;}"],"_schema_book":["a:0:{}"],"_schema_course":["a:0:{}"],"_schema_JobPosting":["a:0:{}"],"_schema_movie":["a:0:{}"],"_schema_music":["a:0:{}"],"_schema_recipe":["a:0:{}"],"_schema_TVEpisode":["a:0:{}"],"_schema_question":["a:0:{}"],"_schema_itemList":["a:0:{}"],"_kcseo_ative_tab":[""],"_yoast_wpseo_content_score":["60"],"wpmdr_menu":["1"],"_uag_migration_processed":["1"],"_wpml_word_count":["416"],"_uag_page_assets":["a:9:{s:3:\"css\";s:0:\"\";s:2:\"js\";s:0:\"\";s:18:\"current_block_list\";a:3:{i:0;s:10:\"core\/image\";i:1;s:14:\"core\/paragraph\";i:2;s:14:\"core\/separator\";}s:8:\"uag_flag\";b:0;s:11:\"uag_version\";s:10:\"1776333983\";s:6:\"gfonts\";a:0:{}s:10:\"gfonts_url\";s:0:\"\";s:12:\"gfonts_files\";a:0:{}s:14:\"uag_faq_layout\";b:0;}"]},"uagb_featured_image_src":{"full":false,"thumbnail":false,"medium":false,"medium_large":false,"large":false,"1536x1536":false,"2048x2048":false},"uagb_author_info":{"display_name":"Ulrich Engelmann","author_link":"https:\/\/engelmann.com\/de\/author\/uengelmann\/"},"uagb_comment_info":0,"uagb_excerpt":"Eine File Recovery kann in jedem Fall eines Datenverlustes durchgef\u00fchrt werden, ob diese jedoch erfolgreich ist steht in den Sternen. Viel zu viele Faktoren spielen ... Details \u279c","_links":{"self":[{"href":"https:\/\/engelmann.com\/de\/wp-json\/wp\/v2\/pages\/58447","targetHints":{"allow":["GET"]}}],"collection":[{"href":"https:\/\/engelmann.com\/de\/wp-json\/wp\/v2\/pages"}],"about":[{"href":"https:\/\/engelmann.com\/de\/wp-json\/wp\/v2\/types\/page"}],"author":[{"embeddable":true,"href":"https:\/\/engelmann.com\/de\/wp-json\/wp\/v2\/users\/3"}],"replies":[{"embeddable":true,"href":"https:\/\/engelmann.com\/de\/wp-json\/wp\/v2\/comments?post=58447"}],"version-history":[{"count":0,"href":"https:\/\/engelmann.com\/de\/wp-json\/wp\/v2\/pages\/58447\/revisions"}],"wp:attachment":[{"href":"https:\/\/engelmann.com\/de\/wp-json\/wp\/v2\/media?parent=58447"}],"curies":[{"name":"wp","href":"https:\/\/api.w.org\/{rel}","templated":true}]}}