{"id":58451,"date":"2019-08-14T10:34:06","date_gmt":"2019-08-14T09:34:06","guid":{"rendered":"https:\/\/engelmann.com\/?page_id=58451"},"modified":"2019-08-14T10:34:06","modified_gmt":"2019-08-14T09:34:06","slug":"datenrettung-funktioniert-sd-card-recovery-smartphone","status":"publish","type":"page","link":"https:\/\/engelmann.com\/de\/datenrettung-funktioniert-sd-card-recovery-smartphone\/","title":{"rendered":"Funktioniert SD-Card Recovery bei einem Smartphone?"},"content":{"rendered":"\n<div class=\"wp-block-image\"><figure class=\"alignright\"><img decoding=\"async\" src=\"https:\/\/engelmann.com\/wp-content\/uploads\/2018\/04\/datenrettungs-kompendium.png\" alt=\"Datenrettungs-Kompendium\" class=\"wp-image-52994\"\/><\/figure><\/div>\n\n\n\n<p>Die meisten Handys, wenn sie nicht geraden den Namen IPhone tragen, haben die M\u00f6glichkeit, eine SD-Card als Speichererweiterung zu nutzen. Doch die Vergangenheit hat gezeigt, dass oftmals nach einer Zeit die SD-Card aus den unterschiedlichsten Gr\u00fcnden heraus den Geist aufgibt. Wenn man sich nun die Frage stellt, ob hier eine SD-Card Recovery m\u00f6glich ist, l\u00e4sst sich die Frage nicht wirklich pauschal beantworten, denn es spielen viele verschiedene Faktoren eine Rolle, die zum Schaden und somit eventuellem Verlust der Daten gef\u00fchrt haben. Zuerst gilt es, die Ursache herauszufinden. Aus diesem Grund ist es zu empfehlen die SD-Card mit Ihrem Computer zu verbinden. Dazu suchen Sie sich den passenden Adapter, um aus der Micro-SD eine normale SD zu machen, die dann so auch von dem PC erkannt wird. Wenn der Nutzer nun ganz viel Gl\u00fcck hat, was aber leider in den wenigsten F\u00e4llen der Fall ist, kann die Karte alle Inhalte auflisten, und das Problem liegt am Handy. Doch, wie sehr oft, wird nur ein nicht identifizierbarer Speicher angezeigt, auf welchen nicht zugegriffen werden kann. Wenn Sie auf diesen klicken, wird die Meldung kommen, Sie m\u00fcssen Ihn vor der Nutzung formatieren, was auf keinen Fall gemacht werden darf. F\u00fcr diesen Fall gibt es spezielle Not Programme, die die Daten eventuell doch noch retten k\u00f6nnen. Ein gutes Beispiel hierf\u00fcr w\u00e4re das \u201eSecuPerts&nbsp;<a href=\"https:\/\/first-aid-kit.net\/\">First Aid Kit<\/a>\u201e. Mit diesem ist es m\u00f6glich, eine umfangreiche Diagnose durchzuf\u00fchren, um dann schlussendlich die Daten retten zu k\u00f6nnen.<\/p>\n\n\n\n<p>Dieser gerade genannte Schritt der SD-Card Recovery funktioniert aber wirklich nur dann, wenn die SD Karte keinen physischen Schaden davongetragen hat, denn dann sieht die Welt schon wieder ganz anders aus. Wenn dies so sein sollte, muss, um festzustellen, ob die Rettung Sinn macht, der Grund f\u00fcr den Schaden ausfindig gemacht werden. In den meisten F\u00e4llen sind das vor allem Umwelteinfl\u00fcsse, und zwar entweder die Hitze oder die N\u00e4sse. Bei der N\u00e4sse sollte der Anwender versuchen, die Card auf der Heizung zu trocknen, in den meisten F\u00e4llen sollte sie danach schon wieder funktionieren. Bei zu gro\u00dfer Hitze hingegen hilft zumeist nur noch die Hilfe eines Fachmannes, wenn \u00e4u\u00dferst wichtige Daten verloren gegangen sind.<\/p>\n\n\n\n<p>Insgesamt ist so eine SD-Card Recovery keine einfache Sache, doch funktioniert mit ein bisschen Zeitaufwand schon sehr oft, auch dank des \u201eSecuPerts&nbsp;<a href=\"https:\/\/first-aid-kit.net\/\">First Aid Kit<\/a>\u201c Programmes.<\/p>\n\n\n\n<hr class=\"wp-block-separator\"\/>\n\n\n\n<p><strong>Bitte beachten Sie:<\/strong>\u00a0Wir empfehlen zur Datenrettung unsere Software SecuPerts\u00a0<a href=\"https:\/\/first-aid-kit.net\/\">First Aid Kit<\/a>.<\/p>\n\n\n\n<p>&lt;-&nbsp;<a href=\"https:\/\/engelmann.com\/de\/kompendium-datenrettung\/\">Zur\u00fcck zum Inhaltsverzeichnis<\/a><\/p>\n","protected":false},"excerpt":{"rendered":"<p>Die meisten Handys, wenn sie nicht geraden den Namen IPhone tragen, haben die M\u00f6glichkeit, eine SD-Card als Speichererweiterung zu nutzen. Doch die Vergangenheit hat gezeigt, &#8230; <a title=\"Funktioniert SD-Card Recovery bei einem Smartphone?\" class=\"read-more\" href=\"https:\/\/engelmann.com\/de\/datenrettung-funktioniert-sd-card-recovery-smartphone\/\" aria-label=\"Mehr Informationen \u00fcber Funktioniert SD-Card Recovery bei einem Smartphone?\">Details \u279c<\/a><\/p>\n","protected":false},"author":3,"featured_media":0,"parent":0,"menu_order":0,"comment_status":"closed","ping_status":"closed","template":"","meta":{"om_disable_all_campaigns":false,"_uag_custom_page_level_css":"","_monsterinsights_skip_tracking":false,"_monsterinsights_sitenote_active":false,"_monsterinsights_sitenote_note":"","_monsterinsights_sitenote_category":0,"footnotes":""},"class_list":{"0":"post-58451","1":"page","2":"type-page","3":"status-publish","5":"infinite-scroll-item","6":"no-featured-image-padding"},"aioseo_notices":[],"spectra_custom_meta":{"cleverpush_send_notification":["",""],"_wpml_media_featured":["1","1"],"_wpml_media_duplicate":["1","1"],"aal_manualgenerated":["a:0:{}"],"_edit_last":["2"],"slide_template":["default"],"_schema_article":["a:12:{s:6:\"active\";N;s:8:\"headline\";N;s:16:\"mainEntityOfPage\";N;s:6:\"author\";N;s:5:\"image\";N;s:13:\"datePublished\";N;s:12:\"dateModified\";N;s:9:\"publisher\";N;s:14:\"publisherImage\";N;s:11:\"description\";N;s:11:\"articleBody\";N;s:19:\"alternativeHeadline\";N;}"],"_schema_blog_posting":["a:11:{s:6:\"active\";N;s:8:\"headline\";N;s:16:\"mainEntityOfPage\";N;s:6:\"author\";N;s:5:\"image\";N;s:13:\"datePublished\";N;s:12:\"dateModified\";N;s:9:\"publisher\";N;s:14:\"publisherImage\";N;s:11:\"description\";N;s:11:\"articleBody\";N;}"],"_schema_news_article":["a:11:{s:6:\"active\";N;s:8:\"headline\";N;s:16:\"mainEntityOfPage\";N;s:6:\"author\";N;s:5:\"image\";N;s:13:\"datePublished\";N;s:12:\"dateModified\";N;s:9:\"publisher\";N;s:14:\"publisherImage\";N;s:11:\"description\";N;s:11:\"articleBody\";N;}"],"_schema_event":["a:14:{s:6:\"active\";N;s:4:\"name\";N;s:12:\"locationName\";N;s:15:\"locationAddress\";N;s:9:\"startDate\";N;s:7:\"endDate\";N;s:11:\"description\";N;s:13:\"performerName\";N;s:5:\"image\";N;s:5:\"price\";N;s:13:\"priceCurrency\";N;s:12:\"availability\";N;s:9:\"validFrom\";N;s:3:\"url\";N;}"],"_schema_product":["a:20:{s:6:\"active\";N;s:4:\"name\";N;s:5:\"image\";N;s:11:\"description\";N;s:3:\"sku\";N;s:5:\"brand\";N;s:15:\"identifier_type\";s:3:\"mpn\";s:10:\"identifier\";N;s:17:\"reviewRatingValue\";N;s:16:\"reviewBestRating\";N;s:17:\"reviewWorstRating\";N;s:12:\"reviewAuthor\";N;s:11:\"ratingValue\";N;s:11:\"reviewCount\";N;s:5:\"price\";N;s:15:\"priceValidUntil\";N;s:13:\"priceCurrency\";N;s:12:\"availability\";N;s:13:\"itemCondition\";N;s:3:\"url\";N;}"],"_schema_video":["a:10:{s:6:\"active\";N;s:4:\"name\";N;s:11:\"description\";N;s:12:\"thumbnailUrl\";N;s:10:\"uploadDate\";N;s:8:\"duration\";N;s:10:\"contentUrl\";N;s:8:\"embedUrl\";N;s:16:\"interactionCount\";N;s:7:\"expires\";N;}"],"_schema_service":["a:13:{s:6:\"active\";N;s:4:\"name\";N;s:11:\"serviceType\";N;s:14:\"additionalType\";N;s:5:\"award\";N;s:8:\"category\";N;s:16:\"providerMobility\";N;s:11:\"description\";N;s:5:\"image\";N;s:16:\"mainEntityOfPage\";N;s:6:\"sameAs\";N;s:3:\"url\";N;s:13:\"alternateName\";N;}"],"_schema_review":["a:10:{s:6:\"active\";N;s:8:\"itemName\";N;s:10:\"reviewBody\";N;s:4:\"name\";N;s:6:\"author\";N;s:13:\"datePublished\";N;s:11:\"ratingValue\";N;s:10:\"bestRating\";N;s:11:\"worstRating\";N;s:9:\"publisher\";N;}"],"_schema_aggregate_rating":["a:13:{s:6:\"active\";N;s:11:\"schema_type\";N;s:4:\"name\";N;s:5:\"image\";N;s:10:\"priceRange\";N;s:9:\"telephone\";N;s:7:\"address\";N;s:11:\"description\";N;s:11:\"ratingCount\";N;s:11:\"reviewCount\";N;s:11:\"ratingValue\";N;s:10:\"bestRating\";N;s:11:\"worstRating\";N;}"],"_schema_restaurant":["a:10:{s:6:\"active\";N;s:4:\"name\";N;s:11:\"description\";N;s:12:\"openingHours\";N;s:9:\"telephone\";N;s:4:\"menu\";N;s:5:\"image\";N;s:7:\"address\";N;s:10:\"priceRange\";N;s:13:\"servesCuisine\";N;}"],"_schema_localBusiness":["a:10:{s:6:\"active\";N;s:4:\"name\";N;s:11:\"description\";N;s:5:\"image\";N;s:10:\"priceRange\";N;s:15:\"addressLocality\";N;s:13:\"addressRegion\";N;s:10:\"postalCode\";N;s:13:\"streetAddress\";N;s:9:\"telephone\";N;}"],"_schema_book":["a:0:{}"],"_schema_course":["a:0:{}"],"_schema_JobPosting":["a:0:{}"],"_schema_movie":["a:0:{}"],"_schema_music":["a:0:{}"],"_schema_recipe":["a:0:{}"],"_schema_TVEpisode":["a:0:{}"],"_schema_question":["a:0:{}"],"_schema_itemList":["a:0:{}"],"_kcseo_ative_tab":[""],"_yoast_wpseo_content_score":["30"],"wpmdr_menu":["1"],"_uag_migration_processed":["1"],"_wpml_word_count":["440"],"_uag_page_assets":["a:9:{s:3:\"css\";s:0:\"\";s:2:\"js\";s:0:\"\";s:18:\"current_block_list\";a:3:{i:0;s:10:\"core\/image\";i:1;s:14:\"core\/paragraph\";i:2;s:14:\"core\/separator\";}s:8:\"uag_flag\";b:0;s:11:\"uag_version\";s:10:\"1776760713\";s:6:\"gfonts\";a:0:{}s:10:\"gfonts_url\";s:0:\"\";s:12:\"gfonts_files\";a:0:{}s:14:\"uag_faq_layout\";b:0;}"]},"uagb_featured_image_src":{"full":false,"thumbnail":false,"medium":false,"medium_large":false,"large":false,"1536x1536":false,"2048x2048":false},"uagb_author_info":{"display_name":"Ulrich Engelmann","author_link":"https:\/\/engelmann.com\/de\/author\/uengelmann\/"},"uagb_comment_info":0,"uagb_excerpt":"Die meisten Handys, wenn sie nicht geraden den Namen IPhone tragen, haben die M\u00f6glichkeit, eine SD-Card als Speichererweiterung zu nutzen. Doch die Vergangenheit hat gezeigt, ... Details \u279c","_links":{"self":[{"href":"https:\/\/engelmann.com\/de\/wp-json\/wp\/v2\/pages\/58451","targetHints":{"allow":["GET"]}}],"collection":[{"href":"https:\/\/engelmann.com\/de\/wp-json\/wp\/v2\/pages"}],"about":[{"href":"https:\/\/engelmann.com\/de\/wp-json\/wp\/v2\/types\/page"}],"author":[{"embeddable":true,"href":"https:\/\/engelmann.com\/de\/wp-json\/wp\/v2\/users\/3"}],"replies":[{"embeddable":true,"href":"https:\/\/engelmann.com\/de\/wp-json\/wp\/v2\/comments?post=58451"}],"version-history":[{"count":0,"href":"https:\/\/engelmann.com\/de\/wp-json\/wp\/v2\/pages\/58451\/revisions"}],"wp:attachment":[{"href":"https:\/\/engelmann.com\/de\/wp-json\/wp\/v2\/media?parent=58451"}],"curies":[{"name":"wp","href":"https:\/\/api.w.org\/{rel}","templated":true}]}}