{"id":58455,"date":"2019-08-14T10:35:08","date_gmt":"2019-08-14T09:35:08","guid":{"rendered":"https:\/\/engelmann.com\/?page_id=58455"},"modified":"2025-04-25T21:18:39","modified_gmt":"2025-04-25T20:18:39","slug":"datenrettung-funktioniert-sd-card-recovery-externe-festplatte","status":"publish","type":"page","link":"https:\/\/engelmann.com\/de\/datenrettung-funktioniert-sd-card-recovery-externe-festplatte\/","title":{"rendered":"Funktioniert SD-Card Recovery bei einer externen Festsplatte?"},"content":{"rendered":"\n<div class=\"wp-block-image\"><figure class=\"alignright\"><img decoding=\"async\" src=\"https:\/\/engelmann.com\/wp-content\/uploads\/2018\/04\/datenrettungs-kompendium.png\" alt=\"Datenrettungs-Kompendium\" class=\"wp-image-52994\"\/><\/figure><\/div>\n\n\n\n<p>Funktioniert SD-Card Recovery bei einer externen Festplatte? Die Frage ,,Funktioniert SD-Card Recovery bei einer externen Festplatte?\u201c, kann man mit einem eindeutigen ,,Ja\u201c beantworten. Falls Ihre Daten auf Ihrer Festplatte verloren gegangen sind, k\u00f6nnen Sie diese ganz einfach und schnell wiederherstellen. Sie brauchen daf\u00fcr kein Experte zu sein und m\u00fcssen auch keinen kontaktieren.<\/p>\n\n\n\n<p>Alles was Sie beachten m\u00fcssen ist, dass Sie das richtiger Programm ausw\u00e4hlen. Auf dem Markt gibt es so viele Tools, sodass man gar nicht wei\u00df auf welches man wirklich zur\u00fcck greifen kann. Daher sollten es auf jeden Fall nur Programme sein, die schon andere Menschen getestet haben. Wenn das nicht der Fall ist, sollten Sie das mit einem kritischen Auge beleuchten und schauen, ob es sich wirklich um ein Virenfreies Programm handelt. Doch warum machen so viele Menschen Fehler bei der Datenwiederherstellung? Das Problem liegt meistens da drin, das die meisten Menschen dem System gar keine Zeit geben. Wenn Sie Ihre Daten erfolgreich wiederherstellen m\u00f6chten, m\u00fcssen Sie auch dazu bereit sein, dem ganzen ein bisschen Zeit zu geben. Das bedeutet auch, dass man ein bisschen Zeit mitbringt. Am besten k\u00f6nnen Sie Ihre Daten wiederherstellen, wenn Sie noch eine Festplatte zur Hand haben. Das bedeutet nicht, dass Sie sich unbedingt eine neue kaufen m\u00fcssen. Es bedeutet, jedoch, dass Sie einen zweiten Speicherplatz brauchen, denn ohne ihn kann es ganz sch\u00f6n schwierig werden.<\/p>\n\n\n\n<p>Wie Sie sehen braucht man kein Profi zu sein, um Datenwiederherstellung zu betreiben. Alles, was Sie machen m\u00fcssen, ist es ein bisschen Zeit mit zu bringen und auch Geduld zu haben. Sie werden schnell bemerken, dass Sie dadurch viel weiter kommen werden. Man braucht auch nicht viel Geld aus zu geben, um seine Daten wiederherzustellen. Diese Programme kosten kaum etwas und das Gute ist, dass Sie diese immer wieder verwenden k\u00f6nnen. Im Gegensatz zu einer Dienstleistung, sind Sie nicht an etwas gebunden, sondern nehmen es auch wirklich nur in Anspruch, wenn Sie das Programm wirklich brauchen. Ansonsten lassen Sie es einfach aus.<\/p>\n\n\n\n<hr class=\"wp-block-separator\"\/>\n\n\n\n<p><strong>Bitte beachten Sie:<\/strong>\u00a0Wir empfehlen zur Datenrettung unsere Software SecuPerts\u00a0<a href=\"https:\/\/first-aid-kit.net\/\">First Aid Kit<\/a>.<\/p>\n\n\n\n<p>&lt;-&nbsp;<a href=\"https:\/\/engelmann.com\/de\/kompendium-datenrettung\/\">Zur\u00fcck zum Inhaltsverzeichnis<\/a><\/p>\n","protected":false},"excerpt":{"rendered":"<p>Funktioniert SD-Card Recovery bei einer externen Festplatte? Die Frage ,,Funktioniert SD-Card Recovery bei einer externen Festplatte?\u201c, kann man mit einem eindeutigen ,,Ja\u201c beantworten. Falls Ihre &#8230; <a title=\"Funktioniert SD-Card Recovery bei einer externen Festsplatte?\" class=\"read-more\" href=\"https:\/\/engelmann.com\/de\/datenrettung-funktioniert-sd-card-recovery-externe-festplatte\/\" aria-label=\"Mehr Informationen \u00fcber Funktioniert SD-Card Recovery bei einer externen Festsplatte?\">Details \u279c<\/a><\/p>\n","protected":false},"author":3,"featured_media":0,"parent":0,"menu_order":0,"comment_status":"closed","ping_status":"closed","template":"","meta":{"om_disable_all_campaigns":false,"_uag_custom_page_level_css":"","_monsterinsights_skip_tracking":false,"_monsterinsights_sitenote_active":false,"_monsterinsights_sitenote_note":"","_monsterinsights_sitenote_category":0,"footnotes":""},"class_list":{"0":"post-58455","1":"page","2":"type-page","3":"status-publish","5":"infinite-scroll-item","6":"no-featured-image-padding"},"aioseo_notices":[],"spectra_custom_meta":{"cleverpush_send_notification":["",""],"_wpml_media_featured":["1","1"],"_wpml_media_duplicate":["1","1"],"aal_manualgenerated":["a:0:{}"],"_edit_last":["3"],"_schema_article":["a:12:{s:6:\"active\";N;s:8:\"headline\";N;s:16:\"mainEntityOfPage\";N;s:6:\"author\";N;s:5:\"image\";N;s:13:\"datePublished\";N;s:12:\"dateModified\";N;s:9:\"publisher\";N;s:14:\"publisherImage\";N;s:11:\"description\";N;s:11:\"articleBody\";N;s:19:\"alternativeHeadline\";N;}"],"_schema_blog_posting":["a:11:{s:6:\"active\";N;s:8:\"headline\";N;s:16:\"mainEntityOfPage\";N;s:6:\"author\";N;s:5:\"image\";N;s:13:\"datePublished\";N;s:12:\"dateModified\";N;s:9:\"publisher\";N;s:14:\"publisherImage\";N;s:11:\"description\";N;s:11:\"articleBody\";N;}"],"_schema_news_article":["a:11:{s:6:\"active\";N;s:8:\"headline\";N;s:16:\"mainEntityOfPage\";N;s:6:\"author\";N;s:5:\"image\";N;s:13:\"datePublished\";N;s:12:\"dateModified\";N;s:9:\"publisher\";N;s:14:\"publisherImage\";N;s:11:\"description\";N;s:11:\"articleBody\";N;}"],"_schema_event":["a:14:{s:6:\"active\";N;s:4:\"name\";N;s:12:\"locationName\";N;s:15:\"locationAddress\";N;s:9:\"startDate\";N;s:7:\"endDate\";N;s:11:\"description\";N;s:13:\"performerName\";N;s:5:\"image\";N;s:5:\"price\";N;s:13:\"priceCurrency\";N;s:12:\"availability\";N;s:9:\"validFrom\";N;s:3:\"url\";N;}"],"_schema_product":["a:20:{s:6:\"active\";N;s:4:\"name\";N;s:5:\"image\";N;s:11:\"description\";N;s:3:\"sku\";N;s:5:\"brand\";N;s:15:\"identifier_type\";s:3:\"mpn\";s:10:\"identifier\";N;s:17:\"reviewRatingValue\";N;s:16:\"reviewBestRating\";N;s:17:\"reviewWorstRating\";N;s:12:\"reviewAuthor\";N;s:11:\"ratingValue\";N;s:11:\"reviewCount\";N;s:5:\"price\";N;s:15:\"priceValidUntil\";N;s:13:\"priceCurrency\";N;s:12:\"availability\";N;s:13:\"itemCondition\";N;s:3:\"url\";N;}"],"_schema_video":["a:10:{s:6:\"active\";N;s:4:\"name\";N;s:11:\"description\";N;s:12:\"thumbnailUrl\";N;s:10:\"uploadDate\";N;s:8:\"duration\";N;s:10:\"contentUrl\";N;s:8:\"embedUrl\";N;s:16:\"interactionCount\";N;s:7:\"expires\";N;}"],"_schema_service":["a:13:{s:6:\"active\";N;s:4:\"name\";N;s:11:\"serviceType\";N;s:14:\"additionalType\";N;s:5:\"award\";N;s:8:\"category\";N;s:16:\"providerMobility\";N;s:11:\"description\";N;s:5:\"image\";N;s:16:\"mainEntityOfPage\";N;s:6:\"sameAs\";N;s:3:\"url\";N;s:13:\"alternateName\";N;}"],"_schema_review":["a:10:{s:6:\"active\";N;s:8:\"itemName\";N;s:10:\"reviewBody\";N;s:4:\"name\";N;s:6:\"author\";N;s:13:\"datePublished\";N;s:11:\"ratingValue\";N;s:10:\"bestRating\";N;s:11:\"worstRating\";N;s:9:\"publisher\";N;}"],"_schema_aggregate_rating":["a:13:{s:6:\"active\";N;s:11:\"schema_type\";N;s:4:\"name\";N;s:5:\"image\";N;s:10:\"priceRange\";N;s:9:\"telephone\";N;s:7:\"address\";N;s:11:\"description\";N;s:11:\"ratingCount\";N;s:11:\"reviewCount\";N;s:11:\"ratingValue\";N;s:10:\"bestRating\";N;s:11:\"worstRating\";N;}"],"_schema_restaurant":["a:10:{s:6:\"active\";N;s:4:\"name\";N;s:11:\"description\";N;s:12:\"openingHours\";N;s:9:\"telephone\";N;s:4:\"menu\";N;s:5:\"image\";N;s:7:\"address\";N;s:10:\"priceRange\";N;s:13:\"servesCuisine\";N;}"],"_schema_localBusiness":["a:10:{s:6:\"active\";N;s:4:\"name\";N;s:11:\"description\";N;s:5:\"image\";N;s:10:\"priceRange\";N;s:15:\"addressLocality\";N;s:13:\"addressRegion\";N;s:10:\"postalCode\";N;s:13:\"streetAddress\";N;s:9:\"telephone\";N;}"],"_schema_book":["a:0:{}"],"_schema_course":["a:0:{}"],"_schema_JobPosting":["a:0:{}"],"_schema_movie":["a:0:{}"],"_schema_music":["a:0:{}"],"_schema_recipe":["a:0:{}"],"_schema_TVEpisode":["a:0:{}"],"_schema_question":["a:0:{}"],"_schema_itemList":["a:0:{}"],"_kcseo_ative_tab":[""],"_yoast_wpseo_content_score":["60"],"wpmdr_menu":["1"],"_uag_migration_processed":["1"],"_wpml_word_count":["385"],"_edit_lock":["1745612319:3"],"cleverpush_disable_feed":[""],"_wpml_location_migration_done":["1"],"_aioseo_title":[null],"_aioseo_description":[null],"_aioseo_keywords":["a:0:{}"],"_aioseo_og_title":[null],"_aioseo_og_description":[null],"_aioseo_og_article_section":[""],"_aioseo_og_article_tags":["a:0:{}"],"_aioseo_twitter_title":[null],"_aioseo_twitter_description":[null],"cleverpush_title":[""],"cleverpush_text":[""],"cleverpush_scheduled_at":[""],"ao_post_optimize":["a:6:{s:16:\"ao_post_optimize\";s:2:\"on\";s:19:\"ao_post_js_optimize\";s:2:\"on\";s:20:\"ao_post_css_optimize\";s:2:\"on\";s:12:\"ao_post_ccss\";s:2:\"on\";s:16:\"ao_post_lazyload\";s:2:\"on\";s:15:\"ao_post_preload\";s:0:\"\";}"],"_uag_page_assets":["a:9:{s:3:\"css\";s:0:\"\";s:2:\"js\";s:0:\"\";s:18:\"current_block_list\";a:3:{i:0;s:10:\"core\/image\";i:1;s:14:\"core\/paragraph\";i:2;s:14:\"core\/separator\";}s:8:\"uag_flag\";b:0;s:11:\"uag_version\";s:10:\"1776298680\";s:6:\"gfonts\";a:0:{}s:10:\"gfonts_url\";s:0:\"\";s:12:\"gfonts_files\";a:0:{}s:14:\"uag_faq_layout\";b:0;}"]},"uagb_featured_image_src":{"full":false,"thumbnail":false,"medium":false,"medium_large":false,"large":false,"1536x1536":false,"2048x2048":false},"uagb_author_info":{"display_name":"Ulrich Engelmann","author_link":"https:\/\/engelmann.com\/de\/author\/uengelmann\/"},"uagb_comment_info":0,"uagb_excerpt":"Funktioniert SD-Card Recovery bei einer externen Festplatte? Die Frage ,,Funktioniert SD-Card Recovery bei einer externen Festplatte?\u201c, kann man mit einem eindeutigen ,,Ja\u201c beantworten. Falls Ihre ... Details \u279c","_links":{"self":[{"href":"https:\/\/engelmann.com\/de\/wp-json\/wp\/v2\/pages\/58455","targetHints":{"allow":["GET"]}}],"collection":[{"href":"https:\/\/engelmann.com\/de\/wp-json\/wp\/v2\/pages"}],"about":[{"href":"https:\/\/engelmann.com\/de\/wp-json\/wp\/v2\/types\/page"}],"author":[{"embeddable":true,"href":"https:\/\/engelmann.com\/de\/wp-json\/wp\/v2\/users\/3"}],"replies":[{"embeddable":true,"href":"https:\/\/engelmann.com\/de\/wp-json\/wp\/v2\/comments?post=58455"}],"version-history":[{"count":1,"href":"https:\/\/engelmann.com\/de\/wp-json\/wp\/v2\/pages\/58455\/revisions"}],"predecessor-version":[{"id":155864,"href":"https:\/\/engelmann.com\/de\/wp-json\/wp\/v2\/pages\/58455\/revisions\/155864"}],"wp:attachment":[{"href":"https:\/\/engelmann.com\/de\/wp-json\/wp\/v2\/media?parent=58455"}],"curies":[{"name":"wp","href":"https:\/\/api.w.org\/{rel}","templated":true}]}}