{"id":58481,"date":"2019-08-14T10:50:37","date_gmt":"2019-08-14T09:50:37","guid":{"rendered":"https:\/\/engelmann.com\/?page_id=58481"},"modified":"2019-08-14T10:50:37","modified_gmt":"2019-08-14T09:50:37","slug":"datenrettung-sd-card-recovery-selber-durchfuehren","status":"publish","type":"page","link":"https:\/\/engelmann.com\/de\/datenrettung-sd-card-recovery-selber-durchfuehren\/","title":{"rendered":"Kann ich eine SD-Card Recovery selber durchf\u00fchren?"},"content":{"rendered":"\n<div class=\"wp-block-image\"><figure class=\"alignright\"><img decoding=\"async\" src=\"https:\/\/engelmann.com\/wp-content\/uploads\/2018\/04\/datenrettungs-kompendium.png\" alt=\"Datenrettungs-Kompendium\" class=\"wp-image-52994\"\/><\/figure><\/div>\n\n\n\n<p>Definitiv ist es m\u00f6glich eine SD-Card Recovery selbst durchzuf\u00fchren. Lediglich sollten Sie sich die Frage stellen, ob sich das \u00fcberhaupt lohnt. Denn zum aller ersten Punkt ist es wichtig zu sagen, dass Sie auf Ihrer SD Karte wahrscheinlich keine wertvollen Dateien haben und sich eine SD-Card Recovery daher finanziell einfach nicht lohnt. Sie m\u00fcssen aber auch ganz klar unterscheiden zwischen materiellem Wert und emotionalem Wert. Denn wenn Sie Bilder auf Ihrem Handy haben von Ihrer Familie oder Ihren Freunden, dann scheut man kein Geld, was auch v\u00f6llig verst\u00e4ndlich ist. Materieller Wert w\u00e4re nur im Bezug darauf existent, wenn Sie eine App installiert haben auf der SD Karte, welche Sie 50 Euro oder sogar mehr gekostet hat. In dem Fall m\u00fcssen Sie den materiellen Wert mit den Kosten einer SD-Card Recovery abgleichen.<\/p>\n\n\n\n<p>Zum anderen sollten Sie sich im Klaren sein, dass wenn Sie kein Profi mit SD Karten sind, werden Sie nahezu niemals gute Ergebnisse mit Ihrem Vorhaben erzielen. Zuerst m\u00fcssen Sie ja sowieso eine Reparatur durchf\u00fchren, weil eventuell die Hardware der Karte besch\u00e4digt ist. Es kann nat\u00fcrlich auch an der Software liegen, doch dann wird eine Reinigung des System extrem wichtig. Beide Vorg\u00e4nge sind nicht einfach und k\u00f6nnen sehr viel Energie und Zeit kosten. Vielleicht sollten Sie doch lieber das Geld in die Hand nehmen und einen Experten da ran lassen. Es geht schlie\u00dflich darum, dass die SD-Card Recovery erfolgreich ist und nicht, dass Sie sich neue F\u00e4higkeiten aneignen. Es gibt auch bei Experten immer eine Chance, dass die Recovery nicht funktioniert und die Daten f\u00fcr immer verloren gehen. Diese ist aber beim Experten wesentlich geringer, als wenn Sie es selbst machen w\u00fcrden. Sie haben ja sowieso viel Bedenkzeit, von daher sollten Sie sich von mehreren Menschen die Meinung einholen und nat\u00fcrlich auch deren Angebote vergleichen.<\/p>\n\n\n\n<p>Ein Tipp f\u00fcr Sie: Sie k\u00f6nnen pr\u00e4ventiv daf\u00fcr sorgen, dass Sie sie SD-Card Recovery selbst durchf\u00fchren k\u00f6nnen. Sie m\u00fcssen dazu lediglich mit einem Daten Recovery Programm eine Kopie Ihrer Daten erstellen und diese extern speichern. Lassen Sie sich dann vom Experten die Karte reparieren und reinigen, und anschlie\u00dfend laden Sie selbst die Kopie wieder auf die SD Karte.<\/p>\n\n\n\n<hr class=\"wp-block-separator\"\/>\n\n\n\n<p><strong>Bitte beachten Sie:<\/strong>\u00a0Wir empfehlen zur Datenrettung unsere Software SecuPerts\u00a0<a href=\"https:\/\/first-aid-kit.net\/\">First Aid Kit<\/a>.<\/p>\n\n\n\n<p>&lt;-&nbsp;<a href=\"https:\/\/engelmann.com\/de\/kompendium-datenrettung\/\">Zur\u00fcck zum Inhaltsverzeichnis<\/a><\/p>\n","protected":false},"excerpt":{"rendered":"<p>Definitiv ist es m\u00f6glich eine SD-Card Recovery selbst durchzuf\u00fchren. Lediglich sollten Sie sich die Frage stellen, ob sich das \u00fcberhaupt lohnt. Denn zum aller ersten &#8230; <a title=\"Kann ich eine SD-Card Recovery selber durchf\u00fchren?\" class=\"read-more\" href=\"https:\/\/engelmann.com\/de\/datenrettung-sd-card-recovery-selber-durchfuehren\/\" aria-label=\"Mehr Informationen \u00fcber Kann ich eine SD-Card Recovery selber durchf\u00fchren?\">Details \u279c<\/a><\/p>\n","protected":false},"author":3,"featured_media":0,"parent":0,"menu_order":0,"comment_status":"closed","ping_status":"closed","template":"","meta":{"om_disable_all_campaigns":false,"_uag_custom_page_level_css":"","_monsterinsights_skip_tracking":false,"_monsterinsights_sitenote_active":false,"_monsterinsights_sitenote_note":"","_monsterinsights_sitenote_category":0,"footnotes":""},"class_list":{"0":"post-58481","1":"page","2":"type-page","3":"status-publish","5":"infinite-scroll-item","6":"no-featured-image-padding"},"aioseo_notices":[],"spectra_custom_meta":{"cleverpush_send_notification":["",""],"_wpml_media_featured":["1","1"],"_wpml_media_duplicate":["1","1"],"aal_manualgenerated":["a:0:{}"],"_edit_last":["2"],"slide_template":["default"],"_schema_article":["a:12:{s:6:\"active\";N;s:8:\"headline\";N;s:16:\"mainEntityOfPage\";N;s:6:\"author\";N;s:5:\"image\";N;s:13:\"datePublished\";N;s:12:\"dateModified\";N;s:9:\"publisher\";N;s:14:\"publisherImage\";N;s:11:\"description\";N;s:11:\"articleBody\";N;s:19:\"alternativeHeadline\";N;}"],"_schema_blog_posting":["a:11:{s:6:\"active\";N;s:8:\"headline\";N;s:16:\"mainEntityOfPage\";N;s:6:\"author\";N;s:5:\"image\";N;s:13:\"datePublished\";N;s:12:\"dateModified\";N;s:9:\"publisher\";N;s:14:\"publisherImage\";N;s:11:\"description\";N;s:11:\"articleBody\";N;}"],"_schema_news_article":["a:11:{s:6:\"active\";N;s:8:\"headline\";N;s:16:\"mainEntityOfPage\";N;s:6:\"author\";N;s:5:\"image\";N;s:13:\"datePublished\";N;s:12:\"dateModified\";N;s:9:\"publisher\";N;s:14:\"publisherImage\";N;s:11:\"description\";N;s:11:\"articleBody\";N;}"],"_schema_event":["a:14:{s:6:\"active\";N;s:4:\"name\";N;s:12:\"locationName\";N;s:15:\"locationAddress\";N;s:9:\"startDate\";N;s:7:\"endDate\";N;s:11:\"description\";N;s:13:\"performerName\";N;s:5:\"image\";N;s:5:\"price\";N;s:13:\"priceCurrency\";N;s:12:\"availability\";N;s:9:\"validFrom\";N;s:3:\"url\";N;}"],"_schema_product":["a:20:{s:6:\"active\";N;s:4:\"name\";N;s:5:\"image\";N;s:11:\"description\";N;s:3:\"sku\";N;s:5:\"brand\";N;s:15:\"identifier_type\";s:3:\"mpn\";s:10:\"identifier\";N;s:17:\"reviewRatingValue\";N;s:16:\"reviewBestRating\";N;s:17:\"reviewWorstRating\";N;s:12:\"reviewAuthor\";N;s:11:\"ratingValue\";N;s:11:\"reviewCount\";N;s:5:\"price\";N;s:15:\"priceValidUntil\";N;s:13:\"priceCurrency\";N;s:12:\"availability\";N;s:13:\"itemCondition\";N;s:3:\"url\";N;}"],"_schema_video":["a:10:{s:6:\"active\";N;s:4:\"name\";N;s:11:\"description\";N;s:12:\"thumbnailUrl\";N;s:10:\"uploadDate\";N;s:8:\"duration\";N;s:10:\"contentUrl\";N;s:8:\"embedUrl\";N;s:16:\"interactionCount\";N;s:7:\"expires\";N;}"],"_schema_service":["a:13:{s:6:\"active\";N;s:4:\"name\";N;s:11:\"serviceType\";N;s:14:\"additionalType\";N;s:5:\"award\";N;s:8:\"category\";N;s:16:\"providerMobility\";N;s:11:\"description\";N;s:5:\"image\";N;s:16:\"mainEntityOfPage\";N;s:6:\"sameAs\";N;s:3:\"url\";N;s:13:\"alternateName\";N;}"],"_schema_review":["a:10:{s:6:\"active\";N;s:8:\"itemName\";N;s:10:\"reviewBody\";N;s:4:\"name\";N;s:6:\"author\";N;s:13:\"datePublished\";N;s:11:\"ratingValue\";N;s:10:\"bestRating\";N;s:11:\"worstRating\";N;s:9:\"publisher\";N;}"],"_schema_aggregate_rating":["a:13:{s:6:\"active\";N;s:11:\"schema_type\";N;s:4:\"name\";N;s:5:\"image\";N;s:10:\"priceRange\";N;s:9:\"telephone\";N;s:7:\"address\";N;s:11:\"description\";N;s:11:\"ratingCount\";N;s:11:\"reviewCount\";N;s:11:\"ratingValue\";N;s:10:\"bestRating\";N;s:11:\"worstRating\";N;}"],"_schema_restaurant":["a:10:{s:6:\"active\";N;s:4:\"name\";N;s:11:\"description\";N;s:12:\"openingHours\";N;s:9:\"telephone\";N;s:4:\"menu\";N;s:5:\"image\";N;s:7:\"address\";N;s:10:\"priceRange\";N;s:13:\"servesCuisine\";N;}"],"_schema_localBusiness":["a:10:{s:6:\"active\";N;s:4:\"name\";N;s:11:\"description\";N;s:5:\"image\";N;s:10:\"priceRange\";N;s:15:\"addressLocality\";N;s:13:\"addressRegion\";N;s:10:\"postalCode\";N;s:13:\"streetAddress\";N;s:9:\"telephone\";N;}"],"_schema_book":["a:0:{}"],"_schema_course":["a:0:{}"],"_schema_JobPosting":["a:0:{}"],"_schema_movie":["a:0:{}"],"_schema_music":["a:0:{}"],"_schema_recipe":["a:0:{}"],"_schema_TVEpisode":["a:0:{}"],"_schema_question":["a:0:{}"],"_schema_itemList":["a:0:{}"],"_kcseo_ative_tab":[""],"_yoast_wpseo_content_score":["30"],"_yoast_wpseo_focuskeywords":["[]"],"_yoast_wpseo_keywordsynonyms":["[\"\"]"],"wpmdr_menu":["1"],"_uag_migration_processed":["1"],"_wpml_word_count":["406"],"_uag_page_assets":["a:9:{s:3:\"css\";s:0:\"\";s:2:\"js\";s:0:\"\";s:18:\"current_block_list\";a:3:{i:0;s:10:\"core\/image\";i:1;s:14:\"core\/paragraph\";i:2;s:14:\"core\/separator\";}s:8:\"uag_flag\";b:0;s:11:\"uag_version\";s:10:\"1775618694\";s:6:\"gfonts\";a:0:{}s:10:\"gfonts_url\";s:0:\"\";s:12:\"gfonts_files\";a:0:{}s:14:\"uag_faq_layout\";b:0;}"]},"uagb_featured_image_src":{"full":false,"thumbnail":false,"medium":false,"medium_large":false,"large":false,"1536x1536":false,"2048x2048":false},"uagb_author_info":{"display_name":"Ulrich Engelmann","author_link":"https:\/\/engelmann.com\/de\/author\/uengelmann\/"},"uagb_comment_info":0,"uagb_excerpt":"Definitiv ist es m\u00f6glich eine SD-Card Recovery selbst durchzuf\u00fchren. Lediglich sollten Sie sich die Frage stellen, ob sich das \u00fcberhaupt lohnt. Denn zum aller ersten ... Details \u279c","_links":{"self":[{"href":"https:\/\/engelmann.com\/de\/wp-json\/wp\/v2\/pages\/58481","targetHints":{"allow":["GET"]}}],"collection":[{"href":"https:\/\/engelmann.com\/de\/wp-json\/wp\/v2\/pages"}],"about":[{"href":"https:\/\/engelmann.com\/de\/wp-json\/wp\/v2\/types\/page"}],"author":[{"embeddable":true,"href":"https:\/\/engelmann.com\/de\/wp-json\/wp\/v2\/users\/3"}],"replies":[{"embeddable":true,"href":"https:\/\/engelmann.com\/de\/wp-json\/wp\/v2\/comments?post=58481"}],"version-history":[{"count":0,"href":"https:\/\/engelmann.com\/de\/wp-json\/wp\/v2\/pages\/58481\/revisions"}],"wp:attachment":[{"href":"https:\/\/engelmann.com\/de\/wp-json\/wp\/v2\/media?parent=58481"}],"curies":[{"name":"wp","href":"https:\/\/api.w.org\/{rel}","templated":true}]}}