{"id":58485,"date":"2019-08-14T10:52:44","date_gmt":"2019-08-14T09:52:44","guid":{"rendered":"https:\/\/engelmann.com\/?page_id=58485"},"modified":"2019-08-14T10:52:44","modified_gmt":"2019-08-14T09:52:44","slug":"datenrettung-kostenfreie-programme-file-recovery","status":"publish","type":"page","link":"https:\/\/engelmann.com\/de\/datenrettung-kostenfreie-programme-file-recovery\/","title":{"rendered":"Kostenfreie Programme zur File Recovery"},"content":{"rendered":"\n<div class=\"wp-block-image\"><figure class=\"alignright\"><img decoding=\"async\" src=\"https:\/\/engelmann.com\/wp-content\/uploads\/2018\/04\/datenrettungs-kompendium.png\" alt=\"Datenrettungs-Kompendium\" class=\"wp-image-52994\"\/><\/figure><\/div>\n\n\n\n<p>Vertr\u00f6delt, verloren oder aus Versehen gel\u00f6scht. Dateien sind schnell von der Festplatte entsorgt. Die Erkenntnis, dass die Datei wichtig war, kommt meist zu sp\u00e4t. Zum Gl\u00fcck gibt es einige kostenlosen Programmen die den Verlust r\u00fcckg\u00e4ngig machen.<\/p>\n\n\n\n<p>Professionelle File Recovery kann schnell kostenintensiv werden. F\u00fcr den normalen Benutzer reicht oft eine Freeware-L\u00f6sung. File Recovery ersetzt keine regelm\u00e4\u00dfigen Backups. Doch was wenn die vermisste Datei nicht im Backup enthalten ist? Dann sollte die Verwendung des betroffenen Laufwerks eingestellt werden. Dann stehen die Chancen gut, die Datei mit diesen Tools wiederherzustellen.First Aid Kit &#8211; Profi-Tools in der Free Version<\/p>\n\n\n\n<p>Unsere Empfehlung, das&nbsp;<a href=\"https:\/\/first-aid-kit.net\/\">First Aid Kit<\/a>, kann auch in der Free Version ausprobiert werden. Der Funktionsumfang ist deutlich gr\u00f6\u00dfer als bei der kostenlosen Konkurrenz. Die Software muss w\u00e4hrend des Bootvorgangs gestartet werden. Darin liegt ihr gr\u00f6\u00dfter Vorteil. Selbst wenn das Betriebssystem nicht mehr startet, kann das&nbsp;<a href=\"https:\/\/first-aid-kit.net\/\">First Aid Kit<\/a>&nbsp;noch einspringen und eventuell sogar das ganze System wieder in Gang bringen.&nbsp;<a href=\"https:\/\/first-aid-kit.net\/\">First Aid Kit<\/a>&nbsp;muss also erst auf eine DVD gebrannt oder auf einen bootf\u00e4higen USB-Stick geschrieben werden.<\/p>\n\n\n\n<p>Neben Daten kann das First Aid Kit auch vergessene Passw\u00f6rter wiederherstellen. Auch bei defekten Dateisystemen kann die Software helfen, soviele Daten wie m\u00f6glich zu retten. Mit der integrierten Backup Funktionen gehen die wiederhergestellten Dateien so schnell nicht wieder verloren.<\/p>\n\n\n\n<hr class=\"wp-block-separator\"\/>\n\n\n\n<p><strong>Bitte beachten Sie:<\/strong>\u00a0Wir empfehlen zur Datenrettung unsere Software SecuPerts First Aid Kit.<\/p>\n\n\n\n<p>&lt;-&nbsp;<a href=\"https:\/\/engelmann.com\/de\/kompendium-datenrettung\/\">Zur\u00fcck zum Inhaltsverzeichnis<\/a><\/p>\n","protected":false},"excerpt":{"rendered":"<p>Vertr\u00f6delt, verloren oder aus Versehen gel\u00f6scht. Dateien sind schnell von der Festplatte entsorgt. Die Erkenntnis, dass die Datei wichtig war, kommt meist zu sp\u00e4t. Zum &#8230; <a title=\"Kostenfreie Programme zur File Recovery\" class=\"read-more\" href=\"https:\/\/engelmann.com\/de\/datenrettung-kostenfreie-programme-file-recovery\/\" aria-label=\"Mehr Informationen \u00fcber Kostenfreie Programme zur File Recovery\">Details \u279c<\/a><\/p>\n","protected":false},"author":3,"featured_media":0,"parent":0,"menu_order":0,"comment_status":"closed","ping_status":"closed","template":"","meta":{"om_disable_all_campaigns":false,"_uag_custom_page_level_css":"","_monsterinsights_skip_tracking":false,"_monsterinsights_sitenote_active":false,"_monsterinsights_sitenote_note":"","_monsterinsights_sitenote_category":0,"footnotes":""},"class_list":{"0":"post-58485","1":"page","2":"type-page","3":"status-publish","5":"infinite-scroll-item","6":"no-featured-image-padding"},"aioseo_notices":[],"spectra_custom_meta":{"cleverpush_send_notification":["",""],"_wpml_media_featured":["1","1"],"_wpml_media_duplicate":["1","1"],"aal_manualgenerated":["a:1:{i:0;O:8:\"stdClass\":2:{s:7:\"keyword\";s:13:\"First Aid Kit\";s:3:\"url\";s:26:\"https:\/\/first-aid-kit.net\/\";}}"],"_edit_last":["2"],"slide_template":["default"],"_schema_article":["a:12:{s:6:\"active\";N;s:8:\"headline\";N;s:16:\"mainEntityOfPage\";N;s:6:\"author\";N;s:5:\"image\";N;s:13:\"datePublished\";N;s:12:\"dateModified\";N;s:9:\"publisher\";N;s:14:\"publisherImage\";N;s:11:\"description\";N;s:11:\"articleBody\";N;s:19:\"alternativeHeadline\";N;}"],"_schema_blog_posting":["a:11:{s:6:\"active\";N;s:8:\"headline\";N;s:16:\"mainEntityOfPage\";N;s:6:\"author\";N;s:5:\"image\";N;s:13:\"datePublished\";N;s:12:\"dateModified\";N;s:9:\"publisher\";N;s:14:\"publisherImage\";N;s:11:\"description\";N;s:11:\"articleBody\";N;}"],"_schema_news_article":["a:11:{s:6:\"active\";N;s:8:\"headline\";N;s:16:\"mainEntityOfPage\";N;s:6:\"author\";N;s:5:\"image\";N;s:13:\"datePublished\";N;s:12:\"dateModified\";N;s:9:\"publisher\";N;s:14:\"publisherImage\";N;s:11:\"description\";N;s:11:\"articleBody\";N;}"],"_schema_event":["a:14:{s:6:\"active\";N;s:4:\"name\";N;s:12:\"locationName\";N;s:15:\"locationAddress\";N;s:9:\"startDate\";N;s:7:\"endDate\";N;s:11:\"description\";N;s:13:\"performerName\";N;s:5:\"image\";N;s:5:\"price\";N;s:13:\"priceCurrency\";N;s:12:\"availability\";N;s:9:\"validFrom\";N;s:3:\"url\";N;}"],"_schema_product":["a:20:{s:6:\"active\";N;s:4:\"name\";N;s:5:\"image\";N;s:11:\"description\";N;s:3:\"sku\";N;s:5:\"brand\";N;s:15:\"identifier_type\";s:3:\"mpn\";s:10:\"identifier\";N;s:17:\"reviewRatingValue\";N;s:16:\"reviewBestRating\";N;s:17:\"reviewWorstRating\";N;s:12:\"reviewAuthor\";N;s:11:\"ratingValue\";N;s:11:\"reviewCount\";N;s:5:\"price\";N;s:15:\"priceValidUntil\";N;s:13:\"priceCurrency\";N;s:12:\"availability\";N;s:13:\"itemCondition\";N;s:3:\"url\";N;}"],"_schema_video":["a:10:{s:6:\"active\";N;s:4:\"name\";N;s:11:\"description\";N;s:12:\"thumbnailUrl\";N;s:10:\"uploadDate\";N;s:8:\"duration\";N;s:10:\"contentUrl\";N;s:8:\"embedUrl\";N;s:16:\"interactionCount\";N;s:7:\"expires\";N;}"],"_schema_service":["a:13:{s:6:\"active\";N;s:4:\"name\";N;s:11:\"serviceType\";N;s:14:\"additionalType\";N;s:5:\"award\";N;s:8:\"category\";N;s:16:\"providerMobility\";N;s:11:\"description\";N;s:5:\"image\";N;s:16:\"mainEntityOfPage\";N;s:6:\"sameAs\";N;s:3:\"url\";N;s:13:\"alternateName\";N;}"],"_schema_review":["a:10:{s:6:\"active\";N;s:8:\"itemName\";N;s:10:\"reviewBody\";N;s:4:\"name\";N;s:6:\"author\";N;s:13:\"datePublished\";N;s:11:\"ratingValue\";N;s:10:\"bestRating\";N;s:11:\"worstRating\";N;s:9:\"publisher\";N;}"],"_schema_aggregate_rating":["a:13:{s:6:\"active\";N;s:11:\"schema_type\";N;s:4:\"name\";N;s:5:\"image\";N;s:10:\"priceRange\";N;s:9:\"telephone\";N;s:7:\"address\";N;s:11:\"description\";N;s:11:\"ratingCount\";N;s:11:\"reviewCount\";N;s:11:\"ratingValue\";N;s:10:\"bestRating\";N;s:11:\"worstRating\";N;}"],"_schema_restaurant":["a:10:{s:6:\"active\";N;s:4:\"name\";N;s:11:\"description\";N;s:12:\"openingHours\";N;s:9:\"telephone\";N;s:4:\"menu\";N;s:5:\"image\";N;s:7:\"address\";N;s:10:\"priceRange\";N;s:13:\"servesCuisine\";N;}"],"_schema_localBusiness":["a:10:{s:6:\"active\";N;s:4:\"name\";N;s:11:\"description\";N;s:5:\"image\";N;s:10:\"priceRange\";N;s:15:\"addressLocality\";N;s:13:\"addressRegion\";N;s:10:\"postalCode\";N;s:13:\"streetAddress\";N;s:9:\"telephone\";N;}"],"_schema_book":["a:0:{}"],"_schema_course":["a:0:{}"],"_schema_JobPosting":["a:0:{}"],"_schema_movie":["a:0:{}"],"_schema_music":["a:0:{}"],"_schema_recipe":["a:0:{}"],"_schema_TVEpisode":["a:0:{}"],"_schema_question":["a:0:{}"],"_schema_itemList":["a:0:{}"],"_kcseo_ative_tab":[""],"_yoast_wpseo_content_score":["90"],"_yoast_wpseo_focuskeywords":["[]"],"_yoast_wpseo_keywordsynonyms":["[\"\"]"],"wpmdr_menu":["1"],"_uag_migration_processed":["1"],"_wpml_word_count":["287"],"_uagb_previous_block_counts":["a:90:{s:21:\"uagb\/advanced-heading\";i:0;s:15:\"uagb\/blockquote\";i:0;s:12:\"uagb\/buttons\";i:0;s:18:\"uagb\/buttons-child\";i:0;s:19:\"uagb\/call-to-action\";i:0;s:15:\"uagb\/cf7-styler\";i:0;s:11:\"uagb\/column\";i:0;s:12:\"uagb\/columns\";i:0;s:14:\"uagb\/container\";i:0;s:21:\"uagb\/content-timeline\";i:0;s:27:\"uagb\/content-timeline-child\";i:0;s:14:\"uagb\/countdown\";i:0;s:12:\"uagb\/counter\";i:0;s:8:\"uagb\/faq\";i:0;s:14:\"uagb\/faq-child\";i:0;s:10:\"uagb\/forms\";i:0;s:17:\"uagb\/forms-accept\";i:0;s:19:\"uagb\/forms-checkbox\";i:0;s:15:\"uagb\/forms-date\";i:0;s:16:\"uagb\/forms-email\";i:0;s:17:\"uagb\/forms-hidden\";i:0;s:15:\"uagb\/forms-name\";i:0;s:16:\"uagb\/forms-phone\";i:0;s:16:\"uagb\/forms-radio\";i:0;s:17:\"uagb\/forms-select\";i:0;s:19:\"uagb\/forms-textarea\";i:0;s:17:\"uagb\/forms-toggle\";i:0;s:14:\"uagb\/forms-url\";i:0;s:14:\"uagb\/gf-styler\";i:0;s:15:\"uagb\/google-map\";i:0;s:11:\"uagb\/how-to\";i:0;s:16:\"uagb\/how-to-step\";i:0;s:9:\"uagb\/icon\";i:0;s:14:\"uagb\/icon-list\";i:0;s:20:\"uagb\/icon-list-child\";i:0;s:10:\"uagb\/image\";i:0;s:18:\"uagb\/image-gallery\";i:0;s:13:\"uagb\/info-box\";i:0;s:18:\"uagb\/inline-notice\";i:0;s:11:\"uagb\/lottie\";i:0;s:21:\"uagb\/marketing-button\";i:0;s:10:\"uagb\/modal\";i:0;s:18:\"uagb\/popup-builder\";i:0;s:16:\"uagb\/post-button\";i:0;s:18:\"uagb\/post-carousel\";i:0;s:17:\"uagb\/post-excerpt\";i:0;s:14:\"uagb\/post-grid\";i:0;s:15:\"uagb\/post-image\";i:0;s:17:\"uagb\/post-masonry\";i:0;s:14:\"uagb\/post-meta\";i:0;s:18:\"uagb\/post-taxonomy\";i:0;s:18:\"uagb\/post-timeline\";i:0;s:15:\"uagb\/post-title\";i:0;s:20:\"uagb\/restaurant-menu\";i:0;s:26:\"uagb\/restaurant-menu-child\";i:0;s:11:\"uagb\/review\";i:0;s:12:\"uagb\/section\";i:0;s:14:\"uagb\/separator\";i:0;s:11:\"uagb\/slider\";i:0;s:17:\"uagb\/slider-child\";i:0;s:17:\"uagb\/social-share\";i:0;s:23:\"uagb\/social-share-child\";i:0;s:16:\"uagb\/star-rating\";i:0;s:23:\"uagb\/sure-cart-checkout\";i:0;s:22:\"uagb\/sure-cart-product\";i:0;s:15:\"uagb\/sure-forms\";i:0;s:22:\"uagb\/table-of-contents\";i:0;s:9:\"uagb\/tabs\";i:0;s:15:\"uagb\/tabs-child\";i:0;s:18:\"uagb\/taxonomy-list\";i:0;s:9:\"uagb\/team\";i:0;s:16:\"uagb\/testimonial\";i:0;s:14:\"uagb\/wp-search\";i:0;s:19:\"uagb\/instagram-feed\";i:0;s:10:\"uagb\/login\";i:0;s:17:\"uagb\/loop-builder\";i:0;s:18:\"uagb\/loop-category\";i:0;s:20:\"uagb\/loop-pagination\";i:0;s:15:\"uagb\/loop-reset\";i:0;s:16:\"uagb\/loop-search\";i:0;s:14:\"uagb\/loop-sort\";i:0;s:17:\"uagb\/loop-wrapper\";i:0;s:13:\"uagb\/register\";i:0;s:19:\"uagb\/register-email\";i:0;s:24:\"uagb\/register-first-name\";i:0;s:23:\"uagb\/register-last-name\";i:0;s:22:\"uagb\/register-password\";i:0;s:30:\"uagb\/register-reenter-password\";i:0;s:19:\"uagb\/register-terms\";i:0;s:22:\"uagb\/register-username\";i:0;}"],"_uag_page_assets":["a:9:{s:3:\"css\";s:0:\"\";s:2:\"js\";s:0:\"\";s:18:\"current_block_list\";a:3:{i:0;s:10:\"core\/image\";i:1;s:14:\"core\/paragraph\";i:2;s:14:\"core\/separator\";}s:8:\"uag_flag\";b:0;s:11:\"uag_version\";s:10:\"1777524867\";s:6:\"gfonts\";a:0:{}s:10:\"gfonts_url\";s:0:\"\";s:12:\"gfonts_files\";a:0:{}s:14:\"uag_faq_layout\";b:0;}"]},"uagb_featured_image_src":{"full":false,"thumbnail":false,"medium":false,"medium_large":false,"large":false,"1536x1536":false,"2048x2048":false},"uagb_author_info":{"display_name":"Ulrich Engelmann","author_link":"https:\/\/engelmann.com\/de\/author\/uengelmann\/"},"uagb_comment_info":0,"uagb_excerpt":"Vertr\u00f6delt, verloren oder aus Versehen gel\u00f6scht. Dateien sind schnell von der Festplatte entsorgt. Die Erkenntnis, dass die Datei wichtig war, kommt meist zu sp\u00e4t. Zum ... Details \u279c","_links":{"self":[{"href":"https:\/\/engelmann.com\/de\/wp-json\/wp\/v2\/pages\/58485","targetHints":{"allow":["GET"]}}],"collection":[{"href":"https:\/\/engelmann.com\/de\/wp-json\/wp\/v2\/pages"}],"about":[{"href":"https:\/\/engelmann.com\/de\/wp-json\/wp\/v2\/types\/page"}],"author":[{"embeddable":true,"href":"https:\/\/engelmann.com\/de\/wp-json\/wp\/v2\/users\/3"}],"replies":[{"embeddable":true,"href":"https:\/\/engelmann.com\/de\/wp-json\/wp\/v2\/comments?post=58485"}],"version-history":[{"count":0,"href":"https:\/\/engelmann.com\/de\/wp-json\/wp\/v2\/pages\/58485\/revisions"}],"wp:attachment":[{"href":"https:\/\/engelmann.com\/de\/wp-json\/wp\/v2\/media?parent=58485"}],"curies":[{"name":"wp","href":"https:\/\/api.w.org\/{rel}","templated":true}]}}