{"id":58500,"date":"2019-08-14T11:02:49","date_gmt":"2019-08-14T10:02:49","guid":{"rendered":"https:\/\/engelmann.com\/?page_id=58500"},"modified":"2019-08-14T11:02:49","modified_gmt":"2019-08-14T10:02:49","slug":"online-hilfe-secuperts-cyber-shield","status":"publish","type":"page","link":"https:\/\/engelmann.com\/de\/online-hilfe-secuperts-cyber-shield\/","title":{"rendered":"SecuPerts Cyber Shield Hilfe"},"content":{"rendered":"\n<p> <strong>Vorwort<\/strong><\/p>\n\n\n\n<p>Mit&nbsp;<a href=\"https:\/\/cyber-shield.de\/\">Cyber Shield<\/a>&nbsp;f\u00fchren Sie alle integrierten Programme in einer sog. Sandbox aus. Wir haben die Software von externen Firmen\/Spezialisten begutachten lassen, um diese Funktionalit\u00e4t zu \u00fcberpr\u00fcfen und wir werden&nbsp;<a href=\"https:\/\/cyber-shield.de\/\">Cyber Shield<\/a>&nbsp;auch kontinuierlich weiter testen lassen. Wenn wir in der Hilfe von \u201esicher\u201c sprechen, so ist damit der aktuelle Stand der Technik der Technik gemeint.SecuPerts Cyber Shield Installation<\/p>\n\n\n\n<p><strong>Einleitung<\/strong><\/p>\n\n\n\n<p>Die Installation des Programms setzt ein funktionierendes Windows-Betriebssystem voraus. Support f\u00fcr Mac ist in Vorbereitung. In Bezug auf die Hardware gilt generell: Je leistungsf\u00e4higer, desto besser. Sie ben\u00f6tigen aber mindestens:<\/p>\n\n\n\n<ul class=\"wp-block-list\"><li>Windows 7\/8\/10 (jeweils 32- oder 64-bit)<\/li><li>mindestens 1 Gigabyte RAM<\/li><li>W\u00e4hrend der Verwendung des Programms muss eine Verbindung zum Internet bestehen!<\/li><\/ul>\n\n\n\n<p>Treten unerwartet Probleme mit SecuPerts&nbsp;<a href=\"https:\/\/cyber-shield.de\/\">Cyber Shield<\/a>&nbsp;auf, wenden Sie sich bitte an unseren Support. Sie erreichen unser Support-Center \u00fcber unser Kontaktformular auf dieser Webseite.&nbsp;Damit wir Ihnen so effektiv wie m\u00f6glich helfen k\u00f6nnen, halten Sie bitte folgende Informationen bereit:<\/p>\n\n\n\n<ul class=\"wp-block-list\"><li>Den Programmnamen (also SecuPerts Cyber Shield) und die Versionsnummer.<\/li><li>Die Bezeichnung des verwendeten Betriebssystems und eventuell installierter Service Packs.<\/li><li>Eine kurze Fehlerbeschreibung, sowie eine Angabe zur H\u00e4ufigkeit des Auftretens (sporadisch oder regelm\u00e4\u00dfig).<\/li><\/ul>\n\n\n\n<p><strong>Einrichtung<\/strong><\/p>\n\n\n\n<p>Um SecuPerts Cyber Shield zu installieren, gehen Sie bitte wie folgt vor:<\/p>\n\n\n\n<ol class=\"wp-block-list\"><li>Sichern Sie alle aktuellen Daten und schlie\u00dfen Sie alle offenen Programme.<\/li><li>Haben Sie SecuPerts Cyber Shield auf DVD erworben, so legen Sie jetzt die Disc ein. \u00d6ffnen Sie dann bitte \u00fcber den \u201aArbeitsplatz\u2018 auf Ihrem Desktop Ihr CD\/DVD-ROM-Laufwerk und f\u00fchren Sie eine Setup-Datei per Doppel-Klick aus.<\/li><li>Haben Sie SecuPerts Cyber Shield als Download erworben, so entpacken Sie die heruntergeladene Datei mit einem Doppel-Klick.<\/li><\/ol>\n\n\n\n<p>Folgende Dateien werden sichtbar:<\/p>\n\n\n\n<div class=\"wp-block-image\"><figure class=\"aligncenter\"><img decoding=\"async\" src=\"https:\/\/engelmann.com\/wp-content\/uploads\/2018\/09\/secuperts-cyber-shield-setup-1.jpg\" alt=\"\" class=\"wp-image-54160\"\/><\/figure><\/div>\n\n\n\n<p>Bitte klicken Sie auf \u201eExtrahieren\u201c, um alle Dateien zu entpacken. \u00d6ffnen Sie anschlie\u00dfend den Ordner mit allen entpackten Dateien. Sie haben dann zwei Optionen:<\/p>\n\n\n\n<ul class=\"wp-block-list\"><li>Cyber Shield auf USB installieren<\/li><li>Cyber Shield f\u00fcr Windows installieren<\/li><\/ul>\n\n\n\n<p>Anmerkung: DE steht f\u00fcr die deutsche Installation und EN f\u00fcr die englische Installation. Weitere Sprachen sind in Vorbereitung!<\/p>\n\n\n\n<p>Wenn Sie Cyber Shield auf USB installieren wollen, m\u00fcssen Sie einen 8 GB gro\u00dfen USB Stick besitzen, vom dem Ihr Rechner booten kann. Folgen Sie dann den weiteren Anweisungen.<\/p>\n\n\n\n<p>Hier werden wir nun beschreiben, wie die Software unter Windows installiert wird. Klicken Sie dazu bitte auf \u201eCyber Shield f\u00fcr Windows installieren\u201c und folgen Sie der Installation:<\/p>\n\n\n\n<ul class=\"wp-block-list\"><li>Best\u00e4tigen Sie, dass Cyber Shield \u00c4nderungen vornehmen darf<\/li><li>Geben Sie dann Ihre Seriennummer ein. Wenn Sie noch keine Seriennummer haben und die Software im Demo-Modus ausprobieren wollen, lassen Sie dieses Feld bitte einfach leer. Klicken Sie anschlie\u00dfend auf \u201eInstallieren\u201c und die Installation startet.<\/li><li>Eine separate Installation von \u201eOracle Virtual Box\u201c startet. Klicken Sie bitte 3x auf \u201eWeiter\u201c, 1x auf \u201eJa\u201c und dann auf 2 x auf \u201eInstallieren\u201c (davon einmal f\u00fcr einen Ger\u00e4tetreiber). Zum Schluss w\u00e4hlen Sie bitte \u201eFertig stellen\u201c.<\/li><li>Klicken Sie auf \u201eBeenden\u201c und es \u00f6ffnen sich einige Fenster, in denen automatische Konfigurationen vorgenommen werden.<\/li><\/ul>\n\n\n\n<p>Die Software \u201eOracle VM VirtualBox Manager\u201c k\u00f6nnen Sie schlie\u00dfen. Diese wird nicht mehr ben\u00f6tigt.<\/p>\n\n\n\n<p>Cyber Shield wird dann ausgef\u00fchrt und es \u00f6ffnet sich folgendes Fenster:<\/p>\n\n\n\n<div class=\"wp-block-image\"><figure class=\"aligncenter\"><img decoding=\"async\" src=\"https:\/\/engelmann.com\/wp-content\/uploads\/2018\/09\/datentresor-einrichten.jpg\" alt=\"\" class=\"wp-image-54164\"\/><\/figure><\/div>\n\n\n\n<p>Sie m\u00fcssen sich nun ein Passwort ausdenken, welches Sie sich gut merken k\u00f6nnen und Sie sollten dieses Passwort sicher verwahren!&nbsp;<a href=\"https:\/\/engelmann.com\/de\/sicherheit\/wie-sicher-ist-mein-passwort\/\" target=\"_blank\" rel=\"noreferrer noopener\">Tips f\u00fcr sichere Passw\u00f6rter finden Sie hier bei uns<\/a>. Das Passwort f\u00fcr Cyber Shield muss wenigstens zehn Zeichen lang sein, Klein- und Gro\u00dfbuchstaben und eine Zahl enthalten. Wenn der Button \u201eAnwenden\u201c aktiv wird, klicken Sie bitte darauf. Es dauert einige Sekunden, bis Cyber Shield dann weiter startet.<\/p>\n\n\n\n<p><strong>Ganz wichtig: Wenn Sie dieses Passwort verlieren, k\u00f6nnen Sie nicht mehr auf Ihre pers\u00f6nlichen Daten zugreifen, die Sie in Cyber Shield eingeben\/verwenden! Also bitte gut verwahren und merken!<\/strong><\/p>\n\n\n\n<p>Als n\u00e4chstes kommt eine Aufforderung, um Cyber Shield in den \u201enahtlosen Modus\u201c zu stellen. Bitte aktivieren Sie die Checkbox bei \u201eDiese Meldung nicht mehr zeigen\u201c und w\u00e4hlen dann \u201eEinschalten\u201c.<\/p>\n\n\n\n<div class=\"wp-block-image\"><figure class=\"aligncenter\"><img decoding=\"async\" src=\"https:\/\/engelmann.com\/wp-content\/uploads\/2018\/09\/cyber-shield-nahtloser-modus.jpg\" alt=\"\" class=\"wp-image-54166\"\/><\/figure><\/div>\n\n\n\n<p>Akzeptieren Sie dann bitte unsere Endbenutzer-Lizenzvereinbarung und klicken Sie auf \u201eJa\u201c. Wenn Sie zuvor vergessen haben, den Lizenzschl\u00fcssel einzugeben, so k\u00f6nnen Sie das jetzt nachholen.<\/p>\n\n\n\n<p>Anschlie\u00dfend startet Cyber Shield.<\/p>\n\n\n\n<p><strong>Bitte beachten Sie:<\/strong>&nbsp;Oben im Bildschirm erscheint folgende Meldung:<\/p>\n\n\n\n<div class=\"wp-block-image\"><figure class=\"aligncenter\"><img decoding=\"async\" src=\"https:\/\/engelmann.com\/wp-content\/uploads\/2018\/09\/maus-integration.jpg\" alt=\"\" class=\"wp-image-54168\"\/><\/figure><\/div>\n\n\n\n<p>Sie k\u00f6nnen diese Meldung ignorieren und zudem wegklicken, indem Sie zweimal rechts auf das \u201ex\u201c klicken.Bedienung von Cyber Shield<\/p>\n\n\n\n<p>Das Hauptmen\u00fc von Cyber Shield sieht so aus:<\/p>\n\n\n\n<div class=\"wp-block-image\"><figure class=\"aligncenter\"><img decoding=\"async\" src=\"https:\/\/engelmann.com\/wp-content\/uploads\/2018\/09\/cyber-shield-menue.jpg\" alt=\"\" class=\"wp-image-54172\"\/><\/figure><\/div>\n\n\n\n<p>Sie haben jetzt die Wahl zwischen folgenden Funktionen:<\/p>\n\n\n\n<ul class=\"wp-block-list\"><li>Internet<\/li><li>Passwort-Manager<\/li><li>E-Mail<\/li><li>Office<\/li><\/ul>\n\n\n\n<p>Sicher im Internet dank Cyber Shield<\/p>\n\n\n\n<div class=\"wp-block-image\"><figure class=\"aligncenter\"><img decoding=\"async\" src=\"https:\/\/engelmann.com\/wp-content\/uploads\/2018\/09\/cyber-shield-sicher-im-internet.jpg\" alt=\"\" class=\"wp-image-54174\"\/><\/figure><\/div>\n\n\n\n<p>Sie haben hier aktuell zwei Optionen:<\/p>\n\n\n\n<ul class=\"wp-block-list\"><li><strong>Internet: sicher, aber nicht anonym<\/strong><\/li><li><strong>Internet: sicher und anonym (TOR)<\/strong><\/li><\/ul>\n\n\n\n<p>Wir arbeiten an einem kostenlosen Update, das demn\u00e4chst eine dritte Option erlaubt:<\/p>\n\n\n\n<ul class=\"wp-block-list\"><li>Internet: sicher &amp; anonym (VPN)<\/li><\/ul>\n\n\n\n<p>Wir verwenden in beiden F\u00e4llen Mozilla Firefox als Browser. Eine ausf\u00fchrliche Anleitung&nbsp;<a href=\"https:\/\/support.mozilla.org\/de\/kb\/erste-schritte-mit-firefox\" target=\"_blank\" rel=\"noreferrer noopener\">zu Firefox finden Sie hier<\/a>.<\/p>\n\n\n\n<p><strong>Bitte beachten Sie<\/strong>: Beide Ihnen zur Verf\u00fcgung stehenden Browser sind sicher und sie k\u00f6nnen sich frei im Internet bewegen.<\/p>\n\n\n\n<p>Wenn Sie das Tor-Netzwerk nutzen wollen, surfen Sie zus\u00e4tzlich anonym \u2013 aber leider recht langsam. Weitere Informationen zum&nbsp;<a href=\"https:\/\/de.wikipedia.org\/wiki\/Tor_(Netzwerk)\" target=\"_blank\" rel=\"noreferrer noopener\">Tor-Netzwerk erhalten Sie hier<\/a><\/p>\n\n\n\n<p>Wir arbeiten an der Integrierung eines eigenen VPN Netzwerkes. Damit k\u00f6nnen Sie dann deutlich schneller anonym surfen.<\/p>\n\n\n\n<p><strong>Achtung: Der Start der Browser kann etwas dauern.<\/strong>Passwort Manager in Cyber Shield<\/p>\n\n\n\n<p>Wir verwenden KeePassXC in einer aktuellen Version. Weitere Details finden Sie auf der&nbsp;<a href=\"https:\/\/keepassxc.org\/\" target=\"_blank\" rel=\"noreferrer noopener\">Homepage der Software KeePassXC<\/a>.Der E-Mail-Client in Cyber Shield<\/p>\n\n\n\n<p>Wir verwenden Earlybird, eine Version von Thunderbird. Eine ausf\u00fchrliche Anleitung zu dieser Software&nbsp;<a href=\"https:\/\/support.mozilla.org\/de\/products\/thunderbird\/how\" target=\"_blank\" rel=\"noreferrer noopener\">finden Sie hier<\/a>.<\/p>\n\n\n\n<p>Auch hier gilt: Sie k\u00f6nnen beruhigt alle E-Mails \u00f6ffnen! Es kann Ihnen nichts passieren!Office in Cyber Shield<\/p>\n\n\n\n<p>Sie haben Zugang zu einer Textverarbeitung, einer Tabellenkalkulation, einer Pr\u00e4sentations-Software und k\u00f6nnen sich auch Ihre letzten bearbeiteten Dateien ansehen. Verwendet wird in allen Men\u00fcpunkten die Software \u201eLibre Office 5\u201c.<\/p>\n\n\n\n<div class=\"wp-block-image\"><figure class=\"aligncenter\"><img decoding=\"async\" src=\"https:\/\/engelmann.com\/wp-content\/uploads\/2018\/09\/cyber-shield-sicheres-office.jpg\" alt=\"\" class=\"wp-image-54180\"\/><\/figure><\/div>\n\n\n\n<p><br>Eine ausf\u00fchrliche&nbsp;<a href=\"https:\/\/de.libreoffice.org\/get-help\/documentation\/\" target=\"_blank\" rel=\"noreferrer noopener\">Anleitung dieser Software finden Sie hier<\/a>.<\/p>\n\n\n\n<p><strong>Bitte beachten Sie:<\/strong>&nbsp;Alles was Sie in Libre Office bearbeiten, ist nach dem aktuellen Stand der Technik gesch\u00fctzt vor evtl. Viren auf Ihrem Hauptrechner und evtl. Viren, Trojaner etc. in den Dokumenten k\u00f6nnen nicht auf Ihr System zugreifen. Sie k\u00f6nnen also wirklich sicher Ihre Dokumente verwalten bzw. bearbeiten!Cyber Shield beenden<\/p>\n\n\n\n<p>Bitte bewegen Sie sich mit Ihrer Maus an den oberen Rand Ihres Desktops und es wird eine Men\u00fczeile erscheinen. Dort sehen Sie folgendes Icon:<\/p>\n\n\n\n<div class=\"wp-block-image\"><figure class=\"aligncenter\"><img decoding=\"async\" src=\"https:\/\/engelmann.com\/wp-content\/uploads\/2018\/09\/cyber-shield-button.jpg\" alt=\"\" class=\"wp-image-54183\"\/><\/figure><\/div>\n\n\n\n<p>Bitte klicken Sie auf das Icon und Sie haben folgende Optionen, die selbsterkl\u00e4rend sind:<\/p>\n\n\n\n<div class=\"wp-block-image\"><figure class=\"aligncenter\"><img decoding=\"async\" src=\"https:\/\/engelmann.com\/wp-content\/uploads\/2018\/09\/cyver-shield-beenden.jpg\" alt=\"\" class=\"wp-image-54185\"\/><\/figure><\/div>\n\n\n\n<p><br>Sobald Sie die Software beenden oder neu starten, werden alle Module von Cyber Shield wieder in den Ursprungszustand zur\u00fcckversetzt.&nbsp;Ihre pers\u00f6nlichen Daten bleiben alle im Datentresor erhalten!Fragen &amp; Antworten<\/p>\n\n\n\n<p><strong>Wie werden Daten zwischen Cyber Shield und dem Hauptsystem ausgetauscht?<\/strong><\/p>\n\n\n\n<p>Cyber Shield legt den Ordner \u201eCyber Shield Datenaustausch\u201c (shared files in English) auf dem Desktop Ihres Rechners. Alle Dateien, die Sie dort ablegen, sind in Cyber Shield zug\u00e4nglich \u2013 und nat\u00fcrlich \u00fcber Ihre normale Windows Umgebung. Da dies ein potentielles Sicherheitsrisiko darstellt, werden alle dort vorhandenen Dateien mit dem t\u00e4glich aktualisierten Virenscanner von Avira \u00fcberpr\u00fcft. Ein Restrisiko bleibt aber immer vorhanden, wenn Sie Daten austauschen wollen.<\/p>\n\n\n\n<p><strong>Welche Tastaturk\u00fcrzel sind zu beachten?<\/strong><\/p>\n\n\n\n<p><em>STRG-M<\/em>: Cyber Shield arbeitet im sog. \u201eSeamless Mode\u201c. D.h., alle ausgef\u00fchrten Programme laufen in eigenen Fenstern (so wie es bei Windows \u00fcblich ist). Mit STRG-M k\u00f6nnen Sie zwischen dem Seamless-Modus und dem klassischen Desktop-Modus wechseln<\/p>\n\n\n\n<p><em>STRG-L<\/em>: Mit STRG-L schalten Sie Cyber Shield in den Vollbild-Modus und auch wieder zur\u00fcck.<\/p>\n\n\n\n<p><em>ALT und Klick:<\/em>&nbsp;Wenn Sie das Fenster von Cyber Shield verschieben m\u00f6chten, dr\u00fccken Sie die \u201eALT\u201c-Taste und klicken auf das Fenster von Cyber Shield. Sie k\u00f6nnen das Fenster dann beliebig verschieben<\/p>\n\n\n\n<p><strong>WICHTIG: Bitte nutzen Sie die rechte STRG-Taste!<\/strong><\/p>\n\n\n\n<p><strong>Wie wird Cyber Shield noch erweitert?<\/strong><\/p>\n\n\n\n<p>Ja! Wir werden noch einen weiteren Browser hinzuf\u00fcgen, mit dem Sie \u00fcber ein VPN Netzwerk schnell anonym surfen k\u00f6nnen. Und vor allem deutlich schneller als mit TOR. Wir arbeiten zudem noch an einem sicheren Banking-Browser und an der Integrierung einer Banking Software. Details dazu werden bald folgen! Grunds\u00e4tzlich wird die Software zudem anschlie\u00dfend noch in weitere Sprachen \u00fcbersetzt.<\/p>\n\n\n\n<p><strong>Wann kommt Cyber Shield f\u00fcr Mac?<\/strong><\/p>\n\n\n\n<p>Sobald alle Funktionen integriert sind, werden wir die Software auch f\u00fcr Mac ver\u00f6ffentlichen!<\/p>\n\n\n\n<p><strong>Welche Betriebssysteme werden unterst\u00fctzt?<\/strong><\/p>\n\n\n\n<p>Cyber Shield l\u00e4uft unter Windows 10, Windows 8 und Windows&nbsp; (32- und 64-bit).<\/p>\n\n\n\n<p>Zus\u00e4tzlich unter MAC OS X 10.10, 10.11, 10.12 und 10.13 (bei Mac nur nur 64-Bit und Intel Hardware).<\/p>\n\n\n\n<p><strong>Wird der Rechner durch Cyber Shield verlangsamt?<\/strong><\/p>\n\n\n\n<p>Nein. Cyber Shield verlangsamt den Rechner nicht. Auf modernen 64-bit Rechnern merkt man eigentlich keine Geschwindigkeitseinbu\u00dfen, wenn Sie mit unserer Software im Internet surfen.<\/p>\n\n\n\n<p>&lt;-&nbsp;<a href=\"https:\/\/engelmann.com\/de\/hilfen\/\">Zur\u00fcck zur \u00dcbersicht aller verf\u00fcgbaren Hilfen von Engelmann Software<\/a><\/p>\n","protected":false},"excerpt":{"rendered":"<p>Vorwort Mit&nbsp;Cyber Shield&nbsp;f\u00fchren Sie alle integrierten Programme in einer sog. Sandbox aus. Wir haben die Software von externen Firmen\/Spezialisten begutachten lassen, um diese Funktionalit\u00e4t zu &#8230; <a title=\"SecuPerts Cyber Shield Hilfe\" class=\"read-more\" href=\"https:\/\/engelmann.com\/de\/online-hilfe-secuperts-cyber-shield\/\" aria-label=\"Mehr Informationen \u00fcber SecuPerts Cyber Shield Hilfe\">Details \u279c<\/a><\/p>\n","protected":false},"author":3,"featured_media":0,"parent":0,"menu_order":0,"comment_status":"closed","ping_status":"closed","template":"","meta":{"om_disable_all_campaigns":false,"_uag_custom_page_level_css":"","_monsterinsights_skip_tracking":false,"_monsterinsights_sitenote_active":false,"_monsterinsights_sitenote_note":"","_monsterinsights_sitenote_category":0,"footnotes":""},"class_list":{"0":"post-58500","1":"page","2":"type-page","3":"status-publish","5":"infinite-scroll-item","6":"no-featured-image-padding"},"aioseo_notices":[],"spectra_custom_meta":{"cleverpush_send_notification":["",""],"_wpml_media_featured":["1","1"],"_wpml_media_duplicate":["1","1"],"aal_manualgenerated":["a:1:{i:0;O:8:\"stdClass\":2:{s:7:\"keyword\";s:12:\"Cyber Shield\";s:3:\"url\";s:24:\"https:\/\/cyber-shield.de\/\";}}"],"_edit_last":["2"],"slide_template":["default"],"_schema_article":["a:12:{s:6:\"active\";N;s:8:\"headline\";N;s:16:\"mainEntityOfPage\";N;s:6:\"author\";N;s:5:\"image\";N;s:13:\"datePublished\";N;s:12:\"dateModified\";N;s:9:\"publisher\";N;s:14:\"publisherImage\";N;s:11:\"description\";N;s:11:\"articleBody\";N;s:19:\"alternativeHeadline\";N;}"],"_schema_blog_posting":["a:11:{s:6:\"active\";N;s:8:\"headline\";N;s:16:\"mainEntityOfPage\";N;s:6:\"author\";N;s:5:\"image\";N;s:13:\"datePublished\";N;s:12:\"dateModified\";N;s:9:\"publisher\";N;s:14:\"publisherImage\";N;s:11:\"description\";N;s:11:\"articleBody\";N;}"],"_schema_news_article":["a:11:{s:6:\"active\";N;s:8:\"headline\";N;s:16:\"mainEntityOfPage\";N;s:6:\"author\";N;s:5:\"image\";N;s:13:\"datePublished\";N;s:12:\"dateModified\";N;s:9:\"publisher\";N;s:14:\"publisherImage\";N;s:11:\"description\";N;s:11:\"articleBody\";N;}"],"_schema_event":["a:14:{s:6:\"active\";N;s:4:\"name\";N;s:12:\"locationName\";N;s:15:\"locationAddress\";N;s:9:\"startDate\";N;s:7:\"endDate\";N;s:11:\"description\";N;s:13:\"performerName\";N;s:5:\"image\";N;s:5:\"price\";N;s:13:\"priceCurrency\";N;s:12:\"availability\";N;s:9:\"validFrom\";N;s:3:\"url\";N;}"],"_schema_product":["a:20:{s:6:\"active\";N;s:4:\"name\";N;s:5:\"image\";N;s:11:\"description\";N;s:3:\"sku\";N;s:5:\"brand\";N;s:15:\"identifier_type\";s:3:\"mpn\";s:10:\"identifier\";N;s:17:\"reviewRatingValue\";N;s:16:\"reviewBestRating\";N;s:17:\"reviewWorstRating\";N;s:12:\"reviewAuthor\";N;s:11:\"ratingValue\";N;s:11:\"reviewCount\";N;s:5:\"price\";N;s:15:\"priceValidUntil\";N;s:13:\"priceCurrency\";N;s:12:\"availability\";N;s:13:\"itemCondition\";N;s:3:\"url\";N;}"],"_schema_video":["a:10:{s:6:\"active\";N;s:4:\"name\";N;s:11:\"description\";N;s:12:\"thumbnailUrl\";N;s:10:\"uploadDate\";N;s:8:\"duration\";N;s:10:\"contentUrl\";N;s:8:\"embedUrl\";N;s:16:\"interactionCount\";N;s:7:\"expires\";N;}"],"_schema_service":["a:13:{s:6:\"active\";N;s:4:\"name\";N;s:11:\"serviceType\";N;s:14:\"additionalType\";N;s:5:\"award\";N;s:8:\"category\";N;s:16:\"providerMobility\";N;s:11:\"description\";N;s:5:\"image\";N;s:16:\"mainEntityOfPage\";N;s:6:\"sameAs\";N;s:3:\"url\";N;s:13:\"alternateName\";N;}"],"_schema_review":["a:10:{s:6:\"active\";N;s:8:\"itemName\";N;s:10:\"reviewBody\";N;s:4:\"name\";N;s:6:\"author\";N;s:13:\"datePublished\";N;s:11:\"ratingValue\";N;s:10:\"bestRating\";N;s:11:\"worstRating\";N;s:9:\"publisher\";N;}"],"_schema_aggregate_rating":["a:13:{s:6:\"active\";N;s:11:\"schema_type\";N;s:4:\"name\";N;s:5:\"image\";N;s:10:\"priceRange\";N;s:9:\"telephone\";N;s:7:\"address\";N;s:11:\"description\";N;s:11:\"ratingCount\";N;s:11:\"reviewCount\";N;s:11:\"ratingValue\";N;s:10:\"bestRating\";N;s:11:\"worstRating\";N;}"],"_schema_restaurant":["a:10:{s:6:\"active\";N;s:4:\"name\";N;s:11:\"description\";N;s:12:\"openingHours\";N;s:9:\"telephone\";N;s:4:\"menu\";N;s:5:\"image\";N;s:7:\"address\";N;s:10:\"priceRange\";N;s:13:\"servesCuisine\";N;}"],"_schema_localBusiness":["a:10:{s:6:\"active\";N;s:4:\"name\";N;s:11:\"description\";N;s:5:\"image\";N;s:10:\"priceRange\";N;s:15:\"addressLocality\";N;s:13:\"addressRegion\";N;s:10:\"postalCode\";N;s:13:\"streetAddress\";N;s:9:\"telephone\";N;}"],"_schema_book":["a:0:{}"],"_schema_course":["a:0:{}"],"_schema_JobPosting":["a:0:{}"],"_schema_movie":["a:0:{}"],"_schema_music":["a:0:{}"],"_schema_recipe":["a:0:{}"],"_schema_TVEpisode":["a:0:{}"],"_schema_question":["a:0:{}"],"_schema_itemList":["a:0:{}"],"_kcseo_ative_tab":[""],"_yoast_wpseo_content_score":["60"],"_yoast_wpseo_focuskeywords":["[]"],"_yoast_wpseo_keywordsynonyms":["[\"\"]"],"wpmdr_menu":["1"],"_uag_migration_processed":["1"],"_wpml_word_count":["1654"],"_uag_page_assets":["a:9:{s:3:\"css\";s:0:\"\";s:2:\"js\";s:0:\"\";s:18:\"current_block_list\";a:3:{i:0;s:14:\"core\/paragraph\";i:1;s:9:\"core\/list\";i:2;s:10:\"core\/image\";}s:8:\"uag_flag\";b:0;s:11:\"uag_version\";s:10:\"1775868597\";s:6:\"gfonts\";a:0:{}s:10:\"gfonts_url\";s:0:\"\";s:12:\"gfonts_files\";a:0:{}s:14:\"uag_faq_layout\";b:0;}"]},"uagb_featured_image_src":{"full":false,"thumbnail":false,"medium":false,"medium_large":false,"large":false,"1536x1536":false,"2048x2048":false},"uagb_author_info":{"display_name":"Ulrich Engelmann","author_link":"https:\/\/engelmann.com\/de\/author\/uengelmann\/"},"uagb_comment_info":0,"uagb_excerpt":"Vorwort Mit&nbsp;Cyber Shield&nbsp;f\u00fchren Sie alle integrierten Programme in einer sog. Sandbox aus. Wir haben die Software von externen Firmen\/Spezialisten begutachten lassen, um diese Funktionalit\u00e4t zu ... Details \u279c","_links":{"self":[{"href":"https:\/\/engelmann.com\/de\/wp-json\/wp\/v2\/pages\/58500","targetHints":{"allow":["GET"]}}],"collection":[{"href":"https:\/\/engelmann.com\/de\/wp-json\/wp\/v2\/pages"}],"about":[{"href":"https:\/\/engelmann.com\/de\/wp-json\/wp\/v2\/types\/page"}],"author":[{"embeddable":true,"href":"https:\/\/engelmann.com\/de\/wp-json\/wp\/v2\/users\/3"}],"replies":[{"embeddable":true,"href":"https:\/\/engelmann.com\/de\/wp-json\/wp\/v2\/comments?post=58500"}],"version-history":[{"count":0,"href":"https:\/\/engelmann.com\/de\/wp-json\/wp\/v2\/pages\/58500\/revisions"}],"wp:attachment":[{"href":"https:\/\/engelmann.com\/de\/wp-json\/wp\/v2\/media?parent=58500"}],"curies":[{"name":"wp","href":"https:\/\/api.w.org\/{rel}","templated":true}]}}