{"id":58504,"date":"2019-08-14T11:04:17","date_gmt":"2019-08-14T10:04:17","guid":{"rendered":"https:\/\/engelmann.com\/?page_id=58504"},"modified":"2019-08-14T11:04:17","modified_gmt":"2019-08-14T10:04:17","slug":"online-hilfe-secuperts-identitiy-inspector","status":"publish","type":"page","link":"https:\/\/engelmann.com\/de\/online-hilfe-secuperts-identitiy-inspector\/","title":{"rendered":"SecuPerts Identitiy Inspector Hilfe"},"content":{"rendered":"\n<p><strong>Einleitung<\/strong><\/p>\n\n\n\n<p>Die Installation des Programms setzt ein funktionierendes Windows-Betriebssystem voraus.&nbsp;In Bezug auf die Hardware gilt generell: Je leistungsf\u00e4higer, desto besser. Sie ben\u00f6tigen aber mindestens:<\/p>\n\n\n\n<ul class=\"wp-block-list\"><li>Windows 7\/8\/10 (jeweils 32- oder 64-bit)<\/li><li>mindestens 1 Gigabyte RAM<\/li><li>.NET 4.6.2 Framework (wird automatisch installiert, falls nicht vorhanden)<\/li><li>W\u00e4hrend der Verwendung des Programms muss eine Verbindung zum Internet bestehen!<\/li><\/ul>\n\n\n\n<p>Treten unerwartet Probleme mit SecuPerts Identitiy Inspector auf, wenden Sie sich bitte an unseren Support. Sie erreichen unser&nbsp;<a href=\"https:\/\/support.engelmann.com\/\">Support-Center \u00fcber unser Kontaktformular auf dieser Webseit<\/a>e.&nbsp;Damit wir Ihnen so effektiv wie m\u00f6glich helfen k\u00f6nnen, halten Sie bitte folgende Informationen bereit:<\/p>\n\n\n\n<ul class=\"wp-block-list\"><li>Den Programmnamen (also SecuPerts Identitiy Inspector) und die Versionsnummer.<\/li><li>Die Bezeichnung des verwendeten Betriebssystems und eventuell installierter Service Packs.<\/li><li>Eine kurze Fehlerbeschreibung, sowie eine Angabe zur H\u00e4ufigkeit des Auftretens (sporadisch oder regelm\u00e4\u00dfig).<\/li><\/ul>\n\n\n\n<p><strong>Einrichtung<\/strong><\/p>\n\n\n\n<p>Um SecuPerts Identitiy Inspector zu installieren, gehen Sie bitte wie folgt vor:<\/p>\n\n\n\n<ol class=\"wp-block-list\"><li>Sichern Sie alle aktuellen Daten und schlie\u00dfen Sie alle offenen Programme.<\/li><li>Haben Sie SecuPerts Identitiy Inspector auf CD erworben, so legen Sie jetzt die Disc ein. Der Setup-Assistent startet automatisch; ist dies nicht der Fall, \u00f6ffnen Sie bitte \u00fcber den \u201aArbeitsplatz\u2018 auf Ihrem Desktop Ihr CD-ROM-Laufwerk und f\u00fchren Sie die Setup-Datei per Doppel-Klick aus. (z.B. D:\\Setup.exe)<\/li><li>Haben Sie SecuPerts Identitiy Inspector als Download erworben, so starten Sie die heruntergeladene Datei mit einem Doppel-Klick. Sollten Sie die Datei noch nicht heruntergeladen haben, k\u00f6nnen Sie dies auf unserer Webseite nachholen.<\/li><\/ol>\n\n\n\n<p>Unter Optionen k\u00f6nnen Sie w\u00e4hrend der Installation Ihr gew\u00fcnschtes Installationsverzeichnis ausw\u00e4hlen. Dort k\u00f6nnen Sie auch entscheiden, ob nach der Installation eine Programmverkn\u00fcpfung auf dem Desktop angelegt werden soll. Ein Klick auf \u201aOK\u2018 speichert diese Einstellungen. Der Setup-Assistent leitet Sie danach Schritt-f\u00fcr-Schritt durch die weitere Installation. Wie allgemein \u00fcblich, gelten dabei folgende Regeln:<\/p>\n\n\n\n<ul class=\"wp-block-list\"><li>Installieren: Die Schaltfl\u00e4che Installieren startet den Installationsvorgang. Bis zu dem Moment, in dem Sie auf Installieren klicken, werden keine \u00c4nderungen an Ihrem System vorgenommen.<\/li><li>Schlie\u00dfen: Die Schaltfl\u00e4che Abbrechen bricht die Installation ab und macht alle eventuell durchgef\u00fchrten \u00c4nderungen r\u00fcckg\u00e4ngig.<\/li><\/ul>\n\n\n\n<p>Nach der erfolgreichen Installation starten Sie SecuPerts Identitiy Inspector auf eine der folgenden M\u00f6glichkeiten:<\/p>\n\n\n\n<ul class=\"wp-block-list\"><li>\u00dcber das Startmen\u00fc: Klicken Sie auf \u201aStart -&gt; Programme -&gt; Engelmann Software -&gt; Identitiy Inspector.<\/li><li>\u00dcber den Desktop: Doppelklicken Sie auf das SecuPerts Identitiy Inspector Symbol auf Ihrem Desktop (falls Sie dieses w\u00e4hrend der Installation haben anlegen lassen).<\/li><li>\u00dcber die Schnellstartleiste: Klicken Sie auf das SecuPerts Identitiy Inspector-Symbol in der Schnellstartleiste. (Hinweis: Die Schnellstartleiste steht ab Windows 7 nicht standardm\u00e4\u00dfig zur Verf\u00fcgung.)<\/li><\/ul>\n\n\n\n<p>Wichtig: Stellen Sie vor dem ersten Programmstart bitte sicher, dass Ihr PC mit dem Internet verbunden ist, damit SecuPerts Identitiy Inspector lizensiert und freigeschaltet werden kann.<\/p>\n\n\n\n<p><strong>Start der Software<\/strong><\/p>\n\n\n\n<p>Wenn Sie unsere Software zum ersten Mal starten, sehen Sie folgendes Bild vor sich:<\/p>\n\n\n\n<div class=\"wp-block-image\"><figure class=\"aligncenter\"><img decoding=\"async\" src=\"https:\/\/engelmann.com\/wp-content\/uploads\/2018\/10\/secuperts-identity-inspector-screenshot-de-1.jpg\" alt=\"\" class=\"wp-image-54363\"\/><\/figure><\/div>\n\n\n\n<p>Geben Sie dort bitte Ihre vollst\u00e4ndige E-Mail-Adresse ein. Unsere Software \u00fcberpr\u00fcft dann die Sicherheit Ihrer Mail-Adresse mehrmals am Tag. Sie k\u00f6nnen beliebig viele Adressen von unserer Software \u00fcberwachen lassen.<\/p>\n\n\n\n<p>Wenn Sie weitere E-Mail-Adressen&nbsp;der \u00dcberwachung hinzuf\u00fcgen wollen, klicken Sie einfach auf das&nbsp;<strong>+<\/strong>-Zeichen oben in der Software:<\/p>\n\n\n\n<div class=\"wp-block-image\"><figure class=\"aligncenter\"><img decoding=\"async\" src=\"https:\/\/engelmann.com\/wp-content\/uploads\/2018\/10\/secuperts-identity-inspector-screenshot-de-2.jpg\" alt=\"\" class=\"wp-image-54365\"\/><\/figure><\/div>\n\n\n\n<p>Zu jeder Mail-Adresse wird Ihnen dann angezeigt, ob alles \u201e<strong>OK<\/strong>\u201c ist \u2013 oder ob die jeweilige E-Mail-Adresse in unseren Datenbanken auftaucht. Wenn Ihre Mail-Adresse bei uns gefunden wurde, k\u00f6nnen Sie sich genau ansehen, wann und wo Ihre Adresse aufgetaucht ist. Klicken Sie dazu bitte auf \u201e<strong>Alarm<\/strong>\u201c.<\/p>\n\n\n\n<p>Sie sollten dann umgehend bei dieser Webseite oder diesem Dienst Ihr Passwort \u00e4ndern. Wenn Sie das Passwort auch an anderer Stelle in Verbindung mit dieser Mail-Adresse verwendet haben, dann unbedingt auch dort! Tipps f\u00fcr sichere Passw\u00f6rter finden Sie hier bei uns:&nbsp;<a href=\"https:\/\/engelmann.com\/de\/sicherheit\/wie-sicher-ist-mein-passwort\/\">Wie sicher ist mein Passwort?<\/a><\/p>\n\n\n\n<p>Bitte beachten Sie: Oben rechts in der Software finden Sie noch vier Icons:<\/p>\n\n\n\n<ul class=\"wp-block-list\"><li>Klicken Sie auf das&nbsp;<strong>Schl\u00fcssel-Symbol<\/strong>, um Ihre Seriennummer einzugeben oder die Laufzeit Ihrer Lizenz zu \u00fcberpr\u00fcfen<\/li><li>Klicken Sie auf das&nbsp;<strong>?<\/strong>, um diese Online-Hilfe anzuzeigen<\/li><li>\u00dcber das&nbsp;<strong>Zahnrad<\/strong>&nbsp;gelangen Sie in die Einstellungen, diese sind selbsterkl\u00e4rend. Sie k\u00f6nnen u.a. die Sprache der Software wechseln.<\/li><li>Das&nbsp;<strong>x<\/strong>&nbsp;schlie\u00dft die Software.<\/li><\/ul>\n\n\n\n<p><strong>Fragen und Antworten zum SecuPerts&nbsp;<a href=\"https:\/\/identity-inspector.com\/\">Identity Inspector<\/a>:<\/strong><\/p>\n\n\n\n<ul class=\"wp-block-list\"><li><em>Ich habe mein Passwort bereits ge\u00e4ndert. Warum besteht der Alarm dann weiterhin?<\/em><br>Es wird nur gepr\u00fcft, ob sich Ihre E-Mail-Adresse in unserer Datenbank befindet. Wir k\u00f6nnen nicht \u00fcberpr\u00fcfen, ob Sie bereits das von Ihnen verwendete Passwort ge\u00e4ndert haben. Wenn Sie diesen Alarm bearbeitet haben, k\u00f6nnen Sie ihn durch Anklicken \u201evon der Alarmmeldung ausschie\u00dfen\u201c deaktivieren:<br><br>Der jeweilige Alarm wird Ihnen dann nicht mehr angezeigt und von unserer Software zuk\u00fcnftig ignoriert.<\/li><li><em>Wie kann eine Mail-Adresse wieder aus der \u00dcberwachung entfernt werden?<\/em><br>Klicken Sie bitte einfach auf das Icon mit dem schwarzen \u201ex\u201c links neben der jeweiligen Mail-Adresse. Dann wird sofort die \u00dcberwachung der Mail-Adresse beendet.<\/li><\/ul>\n\n\n\n<ul class=\"wp-block-list\"><li><em>Woher wissen Sie, dass mein Mail-Account gehackt wurde?<\/em><br>Wir \u00fcberwachen mehrere Datenbanken im Internet und haben auch parallel eine eigene Datenbank mit gehackten E-Mail-Accounts angelegt. Diese Daten sammeln wir seit etwa 2014, es finden sich aber nat\u00fcrlich auch Daten \u00e4lterer Attacken in unserer Datenbank. Der aktuelle Stand der Datenbank wird Ihnen in der Software immer angezeigt: Die Anzahl der gehackten Seiten, die Zahl der insgesamt gef\u00e4hrdeten Accounts und die Aktualit\u00e4t unserer Datenbank teilen wir Ihnen t\u00e4glich aktualisiert direkt in der Software mit.<\/li><li><em>Wie oft wird eine Mail-Adresse \u00fcberwacht bzw. gepr\u00fcft?<br><\/em>Der SecuPerts&nbsp;<a href=\"https:\/\/identity-inspector.com\/\">Identity Inspector<\/a>&nbsp;\u00fcberwacht standartm\u00e4\u00dfig die hinterlegten E-Mail-Adressen mehrmals am Tag \u2013 dazu l\u00e4uft er st\u00e4ndig im Hintergrund. Im Informationsbereich der Taskleiste (meist unten rechts) finden Sie ein kleines Icon des SecuPerts Identity Inspectors. Wenn keine Alarme (mehr) aktiv sind, ist das Icon gr\u00fcn. Sollte das Icon allerdings rot sein, dann k\u00f6nnen Sie direkt von dort aus \u00fcberpr\u00fcfen, f\u00fcr welche der hinterlegten E-Mail-Adressen ein Alarm vorliegt und entsprechende Ma\u00dfnahmen ergreifen. Hinweis: Sollte bei Windows dieses Icon nicht direkt sichtbar, dann k\u00f6nnen Sie es aus dem Sammelbereich einfach auf den Infobereich ziehen \u2013 dann bleibt es sichtbar<\/li><\/ul>\n\n\n\n<p>&lt;-&nbsp;<a href=\"https:\/\/engelmann.com\/de\/hilfen\/\">Zur\u00fcck zur \u00dcbersicht aller verf\u00fcgbaren Hilfen von Engelmann Software<\/a><\/p>\n","protected":false},"excerpt":{"rendered":"<p>Einleitung Die Installation des Programms setzt ein funktionierendes Windows-Betriebssystem voraus.&nbsp;In Bezug auf die Hardware gilt generell: Je leistungsf\u00e4higer, desto besser. Sie ben\u00f6tigen aber mindestens: Windows &#8230; <a title=\"SecuPerts Identitiy Inspector Hilfe\" class=\"read-more\" href=\"https:\/\/engelmann.com\/de\/online-hilfe-secuperts-identitiy-inspector\/\" aria-label=\"Mehr Informationen \u00fcber SecuPerts Identitiy Inspector Hilfe\">Details \u279c<\/a><\/p>\n","protected":false},"author":3,"featured_media":0,"parent":0,"menu_order":0,"comment_status":"closed","ping_status":"closed","template":"","meta":{"om_disable_all_campaigns":false,"_uag_custom_page_level_css":"","_monsterinsights_skip_tracking":false,"_monsterinsights_sitenote_active":false,"_monsterinsights_sitenote_note":"","_monsterinsights_sitenote_category":0,"footnotes":""},"class_list":{"0":"post-58504","1":"page","2":"type-page","3":"status-publish","5":"infinite-scroll-item","6":"no-featured-image-padding"},"aioseo_notices":[],"spectra_custom_meta":{"cleverpush_send_notification":["",""],"_wpml_media_featured":["1","1"],"_wpml_media_duplicate":["1","1"],"aal_manualgenerated":["a:0:{}"],"_edit_last":["2"],"slide_template":["default"],"_schema_article":["a:12:{s:6:\"active\";N;s:8:\"headline\";N;s:16:\"mainEntityOfPage\";N;s:6:\"author\";N;s:5:\"image\";N;s:13:\"datePublished\";N;s:12:\"dateModified\";N;s:9:\"publisher\";N;s:14:\"publisherImage\";N;s:11:\"description\";N;s:11:\"articleBody\";N;s:19:\"alternativeHeadline\";N;}"],"_schema_blog_posting":["a:11:{s:6:\"active\";N;s:8:\"headline\";N;s:16:\"mainEntityOfPage\";N;s:6:\"author\";N;s:5:\"image\";N;s:13:\"datePublished\";N;s:12:\"dateModified\";N;s:9:\"publisher\";N;s:14:\"publisherImage\";N;s:11:\"description\";N;s:11:\"articleBody\";N;}"],"_schema_news_article":["a:11:{s:6:\"active\";N;s:8:\"headline\";N;s:16:\"mainEntityOfPage\";N;s:6:\"author\";N;s:5:\"image\";N;s:13:\"datePublished\";N;s:12:\"dateModified\";N;s:9:\"publisher\";N;s:14:\"publisherImage\";N;s:11:\"description\";N;s:11:\"articleBody\";N;}"],"_schema_event":["a:14:{s:6:\"active\";N;s:4:\"name\";N;s:12:\"locationName\";N;s:15:\"locationAddress\";N;s:9:\"startDate\";N;s:7:\"endDate\";N;s:11:\"description\";N;s:13:\"performerName\";N;s:5:\"image\";N;s:5:\"price\";N;s:13:\"priceCurrency\";N;s:12:\"availability\";N;s:9:\"validFrom\";N;s:3:\"url\";N;}"],"_schema_product":["a:20:{s:6:\"active\";N;s:4:\"name\";N;s:5:\"image\";N;s:11:\"description\";N;s:3:\"sku\";N;s:5:\"brand\";N;s:15:\"identifier_type\";s:3:\"mpn\";s:10:\"identifier\";N;s:17:\"reviewRatingValue\";N;s:16:\"reviewBestRating\";N;s:17:\"reviewWorstRating\";N;s:12:\"reviewAuthor\";N;s:11:\"ratingValue\";N;s:11:\"reviewCount\";N;s:5:\"price\";N;s:15:\"priceValidUntil\";N;s:13:\"priceCurrency\";N;s:12:\"availability\";N;s:13:\"itemCondition\";N;s:3:\"url\";N;}"],"_schema_video":["a:10:{s:6:\"active\";N;s:4:\"name\";N;s:11:\"description\";N;s:12:\"thumbnailUrl\";N;s:10:\"uploadDate\";N;s:8:\"duration\";N;s:10:\"contentUrl\";N;s:8:\"embedUrl\";N;s:16:\"interactionCount\";N;s:7:\"expires\";N;}"],"_schema_service":["a:13:{s:6:\"active\";N;s:4:\"name\";N;s:11:\"serviceType\";N;s:14:\"additionalType\";N;s:5:\"award\";N;s:8:\"category\";N;s:16:\"providerMobility\";N;s:11:\"description\";N;s:5:\"image\";N;s:16:\"mainEntityOfPage\";N;s:6:\"sameAs\";N;s:3:\"url\";N;s:13:\"alternateName\";N;}"],"_schema_review":["a:10:{s:6:\"active\";N;s:8:\"itemName\";N;s:10:\"reviewBody\";N;s:4:\"name\";N;s:6:\"author\";N;s:13:\"datePublished\";N;s:11:\"ratingValue\";N;s:10:\"bestRating\";N;s:11:\"worstRating\";N;s:9:\"publisher\";N;}"],"_schema_aggregate_rating":["a:13:{s:6:\"active\";N;s:11:\"schema_type\";N;s:4:\"name\";N;s:5:\"image\";N;s:10:\"priceRange\";N;s:9:\"telephone\";N;s:7:\"address\";N;s:11:\"description\";N;s:11:\"ratingCount\";N;s:11:\"reviewCount\";N;s:11:\"ratingValue\";N;s:10:\"bestRating\";N;s:11:\"worstRating\";N;}"],"_schema_restaurant":["a:10:{s:6:\"active\";N;s:4:\"name\";N;s:11:\"description\";N;s:12:\"openingHours\";N;s:9:\"telephone\";N;s:4:\"menu\";N;s:5:\"image\";N;s:7:\"address\";N;s:10:\"priceRange\";N;s:13:\"servesCuisine\";N;}"],"_schema_localBusiness":["a:10:{s:6:\"active\";N;s:4:\"name\";N;s:11:\"description\";N;s:5:\"image\";N;s:10:\"priceRange\";N;s:15:\"addressLocality\";N;s:13:\"addressRegion\";N;s:10:\"postalCode\";N;s:13:\"streetAddress\";N;s:9:\"telephone\";N;}"],"_schema_book":["a:0:{}"],"_schema_course":["a:0:{}"],"_schema_JobPosting":["a:0:{}"],"_schema_movie":["a:0:{}"],"_schema_music":["a:0:{}"],"_schema_recipe":["a:0:{}"],"_schema_TVEpisode":["a:0:{}"],"_schema_question":["a:0:{}"],"_schema_itemList":["a:0:{}"],"_kcseo_ative_tab":[""],"_yoast_wpseo_content_score":["30"],"_yoast_wpseo_focuskeywords":["[]"],"_yoast_wpseo_keywordsynonyms":["[\"\"]"],"wpmdr_menu":["1"],"_uag_migration_processed":["1"],"_wpml_word_count":["1202"],"_uag_page_assets":["a:9:{s:3:\"css\";s:0:\"\";s:2:\"js\";s:0:\"\";s:18:\"current_block_list\";a:3:{i:0;s:14:\"core\/paragraph\";i:1;s:9:\"core\/list\";i:2;s:10:\"core\/image\";}s:8:\"uag_flag\";b:0;s:11:\"uag_version\";s:10:\"1776265684\";s:6:\"gfonts\";a:0:{}s:10:\"gfonts_url\";s:0:\"\";s:12:\"gfonts_files\";a:0:{}s:14:\"uag_faq_layout\";b:0;}"]},"uagb_featured_image_src":{"full":false,"thumbnail":false,"medium":false,"medium_large":false,"large":false,"1536x1536":false,"2048x2048":false},"uagb_author_info":{"display_name":"Ulrich Engelmann","author_link":"https:\/\/engelmann.com\/de\/author\/uengelmann\/"},"uagb_comment_info":0,"uagb_excerpt":"Einleitung Die Installation des Programms setzt ein funktionierendes Windows-Betriebssystem voraus.&nbsp;In Bezug auf die Hardware gilt generell: Je leistungsf\u00e4higer, desto besser. Sie ben\u00f6tigen aber mindestens: Windows ... Details \u279c","_links":{"self":[{"href":"https:\/\/engelmann.com\/de\/wp-json\/wp\/v2\/pages\/58504","targetHints":{"allow":["GET"]}}],"collection":[{"href":"https:\/\/engelmann.com\/de\/wp-json\/wp\/v2\/pages"}],"about":[{"href":"https:\/\/engelmann.com\/de\/wp-json\/wp\/v2\/types\/page"}],"author":[{"embeddable":true,"href":"https:\/\/engelmann.com\/de\/wp-json\/wp\/v2\/users\/3"}],"replies":[{"embeddable":true,"href":"https:\/\/engelmann.com\/de\/wp-json\/wp\/v2\/comments?post=58504"}],"version-history":[{"count":0,"href":"https:\/\/engelmann.com\/de\/wp-json\/wp\/v2\/pages\/58504\/revisions"}],"wp:attachment":[{"href":"https:\/\/engelmann.com\/de\/wp-json\/wp\/v2\/media?parent=58504"}],"curies":[{"name":"wp","href":"https:\/\/api.w.org\/{rel}","templated":true}]}}