{"id":58506,"date":"2019-08-14T11:06:05","date_gmt":"2019-08-14T10:06:05","guid":{"rendered":"https:\/\/engelmann.com\/?page_id=58506"},"modified":"2019-08-14T11:06:05","modified_gmt":"2019-08-14T10:06:05","slug":"online-hilfe-secuperts-anti-spy","status":"publish","type":"page","link":"https:\/\/engelmann.com\/de\/online-hilfe-secuperts-anti-spy\/","title":{"rendered":"SecuPerts Anti-Spy f\u00fcr Windows 10 Hilfe"},"content":{"rendered":"\n<p><strong>Packungsinhalt<\/strong><\/p>\n\n\n\n<p>Das Produktpaket besteht aus der Software SecuPerts Anti-Spy inklusive elektronischer Hilfedatei und Lizenzschl\u00fcssel. Auf Wunsch ist SecuPerts Anti-Spy auch auf CD erh\u00e4ltlich.<\/p>\n\n\n\n<p><strong>Systemvoraussetzungen<\/strong><\/p>\n\n\n\n<p>Die Installation des Programms setzt ein funktionierendes Windows-Betriebssystem voraus. In Bezug auf die Hardware gilt generell: Je leistungsf\u00e4higer, desto besser. Sie ben\u00f6tigen aber mindestens:<\/p>\n\n\n\n<ul class=\"wp-block-list\"><li>Windows 10 (jeweils 32- oder 64-bit)<\/li><li>mindestens 1 Gigabyte RAM<\/li><li>.NET 4 Framework (wird automatisch installiert, falls nicht vorhanden)<\/li><li>W\u00e4hrend der Aktivierung des Programms muss eine Verbindung zum Internet bestehen!<\/li><\/ul>\n\n\n\n<p><strong>Support<\/strong><\/p>\n\n\n\n<p>Treten unerwartet Probleme mit SecuPerts Anti-Spy auf, wenden Sie sich bitte an unseren Support. Sie erreichen unser Support-Center \u00fcber unser Kontaktformular hier auf der Homepage.&nbsp;Wichtig! Damit wir Ihnen so effektiv wie m\u00f6glich helfen k\u00f6nnen, halten Sie bitte folgende Informationen bereit:<\/p>\n\n\n\n<ul class=\"wp-block-list\"><li>Den Programmnamen (also SecuPerts Anti-Spy) und die Versionsnummer.<\/li><li>Die Bezeichnung des verwendeten Betriebssystems und eventuell installierter Service Packs.<\/li><li>Eine kurze Fehlerbeschreibung, sowie eine Angabe zur H\u00e4ufigkeit des Auftretens (sporadisch oder regelm\u00e4\u00dfig).<\/li><\/ul>\n\n\n\n<p><strong>Einrichtung<\/strong><\/p>\n\n\n\n<p>Um Ihnen den Einstieg zu erleichtern, finden Sie in diesem Kapitel alle wichtigen Informationen zur Einrichtung von SecuPerts Anti-Spy auf Ihrem PC.<\/p>\n\n\n\n<p><strong>Installation<\/strong><\/p>\n\n\n\n<p>Um SecuPerts Anti-Spy zu installieren, gehen Sie bitte wie folgt vor:<\/p>\n\n\n\n<ol class=\"wp-block-list\"><li>Sichern Sie alle aktuellen Daten und schlie\u00dfen Sie alle offenen Programme.<\/li><li>Haben Sie SecuPerts Anti-Spy auf CD erworben, so legen Sie jetzt die Disc ein. Der Setup-Assistent startet automatisch; ist dies nicht der Fall, \u00f6ffnen Sie bitte \u00fcber den \u201aArbeitsplatz\u2018 auf Ihrem Desktop Ihr CD-ROM-Laufwerk und f\u00fchren Sie die Setupdatei per Doppel-Klick aus. (z.B. D:\\Setup.exe)<\/li><li>Haben Sie SecuPerts Anti-Spy als Download erworben, so starten Sie die heruntergeladene Datei mit einem Doppel-Klick. Sollten Sie die Datei noch nicht heruntergeladen haben, k\u00f6nnen Sie dies hier auf unserer Webseite nachholen.<\/li><\/ol>\n\n\n\n<p>Unter Optionen k\u00f6nnen Sie Ihr gew\u00fcnschtes Installationsverzeichnis ausw\u00e4hlen. Dort k\u00f6nnen Sie auch entscheiden, ob nach der Installation eine Programmverkn\u00fcpfung auf dem Desktop angelegt werden soll. Ein Klick auf \u201aOK\u2018 speichert diese Einstellungen. Der Setup-Assistent leitet Sie danach Schritt-f\u00fcr-Schritt durch die weitere Installation. Wie allgemein \u00fcblich, gelten dabei folgende Regeln:<\/p>\n\n\n\n<ul class=\"wp-block-list\"><li><em>Installieren<\/em>: Die Schaltfl\u00e4che Installieren startet den Installationsvorgang. Bis zu dem Moment, in dem Sie auf Installieren klicken, werden keine \u00c4nderungen an Ihrem System vorgenommen.<\/li><li><em>Schlie\u00dfe<\/em>n: Die Schaltfl\u00e4che Abbrechen bricht die Installation ab und macht alle eventuell durchgef\u00fchrten \u00c4nderungen r\u00fcckg\u00e4ngig.<\/li><\/ul>\n\n\n\n<p><strong>Programmstart<\/strong><\/p>\n\n\n\n<p>Nach der erfolgreichen Installation starten Sie SecuPerts Anti-Spy auf eine der folgenden M\u00f6glichkeiten:<\/p>\n\n\n\n<ul class=\"wp-block-list\"><li>\u00dcber das Startmen\u00fc: Klicken Sie auf \u201aStart -&gt; Programme -&gt; Engelmann Software -&gt; AntiSpy.<\/li><li>\u00dcber den Desktop: Doppelklicken Sie auf das SecuPerts Anti-Spy Symbol auf Ihrem Desktop (falls Sie dieses w\u00e4hrend der Installation haben anlegen lassen).<\/li><li>\u00dcber die Schnellstartleiste: Klicken Sie auf das SecuPerts Anti-Spy-Symbol in der Schnellstartleiste. (Hinweis: Die Schnellstartleiste steht unter Windows 10 nicht standardm\u00e4\u00dfig zur Verf\u00fcgung.)<\/li><\/ul>\n\n\n\n<p>Wichtig: Stellen Sie vor dem ersten Programmstart bitte sicher, dass Ihr PC mit dem Internet verbunden ist, damit SecuPerts Anti-Spy lizensiert und freigeschaltet werden kann.<\/p>\n\n\n\n<p><strong>Bitte starten Sie unsere Software beim ersten Start per Rechtsklick und der Option \u201eAls Administrator starten\u201c.<\/strong><\/p>\n\n\n\n<p><strong>Anleitung<\/strong><\/p>\n\n\n\n<p>SecuPerts Anti-Spy erm\u00f6glicht Ihnen schnell und einfach tiefergehende Einstellungen an Ihrem System vorzunehmen.&nbsp;Die verschiedenen Einstellungen sind dabei in folgende Kategorien unterteilt:<\/p>\n\n\n\n<ul class=\"wp-block-list\"><li>Windows 10<\/li><li>Windows 10-Synchronisation<\/li><li>Edge<\/li><li>Pers\u00f6nliche Einstellungen<\/li><li>Medien \/ Windows Media Player<\/li><li>Netzwerk<\/li><li>Internet Explorer<\/li><li>Dienste<\/li><\/ul>\n\n\n\n<p><strong>Windows 10<\/strong><\/p>\n\n\n\n<p>In dieser Kategorie finden Sie Einstellungen, mit der die Daten\u00fcbertragung an Microsoft unterbunden werden kann. Au\u00dferdem kann der Zugriff von anderer Software auf Ihre Nachrichten und Kontaktdaten gesperrt werden. Weitere n\u00fctzliche Funktionen sind zum Beispiel die Aktivierung der Konsolen-Eingabeaufforderung im Anmeldebildschirm oder die Deaktivierung der Websuche mit der Windows-Desktop-Suche. Mit dem Punkt \u201eBenachrichtigungen des Synchronisierungsanbieters unterbinden\u201c k\u00f6nnen Sie Werbung f\u00fcr OneDrive aus Ihrem System entfernen.<\/p>\n\n\n\n<p><strong>Windows 10-Synchronisation<\/strong><\/p>\n\n\n\n<p>Diese Kategorie beinhaltet Einstellungen, mit denen Sie verschiedene Aspekte der Windows 10-Synchronisation deaktivieren k\u00f6nnen. Die Synchronisation kann bei Absturz des Systems helfen um zu den vorherigen Einstellungen zur\u00fcckzukehren. Auch bei mehreren verwendeten Computern ist eine Synchronisation sinnvoll.<\/p>\n\n\n\n<p><strong>Edge<\/strong><\/p>\n\n\n\n<p>Die Einstellungen in dieser Kategorie beziehen sich auf den Internet-Browser Edge von Microsoft. Einstellungen wie \u201eSpeichern von Kennw\u00f6rtern unterbinden\u201c oder \u201eImmer Do not Track (nicht nachverfolgen) Anforderung senden\u201c erh\u00f6hen Ihre Sicherheit, andere wie \u201ePopup-Fenster blockieren\u201c gestalten die Nutzung von Edge angenehmer.<\/p>\n\n\n\n<p><strong>Pers\u00f6nliche Einstellungen<\/strong><\/p>\n\n\n\n<p>Diese Einstellungen dienen in erster Linie zur Steigerung Ihrer Sicherheit. Bei Daten aus dem Internet sollten Sie immer auf die Dateiendung achten. Die Einstellungen \u201eBekannte Dateiformate im Explorer anzeigen\u201c und \u201epif-, scf-, lnk-, url Dateiendungen anzeigen\u201c helfen Ihnen dabei. Die anderen Einstellungen grenzen den Zugriff unbefugter auf Ihre Dateien ein.<\/p>\n\n\n\n<p><strong>Medien \/ Windows Media Player<\/strong><\/p>\n\n\n\n<p>Mit dieser Kategorie grenzen Sie den Zugriff Ihres Media Players auf das Internet ein. Darunter geh\u00f6ren unter anderem \u201eIdentifikation des Media Players durch Internetseiten unterdr\u00fccken\u201c oder \u201e\u00dcbermittlung der MediaPlayer Nutzungsstatistik in Microsoft unterdr\u00fccken\u201c.<\/p>\n\n\n\n<p>In der Regel ist unter Windows 10 der sogenannte Peer-to-Peer Upload an andere User aktiviert. Dies kostet unn\u00f6tig Bandbreite und macht Ihr System langsamer, weshalb er deaktiviert werden sollte. Au\u00dferdem k\u00f6nnen Sie in dieser Kategorie den Computer aus dem Netzwerk nehmen und die Automatischen Windows Updates deaktivieren.<\/p>\n\n\n\n<p><strong>Internet Explorer<\/strong><\/p>\n\n\n\n<p>Die Einstellungen in dieser Kategorie beziehen sich auf den Internet Explorer von Microsoft. Sie k\u00f6nnen dessen Updates unterdr\u00fccken und m\u00f6gliche Gefahrenquellen wie JavaScript oder ActiveX Steuerelemente deaktivieren. Auch ein Phishingfilter kann aktiviert werden, wodurch Ihre Sicherheit weiter gesteigert wird.<\/p>\n\n\n\n<p>Cookies und Verlauf k\u00f6nnen Sie einfach \u00fcber die Schaltfl\u00e4chen \u201eCookies einsehen und l\u00f6schen\u201c und \u201eVerlauf einsehen und l\u00f6schen\u201c bearbeiten. Diese \u00f6ffnen ein separates Fenster wo die jeweiligen Cookies oder der Verlauf angezeigt und einzelne Eintr\u00e4ge entfernt werden k\u00f6nnen.<\/p>\n\n\n\n<p><strong>Dienste<\/strong><\/p>\n\n\n\n<p>Diese Kategorie beherbergt verschiedene Windows-Dienste. Diese k\u00f6nnen hier ganz einfach deaktiviert werden.<\/p>\n\n\n\n<p><strong>Bedienung<\/strong><\/p>\n\n\n\n<p>Die Einstellungen einer Kategorie klappen Sie mit einem Linksklick auf diese aus. Durch die Umschaltkn\u00f6pfe auf der linken Seite k\u00f6nnen Sie dann die gew\u00fcnschten Einstellungen an- bzw. ausschalten. Mit den darunterliegenden Schaltfl\u00e4chen \u201eAlles einschalten\u201c und \u201eAlles ausschalten\u201c k\u00f6nnen Sie schnell den Status mehrerer Einstellungen gleichzeitig \u00e4ndern.<\/p>\n\n\n\n<p>Sind Sie mit den Einstellungen zufrieden k\u00f6nnen Sie diese mit der Schaltfl\u00e4che \u201e\u00dcbernehmen\u201c anwenden. Ein Status-Text im unteren Bereich der Software informiert Sie \u00fcber die Anzahl der zu ver\u00e4ndernden Einstellungen. Die Schaltfl\u00e4che \u201eR\u00fcckg\u00e4ngig\u201c setzt alle Einstellungen auf Ihr aktuell ausgew\u00e4hltes Profil zur\u00fcck.<\/p>\n\n\n\n<p><strong>Profile<\/strong><\/p>\n\n\n\n<p>Beim ersten Start werden Ihre aktuellen Einstellungen in einem extra Profil gespeichert, mit dem Sie jederzeit wieder zu Ihren vorherigen Einstellungen zur\u00fcckkehren k\u00f6nnen. Sie erreichen das Profil \u00fcber die Schaltfl\u00e4che \u201eProfil &gt; Profil laden\u201c oben rechts in der Men\u00fcleiste. Dort k\u00f6nnen Sie auch \u00fcber \u201eProfil &gt; Profil speichern\u201c Ihre aktuell ausgew\u00e4hlten Einstellungen in einem neuen Profil speichern.<\/p>\n\n\n\n<p><strong>Sprache \u00e4ndern<\/strong><\/p>\n\n\n\n<p>Die Sprache von SecuPerts Anti-Spy \u00e4ndern Sie \u00fcber \u201eProfil &gt; Sprache\u201c oben rechts in der Men\u00fcleiste. Dabei haben Sie die Wahl zwischen Deutsch, Englisch, Spanisch, Franz\u00f6sisch und Italienisch.<\/p>\n\n\n\n<p>&lt;-&nbsp;<a href=\"https:\/\/engelmann.com\/de\/hilfen\/\">Zur\u00fcck zur \u00dcbersicht aller verf\u00fcgbaren Hilfen von Engelmann Software<\/a><\/p>\n","protected":false},"excerpt":{"rendered":"<p>Packungsinhalt Das Produktpaket besteht aus der Software SecuPerts Anti-Spy inklusive elektronischer Hilfedatei und Lizenzschl\u00fcssel. Auf Wunsch ist SecuPerts Anti-Spy auch auf CD erh\u00e4ltlich. Systemvoraussetzungen Die &#8230; <a title=\"SecuPerts Anti-Spy f\u00fcr Windows 10 Hilfe\" class=\"read-more\" href=\"https:\/\/engelmann.com\/de\/online-hilfe-secuperts-anti-spy\/\" aria-label=\"Mehr Informationen \u00fcber SecuPerts Anti-Spy f\u00fcr Windows 10 Hilfe\">Details \u279c<\/a><\/p>\n","protected":false},"author":3,"featured_media":0,"parent":0,"menu_order":0,"comment_status":"closed","ping_status":"closed","template":"","meta":{"om_disable_all_campaigns":false,"_uag_custom_page_level_css":"","_monsterinsights_skip_tracking":false,"_monsterinsights_sitenote_active":false,"_monsterinsights_sitenote_note":"","_monsterinsights_sitenote_category":0,"footnotes":""},"class_list":{"0":"post-58506","1":"page","2":"type-page","3":"status-publish","5":"infinite-scroll-item","6":"no-featured-image-padding"},"aioseo_notices":[],"spectra_custom_meta":{"cleverpush_send_notification":["",""],"_wpml_media_featured":["1","1"],"_wpml_media_duplicate":["1","1"],"aal_manualgenerated":["a:1:{i:0;O:8:\"stdClass\":2:{s:7:\"keyword\";s:8:\"Anti-Spy\";s:3:\"url\";s:21:\"https:\/\/anti-spy.net\/\";}}"],"_edit_last":["2"],"slide_template":["default"],"_schema_article":["a:12:{s:6:\"active\";N;s:8:\"headline\";N;s:16:\"mainEntityOfPage\";N;s:6:\"author\";N;s:5:\"image\";N;s:13:\"datePublished\";N;s:12:\"dateModified\";N;s:9:\"publisher\";N;s:14:\"publisherImage\";N;s:11:\"description\";N;s:11:\"articleBody\";N;s:19:\"alternativeHeadline\";N;}"],"_schema_blog_posting":["a:11:{s:6:\"active\";N;s:8:\"headline\";N;s:16:\"mainEntityOfPage\";N;s:6:\"author\";N;s:5:\"image\";N;s:13:\"datePublished\";N;s:12:\"dateModified\";N;s:9:\"publisher\";N;s:14:\"publisherImage\";N;s:11:\"description\";N;s:11:\"articleBody\";N;}"],"_schema_news_article":["a:11:{s:6:\"active\";N;s:8:\"headline\";N;s:16:\"mainEntityOfPage\";N;s:6:\"author\";N;s:5:\"image\";N;s:13:\"datePublished\";N;s:12:\"dateModified\";N;s:9:\"publisher\";N;s:14:\"publisherImage\";N;s:11:\"description\";N;s:11:\"articleBody\";N;}"],"_schema_event":["a:14:{s:6:\"active\";N;s:4:\"name\";N;s:12:\"locationName\";N;s:15:\"locationAddress\";N;s:9:\"startDate\";N;s:7:\"endDate\";N;s:11:\"description\";N;s:13:\"performerName\";N;s:5:\"image\";N;s:5:\"price\";N;s:13:\"priceCurrency\";N;s:12:\"availability\";N;s:9:\"validFrom\";N;s:3:\"url\";N;}"],"_schema_product":["a:20:{s:6:\"active\";N;s:4:\"name\";N;s:5:\"image\";N;s:11:\"description\";N;s:3:\"sku\";N;s:5:\"brand\";N;s:15:\"identifier_type\";s:3:\"mpn\";s:10:\"identifier\";N;s:17:\"reviewRatingValue\";N;s:16:\"reviewBestRating\";N;s:17:\"reviewWorstRating\";N;s:12:\"reviewAuthor\";N;s:11:\"ratingValue\";N;s:11:\"reviewCount\";N;s:5:\"price\";N;s:15:\"priceValidUntil\";N;s:13:\"priceCurrency\";N;s:12:\"availability\";N;s:13:\"itemCondition\";N;s:3:\"url\";N;}"],"_schema_video":["a:10:{s:6:\"active\";N;s:4:\"name\";N;s:11:\"description\";N;s:12:\"thumbnailUrl\";N;s:10:\"uploadDate\";N;s:8:\"duration\";N;s:10:\"contentUrl\";N;s:8:\"embedUrl\";N;s:16:\"interactionCount\";N;s:7:\"expires\";N;}"],"_schema_service":["a:13:{s:6:\"active\";N;s:4:\"name\";N;s:11:\"serviceType\";N;s:14:\"additionalType\";N;s:5:\"award\";N;s:8:\"category\";N;s:16:\"providerMobility\";N;s:11:\"description\";N;s:5:\"image\";N;s:16:\"mainEntityOfPage\";N;s:6:\"sameAs\";N;s:3:\"url\";N;s:13:\"alternateName\";N;}"],"_schema_review":["a:10:{s:6:\"active\";N;s:8:\"itemName\";N;s:10:\"reviewBody\";N;s:4:\"name\";N;s:6:\"author\";N;s:13:\"datePublished\";N;s:11:\"ratingValue\";N;s:10:\"bestRating\";N;s:11:\"worstRating\";N;s:9:\"publisher\";N;}"],"_schema_aggregate_rating":["a:13:{s:6:\"active\";N;s:11:\"schema_type\";N;s:4:\"name\";N;s:5:\"image\";N;s:10:\"priceRange\";N;s:9:\"telephone\";N;s:7:\"address\";N;s:11:\"description\";N;s:11:\"ratingCount\";N;s:11:\"reviewCount\";N;s:11:\"ratingValue\";N;s:10:\"bestRating\";N;s:11:\"worstRating\";N;}"],"_schema_restaurant":["a:10:{s:6:\"active\";N;s:4:\"name\";N;s:11:\"description\";N;s:12:\"openingHours\";N;s:9:\"telephone\";N;s:4:\"menu\";N;s:5:\"image\";N;s:7:\"address\";N;s:10:\"priceRange\";N;s:13:\"servesCuisine\";N;}"],"_schema_localBusiness":["a:10:{s:6:\"active\";N;s:4:\"name\";N;s:11:\"description\";N;s:5:\"image\";N;s:10:\"priceRange\";N;s:15:\"addressLocality\";N;s:13:\"addressRegion\";N;s:10:\"postalCode\";N;s:13:\"streetAddress\";N;s:9:\"telephone\";N;}"],"_schema_book":["a:0:{}"],"_schema_course":["a:0:{}"],"_schema_JobPosting":["a:0:{}"],"_schema_movie":["a:0:{}"],"_schema_music":["a:0:{}"],"_schema_recipe":["a:0:{}"],"_schema_TVEpisode":["a:0:{}"],"_schema_question":["a:0:{}"],"_schema_itemList":["a:0:{}"],"_kcseo_ative_tab":[""],"_yoast_wpseo_content_score":["30"],"_yoast_wpseo_focuskeywords":["[]"],"_yoast_wpseo_keywordsynonyms":["[\"\"]"],"wpmdr_menu":["1"],"_uag_migration_processed":["1"],"_wpml_word_count":["1462"],"_uag_page_assets":["a:9:{s:3:\"css\";s:0:\"\";s:2:\"js\";s:0:\"\";s:18:\"current_block_list\";a:2:{i:0;s:14:\"core\/paragraph\";i:1;s:9:\"core\/list\";}s:8:\"uag_flag\";b:0;s:11:\"uag_version\";s:10:\"1775913017\";s:6:\"gfonts\";a:0:{}s:10:\"gfonts_url\";s:0:\"\";s:12:\"gfonts_files\";a:0:{}s:14:\"uag_faq_layout\";b:0;}"]},"uagb_featured_image_src":{"full":false,"thumbnail":false,"medium":false,"medium_large":false,"large":false,"1536x1536":false,"2048x2048":false},"uagb_author_info":{"display_name":"Ulrich Engelmann","author_link":"https:\/\/engelmann.com\/de\/author\/uengelmann\/"},"uagb_comment_info":0,"uagb_excerpt":"Packungsinhalt Das Produktpaket besteht aus der Software SecuPerts Anti-Spy inklusive elektronischer Hilfedatei und Lizenzschl\u00fcssel. Auf Wunsch ist SecuPerts Anti-Spy auch auf CD erh\u00e4ltlich. Systemvoraussetzungen Die ... Details \u279c","_links":{"self":[{"href":"https:\/\/engelmann.com\/de\/wp-json\/wp\/v2\/pages\/58506","targetHints":{"allow":["GET"]}}],"collection":[{"href":"https:\/\/engelmann.com\/de\/wp-json\/wp\/v2\/pages"}],"about":[{"href":"https:\/\/engelmann.com\/de\/wp-json\/wp\/v2\/types\/page"}],"author":[{"embeddable":true,"href":"https:\/\/engelmann.com\/de\/wp-json\/wp\/v2\/users\/3"}],"replies":[{"embeddable":true,"href":"https:\/\/engelmann.com\/de\/wp-json\/wp\/v2\/comments?post=58506"}],"version-history":[{"count":0,"href":"https:\/\/engelmann.com\/de\/wp-json\/wp\/v2\/pages\/58506\/revisions"}],"wp:attachment":[{"href":"https:\/\/engelmann.com\/de\/wp-json\/wp\/v2\/media?parent=58506"}],"curies":[{"name":"wp","href":"https:\/\/api.w.org\/{rel}","templated":true}]}}